{"id":1025,"date":"2019-12-23T08:38:45","date_gmt":"2019-12-23T08:38:45","guid":{"rendered":"https:\/\/dev-managing-ils-reporting.pantheonsite.io\/herramientas\/entire-year-checklist-for-reports-on-ratified-conventions-national-administrations\/january-february\/"},"modified":"2020-01-09T16:28:08","modified_gmt":"2020-01-09T16:28:08","slug":"january-february","status":"publish","type":"page","link":"https:\/\/managing-ils-reporting.itcilo.org\/es\/herramientas\/entire-year-checklist-for-reports-on-ratified-conventions-national-administrations\/january-february\/","title":{"rendered":"Enero-Febrero"},"content":{"rendered":"<p><strong>Medidas a adoptar por la OIT<\/strong><\/p>\n<ul>\n<li>La Oficina prepara la publicaci\u00f3n anual del informe de la Comisi\u00f3n de Expertos.<\/li>\n<li>En febrero, la Oficina actualiza NORMLEX con observaciones e informaciones relativas a los comentarios adoptados por la Comisi\u00f3n de Expertos durante la sesi\u00f3n anterior.<\/li>\n<\/ul>\n<p>Medidas a adoptar por las administraciones nacionales<\/p>\n\n<div class=\"wpcf7 no-js\" id=\"wpcf7-f1010-o1\" lang=\"en-US\" dir=\"ltr\" data-wpcf7-id=\"1010\">\n<div class=\"screen-reader-response\"><p role=\"status\" aria-live=\"polite\" aria-atomic=\"true\"><\/p> <ul><\/ul><\/div>\n<form action=\"\/es\/wp-json\/wp\/v2\/pages\/1025#wpcf7-f1010-o1\" method=\"post\" class=\"wpcf7-form init\" aria-label=\"Contact form\" novalidate=\"novalidate\" data-status=\"init\">\n<fieldset class=\"hidden-fields-container\"><input type=\"hidden\" name=\"_wpcf7\" value=\"1010\" \/><input type=\"hidden\" name=\"_wpcf7_version\" value=\"6.1.1\" \/><input type=\"hidden\" name=\"_wpcf7_locale\" value=\"en_US\" \/><input type=\"hidden\" name=\"_wpcf7_unit_tag\" value=\"wpcf7-f1010-o1\" \/><input type=\"hidden\" name=\"_wpcf7_container_post\" value=\"0\" \/><input type=\"hidden\" name=\"_wpcf7_posted_data_hash\" value=\"\" \/><input type=\"hidden\" name=\"_wpcf7cf_hidden_group_fields\" value=\"[]\" \/><input type=\"hidden\" name=\"_wpcf7cf_hidden_groups\" value=\"[]\" \/><input type=\"hidden\" name=\"_wpcf7cf_visible_groups\" value=\"[]\" \/><input type=\"hidden\" name=\"_wpcf7cf_repeaters\" value=\"[]\" \/><input type=\"hidden\" name=\"_wpcf7cf_steps\" value=\"{}\" \/><input type=\"hidden\" name=\"_wpcf7cf_options\" value=\"{&quot;form_id&quot;:1010,&quot;conditions&quot;:[{&quot;then_field&quot;:&quot;a&quot;,&quot;and_rules&quot;:[{&quot;if_field&quot;:&quot;radio-1&quot;,&quot;operator&quot;:&quot;equals&quot;,&quot;if_value&quot;:&quot;Si&quot;}]},{&quot;then_field&quot;:&quot;b&quot;,&quot;and_rules&quot;:[{&quot;if_field&quot;:&quot;radio-1&quot;,&quot;operator&quot;:&quot;equals&quot;,&quot;if_value&quot;:&quot;No&quot;}]},{&quot;then_field&quot;:&quot;c&quot;,&quot;and_rules&quot;:[{&quot;if_field&quot;:&quot;radio-2&quot;,&quot;operator&quot;:&quot;equals&quot;,&quot;if_value&quot;:&quot;Si&quot;}]},{&quot;then_field&quot;:&quot;d&quot;,&quot;and_rules&quot;:[{&quot;if_field&quot;:&quot;radio-2&quot;,&quot;operator&quot;:&quot;equals&quot;,&quot;if_value&quot;:&quot;No&quot;}]},{&quot;then_field&quot;:&quot;e&quot;,&quot;and_rules&quot;:[{&quot;if_field&quot;:&quot;radio-3&quot;,&quot;operator&quot;:&quot;equals&quot;,&quot;if_value&quot;:&quot;Si&quot;}]},{&quot;then_field&quot;:&quot;f&quot;,&quot;and_rules&quot;:[{&quot;if_field&quot;:&quot;radio-3&quot;,&quot;operator&quot;:&quot;equals&quot;,&quot;if_value&quot;:&quot;No&quot;}]},{&quot;then_field&quot;:&quot;g&quot;,&quot;and_rules&quot;:[{&quot;if_field&quot;:&quot;radio-4&quot;,&quot;operator&quot;:&quot;equals&quot;,&quot;if_value&quot;:&quot;Si&quot;}]},{&quot;then_field&quot;:&quot;h&quot;,&quot;and_rules&quot;:[{&quot;if_field&quot;:&quot;radio-4&quot;,&quot;operator&quot;:&quot;equals&quot;,&quot;if_value&quot;:&quot;No&quot;}]},{&quot;then_field&quot;:&quot;i&quot;,&quot;and_rules&quot;:[{&quot;if_field&quot;:&quot;radio-5&quot;,&quot;operator&quot;:&quot;equals&quot;,&quot;if_value&quot;:&quot;Si&quot;}]},{&quot;then_field&quot;:&quot;l&quot;,&quot;and_rules&quot;:[{&quot;if_field&quot;:&quot;radio-5&quot;,&quot;operator&quot;:&quot;equals&quot;,&quot;if_value&quot;:&quot;No&quot;}]},{&quot;then_field&quot;:&quot;me&quot;,&quot;and_rules&quot;:[{&quot;if_field&quot;:&quot;radio-6&quot;,&quot;operator&quot;:&quot;equals&quot;,&quot;if_value&quot;:&quot;Si&quot;}]},{&quot;then_field&quot;:&quot;n&quot;,&quot;and_rules&quot;:[{&quot;if_field&quot;:&quot;radio-6&quot;,&quot;operator&quot;:&quot;equals&quot;,&quot;if_value&quot;:&quot;No&quot;}]},{&quot;then_field&quot;:&quot;o&quot;,&quot;and_rules&quot;:[{&quot;if_field&quot;:&quot;radio-7&quot;,&quot;operator&quot;:&quot;equals&quot;,&quot;if_value&quot;:&quot;Si&quot;}]},{&quot;then_field&quot;:&quot;pe&quot;,&quot;and_rules&quot;:[{&quot;if_field&quot;:&quot;radio-7&quot;,&quot;operator&quot;:&quot;equals&quot;,&quot;if_value&quot;:&quot;No&quot;}]},{&quot;then_field&quot;:&quot;q&quot;,&quot;and_rules&quot;:[{&quot;if_field&quot;:&quot;radio-8&quot;,&quot;operator&quot;:&quot;equals&quot;,&quot;if_value&quot;:&quot;Si&quot;}]},{&quot;then_field&quot;:&quot;r&quot;,&quot;and_rules&quot;:[{&quot;if_field&quot;:&quot;radio-8&quot;,&quot;operator&quot;:&quot;equals&quot;,&quot;if_value&quot;:&quot;No&quot;}]},{&quot;then_field&quot;:&quot;se&quot;,&quot;and_rules&quot;:[{&quot;if_field&quot;:&quot;radio-9&quot;,&quot;operator&quot;:&quot;equals&quot;,&quot;if_value&quot;:&quot;Si&quot;}]},{&quot;then_field&quot;:&quot;t&quot;,&quot;and_rules&quot;:[{&quot;if_field&quot;:&quot;radio-9&quot;,&quot;operator&quot;:&quot;equals&quot;,&quot;if_value&quot;:&quot;No&quot;}]},{&quot;then_field&quot;:&quot;-1&quot;,&quot;and_rules&quot;:[{&quot;if_field&quot;:&quot;-1&quot;,&quot;operator&quot;:&quot;equals&quot;,&quot;if_value&quot;:&quot;Si&quot;}]},{&quot;then_field&quot;:&quot;-1&quot;,&quot;and_rules&quot;:[{&quot;if_field&quot;:&quot;-1&quot;,&quot;operator&quot;:&quot;equals&quot;,&quot;if_value&quot;:&quot;No&quot;}]},{&quot;then_field&quot;:&quot;-1&quot;,&quot;and_rules&quot;:[{&quot;if_field&quot;:&quot;-1&quot;,&quot;operator&quot;:&quot;equals&quot;,&quot;if_value&quot;:&quot;Si&quot;}]},{&quot;then_field&quot;:&quot;-1&quot;,&quot;and_rules&quot;:[{&quot;if_field&quot;:&quot;-1&quot;,&quot;operator&quot;:&quot;equals&quot;,&quot;if_value&quot;:&quot;No&quot;}]}],&quot;settings&quot;:{&quot;animation&quot;:&quot;yes&quot;,&quot;animation_intime&quot;:200,&quot;animation_outtime&quot;:200,&quot;conditions_ui&quot;:&quot;normal&quot;,&quot;notice_dismissed&quot;:false}}\" \/><input type=\"hidden\" name=\"_wpcf7_recaptcha_response\" value=\"\" \/>\n<\/fieldset>\n<p><label>\u00bfConoce los diferentes tipos de memorias que podr\u00edan solicitarle a su pa\u00eds y los comentarios a los cuales podr\u00eda querer responder?<\/label><br \/>\n<span class=\"wpcf7-form-control-wrap\" data-name=\"radio-1\"><span class=\"wpcf7-form-control wpcf7-radio\"><span class=\"wpcf7-list-item first\"><label><input type=\"radio\" name=\"radio-1\" value=\"Si\" \/><span class=\"wpcf7-list-item-label\">Si<\/span><\/label><\/span><span class=\"wpcf7-list-item last\"><label><input type=\"radio\" name=\"radio-1\" value=\"No\" \/><span class=\"wpcf7-list-item-label\">No<\/span><\/label><\/span><\/span><\/span>\n<\/p>\n<div data-id=\"a\" data-orig_data_id=\"a\" data-clear_on_hide class=\"\" data-class=\"wpcf7cf_group\">\n\t<h5>Excellent!\n\t<\/h5>\n<\/div>\n<div data-id=\"b\" data-orig_data_id=\"b\" data-clear_on_hide class=\"\" data-class=\"wpcf7cf_group\">\n\t<h5>Las memorias en virtud del art\u00edculo 22 pueden ser detalladas o simplificadas. Las primeras memorias sobre los Convenios reci\u00e9n ratificados siempre ser\u00e1n memorias detalladas. Las memorias detalladas se elaborar\u00e1n a partir del formulario de memoria relativo al Convenio en cuesti\u00f3n aprobado por el Consejo de Administraci\u00f3n. Posteriormente, las memorias regulares son memorias simplificadas.<br \/>\nLas memorias sobre los Convenios fundamentales y de gobernanza deben enviarse cada tres a\u00f1os y las memorias sobre todos los dem\u00e1s Convenios t\u00e9cnicos deben enviarse cada cinco a\u00f1os.<br \/>\nBajo ciertas condiciones, la Comisi\u00f3n de Expertos puede interrumpir el ciclo de memorias y solicitar memorias fuera de ciclo. La Comisi\u00f3n de Expertos puede decidir que dichas memorias fuera de ciclo deben ser detalladas.<br \/>\nLa Comisi\u00f3n de Expertos puede hacer comentarios despu\u00e9s de examinar las memorias. Los comentarios dirigidos directamente a los gobiernos se denominan solicitudes directas. Los comentarios destinados a ser publicados en el informe de la Comisi\u00f3n de Expertos se denominan observaciones.<br \/>\nRecordatorio: Durante la fase preparatoria, es aconsejable asegurarse el acceso en todo momento a los formularios de memorias relativos a los Convenios ratificados. Los formularios est\u00e1n disponibles en formato electr\u00f3nico en NORMLEX y se pueden pedir a la Oficina copias impresas de ellos en cualquier momento.\n\t<\/h5>\n<\/div>\n<p><label>\u00bfSabe d\u00f3nde obtener informaci\u00f3n sobre las memorias a enviar y sobre los comentarios a los cuales su pa\u00eds debe responder para el a\u00f1o en curso?<\/label><br \/>\n<span class=\"wpcf7-form-control-wrap\" data-name=\"radio-2\"><span class=\"wpcf7-form-control wpcf7-radio\"><span class=\"wpcf7-list-item first\"><label><input type=\"radio\" name=\"radio-2\" value=\"Si\" \/><span class=\"wpcf7-list-item-label\">Si<\/span><\/label><\/span><span class=\"wpcf7-list-item last\"><label><input type=\"radio\" name=\"radio-2\" value=\"No\" \/><span class=\"wpcf7-list-item-label\">No<\/span><\/label><\/span><\/span><\/span>\n<\/p>\n<div data-id=\"c\" data-orig_data_id=\"c\" data-clear_on_hide class=\"\" data-class=\"wpcf7cf_group\">\n\t<h5>\u00a1Excelente!<br \/>\nRecordatorio 1: Cabe destacar que los comentarios de la Comisi\u00f3n de Expertos se ponen a disposici\u00f3n en NORMLEX en dos fases: las observaciones se cargan en febrero y las solicitudes directas se cargan en el mes de mayo de cada a\u00f1o.<br \/>\nRecordatorio 2: En 2012 el ciclo de presentaci\u00f3n de memorias para los Convenios fundamentales y de gobernanza ha sido extendido de dos a tres a\u00f1os. S\u00edrvase verificar la situaci\u00f3n de cada pa\u00eds en NORMLEX.\n\t<\/h5>\n<\/div>\n<div data-id=\"d\" data-orig_data_id=\"d\" data-clear_on_hide class=\"\" data-class=\"wpcf7cf_group\">\n\t<h5>Siempre que se disponga de una conexi\u00f3n a Internet, la mejor fuente de informaci\u00f3n es NORMLEX. Sin embargo, recuerde que los comentarios de la Comisi\u00f3n de Expertos se ponen a disposici\u00f3n en NORMLEX en dos fases: las observaciones se cargan en febrero y las solicitudes directas se cargan en el mes de mayo de cada a\u00f1o. La Oficina env\u00eda adem\u00e1s informaci\u00f3n personalizada a cada gobierno en febrero. La informaci\u00f3n se env\u00eda en dos lotes. El primero incluye informaci\u00f3n sobre las memorias y responde a los comentarios debidos en el a\u00f1o en curso y el segundo lote contiene informaci\u00f3n preliminar sobre las memorias y responde a los comentarios que se deber\u00e1n presentar en los a\u00f1os siguientes.\n\t<\/h5>\n<\/div>\n<p><label>\u00bfSu pa\u00eds es parte del Convenio sobre la consulta tripartita (normas internacionales del trabajo), 1976 (n\u00fam. 144)?<\/label><br \/>\n<span class=\"wpcf7-form-control-wrap\" data-name=\"radio-3\"><span class=\"wpcf7-form-control wpcf7-radio\"><span class=\"wpcf7-list-item first\"><label><input type=\"radio\" name=\"radio-3\" value=\"Si\" \/><span class=\"wpcf7-list-item-label\">Si<\/span><\/label><\/span><span class=\"wpcf7-list-item last\"><label><input type=\"radio\" name=\"radio-3\" value=\"No\" \/><span class=\"wpcf7-list-item-label\">No<\/span><\/label><\/span><\/span><\/span>\n<\/p>\n<div data-id=\"e\" data-orig_data_id=\"e\" data-clear_on_hide class=\"\" data-class=\"wpcf7cf_group\">\n\t<h5>Los pa\u00edses que han ratificado el Convenio n\u00fam. 144 deber\u00e1n celebrar consultas eficaces con las organizaciones representativas de trabajadores y empleadores sobre toda cuesti\u00f3n relativa a las memorias conforme al art\u00edculo 22. Es aconsejable entablar consultas tripartitas en una fase temprana.\n\t<\/h5>\n<\/div>\n<div data-id=\"f\" data-orig_data_id=\"f\" data-clear_on_hide class=\"\" data-class=\"wpcf7cf_group\">\n\t<h5>Los temas tratados en la mayor\u00eda de los Convenios sobrepasan la competencia del Ministerio de Trabajo. Por consiguiente, la elaboraci\u00f3n de las memorias a menudo exige que se entablen consultas con otros ministerios o agencias gubernamentales interesadas. En muchos pa\u00edses, dichas consultas se ven muy facilitadas gracias a mecanismos de consultas institucionalizados. En el caso de que no existan mecanismos de este tipo en su pa\u00eds, aseg\u00farese de que dichas consultas inter-ministeriales se pleanifiquen y entablen de manera oportuna.\n\t<\/h5>\n<\/div>\n<p><label>\u00bfYa se ha empezado a trabajar en las memorias en virtud del art\u00edculo 22 que se deben presentar este a\u00f1o?<\/label><br \/>\n<span class=\"wpcf7-form-control-wrap\" data-name=\"radio-4\"><span class=\"wpcf7-form-control wpcf7-radio\"><span class=\"wpcf7-list-item first\"><label><input type=\"radio\" name=\"radio-4\" value=\"Si\" \/><span class=\"wpcf7-list-item-label\">Si<\/span><\/label><\/span><span class=\"wpcf7-list-item last\"><label><input type=\"radio\" name=\"radio-4\" value=\"No\" \/><span class=\"wpcf7-list-item-label\">No<\/span><\/label><\/span><\/span><\/span>\n<\/p>\n<div data-id=\"g\" data-orig_data_id=\"g\" data-clear_on_hide class=\"\" data-class=\"wpcf7cf_group\">\n\t<h5>\u00a1Excelente!<br \/>\nRecordatorio 1: Si su pa\u00eds debe presentar alguna primera memoria, es aconsejable empezar con tiempo, ya que las memorias detalladas requieren m\u00e1s tiempo.<br \/>\nRecordatorio 2: Si su pa\u00eds debe preparar memorias regulares, simplificadas, es aconsejable empezar a trabajar en ellas y posteriormente completarlas con sus respuestas a los posibles comentarios por parte de los \u00f3rganos de control de la OIT.\n\t<\/h5>\n<\/div>\n<div data-id=\"h\" data-orig_data_id=\"h\" data-clear_on_hide class=\"\" data-class=\"wpcf7cf_group\">\n\t<h5>Es aconsejable empezar a preparar el trabajo en enero a partir de la informaci\u00f3n disponible en NORMLEX. Si su pa\u00eds debe presentar alguna primera memoria, es aconsejable empezar con tiempo, ya que las memorias detalladas requieren m\u00e1s tiempo.<br \/>\nSi su pa\u00eds debe preparar memorias regulares, simplificadas, es aconsejable empezar a trabajar en ellas y posteriormente completarlas con sus respuestas a los posibles comentarios por parte de los \u00f3rganos de control de la OIT.\n\t<\/h5>\n<\/div>\n<p><label>\u00bfSabe si su pa\u00eds tiene alguna primera memoria que preparar?<\/label><br \/>\n<span class=\"wpcf7-form-control-wrap\" data-name=\"radio-5\"><span class=\"wpcf7-form-control wpcf7-radio\"><span class=\"wpcf7-list-item first\"><label><input type=\"radio\" name=\"radio-5\" value=\"Si\" \/><span class=\"wpcf7-list-item-label\">Si<\/span><\/label><\/span><span class=\"wpcf7-list-item last\"><label><input type=\"radio\" name=\"radio-5\" value=\"No\" \/><span class=\"wpcf7-list-item-label\">No<\/span><\/label><\/span><\/span><\/span>\n<\/p>\n<div data-id=\"i\" data-orig_data_id=\"i\" data-clear_on_hide class=\"\" data-class=\"wpcf7cf_group\">\n\t<h5>\u00a1Excelente! Es posible averiguar la situaci\u00f3n en NORMLEX en cualquier momento.\n\t<\/h5>\n<\/div>\n<div data-id=\"l\" data-orig_data_id=\"l\" data-clear_on_hide class=\"\" data-class=\"wpcf7cf_group\">\n\t<h5>Un Convenio reci\u00e9n ratificado entrar\u00e1 en vigor un a\u00f1o despu\u00e9s de la fecha de ratificaci\u00f3n y la primera memoria se deber\u00e1 presentar en febrero del a\u00f1o siguiente. Ejemplo: si su pa\u00eds ha ratificado un Convenio el 12 de diciembre de 2013, \u00e9ste entrar\u00e1 en vigor para su pa\u00eds el 12 de diciembre de 2014. En febrero\/marzo de 2015 se enviar\u00e1 a su pa\u00eds una solicitud de env\u00edo de una primera memoria, que luego se tendr\u00e1 que presentar antes del 1.\u00b0 de septiembre del mismo a\u00f1o. Es posible averiguar la situaci\u00f3n en NORMLEX en cualquier momento.\n\t<\/h5>\n<\/div>\n<p><label>\u00bfSabe qu\u00e9 deber\u00eda contener una primera memoria?<\/label><br \/>\n<span class=\"wpcf7-form-control-wrap\" data-name=\"radio-6\"><span class=\"wpcf7-form-control wpcf7-radio\"><span class=\"wpcf7-list-item first\"><label><input type=\"radio\" name=\"radio-6\" value=\"Si\" \/><span class=\"wpcf7-list-item-label\">Si<\/span><\/label><\/span><span class=\"wpcf7-list-item last\"><label><input type=\"radio\" name=\"radio-6\" value=\"No\" \/><span class=\"wpcf7-list-item-label\">No<\/span><\/label><\/span><\/span><\/span>\n<\/p>\n<div data-id=\"me\" data-orig_data_id=\"me\" data-clear_on_hide class=\"\" data-class=\"wpcf7cf_group\">\n\t<h5>\u00a1Excelente!\n\t<\/h5>\n<\/div>\n<div data-id=\"n\" data-orig_data_id=\"n\" data-clear_on_hide class=\"\" data-class=\"wpcf7cf_group\">\n\t<h5>La primera memoria siempre es una memoria detallada y se redacta a partir del formulario de memoria aprobado por el Consejo de Administraci\u00f3n por cada Convenio, que est\u00e1 disponible en NORMLEX. Su preparaci\u00f3n deber\u00eda incluir los siguientes pasos:<br \/>\n(a) Un examen del formulario de memoria. Adem\u00e1s de preguntas espec\u00edficas sobre la aplicaci\u00f3n de los t\u00e9rminos del Convenio en su pa\u00eds, el formulario de memoria contiene algunas preguntas de car\u00e1cter general (indicadas en negrita con n\u00fameros romanos).<br \/>\n(b) Recopilaci\u00f3n de informaci\u00f3n legislativa. Como indicado en las preguntas de car\u00e1cter general del formulario de memoria, habr\u00e1 que recopilar y adjuntar toda ley, reglamento y otra informaci\u00f3n pertinente en relaci\u00f3n con la aplicaci\u00f3n de las disposiciones del Convenio en su pa\u00eds. Una fuente de informaci\u00f3n \u00fatil podr\u00eda ser la documentaci\u00f3n utilizada durante la preparaci\u00f3n de la ratificaci\u00f3n.<br \/>\n(c) Recopilaci\u00f3n de informaci\u00f3n sobre la aplicaci\u00f3n en la pr\u00e1ctica. La informaci\u00f3n solicitada var\u00eda dependiendo del tema del Convenio y suele exigir que se celebren consultas con otros ministerios y agencias. En particular, incluye datos estad\u00edsticos e informes de las autoridades de ejecuci\u00f3n, como por ejemplo los inspectores del trabajo.<br \/>\n(d) Preparaci\u00f3n de la memoria \u2013 usando el formato del formulario de memoria \u2013 y de los documentos adjuntos a la memoria.\n\t<\/h5>\n<\/div>\n<p><label>\u00bfLos Convenios para los cuales se debe presentar la primera memoria contienen disposiciones de flexibilidad que su pa\u00eds tiene la intenci\u00f3n de invocar?<\/label><br \/>\n<span class=\"wpcf7-form-control-wrap\" data-name=\"radio-7\"><span class=\"wpcf7-form-control wpcf7-radio\"><span class=\"wpcf7-list-item first\"><label><input type=\"radio\" name=\"radio-7\" value=\"Si\" \/><span class=\"wpcf7-list-item-label\">Si<\/span><\/label><\/span><span class=\"wpcf7-list-item last\"><label><input type=\"radio\" name=\"radio-7\" value=\"No\" \/><span class=\"wpcf7-list-item-label\">No<\/span><\/label><\/span><\/span><\/span>\n<\/p>\n<div data-id=\"o\" data-orig_data_id=\"o\" data-clear_on_hide class=\"\" data-class=\"wpcf7cf_group\">\n\t<h5>Las disposiciones de flexibilidad son disposiciones de los Convenios que permiten limitar el \u00e1mbito de aplicaci\u00f3n en un pa\u00eds de ciertas maneras definidas. En el caso de que su pa\u00eds tenga la intenci\u00f3n de ejercer el derecho de invocar dichas disposiciones de flexibilidad, ser\u00e1 necesario:<br \/>\n(a) seguir el procedimiento indicado en el Convenio, que a menudo incluye la celebraci\u00f3n de consultas sobre el tema con organizaciones representativas de empleadores y trabajadores interesadas; e<br \/>\n(b) indicar en la primera memoria sobre la aplicaci\u00f3n del Convenio en qu\u00e9 medida se han invocado.<br \/>\nRecordatorio: Es fundamental que la primera memoria incluya indicaciones al respecto; de no ser as\u00ed, ser\u00e1 imposible aplicar dichas disposiciones de flexibilidad.\n\t<\/h5>\n<\/div>\n<div data-id=\"pe\" data-orig_data_id=\"pe\" data-clear_on_hide class=\"\" data-class=\"wpcf7cf_group\">\n\t<h5>\u00a1Muy bien!\n\t<\/h5>\n<\/div>\n<p><label>\u00bfSabe lo que deber\u00eda contener una memoria regular?<\/label><br \/>\n<span class=\"wpcf7-form-control-wrap\" data-name=\"radio-8\"><span class=\"wpcf7-form-control wpcf7-radio\"><span class=\"wpcf7-list-item first\"><label><input type=\"radio\" name=\"radio-8\" value=\"Si\" \/><span class=\"wpcf7-list-item-label\">Si<\/span><\/label><\/span><span class=\"wpcf7-list-item last\"><label><input type=\"radio\" name=\"radio-8\" value=\"No\" \/><span class=\"wpcf7-list-item-label\">No<\/span><\/label><\/span><\/span><\/span>\n<\/p>\n<div data-id=\"q\" data-orig_data_id=\"q\" data-clear_on_hide class=\"\" data-class=\"wpcf7cf_group\">\n\t<h5>\u00a1Excelente!<br \/>\nRecordatorio: La memorias regulares suelen ser memorias simplificadas. Sin embargo, la Comisi\u00f3n de Expertos puede solicitar a su pa\u00eds que prepare una memoria detallada. Adem\u00e1s, si hay cambios mayores en la aplicaci\u00f3n de un Convenio que normalmente requiere una memoria simplificada, por ejemplo si se ha adoptado una nueva legislaci\u00f3n importante, su pa\u00eds deber\u00e1 preparar una memoria detallada, por su propria iniciativa. Por lo tanto es aconsejable realizar un an\u00e1lisis previo de la situaci\u00f3n en una fase temprana.\n\t<\/h5>\n<\/div>\n<div data-id=\"r\" data-orig_data_id=\"r\" data-clear_on_hide class=\"\" data-class=\"wpcf7cf_group\">\n\t<h5>Las memorias regulares posteriores a la primera suelen ser simplificadas.<br \/>\nRecordatorio: Sin embargo, la Comisi\u00f3n de Expertos puede solicitar a su pa\u00eds que prepare una memoria detallada. Adem\u00e1s, si hay cambios mayores en la aplicaci\u00f3n de un Convenio que normalmente requiere una memoria simplificada, por ejemplo si se ha adoptado una nueva legislaci\u00f3n importante, su pa\u00eds deber\u00e1 preparar una memoria detallada, espont\u00e1neamente. Por lo tanto es aconsejable realizar un an\u00e1lisis previo de la situaci\u00f3n en una fase temprana.\n\t<\/h5>\n<\/div>\n<p><label>\u00bfSabe lo que deber\u00edan contener las memorias simplificadas?<\/label><br \/>\n<span class=\"wpcf7-form-control-wrap\" data-name=\"radio-9\"><span class=\"wpcf7-form-control wpcf7-radio\"><span class=\"wpcf7-list-item first\"><label><input type=\"radio\" name=\"radio-9\" value=\"Si\" \/><span class=\"wpcf7-list-item-label\">Si<\/span><\/label><\/span><span class=\"wpcf7-list-item last\"><label><input type=\"radio\" name=\"radio-9\" value=\"No\" \/><span class=\"wpcf7-list-item-label\">No<\/span><\/label><\/span><\/span><\/span>\n<\/p>\n<div data-id=\"se\" data-orig_data_id=\"se\" data-clear_on_hide class=\"\" data-class=\"wpcf7cf_group\">\n\t<h5>\u00a1Excelente!\n\t<\/h5>\n<\/div>\n<div data-id=\"t\" data-orig_data_id=\"t\" data-clear_on_hide class=\"\" data-class=\"wpcf7cf_group\">\n\t<h5>Las mayor\u00eda de las memorias presentadas despu\u00e9s de la primera, son memorias simplificadas, que deber\u00edan incluir:<br \/>\n(a) respuestas a cualquier comentario pendiente formulado por los \u00f3rganos de control;<br \/>\n(b) cualquier nueva medida legislativa o de otro tipo que afecte la aplicaci\u00f3n del Convenio. En este contexto, nueva significa que interviene despu\u00e9s de la presentaci\u00f3n de la memoria anterior;<br \/>\n(c) respuestas a las preguntas en el formulario de memoria sobre la aplicaci\u00f3n pr\u00e1ctica del Convenio, como informaciones estad\u00edsticas y de otro tipo; e<br \/>\n(d) informaciones sobre las organizaciones representativas de empleadores y trabajadores a las que se enviaron copias de la memoria y sobre cualquier observaci\u00f3n recibida por parte de estas organizaciones.<br \/>\nRecordatorio: Aunque una memoria simplificada no debe responder a todas las preguntas espec\u00edficas del formulario de memoria, es aconsejable usar el formulario de memoria como lista de verificaci\u00f3n a la hora de redactar una memoria simplificada.\n\t<\/h5>\n<\/div>\n<p><a href=\"javascript:window.print()\">Submit and print your form<\/a>\n<\/p><div class=\"wpcf7-response-output\" aria-hidden=\"true\"><\/div>\n<\/form>\n<\/div>\n\n","protected":false},"excerpt":{"rendered":"<p>Medidas a adoptar por la OIT La Oficina prepara la publicaci\u00f3n anual del informe de la Comisi\u00f3n de Expertos. En febrero, la Oficina actualiza NORMLEX con observaciones e informaciones relativas a los comentarios adoptados por la Comisi\u00f3n de Expertos durante la sesi\u00f3n anterior. Medidas a adoptar por las administraciones nacionales<\/p>\n","protected":false},"author":1,"featured_media":0,"parent":931,"menu_order":0,"comment_status":"closed","ping_status":"closed","template":"","meta":{"footnotes":""},"class_list":["post-1025","page","type-page","status-publish","hentry"],"_links":{"self":[{"href":"https:\/\/managing-ils-reporting.itcilo.org\/es\/wp-json\/wp\/v2\/pages\/1025","targetHints":{"allow":["GET"]}}],"collection":[{"href":"https:\/\/managing-ils-reporting.itcilo.org\/es\/wp-json\/wp\/v2\/pages"}],"about":[{"href":"https:\/\/managing-ils-reporting.itcilo.org\/es\/wp-json\/wp\/v2\/types\/page"}],"author":[{"embeddable":true,"href":"https:\/\/managing-ils-reporting.itcilo.org\/es\/wp-json\/wp\/v2\/users\/1"}],"replies":[{"embeddable":true,"href":"https:\/\/managing-ils-reporting.itcilo.org\/es\/wp-json\/wp\/v2\/comments?post=1025"}],"version-history":[{"count":1,"href":"https:\/\/managing-ils-reporting.itcilo.org\/es\/wp-json\/wp\/v2\/pages\/1025\/revisions"}],"predecessor-version":[{"id":1027,"href":"https:\/\/managing-ils-reporting.itcilo.org\/es\/wp-json\/wp\/v2\/pages\/1025\/revisions\/1027"}],"up":[{"embeddable":true,"href":"https:\/\/managing-ils-reporting.itcilo.org\/es\/wp-json\/wp\/v2\/pages\/931"}],"wp:attachment":[{"href":"https:\/\/managing-ils-reporting.itcilo.org\/es\/wp-json\/wp\/v2\/media?parent=1025"}],"curies":[{"name":"wp","href":"https:\/\/api.w.org\/{rel}","templated":true}]}}