{"id":1037,"date":"2019-12-23T10:30:45","date_gmt":"2019-12-23T10:30:45","guid":{"rendered":"https:\/\/dev-managing-ils-reporting.pantheonsite.io\/herramientas\/entire-year-checklist-for-reports-on-ratified-conventions-national-administrations\/april\/"},"modified":"2020-01-09T16:38:49","modified_gmt":"2020-01-09T16:38:49","slug":"april","status":"publish","type":"page","link":"https:\/\/managing-ils-reporting.itcilo.org\/es\/herramientas\/entire-year-checklist-for-reports-on-ratified-conventions-national-administrations\/april\/","title":{"rendered":"Abril"},"content":{"rendered":"<p><strong>Medidas a adoptar por la OIT<\/strong><\/p>\n<ul>\n<li>La Oficina env\u00eda una copia de las solicitudes de memorias que se deben enviar en el a\u00f1o en curso a las organizaciones nacionales de empleadores y trabajadores.<\/li>\n<\/ul>\n<p>Medidas a adoptar por las organizaciones nacionales<\/p>\n\n<div class=\"wpcf7 no-js\" id=\"wpcf7-f1008-o1\" lang=\"en-US\" dir=\"ltr\" data-wpcf7-id=\"1008\">\n<div class=\"screen-reader-response\"><p role=\"status\" aria-live=\"polite\" aria-atomic=\"true\"><\/p> <ul><\/ul><\/div>\n<form action=\"\/es\/wp-json\/wp\/v2\/pages\/1037#wpcf7-f1008-o1\" method=\"post\" class=\"wpcf7-form init\" aria-label=\"Contact form\" novalidate=\"novalidate\" data-status=\"init\">\n<fieldset class=\"hidden-fields-container\"><input type=\"hidden\" name=\"_wpcf7\" value=\"1008\" \/><input type=\"hidden\" name=\"_wpcf7_version\" value=\"6.1.5\" \/><input type=\"hidden\" name=\"_wpcf7_locale\" value=\"en_US\" \/><input type=\"hidden\" name=\"_wpcf7_unit_tag\" value=\"wpcf7-f1008-o1\" \/><input type=\"hidden\" name=\"_wpcf7_container_post\" value=\"0\" \/><input type=\"hidden\" name=\"_wpcf7_posted_data_hash\" value=\"\" \/><input type=\"hidden\" name=\"_wpcf7cf_hidden_group_fields\" value=\"[]\" \/><input type=\"hidden\" name=\"_wpcf7cf_hidden_groups\" value=\"[]\" \/><input type=\"hidden\" name=\"_wpcf7cf_visible_groups\" value=\"[]\" \/><input type=\"hidden\" name=\"_wpcf7cf_repeaters\" value=\"[]\" \/><input type=\"hidden\" name=\"_wpcf7cf_steps\" value=\"{}\" \/><input type=\"hidden\" name=\"_wpcf7cf_options\" value=\"{&quot;form_id&quot;:1008,&quot;conditions&quot;:[{&quot;then_field&quot;:&quot;a&quot;,&quot;and_rules&quot;:[{&quot;if_field&quot;:&quot;radio-1&quot;,&quot;operator&quot;:&quot;equals&quot;,&quot;if_value&quot;:&quot;Si&quot;}]},{&quot;then_field&quot;:&quot;b&quot;,&quot;and_rules&quot;:[{&quot;if_field&quot;:&quot;radio-1&quot;,&quot;operator&quot;:&quot;equals&quot;,&quot;if_value&quot;:&quot;No&quot;}]}],&quot;settings&quot;:{&quot;animation&quot;:&quot;yes&quot;,&quot;animation_intime&quot;:200,&quot;animation_outtime&quot;:200,&quot;conditions_ui&quot;:&quot;normal&quot;,&quot;notice_dismissed&quot;:false}}\" \/><input type=\"hidden\" name=\"_wpcf7_recaptcha_response\" value=\"\" \/>\n<\/fieldset>\n<p><label><strong>\u00bfYa ha planeado c\u00f3mo involucrar a las organizaciones representativas de empleadores y trabajadores?<\/strong><\/label><br \/>\n<span class=\"wpcf7-form-control-wrap\" data-name=\"radio-1\"><span class=\"wpcf7-form-control wpcf7-radio\"><span class=\"wpcf7-list-item first\"><label><span class=\"wpcf7-list-item-label\">Si<\/span><input type=\"radio\" name=\"radio-1\" value=\"Si\" \/><\/label><\/span><span class=\"wpcf7-list-item last\"><label><span class=\"wpcf7-list-item-label\">No<\/span><input type=\"radio\" name=\"radio-1\" value=\"No\" \/><\/label><\/span><\/span><\/span>\n<\/p>\n<div data-id=\"a\" data-orig_data_id=\"a\" data-clear_on_hide class=\"\" data-class=\"wpcf7cf_group\">\n\t<p>\u00a1Excelente! Siempre es recomendable involucrar a las organizaciones representativas de empleadores y trabajadores en la elaboraci\u00f3n de las memorias. En todo caso, el art\u00edculo 23, p\u00e1rrafo 2, de la Constituci\u00f3n de la OIT exige a los gobiernos que remitan copias de las memorias en virud del art\u00edculo 22 a las organizaciones representativas de empleadores y trabajadores, o bien antes de la finalizaci\u00f3n de la memoria, o bien, como muy tarde, cuando la memoria se env\u00eda a la Oficina.\n\t<\/p>\n\t<p>Recordatorio: Si su pa\u00eds es parte del Convenio sobre la consulta tripartita (normas internacionales del trabajo), 1976 (n\u00fam. 144), su Gobierno deber\u00e1 entablar consultas eficaces tripartitas con las organizaciones representativas de empleadores y trabajadores sobre cualquier tema relacionado con la elaboraci\u00f3n de memorias en virtud del art\u00edculo 22.\n\t<\/p>\n<\/div>\n<div data-id=\"b\" data-orig_data_id=\"b\" data-clear_on_hide class=\"\" data-class=\"wpcf7cf_group\">\n\t<p>En todo caso, el art\u00edculo 23, p\u00e1rrafo 2, de la Constituci\u00f3n de la OIT exige al gobierno que remita copias de las memorias en virud del art\u00edculo 22 a las organizaciones representativas de empleadores y trabajadores, o bien antes de la finalizaci\u00f3n de la memoria, o bien, como muy tarde, cuando la memoria se env\u00eda a la Oficina.\n\t<\/p>\n\t<p>Recordatorio: Si su pa\u00eds es parte del Convenio sobre la consulta tripartita (normas internacionales del trabajo), 1976 (n\u00fam. 144), su Gobierno deber\u00e1 entablar consultas tripartitas \u201ceficaces\u201d con las organizaciones representativas de empleadores y trabajadores sobre cualquier tema relacionado con la elaboraci\u00f3n de memorias en virtud del art\u00edculo 22.\n\t<\/p>\n<\/div>\n<p><a href=\"javascript:window.print()\">Submit and print your form<\/a>\n<\/p><div class=\"wpcf7-response-output\" aria-hidden=\"true\"><\/div>\n<\/form>\n<\/div>\n\n","protected":false},"excerpt":{"rendered":"<p>Medidas a adoptar por la OIT La Oficina env\u00eda una copia de las solicitudes de memorias que se deben enviar en el a\u00f1o en curso a las organizaciones nacionales de empleadores y trabajadores. Medidas a adoptar por las organizaciones nacionales<\/p>\n","protected":false},"author":1,"featured_media":0,"parent":931,"menu_order":0,"comment_status":"closed","ping_status":"closed","template":"","meta":{"footnotes":""},"class_list":["post-1037","page","type-page","status-publish","hentry"],"_links":{"self":[{"href":"https:\/\/managing-ils-reporting.itcilo.org\/es\/wp-json\/wp\/v2\/pages\/1037","targetHints":{"allow":["GET"]}}],"collection":[{"href":"https:\/\/managing-ils-reporting.itcilo.org\/es\/wp-json\/wp\/v2\/pages"}],"about":[{"href":"https:\/\/managing-ils-reporting.itcilo.org\/es\/wp-json\/wp\/v2\/types\/page"}],"author":[{"embeddable":true,"href":"https:\/\/managing-ils-reporting.itcilo.org\/es\/wp-json\/wp\/v2\/users\/1"}],"replies":[{"embeddable":true,"href":"https:\/\/managing-ils-reporting.itcilo.org\/es\/wp-json\/wp\/v2\/comments?post=1037"}],"version-history":[{"count":2,"href":"https:\/\/managing-ils-reporting.itcilo.org\/es\/wp-json\/wp\/v2\/pages\/1037\/revisions"}],"predecessor-version":[{"id":1040,"href":"https:\/\/managing-ils-reporting.itcilo.org\/es\/wp-json\/wp\/v2\/pages\/1037\/revisions\/1040"}],"up":[{"embeddable":true,"href":"https:\/\/managing-ils-reporting.itcilo.org\/es\/wp-json\/wp\/v2\/pages\/931"}],"wp:attachment":[{"href":"https:\/\/managing-ils-reporting.itcilo.org\/es\/wp-json\/wp\/v2\/media?parent=1037"}],"curies":[{"name":"wp","href":"https:\/\/api.w.org\/{rel}","templated":true}]}}