{"id":1043,"date":"2019-12-23T10:32:16","date_gmt":"2019-12-23T10:32:16","guid":{"rendered":"https:\/\/dev-managing-ils-reporting.pantheonsite.io\/herramientas\/entire-year-checklist-for-reports-on-ratified-conventions-national-administrations\/may\/"},"modified":"2020-01-09T16:41:21","modified_gmt":"2020-01-09T16:41:21","slug":"may","status":"publish","type":"page","link":"https:\/\/managing-ils-reporting.itcilo.org\/es\/herramientas\/entire-year-checklist-for-reports-on-ratified-conventions-national-administrations\/may\/","title":{"rendered":"Mayo"},"content":{"rendered":"<p><strong>Medidas a adoptar por la OIT<\/strong><\/p>\n<ul>\n<li>Las solicitudes directas de la Comisi\u00f3n de Expertos, adoptadas en noviembre\/diciembre del a\u00f1o anterior, se cargan en NORMLEX.<\/li>\n<li>Preparativos para la sesi\u00f3n de la Comisi\u00f3n de Aplicaci\u00f3n de Normas de la Conferencia.<\/li>\n<\/ul>\n<p><strong>Medidas a adoptar por las administraciones nacionales<\/strong><\/p>\n\n<div class=\"wpcf7 no-js\" id=\"wpcf7-f1014-o1\" lang=\"en-US\" dir=\"ltr\" data-wpcf7-id=\"1014\">\n<div class=\"screen-reader-response\"><p role=\"status\" aria-live=\"polite\" aria-atomic=\"true\"><\/p> <ul><\/ul><\/div>\n<form action=\"\/es\/wp-json\/wp\/v2\/pages\/1043#wpcf7-f1014-o1\" method=\"post\" class=\"wpcf7-form init\" aria-label=\"Contact form\" novalidate=\"novalidate\" data-status=\"init\">\n<fieldset class=\"hidden-fields-container\"><input type=\"hidden\" name=\"_wpcf7\" value=\"1014\" \/><input type=\"hidden\" name=\"_wpcf7_version\" value=\"6.1.1\" \/><input type=\"hidden\" name=\"_wpcf7_locale\" value=\"en_US\" \/><input type=\"hidden\" name=\"_wpcf7_unit_tag\" value=\"wpcf7-f1014-o1\" \/><input type=\"hidden\" name=\"_wpcf7_container_post\" value=\"0\" \/><input type=\"hidden\" name=\"_wpcf7_posted_data_hash\" value=\"\" \/><input type=\"hidden\" name=\"_wpcf7cf_hidden_group_fields\" value=\"[]\" \/><input type=\"hidden\" name=\"_wpcf7cf_hidden_groups\" value=\"[]\" \/><input type=\"hidden\" name=\"_wpcf7cf_visible_groups\" value=\"[]\" \/><input type=\"hidden\" name=\"_wpcf7cf_repeaters\" value=\"[]\" \/><input type=\"hidden\" name=\"_wpcf7cf_steps\" value=\"{}\" \/><input type=\"hidden\" name=\"_wpcf7cf_options\" value=\"{&quot;form_id&quot;:1014,&quot;conditions&quot;:[{&quot;then_field&quot;:&quot;a&quot;,&quot;and_rules&quot;:[{&quot;if_field&quot;:&quot;radio-1&quot;,&quot;operator&quot;:&quot;equals&quot;,&quot;if_value&quot;:&quot;Si&quot;}]},{&quot;then_field&quot;:&quot;b&quot;,&quot;and_rules&quot;:[{&quot;if_field&quot;:&quot;radio-1&quot;,&quot;operator&quot;:&quot;equals&quot;,&quot;if_value&quot;:&quot;No&quot;}]}],&quot;settings&quot;:{&quot;animation&quot;:&quot;yes&quot;,&quot;animation_intime&quot;:200,&quot;animation_outtime&quot;:200,&quot;conditions_ui&quot;:&quot;normal&quot;,&quot;notice_dismissed&quot;:false}}\" \/><input type=\"hidden\" name=\"_wpcf7_recaptcha_response\" value=\"\" \/>\n<\/fieldset>\n<p><strong>\u00bfSe encuentra su gobierno entre aquellos a los que se les solicit\u00f3 presentar detalles exhaustivos frente a la Comisi\u00f3n de la Conferencia?<\/strong><br \/>\n<span class=\"wpcf7-form-control-wrap\" data-name=\"radio-1\"><span class=\"wpcf7-form-control wpcf7-radio\"><span class=\"wpcf7-list-item first\"><label><span class=\"wpcf7-list-item-label\">Si<\/span><input type=\"radio\" name=\"radio-1\" value=\"Si\" \/><\/label><\/span><span class=\"wpcf7-list-item last\"><label><span class=\"wpcf7-list-item-label\">No<\/span><input type=\"radio\" name=\"radio-1\" value=\"No\" \/><\/label><\/span><\/span><\/span>\n<\/p>\n<div data-id=\"a\" data-orig_data_id=\"a\" data-clear_on_hide class=\"\" data-class=\"wpcf7cf_group\">\n\t<p>Le aconsejamos que prepare cuidadosamente su caso y que se asegure poder dar una respuesta pertinente. Puede que sea necesario presentar informaci\u00f3n complementaria sobre los temas espec\u00edficos mencionados por la Comisi\u00f3n de Expertos.\n\t<\/p>\n<\/div>\n<div data-id=\"b\" data-orig_data_id=\"b\" data-clear_on_hide class=\"\" data-class=\"wpcf7cf_group\">\n\t<p>No se requiere ninguna medida espec\u00edfica a este respecto.\n\t<\/p>\n<\/div>\n<p><a href=\"javascript:window.print()\">Submit and print your form<\/a>\n<\/p><div class=\"wpcf7-response-output\" aria-hidden=\"true\"><\/div>\n<\/form>\n<\/div>\n\n","protected":false},"excerpt":{"rendered":"<p>Medidas a adoptar por la OIT Las solicitudes directas de la Comisi\u00f3n de Expertos, adoptadas en noviembre\/diciembre del a\u00f1o anterior, se cargan en NORMLEX. Preparativos para la sesi\u00f3n de la Comisi\u00f3n de Aplicaci\u00f3n de Normas de la Conferencia. Medidas a adoptar por las administraciones nacionales<\/p>\n","protected":false},"author":1,"featured_media":0,"parent":931,"menu_order":0,"comment_status":"closed","ping_status":"closed","template":"","meta":{"footnotes":""},"class_list":["post-1043","page","type-page","status-publish","hentry"],"_links":{"self":[{"href":"https:\/\/managing-ils-reporting.itcilo.org\/es\/wp-json\/wp\/v2\/pages\/1043","targetHints":{"allow":["GET"]}}],"collection":[{"href":"https:\/\/managing-ils-reporting.itcilo.org\/es\/wp-json\/wp\/v2\/pages"}],"about":[{"href":"https:\/\/managing-ils-reporting.itcilo.org\/es\/wp-json\/wp\/v2\/types\/page"}],"author":[{"embeddable":true,"href":"https:\/\/managing-ils-reporting.itcilo.org\/es\/wp-json\/wp\/v2\/users\/1"}],"replies":[{"embeddable":true,"href":"https:\/\/managing-ils-reporting.itcilo.org\/es\/wp-json\/wp\/v2\/comments?post=1043"}],"version-history":[{"count":2,"href":"https:\/\/managing-ils-reporting.itcilo.org\/es\/wp-json\/wp\/v2\/pages\/1043\/revisions"}],"predecessor-version":[{"id":1047,"href":"https:\/\/managing-ils-reporting.itcilo.org\/es\/wp-json\/wp\/v2\/pages\/1043\/revisions\/1047"}],"up":[{"embeddable":true,"href":"https:\/\/managing-ils-reporting.itcilo.org\/es\/wp-json\/wp\/v2\/pages\/931"}],"wp:attachment":[{"href":"https:\/\/managing-ils-reporting.itcilo.org\/es\/wp-json\/wp\/v2\/media?parent=1043"}],"curies":[{"name":"wp","href":"https:\/\/api.w.org\/{rel}","templated":true}]}}