{"id":1049,"date":"2019-12-23T10:34:09","date_gmt":"2019-12-23T10:34:09","guid":{"rendered":"https:\/\/dev-managing-ils-reporting.pantheonsite.io\/herramientas\/entire-year-checklist-for-reports-on-ratified-conventions-national-administrations\/june\/"},"modified":"2020-01-09T16:42:43","modified_gmt":"2020-01-09T16:42:43","slug":"june","status":"publish","type":"page","link":"https:\/\/managing-ils-reporting.itcilo.org\/es\/herramientas\/entire-year-checklist-for-reports-on-ratified-conventions-national-administrations\/june\/","title":{"rendered":"Junio"},"content":{"rendered":"<p><strong>Medidas a adoptar por la OIT<\/strong><\/p>\n<ul>\n<li>Se celebra la Conferencia Internacional del Trabajo y durante la Conferencia se re\u00fane la Comisi\u00f3n de Aplicaci\u00f3n de Normas de la Conferencia para examinar el informe de la Comisi\u00f3n de Expertos y una selecci\u00f3n de casos individuales sobre los cuales se invitan a los gobiernos a que aporten detalles oralmente. Los representantes de los empleadores y de los trabajadores en la Comisi\u00f3n de la Conferencia seleccionan dichos casos, que suelen incluir tambi\u00e9n los casos con nota doble a pie de p\u00e1gina. Las audiencias de los casos individuales llevan a la adopci\u00f3n de conclusiones, que se comunican oralmente a los gobiernos interesados en la Comisi\u00f3n de la Conferencia. Al final de la Conferencia se adopta un informe de la Comisi\u00f3n de la Conferencia que contiene los res\u00famenes de la discusi\u00f3n en la Comisi\u00f3n de la Conferencia y las conclusiones adoptadas. El informe se publica en el sitio web de la OIT y posteriormente se distribuye en forma impresa. La Oficina transmite una copia impresa del informe de la Comisi\u00f3n de la Conferencia en julio.<\/li>\n<\/ul>\n<p><strong>Medidas a adoptar por las administraciones locales<\/strong><\/p>\n\n<div class=\"wpcf7 no-js\" id=\"wpcf7-f1016-o1\" lang=\"en-US\" dir=\"ltr\" data-wpcf7-id=\"1016\">\n<div class=\"screen-reader-response\"><p role=\"status\" aria-live=\"polite\" aria-atomic=\"true\"><\/p> <ul><\/ul><\/div>\n<form action=\"\/es\/wp-json\/wp\/v2\/pages\/1049#wpcf7-f1016-o1\" method=\"post\" class=\"wpcf7-form init\" aria-label=\"Contact form\" novalidate=\"novalidate\" data-status=\"init\">\n<fieldset class=\"hidden-fields-container\"><input type=\"hidden\" name=\"_wpcf7\" value=\"1016\" \/><input type=\"hidden\" name=\"_wpcf7_version\" value=\"6.1.1\" \/><input type=\"hidden\" name=\"_wpcf7_locale\" value=\"en_US\" \/><input type=\"hidden\" name=\"_wpcf7_unit_tag\" value=\"wpcf7-f1016-o1\" \/><input type=\"hidden\" name=\"_wpcf7_container_post\" value=\"0\" \/><input type=\"hidden\" name=\"_wpcf7_posted_data_hash\" value=\"\" \/><input type=\"hidden\" name=\"_wpcf7cf_hidden_group_fields\" value=\"[]\" \/><input type=\"hidden\" name=\"_wpcf7cf_hidden_groups\" value=\"[]\" \/><input type=\"hidden\" name=\"_wpcf7cf_visible_groups\" value=\"[]\" \/><input type=\"hidden\" name=\"_wpcf7cf_repeaters\" value=\"[]\" \/><input type=\"hidden\" name=\"_wpcf7cf_steps\" value=\"{}\" \/><input type=\"hidden\" name=\"_wpcf7cf_options\" value=\"{&quot;form_id&quot;:1016,&quot;conditions&quot;:[{&quot;then_field&quot;:&quot;a&quot;,&quot;and_rules&quot;:[{&quot;if_field&quot;:&quot;radio-1&quot;,&quot;operator&quot;:&quot;equals&quot;,&quot;if_value&quot;:&quot;Si&quot;}]},{&quot;then_field&quot;:&quot;b&quot;,&quot;and_rules&quot;:[{&quot;if_field&quot;:&quot;radio-1&quot;,&quot;operator&quot;:&quot;equals&quot;,&quot;if_value&quot;:&quot;No&quot;}]}],&quot;settings&quot;:{&quot;animation&quot;:&quot;yes&quot;,&quot;animation_intime&quot;:200,&quot;animation_outtime&quot;:200,&quot;conditions_ui&quot;:&quot;normal&quot;,&quot;notice_dismissed&quot;:false}}\" \/><input type=\"hidden\" name=\"_wpcf7_recaptcha_response\" value=\"\" \/>\n<\/fieldset>\n<p><strong>\u00bfSe encuentra su Gobierno entre aquellos a los que se les ha solicitado presentar detalles exhaustivos frente a la Comisi\u00f3n de la Conferencia?<\/strong><br \/>\n<span class=\"wpcf7-form-control-wrap\" data-name=\"radio-1\"><span class=\"wpcf7-form-control wpcf7-radio\"><span class=\"wpcf7-list-item first\"><label><span class=\"wpcf7-list-item-label\">Si<\/span><input type=\"radio\" name=\"radio-1\" value=\"Si\" \/><\/label><\/span><span class=\"wpcf7-list-item last\"><label><span class=\"wpcf7-list-item-label\">No<\/span><input type=\"radio\" name=\"radio-1\" value=\"No\" \/><\/label><\/span><\/span><\/span>\n<\/p>\n<div data-id=\"a\" data-orig_data_id=\"a\" data-clear_on_hide class=\"\" data-class=\"wpcf7cf_group\">\n\t<p>Las conclusiones de la discusi\u00f3n incluir\u00e1n solicitudes a su Gobierno para que proporcione mayor informaci\u00f3n en ocasi\u00f3n de la pr\u00f3xima reuni\u00f3n de la Comisi\u00f3n de Expertos. Dicho seguimiento se realizar\u00e1 bajo la supervisi\u00f3n de la Comisi\u00f3n de Expertos en el marco de la elaboraci\u00f3n de memorias en virtud del art\u00edculo 22. Eso significa que se le exigir\u00e1 que prepare su respuesta a las conclusiones antes del 1.\u00b0 de septiembre y deber\u00e1 organizar su trabajo al respecto con cierta celeridad tras la sesi\u00f3n de la Conferencia Internacional del Trabajo. El informe de la Comisi\u00f3n de la Conferencia estar\u00e1 disponible en el sitio web de la OIT; adem\u00e1s, recibir\u00e1 una copia impresa de los informes de la Comisi\u00f3n de la Conferencia en julio.\n\t<\/p>\n<\/div>\n<div data-id=\"b\" data-orig_data_id=\"b\" data-clear_on_hide class=\"\" data-class=\"wpcf7cf_group\">\n\t<p>No se requiere ninguna medida.\n\t<\/p>\n<\/div>\n<p><a href=\"javascript:window.print()\">Submit and print your form<\/a>\n<\/p><div class=\"wpcf7-response-output\" aria-hidden=\"true\"><\/div>\n<\/form>\n<\/div>\n\n","protected":false},"excerpt":{"rendered":"<p>Medidas a adoptar por la OIT Se celebra la Conferencia Internacional del Trabajo y durante la Conferencia se re\u00fane la Comisi\u00f3n de Aplicaci\u00f3n de Normas de la Conferencia para examinar el informe de la Comisi\u00f3n de Expertos y una selecci\u00f3n de casos individuales sobre los cuales se invitan a los gobiernos a que aporten detalles [&hellip;]<\/p>\n","protected":false},"author":1,"featured_media":0,"parent":931,"menu_order":0,"comment_status":"closed","ping_status":"closed","template":"","meta":{"footnotes":""},"class_list":["post-1049","page","type-page","status-publish","hentry"],"_links":{"self":[{"href":"https:\/\/managing-ils-reporting.itcilo.org\/es\/wp-json\/wp\/v2\/pages\/1049","targetHints":{"allow":["GET"]}}],"collection":[{"href":"https:\/\/managing-ils-reporting.itcilo.org\/es\/wp-json\/wp\/v2\/pages"}],"about":[{"href":"https:\/\/managing-ils-reporting.itcilo.org\/es\/wp-json\/wp\/v2\/types\/page"}],"author":[{"embeddable":true,"href":"https:\/\/managing-ils-reporting.itcilo.org\/es\/wp-json\/wp\/v2\/users\/1"}],"replies":[{"embeddable":true,"href":"https:\/\/managing-ils-reporting.itcilo.org\/es\/wp-json\/wp\/v2\/comments?post=1049"}],"version-history":[{"count":2,"href":"https:\/\/managing-ils-reporting.itcilo.org\/es\/wp-json\/wp\/v2\/pages\/1049\/revisions"}],"predecessor-version":[{"id":1053,"href":"https:\/\/managing-ils-reporting.itcilo.org\/es\/wp-json\/wp\/v2\/pages\/1049\/revisions\/1053"}],"up":[{"embeddable":true,"href":"https:\/\/managing-ils-reporting.itcilo.org\/es\/wp-json\/wp\/v2\/pages\/931"}],"wp:attachment":[{"href":"https:\/\/managing-ils-reporting.itcilo.org\/es\/wp-json\/wp\/v2\/media?parent=1049"}],"curies":[{"name":"wp","href":"https:\/\/api.w.org\/{rel}","templated":true}]}}