{"id":1074,"date":"2019-12-23T11:09:41","date_gmt":"2019-12-23T11:09:41","guid":{"rendered":"https:\/\/dev-managing-ils-reporting.pantheonsite.io\/herramientas\/entire-year-checklist-for-reports-on-ratified-conventions-social-partners\/march-2\/"},"modified":"2020-01-10T08:40:04","modified_gmt":"2020-01-10T08:40:04","slug":"march-2","status":"publish","type":"page","link":"https:\/\/managing-ils-reporting.itcilo.org\/es\/herramientas\/entire-year-checklist-for-reports-on-ratified-conventions-social-partners\/march-2\/","title":{"rendered":"Marzo"},"content":{"rendered":"<p><strong>Medidas a adoptar por\u00a0<\/strong><strong>la OIT<\/strong><\/p>\n<ul>\n<li>La Oficina env\u00eda solicitudes directas de memorias a cada gobierno con copias de los comentarios sobre los cuales se debe enviar una respuesta durante el a\u00f1o en curso.<\/li>\n<li>La Oficina env\u00eda una segunda comunicaci\u00f3n individual a cada gobierno con la informaci\u00f3n sobre las memorias y las respuestas a los comentarios que se deber\u00e1n entregar en los a\u00f1os siguientes.<\/li>\n<\/ul>\n<p><strong>Medidas a adoptar por\u00a0<\/strong><strong>las administraciones nacionales<\/strong><\/p>\n<ul>\n<li>Los gobiernos reciben las solicitudes individuales de las memorias que quedan por enviar y copias de los comentarios a los cuales se debe una respuesta en el a\u00f1o en curso.<\/li>\n<li>Los gobiernos reciben copias de los comentarios a los cuales se deber\u00e1 dar una respuesta en los a\u00f1os siguientes.<\/li>\n<\/ul>\n<p><strong>Medidas a adoptar por\u00a0<\/strong><strong>los interlocutores sociales<\/strong><\/p>\n\n<div class=\"wpcf7 no-js\" id=\"wpcf7-f1012-o1\" lang=\"en-US\" dir=\"ltr\" data-wpcf7-id=\"1012\">\n<div class=\"screen-reader-response\"><p role=\"status\" aria-live=\"polite\" aria-atomic=\"true\"><\/p> <ul><\/ul><\/div>\n<form action=\"\/es\/wp-json\/wp\/v2\/pages\/1074#wpcf7-f1012-o1\" method=\"post\" class=\"wpcf7-form init\" aria-label=\"Contact form\" novalidate=\"novalidate\" data-status=\"init\">\n<fieldset class=\"hidden-fields-container\"><input type=\"hidden\" name=\"_wpcf7\" value=\"1012\" \/><input type=\"hidden\" name=\"_wpcf7_version\" value=\"6.1.5\" \/><input type=\"hidden\" name=\"_wpcf7_locale\" value=\"en_US\" \/><input type=\"hidden\" name=\"_wpcf7_unit_tag\" value=\"wpcf7-f1012-o1\" \/><input type=\"hidden\" name=\"_wpcf7_container_post\" value=\"0\" \/><input type=\"hidden\" name=\"_wpcf7_posted_data_hash\" value=\"\" \/><input type=\"hidden\" name=\"_wpcf7cf_hidden_group_fields\" value=\"[]\" \/><input type=\"hidden\" name=\"_wpcf7cf_hidden_groups\" value=\"[]\" \/><input type=\"hidden\" name=\"_wpcf7cf_visible_groups\" value=\"[]\" \/><input type=\"hidden\" name=\"_wpcf7cf_repeaters\" value=\"[]\" \/><input type=\"hidden\" name=\"_wpcf7cf_steps\" value=\"{}\" \/><input type=\"hidden\" name=\"_wpcf7cf_options\" value=\"{&quot;form_id&quot;:1012,&quot;conditions&quot;:[{&quot;then_field&quot;:&quot;a&quot;,&quot;and_rules&quot;:[{&quot;if_field&quot;:&quot;radio-1&quot;,&quot;operator&quot;:&quot;equals&quot;,&quot;if_value&quot;:&quot;Si&quot;}]},{&quot;then_field&quot;:&quot;b&quot;,&quot;and_rules&quot;:[{&quot;if_field&quot;:&quot;radio-1&quot;,&quot;operator&quot;:&quot;equals&quot;,&quot;if_value&quot;:&quot;No&quot;}]},{&quot;then_field&quot;:&quot;c&quot;,&quot;and_rules&quot;:[{&quot;if_field&quot;:&quot;radio-2&quot;,&quot;operator&quot;:&quot;equals&quot;,&quot;if_value&quot;:&quot;Si&quot;}]},{&quot;then_field&quot;:&quot;d&quot;,&quot;and_rules&quot;:[{&quot;if_field&quot;:&quot;radio-2&quot;,&quot;operator&quot;:&quot;equals&quot;,&quot;if_value&quot;:&quot;No&quot;}]},{&quot;then_field&quot;:&quot;-1&quot;,&quot;and_rules&quot;:[{&quot;if_field&quot;:&quot;-1&quot;,&quot;operator&quot;:&quot;equals&quot;,&quot;if_value&quot;:&quot;Si&quot;}]},{&quot;then_field&quot;:&quot;-1&quot;,&quot;and_rules&quot;:[{&quot;if_field&quot;:&quot;-1&quot;,&quot;operator&quot;:&quot;equals&quot;,&quot;if_value&quot;:&quot;No&quot;}]}],&quot;settings&quot;:{&quot;animation&quot;:&quot;yes&quot;,&quot;animation_intime&quot;:200,&quot;animation_outtime&quot;:200,&quot;conditions_ui&quot;:&quot;normal&quot;,&quot;notice_dismissed&quot;:false,&quot;repeater_remove_button&quot;:&quot;bottom&quot;}}\" \/><input type=\"hidden\" name=\"_wpcf7_recaptcha_response\" value=\"\" \/>\n<\/fieldset>\n<p><strong>\u00bfHa presentado observaciones sobre la aplicaci\u00f3n de los Convenios ratificados antes de la sesi\u00f3n anterior de la Comisi\u00f3n de Expertos?<\/strong><br \/>\n<span class=\"wpcf7-form-control-wrap\" data-name=\"radio-1\"><span class=\"wpcf7-form-control wpcf7-radio\"><span class=\"wpcf7-list-item first\"><label><span class=\"wpcf7-list-item-label\">Si<\/span><input type=\"radio\" name=\"radio-1\" value=\"Si\" \/><\/label><\/span><span class=\"wpcf7-list-item last\"><label><span class=\"wpcf7-list-item-label\">No<\/span><input type=\"radio\" name=\"radio-1\" value=\"No\" \/><\/label><\/span><\/span><\/span>\n<\/p>\n<div data-id=\"a\" data-orig_data_id=\"a\" data-clear_on_hide class=\"\" data-class=\"wpcf7cf_group\">\n\t<p>Los comentarios recibidos de las organizaciones nacionales o internacionales de empleadores o trabajadores, generalmente generan una memoria fuera del ciclo. Si este es el caso, las decisiones de la Comisi\u00f3n de Expertos se encuentran en simples notas a pie de p\u00e1gina de sus comentarios. Tales decisiones siempre incluir\u00e1n el a\u00f1o en que los gobiernos deber\u00e1n adoptar medidas. Las medidas que se deben adoptar pueden ser de dos tipos.\n\t<\/p>\n\t<p>(1) La decisi\u00f3n de la Comisi\u00f3n de Expertos puede ser s\u00f3lo solicitar una respuesta detallada a sus comentarios. En este caso, los gobiernos deben preparar una memoria para el a\u00f1o indicado e incluir una respuesta exhaustiva a las preguntas planteadas en las observaciones o en la solicitud directa.\n\t<\/p>\n\t<p>(2) Sin embargo, la Comisi\u00f3n de Expertos puede tambi\u00e9n decidir pedirle a los gobiernos que presenten una memoria detallada. En ese caso los gobiernos deben preparar una respuesta a todas las preguntas del formulario de memorias as\u00ed como preparan las primeras memorias. Las memorias deber\u00edan adem\u00e1s incluir siempre una respuesta a los comentarios de la Comisi\u00f3n de Expertos.\n\t<\/p>\n\t<p>Recordatorio: Le aconsejamos que d\u00e9 seguimiento a los comentarios de la Comisi\u00f3n de Expertos sobre las observaciones que ha hecho para poderse preparar a cualquier consulta con su Gobierno.\n\t<\/p>\n<\/div>\n<div data-id=\"b\" data-orig_data_id=\"b\" data-clear_on_hide class=\"\" data-class=\"wpcf7cf_group\">\n\t<p>No se requiere ninguna medida espec\u00edfica a este respecto.\n\t<\/p>\n<\/div>\n<p><strong>\u00bfExisten doble notas a pie de p\u00e1gina a cualquier observaci\u00f3n de la Comisi\u00f3n de Expertos?<\/strong><br \/>\n<span class=\"wpcf7-form-control-wrap\" data-name=\"radio-2\"><span class=\"wpcf7-form-control wpcf7-radio\"><span class=\"wpcf7-list-item first\"><label><span class=\"wpcf7-list-item-label\">Si<\/span><input type=\"radio\" name=\"radio-2\" value=\"Si\" \/><\/label><\/span><span class=\"wpcf7-list-item last\"><label><span class=\"wpcf7-list-item-label\">No<\/span><input type=\"radio\" name=\"radio-2\" value=\"No\" \/><\/label><\/span><\/span><\/span>\n<\/p>\n<div data-id=\"c\" data-orig_data_id=\"c\" data-clear_on_hide class=\"\" data-class=\"wpcf7cf_group\">\n\t<p>La doble notas a pie de p\u00e1gina contienen una decisi\u00f3n de la Comisi\u00f3n de Expertos en base a la cual el gobierno deber\u00eda presentar particulares exhaustivos a la Conferencia en el a\u00f1o en curso, sobre la aplicaci\u00f3n del Convenio en cuesti\u00f3n. Esto significa que es posible que el gobierno deba contestar oralmente a preguntas sobre el caso en cuesti\u00f3n ante la Comisi\u00f3n de Aplicaci\u00f3n de Normas de la Conferencia. Las organizaciones de empleadores y trabajadores deber\u00edan prepararse para la discusi\u00f3n de la Comisi\u00f3n de la Conferencia.\n\t<\/p>\n<\/div>\n<div data-id=\"d\" data-orig_data_id=\"d\" data-clear_on_hide class=\"\" data-class=\"wpcf7cf_group\">\n\t<p>No se requiere ninguna medida espec\u00edfica durante la Conferencia Internacional del Trabajo a este respecto.\n\t<\/p>\n<\/div>\n<p><a href=\"javascript:window.print()\">Submit and print your form<\/a>\n<\/p><div class=\"wpcf7-response-output\" aria-hidden=\"true\"><\/div>\n<\/form>\n<\/div>\n\n","protected":false},"excerpt":{"rendered":"<p>Medidas a adoptar por\u00a0la OIT La Oficina env\u00eda solicitudes directas de memorias a cada gobierno con copias de los comentarios sobre los cuales se debe enviar una respuesta durante el a\u00f1o en curso. La Oficina env\u00eda una segunda comunicaci\u00f3n individual a cada gobierno con la informaci\u00f3n sobre las memorias y las respuestas a los comentarios [&hellip;]<\/p>\n","protected":false},"author":1,"featured_media":0,"parent":939,"menu_order":0,"comment_status":"closed","ping_status":"closed","template":"","meta":{"footnotes":""},"class_list":["post-1074","page","type-page","status-publish","hentry"],"_links":{"self":[{"href":"https:\/\/managing-ils-reporting.itcilo.org\/es\/wp-json\/wp\/v2\/pages\/1074","targetHints":{"allow":["GET"]}}],"collection":[{"href":"https:\/\/managing-ils-reporting.itcilo.org\/es\/wp-json\/wp\/v2\/pages"}],"about":[{"href":"https:\/\/managing-ils-reporting.itcilo.org\/es\/wp-json\/wp\/v2\/types\/page"}],"author":[{"embeddable":true,"href":"https:\/\/managing-ils-reporting.itcilo.org\/es\/wp-json\/wp\/v2\/users\/1"}],"replies":[{"embeddable":true,"href":"https:\/\/managing-ils-reporting.itcilo.org\/es\/wp-json\/wp\/v2\/comments?post=1074"}],"version-history":[{"count":1,"href":"https:\/\/managing-ils-reporting.itcilo.org\/es\/wp-json\/wp\/v2\/pages\/1074\/revisions"}],"predecessor-version":[{"id":1076,"href":"https:\/\/managing-ils-reporting.itcilo.org\/es\/wp-json\/wp\/v2\/pages\/1074\/revisions\/1076"}],"up":[{"embeddable":true,"href":"https:\/\/managing-ils-reporting.itcilo.org\/es\/wp-json\/wp\/v2\/pages\/939"}],"wp:attachment":[{"href":"https:\/\/managing-ils-reporting.itcilo.org\/es\/wp-json\/wp\/v2\/media?parent=1074"}],"curies":[{"name":"wp","href":"https:\/\/api.w.org\/{rel}","templated":true}]}}