{"id":1078,"date":"2019-12-23T11:10:58","date_gmt":"2019-12-23T11:10:58","guid":{"rendered":"https:\/\/dev-managing-ils-reporting.pantheonsite.io\/herramientas\/entire-year-checklist-for-reports-on-ratified-conventions-social-partners\/april-2\/"},"modified":"2020-01-10T08:41:59","modified_gmt":"2020-01-10T08:41:59","slug":"april-2","status":"publish","type":"page","link":"https:\/\/managing-ils-reporting.itcilo.org\/es\/herramientas\/entire-year-checklist-for-reports-on-ratified-conventions-social-partners\/april-2\/","title":{"rendered":"Abril-2"},"content":{"rendered":"<p><strong>Medidas a adoptar por\u00a0<\/strong><strong>la OIT<\/strong><\/p>\n<ul>\n<li>La Oficina env\u00eda una copia de las solicitudes de memorias que se deben enviar en el a\u00f1o en curso a las organizaciones nacionales de empleadores y trabajadores.<\/li>\n<\/ul>\n<p><strong>Medidas a adoptar por\u00a0<\/strong><strong>las administraciones nacionales<\/strong><\/p>\n<ul>\n<li>Los gobiernos preparan las memorias anuales y las respuestas a los comentarios.<\/li>\n<li>Los gobiernos que son partes en el Convenio n\u00fam. 144 deber\u00edan organizar las consultas sobre las memorias anuales.<\/li>\n<\/ul>\n<p><strong>Medidas a adoptar por<\/strong><strong>\u00a0los interlocutores sociales<\/strong><\/p>\n\n<div class=\"wpcf7 no-js\" id=\"wpcf7-f1009-o1\" lang=\"en-US\" dir=\"ltr\" data-wpcf7-id=\"1009\">\n<div class=\"screen-reader-response\"><p role=\"status\" aria-live=\"polite\" aria-atomic=\"true\"><\/p> <ul><\/ul><\/div>\n<form action=\"\/es\/wp-json\/wp\/v2\/pages\/1078#wpcf7-f1009-o1\" method=\"post\" class=\"wpcf7-form init\" aria-label=\"Contact form\" novalidate=\"novalidate\" data-status=\"init\">\n<fieldset class=\"hidden-fields-container\"><input type=\"hidden\" name=\"_wpcf7\" value=\"1009\" \/><input type=\"hidden\" name=\"_wpcf7_version\" value=\"6.1.1\" \/><input type=\"hidden\" name=\"_wpcf7_locale\" value=\"en_US\" \/><input type=\"hidden\" name=\"_wpcf7_unit_tag\" value=\"wpcf7-f1009-o1\" \/><input type=\"hidden\" name=\"_wpcf7_container_post\" value=\"0\" \/><input type=\"hidden\" name=\"_wpcf7_posted_data_hash\" value=\"\" \/><input type=\"hidden\" name=\"_wpcf7cf_hidden_group_fields\" value=\"[]\" \/><input type=\"hidden\" name=\"_wpcf7cf_hidden_groups\" value=\"[]\" \/><input type=\"hidden\" name=\"_wpcf7cf_visible_groups\" value=\"[]\" \/><input type=\"hidden\" name=\"_wpcf7cf_repeaters\" value=\"[]\" \/><input type=\"hidden\" name=\"_wpcf7cf_steps\" value=\"{}\" \/><input type=\"hidden\" name=\"_wpcf7cf_options\" value=\"{&quot;form_id&quot;:1009,&quot;conditions&quot;:[{&quot;then_field&quot;:&quot;a&quot;,&quot;and_rules&quot;:[{&quot;if_field&quot;:&quot;radio-1&quot;,&quot;operator&quot;:&quot;equals&quot;,&quot;if_value&quot;:&quot;Si&quot;}]},{&quot;then_field&quot;:&quot;b&quot;,&quot;and_rules&quot;:[{&quot;if_field&quot;:&quot;radio-1&quot;,&quot;operator&quot;:&quot;equals&quot;,&quot;if_value&quot;:&quot;No&quot;}]}],&quot;settings&quot;:{&quot;animation&quot;:&quot;yes&quot;,&quot;animation_intime&quot;:200,&quot;animation_outtime&quot;:200,&quot;conditions_ui&quot;:&quot;normal&quot;,&quot;notice_dismissed&quot;:false}}\" \/><input type=\"hidden\" name=\"_wpcf7_recaptcha_response\" value=\"\" \/>\n<\/fieldset>\n<p><strong>\u00bfHa revisado la informaci\u00f3n sobre las solicitudes de memorias de la Comisi\u00f3n de Expertos para este a\u00f1o?<\/strong><br \/>\n<span class=\"wpcf7-form-control-wrap\" data-name=\"radio-1\"><span class=\"wpcf7-form-control wpcf7-radio\"><span class=\"wpcf7-list-item first\"><label><span class=\"wpcf7-list-item-label\">Si<\/span><input type=\"radio\" name=\"radio-1\" value=\"Si\" \/><\/label><\/span><span class=\"wpcf7-list-item last\"><label><span class=\"wpcf7-list-item-label\">No<\/span><input type=\"radio\" name=\"radio-1\" value=\"No\" \/><\/label><\/span><\/span><\/span>\n<\/p>\n<div data-id=\"a\" data-orig_data_id=\"a\" data-clear_on_hide class=\"\" data-class=\"wpcf7cf_group\">\n\t<p>\u00a1Excelente!\n\t<\/p>\n\t<p>Recordatorio: Tambi\u00e9n deber\u00eda preparar sus puntos de vista bas\u00e1ndose en la informaci\u00f3n disponible y a la luz de la informaci\u00f3n que puede haber obtenido durante la aplicaci\u00f3n en la pr\u00e1ctica de los Convenios ratificados en cuesti\u00f3n. La legislaci\u00f3n o la forma en que se implementa pueden haber cambiado, as\u00ed como pueden haber cambiado las circunstancias nacionales. Note en particular que ciertos Convenios como el Convenio sobre la pol\u00edtica del empleo, 1964 (n\u00fam. 122), y el Convenio sobre seguridad y salud de los trabajadores, 1981 (n\u00fam. 155), requieren pol\u00edticas y programas cuya implementaci\u00f3n requiere la cooperaci\u00f3n y el inter\u00e9s continuos de los interlocutores sociales.\n\t<\/p>\n<\/div>\n<div data-id=\"b\" data-orig_data_id=\"b\" data-clear_on_hide class=\"\" data-class=\"wpcf7cf_group\">\n\t<p>En este caso es importante que lo haga.\n\t<\/p>\n\t<p>Recordatorio: Deber\u00eda adem\u00e1s preparar sus opiniones bas\u00e1ndose en la informaci\u00f3n disponible y a la luz de la informaci\u00f3n que pueda haber obtenido de la aplicaci\u00f3n en la pr\u00e1ctica de los Convenios ratificados en cuesti\u00f3n. La legislaci\u00f3n o la forma en que se implementa pueden haber cambiado, as\u00ed como pueden haber cambiado las circunstancias nacionales. Note en particular que ciertos Convenios como el Convenio sobre la pol\u00edtica del empleo, 1964 (n\u00fam. 122), y el Convenio sobre seguridad y salud de los trabajadores, 1981 (n\u00fam. 155), requieren pol\u00edticas y programas cuya implementaci\u00f3n requiere la cooperaci\u00f3n y el inter\u00e9s continuos de los interlocutores sociales.\n\t<\/p>\n<\/div>\n<p><a href=\"javascript:window.print()\">Submit and print your form<\/a>\n<\/p><div class=\"wpcf7-response-output\" aria-hidden=\"true\"><\/div>\n<\/form>\n<\/div>\n\n","protected":false},"excerpt":{"rendered":"<p>Medidas a adoptar por\u00a0la OIT La Oficina env\u00eda una copia de las solicitudes de memorias que se deben enviar en el a\u00f1o en curso a las organizaciones nacionales de empleadores y trabajadores. Medidas a adoptar por\u00a0las administraciones nacionales Los gobiernos preparan las memorias anuales y las respuestas a los comentarios. Los gobiernos que son partes [&hellip;]<\/p>\n","protected":false},"author":1,"featured_media":0,"parent":939,"menu_order":0,"comment_status":"closed","ping_status":"closed","template":"","meta":{"footnotes":""},"class_list":["post-1078","page","type-page","status-publish","hentry"],"_links":{"self":[{"href":"https:\/\/managing-ils-reporting.itcilo.org\/es\/wp-json\/wp\/v2\/pages\/1078","targetHints":{"allow":["GET"]}}],"collection":[{"href":"https:\/\/managing-ils-reporting.itcilo.org\/es\/wp-json\/wp\/v2\/pages"}],"about":[{"href":"https:\/\/managing-ils-reporting.itcilo.org\/es\/wp-json\/wp\/v2\/types\/page"}],"author":[{"embeddable":true,"href":"https:\/\/managing-ils-reporting.itcilo.org\/es\/wp-json\/wp\/v2\/users\/1"}],"replies":[{"embeddable":true,"href":"https:\/\/managing-ils-reporting.itcilo.org\/es\/wp-json\/wp\/v2\/comments?post=1078"}],"version-history":[{"count":1,"href":"https:\/\/managing-ils-reporting.itcilo.org\/es\/wp-json\/wp\/v2\/pages\/1078\/revisions"}],"predecessor-version":[{"id":1080,"href":"https:\/\/managing-ils-reporting.itcilo.org\/es\/wp-json\/wp\/v2\/pages\/1078\/revisions\/1080"}],"up":[{"embeddable":true,"href":"https:\/\/managing-ils-reporting.itcilo.org\/es\/wp-json\/wp\/v2\/pages\/939"}],"wp:attachment":[{"href":"https:\/\/managing-ils-reporting.itcilo.org\/es\/wp-json\/wp\/v2\/media?parent=1078"}],"curies":[{"name":"wp","href":"https:\/\/api.w.org\/{rel}","templated":true}]}}