{"id":1086,"date":"2019-12-23T11:14:43","date_gmt":"2019-12-23T11:14:43","guid":{"rendered":"https:\/\/dev-managing-ils-reporting.pantheonsite.io\/herramientas\/entire-year-checklist-for-reports-on-ratified-conventions-social-partners\/june-2\/"},"modified":"2020-01-10T08:47:45","modified_gmt":"2020-01-10T08:47:45","slug":"june-2","status":"publish","type":"page","link":"https:\/\/managing-ils-reporting.itcilo.org\/es\/herramientas\/entire-year-checklist-for-reports-on-ratified-conventions-social-partners\/june-2\/","title":{"rendered":"Junio-2"},"content":{"rendered":"<p><strong>Medidas a adoptar por\u00a0<\/strong><strong>la OIT<\/strong><\/p>\n<ul>\n<li>Se celebra la Conferencia Internacional del Trabajo y durante la Conferencia se re\u00fane la Comisi\u00f3n de Aplicaci\u00f3n de Normas de la Conferencia para examinar el informe de la Comisi\u00f3n de Expertos y una selecci\u00f3n de casos individuales. Las audiencias de los casos individuales llevan a la adopci\u00f3n de conclusiones, que se comunican oralmente en la Comisi\u00f3n de la Conferencia. Al final de la Conferencia Internacional del Trabajo se adopta un informe con los res\u00famenes de la discusi\u00f3n en la Comisi\u00f3n de la Conferencia y sus conclusiones, que se publica en el sitio web de la OIT. Se distribuye luego en forma impresa. La Oficina transmite una copia impresa del informe de la Comisi\u00f3n de la Conferencia a los gobiernos en julio.<\/li>\n<li>El seguimiento de los casos considerados por la Comisi\u00f3n de la Conferencia lo asegura la Comisi\u00f3n de Expertos en el contexto del proceso de presentaci\u00f3n de memorias regulares en virtud del art\u00edculo 22.<\/li>\n<\/ul>\n<p><strong>Medidas a adoptar por\u00a0<\/strong><strong>las administraciones nacionales<\/strong><\/p>\n<ul>\n<li>Los gobiernos interesados son llamados a responder oralmente ante la Comisi\u00f3n de la Conferencia en casos seleccionados por los representantes de los empleadores y de los trabajadores en la Comisi\u00f3n de la Conferencia.<\/li>\n<li>Los gobiernos deben responder a las conclusiones de la Comisi\u00f3n de la Conferencia en el a\u00f1o indicado que a menudo es el mismo a\u00f1o.<\/li>\n<\/ul>\n<p><strong>Medidas a adoptar por\u00a0<\/strong><strong>los interlocutores sociales<\/strong><\/p>\n\n<div class=\"wpcf7 no-js\" id=\"wpcf7-f1017-o1\" lang=\"en-US\" dir=\"ltr\" data-wpcf7-id=\"1017\">\n<div class=\"screen-reader-response\"><p role=\"status\" aria-live=\"polite\" aria-atomic=\"true\"><\/p> <ul><\/ul><\/div>\n<form action=\"\/es\/wp-json\/wp\/v2\/pages\/1086#wpcf7-f1017-o1\" method=\"post\" class=\"wpcf7-form init\" aria-label=\"Contact form\" novalidate=\"novalidate\" data-status=\"init\">\n<fieldset class=\"hidden-fields-container\"><input type=\"hidden\" name=\"_wpcf7\" value=\"1017\" \/><input type=\"hidden\" name=\"_wpcf7_version\" value=\"6.1.1\" \/><input type=\"hidden\" name=\"_wpcf7_locale\" value=\"en_US\" \/><input type=\"hidden\" name=\"_wpcf7_unit_tag\" value=\"wpcf7-f1017-o1\" \/><input type=\"hidden\" name=\"_wpcf7_container_post\" value=\"0\" \/><input type=\"hidden\" name=\"_wpcf7_posted_data_hash\" value=\"\" \/><input type=\"hidden\" name=\"_wpcf7cf_hidden_group_fields\" value=\"[]\" \/><input type=\"hidden\" name=\"_wpcf7cf_hidden_groups\" value=\"[]\" \/><input type=\"hidden\" name=\"_wpcf7cf_visible_groups\" value=\"[]\" \/><input type=\"hidden\" name=\"_wpcf7cf_repeaters\" value=\"[]\" \/><input type=\"hidden\" name=\"_wpcf7cf_steps\" value=\"{}\" \/><input type=\"hidden\" name=\"_wpcf7cf_options\" value=\"{&quot;form_id&quot;:1017,&quot;conditions&quot;:[{&quot;then_field&quot;:&quot;a&quot;,&quot;and_rules&quot;:[{&quot;if_field&quot;:&quot;radio-1&quot;,&quot;operator&quot;:&quot;equals&quot;,&quot;if_value&quot;:&quot;Si&quot;}]},{&quot;then_field&quot;:&quot;b&quot;,&quot;and_rules&quot;:[{&quot;if_field&quot;:&quot;radio-1&quot;,&quot;operator&quot;:&quot;equals&quot;,&quot;if_value&quot;:&quot;No&quot;}]}],&quot;settings&quot;:{&quot;animation&quot;:&quot;yes&quot;,&quot;animation_intime&quot;:200,&quot;animation_outtime&quot;:200,&quot;conditions_ui&quot;:&quot;normal&quot;,&quot;notice_dismissed&quot;:false}}\" \/><input type=\"hidden\" name=\"_wpcf7_recaptcha_response\" value=\"\" \/>\n<\/fieldset>\n<p><strong>\u00bfTiene acceso a las conclusiones de la Comisi\u00f3n de la Conferencia para casos que escuch\u00f3 y que le conciernen?<\/strong><br \/>\n<span class=\"wpcf7-form-control-wrap\" data-name=\"radio-1\"><span class=\"wpcf7-form-control wpcf7-radio\"><span class=\"wpcf7-list-item first\"><label><span class=\"wpcf7-list-item-label\">Si<\/span><input type=\"radio\" name=\"radio-1\" value=\"Si\" \/><\/label><\/span><span class=\"wpcf7-list-item last\"><label><span class=\"wpcf7-list-item-label\">No<\/span><input type=\"radio\" name=\"radio-1\" value=\"No\" \/><\/label><\/span><\/span><\/span>\n<\/p>\n<div data-id=\"a\" data-orig_data_id=\"a\" data-clear_on_hide class=\"\" data-class=\"wpcf7cf_group\">\n\t<p>\u00a1Excelente! Si es as\u00ed, puede examinar el caso y determinar si las conclusiones pueden exigir medidas ulteriores por su parte tanto en consultas tripartitas como en el contexto de cualquier otra observaci\u00f3n.\n\t<\/p>\n\t<p>Recordatorio: Puede tener acceso al informe de la Comisi\u00f3n de la Conferencia en el sitio web de la OIT; adem\u00e1s se distribuyen copias impresas del informe.\n\t<\/p>\n<\/div>\n<div data-id=\"b\" data-orig_data_id=\"b\" data-clear_on_hide class=\"\" data-class=\"wpcf7cf_group\">\n\t<p>Puede tener acceso al informe de la Comisi\u00f3n de la Conferencia en el sitio web de la OIT y adem\u00e1s se distribuyen copias impresas del informe. Al tener acceso al informe puede examinar el caso y determinar si las conclusiones podr\u00edan llevar a solicitar medidas ulteriores de su parte tanto en consultas tripartitas como en el contexto de cualquier observaci\u00f3n ulterior.\n\t<\/p>\n<\/div>\n<p><a href=\"javascript:window.print()\">Submit and print your form<\/a>\n<\/p><div class=\"wpcf7-response-output\" aria-hidden=\"true\"><\/div>\n<\/form>\n<\/div>\n\n","protected":false},"excerpt":{"rendered":"<p>Medidas a adoptar por\u00a0la OIT Se celebra la Conferencia Internacional del Trabajo y durante la Conferencia se re\u00fane la Comisi\u00f3n de Aplicaci\u00f3n de Normas de la Conferencia para examinar el informe de la Comisi\u00f3n de Expertos y una selecci\u00f3n de casos individuales. Las audiencias de los casos individuales llevan a la adopci\u00f3n de conclusiones, que [&hellip;]<\/p>\n","protected":false},"author":1,"featured_media":0,"parent":939,"menu_order":0,"comment_status":"closed","ping_status":"closed","template":"","meta":{"footnotes":""},"class_list":["post-1086","page","type-page","status-publish","hentry"],"_links":{"self":[{"href":"https:\/\/managing-ils-reporting.itcilo.org\/es\/wp-json\/wp\/v2\/pages\/1086","targetHints":{"allow":["GET"]}}],"collection":[{"href":"https:\/\/managing-ils-reporting.itcilo.org\/es\/wp-json\/wp\/v2\/pages"}],"about":[{"href":"https:\/\/managing-ils-reporting.itcilo.org\/es\/wp-json\/wp\/v2\/types\/page"}],"author":[{"embeddable":true,"href":"https:\/\/managing-ils-reporting.itcilo.org\/es\/wp-json\/wp\/v2\/users\/1"}],"replies":[{"embeddable":true,"href":"https:\/\/managing-ils-reporting.itcilo.org\/es\/wp-json\/wp\/v2\/comments?post=1086"}],"version-history":[{"count":1,"href":"https:\/\/managing-ils-reporting.itcilo.org\/es\/wp-json\/wp\/v2\/pages\/1086\/revisions"}],"predecessor-version":[{"id":1088,"href":"https:\/\/managing-ils-reporting.itcilo.org\/es\/wp-json\/wp\/v2\/pages\/1086\/revisions\/1088"}],"up":[{"embeddable":true,"href":"https:\/\/managing-ils-reporting.itcilo.org\/es\/wp-json\/wp\/v2\/pages\/939"}],"wp:attachment":[{"href":"https:\/\/managing-ils-reporting.itcilo.org\/es\/wp-json\/wp\/v2\/media?parent=1086"}],"curies":[{"name":"wp","href":"https:\/\/api.w.org\/{rel}","templated":true}]}}