{"id":1105,"date":"2019-12-20T16:06:27","date_gmt":"2019-12-20T16:06:27","guid":{"rendered":"https:\/\/dev-managing-ils-reporting.pantheonsite.io\/herramientas\/commentary-on-report-forms-for-ratified-conventions\/"},"modified":"2020-01-10T08:57:21","modified_gmt":"2020-01-10T08:57:21","slug":"commentary-on-report-forms-for-ratified-conventions","status":"publish","type":"page","link":"https:\/\/managing-ils-reporting.itcilo.org\/es\/herramientas\/commentary-on-report-forms-for-ratified-conventions\/","title":{"rendered":"Comentarios sobre los formularios de memorias para Convenios ratificados"},"content":{"rendered":"<h3>Introducci\u00f3n<\/h3>\n<p>Los formularios de memorias en virtud del art\u00edculo 22 aprobados por el Consejo de Administraci\u00f3n para cada Convenio, tienen el objetivo de asegurar que los \u00f3rganos de control reciban informaciones relevantes y competentes sobre c\u00f3mo se aplican los Convenios en cuesti\u00f3n, en la legislaci\u00f3n y en la pr\u00e1ctica, en un dado pa\u00eds. Los formularios son espec\u00edficos para cada Convenio, pero poseen una estructura similar. Adem\u00e1s de requerir informaciones detalladas sobre la aplicaci\u00f3n de cada una de las disposiciones del Convenio y la relativa solicitud adicional de informaci\u00f3n, todos los formularios de memorias incluyen una serie de preguntas generales marcadas en negrilla.<\/p>\n<p>Estas preguntas generales reflejan una serie de variaciones tanto de sustancia como de forma pero, en general, cubren un n\u00famero limitado de asuntos similares.<\/p>\n<h3>Finalidad<\/h3>\n<p>Este comentario sobre la estructura del formulario de memoria y sobre las preguntas generales all\u00ed incluidas, ha sido formulado para ayudar a las administraciones nacionales durante la preparaci\u00f3n de las memorias en virtud del art\u00edculo 22.<\/p>\n<p>Para m\u00e1s indicaciones sobre los procedimientos de elaboraci\u00f3n de memorias, por favor refi\u00e9rase al Manual sobre procedimientos, en particular al Cap\u00edtulo IV. Los formularios de memorias aprobados por el Consejo de Administraci\u00f3n para cada Convenio, est\u00e1n a disposici\u00f3n en\u00a0<a class=\"external-link\" href=\"http:\/\/www.ilo.org\/dyn\/normlex\/es\/f?p=NORMLEXPUB:1:0::NO:::\" target=\"_blank\" rel=\"noopener noreferrer\">NORMLEX<\/a>.<\/p>\n<h3>C\u00f3mo utilizar la herramienta<\/h3>\n<p>Haga clic\u00a0<a class=\"internal-link\" href=\"http:\/\/managing-ils-reporting.itcilo.org\/es\/imagenes\/es-commentary-art-22-form-2015.pdf\" target=\"_blank\" rel=\"noopener noreferrer\">aqu\u00ed<\/a>\u00a0para descargar los comentarios sobre los formularios de memorias para Convenios ratificados.<\/p>\n","protected":false},"excerpt":{"rendered":"<p>Introducci\u00f3n Los formularios de memorias en virtud del art\u00edculo 22 aprobados por el Consejo de Administraci\u00f3n para cada Convenio, tienen el objetivo de asegurar que los \u00f3rganos de control reciban informaciones relevantes y competentes sobre c\u00f3mo se aplican los Convenios en cuesti\u00f3n, en la legislaci\u00f3n y en la pr\u00e1ctica, en un dado pa\u00eds. Los formularios [&hellip;]<\/p>\n","protected":false},"author":1,"featured_media":0,"parent":169,"menu_order":0,"comment_status":"closed","ping_status":"closed","template":"","meta":{"footnotes":""},"class_list":["post-1105","page","type-page","status-publish","hentry"],"_links":{"self":[{"href":"https:\/\/managing-ils-reporting.itcilo.org\/es\/wp-json\/wp\/v2\/pages\/1105","targetHints":{"allow":["GET"]}}],"collection":[{"href":"https:\/\/managing-ils-reporting.itcilo.org\/es\/wp-json\/wp\/v2\/pages"}],"about":[{"href":"https:\/\/managing-ils-reporting.itcilo.org\/es\/wp-json\/wp\/v2\/types\/page"}],"author":[{"embeddable":true,"href":"https:\/\/managing-ils-reporting.itcilo.org\/es\/wp-json\/wp\/v2\/users\/1"}],"replies":[{"embeddable":true,"href":"https:\/\/managing-ils-reporting.itcilo.org\/es\/wp-json\/wp\/v2\/comments?post=1105"}],"version-history":[{"count":1,"href":"https:\/\/managing-ils-reporting.itcilo.org\/es\/wp-json\/wp\/v2\/pages\/1105\/revisions"}],"predecessor-version":[{"id":1107,"href":"https:\/\/managing-ils-reporting.itcilo.org\/es\/wp-json\/wp\/v2\/pages\/1105\/revisions\/1107"}],"up":[{"embeddable":true,"href":"https:\/\/managing-ils-reporting.itcilo.org\/es\/wp-json\/wp\/v2\/pages\/169"}],"wp:attachment":[{"href":"https:\/\/managing-ils-reporting.itcilo.org\/es\/wp-json\/wp\/v2\/media?parent=1105"}],"curies":[{"name":"wp","href":"https:\/\/api.w.org\/{rel}","templated":true}]}}