{"id":1213,"date":"2020-01-10T16:05:56","date_gmt":"2020-01-10T16:05:56","guid":{"rendered":"https:\/\/dev-managing-ils-reporting.pantheonsite.io\/herramientas\/identification-of-obstacles-solutions-and-indicators-of-progress-the-plan-do-check-act-process\/checklist-of-possible-obstacles\/"},"modified":"2020-01-10T16:07:16","modified_gmt":"2020-01-10T16:07:16","slug":"checklist-of-possible-obstacles","status":"publish","type":"page","link":"https:\/\/managing-ils-reporting.itcilo.org\/es\/herramientas\/identification-of-obstacles-solutions-and-indicators-of-progress-the-plan-do-check-act-process\/checklist-of-possible-obstacles\/","title":{"rendered":"Lista de verificaci\u00f3n de posibles obst\u00e1culos"},"content":{"rendered":"<div class=\"tileItem visualIEFloatFix vevent contenttype-folder\">\n<h2 class=\"tileHeadline\"><a class=\"summary url\" href=\"http:\/\/managing-ils-reporting.itcilo.org\/es\/herramientas\/identificacion-de-obstaculos-soluciones-e-indicadores-de-progreso-el-proceso-de-planificar-hacer-verificar-actuar\/lista-de-verificacion-de-posibles-obstaculos\/gestion\">Gesti\u00f3n<\/a><\/h2>\n<\/div>\n<div class=\"tileItem visualIEFloatFix vevent contenttype-folder\">\n<h2 class=\"tileHeadline\"><a class=\"summary url\" href=\"http:\/\/managing-ils-reporting.itcilo.org\/es\/herramientas\/identificacion-de-obstaculos-soluciones-e-indicadores-de-progreso-el-proceso-de-planificar-hacer-verificar-actuar\/lista-de-verificacion-de-posibles-obstaculos\/recursos-humanos\">Recursos humanos<\/a><\/h2>\n<\/div>\n<div class=\"tileItem visualIEFloatFix vevent contenttype-folder\">\n<h2 class=\"tileHeadline\"><a class=\"summary url\" href=\"http:\/\/managing-ils-reporting.itcilo.org\/es\/herramientas\/identificacion-de-obstaculos-soluciones-e-indicadores-de-progreso-el-proceso-de-planificar-hacer-verificar-actuar\/lista-de-verificacion-de-posibles-obstaculos\/recursos-materiales\">Recursos materiales<\/a><\/h2>\n<\/div>\n<div class=\"tileItem visualIEFloatFix vevent contenttype-folder\">\n<h2 class=\"tileHeadline\"><a class=\"summary url\" href=\"http:\/\/managing-ils-reporting.itcilo.org\/es\/herramientas\/identificacion-de-obstaculos-soluciones-e-indicadores-de-progreso-el-proceso-de-planificar-hacer-verificar-actuar\/lista-de-verificacion-de-posibles-obstaculos\/cooperacion-inter-ministerial\">Cooperaci\u00f3n inter-ministerial<\/a><\/h2>\n<\/div>\n<div class=\"tileItem visualIEFloatFix vevent contenttype-folder\">\n<h2 class=\"tileHeadline\"><a class=\"summary url\" href=\"http:\/\/managing-ils-reporting.itcilo.org\/es\/herramientas\/identificacion-de-obstaculos-soluciones-e-indicadores-de-progreso-el-proceso-de-planificar-hacer-verificar-actuar\/lista-de-verificacion-de-posibles-obstaculos\/interaccion-con-los-interlocutores-sociales\">Interacci\u00f3n con los interlocutores sociales<\/a><\/h2>\n<p class=\"tileBody\">\n<\/div>\n","protected":false},"excerpt":{"rendered":"<p>Gesti\u00f3n Recursos humanos Recursos materiales Cooperaci\u00f3n inter-ministerial Interacci\u00f3n con los interlocutores sociales<\/p>\n","protected":false},"author":1,"featured_media":0,"parent":1110,"menu_order":0,"comment_status":"closed","ping_status":"closed","template":"","meta":{"footnotes":""},"class_list":["post-1213","page","type-page","status-publish","hentry"],"_links":{"self":[{"href":"https:\/\/managing-ils-reporting.itcilo.org\/es\/wp-json\/wp\/v2\/pages\/1213","targetHints":{"allow":["GET"]}}],"collection":[{"href":"https:\/\/managing-ils-reporting.itcilo.org\/es\/wp-json\/wp\/v2\/pages"}],"about":[{"href":"https:\/\/managing-ils-reporting.itcilo.org\/es\/wp-json\/wp\/v2\/types\/page"}],"author":[{"embeddable":true,"href":"https:\/\/managing-ils-reporting.itcilo.org\/es\/wp-json\/wp\/v2\/users\/1"}],"replies":[{"embeddable":true,"href":"https:\/\/managing-ils-reporting.itcilo.org\/es\/wp-json\/wp\/v2\/comments?post=1213"}],"version-history":[{"count":1,"href":"https:\/\/managing-ils-reporting.itcilo.org\/es\/wp-json\/wp\/v2\/pages\/1213\/revisions"}],"predecessor-version":[{"id":1215,"href":"https:\/\/managing-ils-reporting.itcilo.org\/es\/wp-json\/wp\/v2\/pages\/1213\/revisions\/1215"}],"up":[{"embeddable":true,"href":"https:\/\/managing-ils-reporting.itcilo.org\/es\/wp-json\/wp\/v2\/pages\/1110"}],"wp:attachment":[{"href":"https:\/\/managing-ils-reporting.itcilo.org\/es\/wp-json\/wp\/v2\/media?parent=1213"}],"curies":[{"name":"wp","href":"https:\/\/api.w.org\/{rel}","templated":true}]}}