{"id":1268,"date":"2020-01-10T16:23:45","date_gmt":"2020-01-10T16:23:45","guid":{"rendered":"https:\/\/dev-managing-ils-reporting.pantheonsite.io\/herramientas\/identification-of-obstacles-solutions-and-indicators-of-progress-the-plan-do-check-act-process\/checklist-of-possible-solutions\/solutions-human\/"},"modified":"2020-01-10T16:24:11","modified_gmt":"2020-01-10T16:24:11","slug":"solutions-human","status":"publish","type":"page","link":"https:\/\/managing-ils-reporting.itcilo.org\/es\/herramientas\/identification-of-obstacles-solutions-and-indicators-of-progress-the-plan-do-check-act-process\/checklist-of-possible-solutions\/solutions-human\/","title":{"rendered":"Solutions &#8211; Human"},"content":{"rendered":"\n<div class=\"wpcf7 no-js\" id=\"wpcf7-f1181-o1\" lang=\"en-US\" dir=\"ltr\" data-wpcf7-id=\"1181\">\n<div class=\"screen-reader-response\"><p role=\"status\" aria-live=\"polite\" aria-atomic=\"true\"><\/p> <ul><\/ul><\/div>\n<form action=\"\/es\/wp-json\/wp\/v2\/pages\/1268#wpcf7-f1181-o1\" method=\"post\" class=\"wpcf7-form init\" aria-label=\"Contact form\" novalidate=\"novalidate\" data-status=\"init\">\n<fieldset class=\"hidden-fields-container\"><input type=\"hidden\" name=\"_wpcf7\" value=\"1181\" \/><input type=\"hidden\" name=\"_wpcf7_version\" value=\"6.1.5\" \/><input type=\"hidden\" name=\"_wpcf7_locale\" value=\"en_US\" \/><input type=\"hidden\" name=\"_wpcf7_unit_tag\" value=\"wpcf7-f1181-o1\" \/><input type=\"hidden\" name=\"_wpcf7_container_post\" value=\"0\" \/><input type=\"hidden\" name=\"_wpcf7_posted_data_hash\" value=\"\" \/><input type=\"hidden\" name=\"_wpcf7cf_hidden_group_fields\" value=\"[]\" \/><input type=\"hidden\" name=\"_wpcf7cf_hidden_groups\" value=\"[]\" \/><input type=\"hidden\" name=\"_wpcf7cf_visible_groups\" value=\"[]\" \/><input type=\"hidden\" name=\"_wpcf7cf_repeaters\" value=\"[]\" \/><input type=\"hidden\" name=\"_wpcf7cf_steps\" value=\"{}\" \/><input type=\"hidden\" name=\"_wpcf7cf_options\" value=\"{&quot;form_id&quot;:1181,&quot;conditions&quot;:[],&quot;settings&quot;:{&quot;animation&quot;:&quot;yes&quot;,&quot;animation_intime&quot;:200,&quot;animation_outtime&quot;:200,&quot;conditions_ui&quot;:&quot;normal&quot;,&quot;notice_dismissed&quot;:false}}\" \/><input type=\"hidden\" name=\"_wpcf7_recaptcha_response\" value=\"\" \/>\n<\/fieldset>\n<p><label><strong>\u00bfSe ha garantizado la disponibilidad del personal \u2013 especialmente hasta el 1.\u00b0 de septiembre?<\/strong><\/label><br \/>\n<span class=\"wpcf7-form-control-wrap\" data-name=\"radio-1\"><span class=\"wpcf7-form-control wpcf7-radio\"><span class=\"wpcf7-list-item first\"><label><span class=\"wpcf7-list-item-label\">Si<\/span><input type=\"radio\" name=\"radio-1\" value=\"Si\" \/><\/label><\/span><span class=\"wpcf7-list-item last\"><label><span class=\"wpcf7-list-item-label\">No<\/span><input type=\"radio\" name=\"radio-1\" value=\"No\" \/><\/label><\/span><\/span><\/span>\n<\/p>\n<p><label><strong>\u00bfSe han tomado medidas para garantizar una oportuna cobertura de posibles vacantes?<\/strong><\/label><br \/>\n<span class=\"wpcf7-form-control-wrap\" data-name=\"radio-2\"><span class=\"wpcf7-form-control wpcf7-radio\"><span class=\"wpcf7-list-item first\"><label><span class=\"wpcf7-list-item-label\">Si<\/span><input type=\"radio\" name=\"radio-2\" value=\"Si\" \/><\/label><\/span><span class=\"wpcf7-list-item last\"><label><span class=\"wpcf7-list-item-label\">No<\/span><input type=\"radio\" name=\"radio-2\" value=\"No\" \/><\/label><\/span><\/span><\/span>\n<\/p>\n<p><label><strong>\u00bfSe han tomado medidas para limitar la rotaci\u00f3n del personal al fin de asegurar cierta continuidad y de capitalizar las inversiones realizadas en formaci\u00f3n del personal?<\/strong><\/label><br \/>\n<span class=\"wpcf7-form-control-wrap\" data-name=\"radio-3\"><span class=\"wpcf7-form-control wpcf7-radio\"><span class=\"wpcf7-list-item first\"><label><span class=\"wpcf7-list-item-label\">Si<\/span><input type=\"radio\" name=\"radio-3\" value=\"Si\" \/><\/label><\/span><span class=\"wpcf7-list-item last\"><label><span class=\"wpcf7-list-item-label\">No<\/span><input type=\"radio\" name=\"radio-3\" value=\"No\" \/><\/label><\/span><\/span><\/span>\n<\/p>\n<p><label><strong>\u00bfSe han tomado medidas para asegurar que el personal contratado cuente con la formaci\u00f3n adecuada (contar con personal capacitado sobre cuestiones jur\u00eddicas puede ser un importante recurso)?<\/strong><\/label><br \/>\n<span class=\"wpcf7-form-control-wrap\" data-name=\"radio-4\"><span class=\"wpcf7-form-control wpcf7-radio\"><span class=\"wpcf7-list-item first\"><label><span class=\"wpcf7-list-item-label\">Si<\/span><input type=\"radio\" name=\"radio-4\" value=\"Si\" \/><\/label><\/span><span class=\"wpcf7-list-item last\"><label><span class=\"wpcf7-list-item-label\">No<\/span><input type=\"radio\" name=\"radio-4\" value=\"No\" \/><\/label><\/span><\/span><\/span>\n<\/p>\n<p><label><strong>\u00bfSe han tomado medidas para asegurar que el personal responsable haya recibido una formaci\u00f3n adecuada sobre el trabajo relacionado con la OIT?<\/strong><\/label><br \/>\n<span class=\"wpcf7-form-control-wrap\" data-name=\"radio-5\"><span class=\"wpcf7-form-control wpcf7-radio\"><span class=\"wpcf7-list-item first\"><label><span class=\"wpcf7-list-item-label\">Si<\/span><input type=\"radio\" name=\"radio-5\" value=\"Si\" \/><\/label><\/span><span class=\"wpcf7-list-item last\"><label><span class=\"wpcf7-list-item-label\">No<\/span><input type=\"radio\" name=\"radio-5\" value=\"No\" \/><\/label><\/span><\/span><\/span>\n<\/p>\n<p><label><strong>\u00bfSe han tomado medidas para asegurar que el personal responsable cuente con las competencias ling\u00fc\u00edsticas requeridas?<\/strong><\/label><br \/>\n<span class=\"wpcf7-form-control-wrap\" data-name=\"radio-6\"><span class=\"wpcf7-form-control wpcf7-radio\"><span class=\"wpcf7-list-item first\"><label><span class=\"wpcf7-list-item-label\">Si<\/span><input type=\"radio\" name=\"radio-6\" value=\"Si\" \/><\/label><\/span><span class=\"wpcf7-list-item last\"><label><span class=\"wpcf7-list-item-label\">No<\/span><input type=\"radio\" name=\"radio-6\" value=\"No\" \/><\/label><\/span><\/span><\/span>\n<\/p>\n<p><label><strong>\u00bfSe ha desarrollado un plan de acci\u00f3n para el trabajo de preparaci\u00f3n de memorias?<\/strong><\/label><br \/>\n<span class=\"wpcf7-form-control-wrap\" data-name=\"radio-7\"><span class=\"wpcf7-form-control wpcf7-radio\"><span class=\"wpcf7-list-item first\"><label><span class=\"wpcf7-list-item-label\">Si<\/span><input type=\"radio\" name=\"radio-7\" value=\"Si\" \/><\/label><\/span><span class=\"wpcf7-list-item last\"><label><span class=\"wpcf7-list-item-label\">No<\/span><input type=\"radio\" name=\"radio-7\" value=\"No\" \/><\/label><\/span><\/span><\/span>\n<\/p>\n<p><label><strong>\u00bfSe ha establecido una clara estructura de responsabilidades?<\/strong><\/label><br \/>\n<span class=\"wpcf7-form-control-wrap\" data-name=\"radio-8\"><span class=\"wpcf7-form-control wpcf7-radio\"><span class=\"wpcf7-list-item first\"><label><span class=\"wpcf7-list-item-label\">Si<\/span><input type=\"radio\" name=\"radio-8\" value=\"Si\" \/><\/label><\/span><span class=\"wpcf7-list-item last\"><label><span class=\"wpcf7-list-item-label\">No<\/span><input type=\"radio\" name=\"radio-8\" value=\"No\" \/><\/label><\/span><\/span><\/span>\n<\/p>\n<p><label><strong>\u00bfSe ha establecido un calendario para la realizaci\u00f3n del trabajo?<\/strong><\/label><br \/>\n<span class=\"wpcf7-form-control-wrap\" data-name=\"radio-9\"><span class=\"wpcf7-form-control wpcf7-radio\"><span class=\"wpcf7-list-item first\"><label><span class=\"wpcf7-list-item-label\">Si<\/span><input type=\"radio\" name=\"radio-9\" value=\"Si\" \/><\/label><\/span><span class=\"wpcf7-list-item last\"><label><span class=\"wpcf7-list-item-label\">No<\/span><input type=\"radio\" name=\"radio-9\" value=\"No\" \/><\/label><\/span><\/span><\/span>\n<\/p>\n<p><label><strong>\u00bfSe han tomado medidas para asegurar que el trabajo de redacci\u00f3n de memorias se valore como corresponde (incluyendo comentarios positivos cu\u00e1ndo sea necesario)?<\/strong><\/label><br \/>\n<span class=\"wpcf7-form-control-wrap\" data-name=\"radio-10\"><span class=\"wpcf7-form-control wpcf7-radio\"><span class=\"wpcf7-list-item first\"><label><span class=\"wpcf7-list-item-label\">Si<\/span><input type=\"radio\" name=\"radio-10\" value=\"Si\" \/><\/label><\/span><span class=\"wpcf7-list-item last\"><label><span class=\"wpcf7-list-item-label\">No<\/span><input type=\"radio\" name=\"radio-10\" value=\"No\" \/><\/label><\/span><\/span><\/span>\n<\/p>\n<p><label><strong>\u00bfSe han tomado medidas para asegurar que se incluya un examen del trabajo de redacci\u00f3n de memorias en virtud del art\u00edculo 22 en la evaluaci\u00f3n del trabajo del personal?<\/strong><\/label><br \/>\n<span class=\"wpcf7-form-control-wrap\" data-name=\"radio-11\"><span class=\"wpcf7-form-control wpcf7-radio\"><span class=\"wpcf7-list-item first\"><label><span class=\"wpcf7-list-item-label\">Si<\/span><input type=\"radio\" name=\"radio-11\" value=\"Si\" \/><\/label><\/span><span class=\"wpcf7-list-item last\"><label><span class=\"wpcf7-list-item-label\">No<\/span><input type=\"radio\" name=\"radio-11\" value=\"No\" \/><\/label><\/span><\/span><\/span>\n<\/p>\n<p><label><strong>\u00bfSe han tomado medidas para ofrecer formaci\u00f3n adicional como incentivo para el personal que obtenga buenos resultados?<\/strong><\/label><br \/>\n<span class=\"wpcf7-form-control-wrap\" data-name=\"radio-12\"><span class=\"wpcf7-form-control wpcf7-radio\"><span class=\"wpcf7-list-item first\"><label><span class=\"wpcf7-list-item-label\">Si<\/span><input type=\"radio\" name=\"radio-12\" value=\"Si\" \/><\/label><\/span><span class=\"wpcf7-list-item last\"><label><span class=\"wpcf7-list-item-label\">No<\/span><input type=\"radio\" name=\"radio-12\" value=\"No\" \/><\/label><\/span><\/span><\/span>\n<\/p>\n<p><a href=\"javascript:window.print()\">Submit and print your form<\/a>\n<\/p><div class=\"wpcf7-response-output\" aria-hidden=\"true\"><\/div>\n<\/form>\n<\/div>\n\n","protected":false},"excerpt":{"rendered":"","protected":false},"author":1,"featured_media":0,"parent":1219,"menu_order":0,"comment_status":"closed","ping_status":"closed","template":"","meta":{"footnotes":""},"class_list":["post-1268","page","type-page","status-publish","hentry"],"_links":{"self":[{"href":"https:\/\/managing-ils-reporting.itcilo.org\/es\/wp-json\/wp\/v2\/pages\/1268","targetHints":{"allow":["GET"]}}],"collection":[{"href":"https:\/\/managing-ils-reporting.itcilo.org\/es\/wp-json\/wp\/v2\/pages"}],"about":[{"href":"https:\/\/managing-ils-reporting.itcilo.org\/es\/wp-json\/wp\/v2\/types\/page"}],"author":[{"embeddable":true,"href":"https:\/\/managing-ils-reporting.itcilo.org\/es\/wp-json\/wp\/v2\/users\/1"}],"replies":[{"embeddable":true,"href":"https:\/\/managing-ils-reporting.itcilo.org\/es\/wp-json\/wp\/v2\/comments?post=1268"}],"version-history":[{"count":1,"href":"https:\/\/managing-ils-reporting.itcilo.org\/es\/wp-json\/wp\/v2\/pages\/1268\/revisions"}],"predecessor-version":[{"id":1270,"href":"https:\/\/managing-ils-reporting.itcilo.org\/es\/wp-json\/wp\/v2\/pages\/1268\/revisions\/1270"}],"up":[{"embeddable":true,"href":"https:\/\/managing-ils-reporting.itcilo.org\/es\/wp-json\/wp\/v2\/pages\/1219"}],"wp:attachment":[{"href":"https:\/\/managing-ils-reporting.itcilo.org\/es\/wp-json\/wp\/v2\/media?parent=1268"}],"curies":[{"name":"wp","href":"https:\/\/api.w.org\/{rel}","templated":true}]}}