{"id":158,"date":"2019-12-20T09:57:38","date_gmt":"2019-12-20T09:57:38","guid":{"rendered":"https:\/\/dev-managing-ils-reporting.pantheonsite.io\/welcome\/"},"modified":"2020-02-18T10:32:24","modified_gmt":"2020-02-18T10:32:24","slug":"welcome","status":"publish","type":"page","link":"https:\/\/managing-ils-reporting.itcilo.org\/es\/","title":{"rendered":"\u00a1Bienvenid@s!"},"content":{"rendered":"<p>La presentaci\u00f3n de memorias sobre Normas Internacionales del Trabajo (NIT) es una obligaci\u00f3n de los Estados Miembros establecida en la\u00a0<a class=\"external-link\" href=\"https:\/\/www.ilo.org\/dyn\/normlex\/es\/f?p=NORMLEXPUB:62:0::NO::P62_LIST_ENTRIE_ID:2453907\">Constituci\u00f3n de la OIT<\/a>.<\/p>\n<p><strong>Muchos recursos diferentes se re\u00fanen por las administraciones nacionales con el fin de elaborar las memorias. Los recursos humanos, la informaci\u00f3n de los ministerios y de las organizaciones de empleadores y de trabajadores y todos los recursos materiales deben ser reunidos y gestionados para producir memorias informativas y pertinentes y para entregarlas a tiempo.<\/strong><\/p>\n<p><strong>Este sitio web trata las memorias sobre NIT en t\u00e9rminos de gesti\u00f3n de todos los recursos necesarios para producirlas y comunicarlas. Recopila y distribuye ejemplos de buenas pr\u00e1cticas proporcionadas por los mandantes de la OIT con la esperanza que estos ejemplos nacionales compartidos logren inspirar la mejora de las pr\u00e1cticas en otros pa\u00edses. Adem\u00e1s, el sitio web ofrece herramientas, un servicio de asistencia y varios recursos.<\/strong><\/p>\n<p>El sitio web est\u00e1 dividido en cuatro secciones que se describen a continuaci\u00f3n.<\/p>\n<div class=\"oxi-addons-container   oxi-addons-flipbox-template-style2\">        <div class=\"oxilab-flip-box-wrapper\">\n                                <div class=\"oxilab-flip-box-col-2 oxilab-flip-box-padding-3\"\n                        sa-data-animation=\"\"\n                        sa-data-animation-offset=\"100%\"\r\n                        sa-data-animation-delay=\"0ms\"\r\n                        sa-data-animation-duration=\" 2000ms\"\n                        >\r\n                        <div class=\" oxilab-flip-box-body-3 oxilab-flip-box-body-3-9\">\n                            <a href=\"\/pr\u00e1cticas\" target=\"\">                            <div class=\"oxilab-flip-box-body-absulote\">\n                                <div class=\"oxilab-flip-box-flip oxilab-flip-box-flip-left-to-right\">\n                                    <div class=\"oxilab-flip-box-style-data easing_easeInOutCirc\">\n                                        <div class=\"oxilab-flip-box-style\">\n                                            <div class=\"oxilab-flip-box-front\">\n                                                <div class=\"oxilab-flip-box-3\">\n                                                    <div class=\"oxilab-flip-box-3-data\">\n                                                        <div class=\"oxilab-icon\">\n                                                            <div class=\"oxilab-icon-data\">\n                                                                        <i class=\" oxi-icons\"><\/i>\n                                                                    <\/div>\n                                                        <\/div>\n                                                        <div class=\"oxilab-heading\">\n                                                            Pr\u00e1cticas                                                        <\/div>\n                                                        <div class=\"oxilab-info\">\n                                                                                                                    <\/div>\n                                                    <\/div>\n                                                <\/div>\n                                            <\/div>\n                                            <div class=\"oxilab-flip-box-back\">\n                                                <div class=\"oxilab-flip-box-back-3\">\n                                                    <div class=\"oxilab-flip-box-back-3-data\">\n                                                        <div class=\"oxilab-heading\">\n                                                                                                                    <\/div>\n                                                        <div class=\"oxilab-info\">\n                                                            Esta secci\u00f3n ofrece informaciones sobre pr\u00e1cticas de elaboraci\u00f3n de memorias realizadas por mandantes de la OIT procedentes de varios pa\u00edses y regiones. La secci\u00f3n contiene adem\u00e1s un punto de recolecci\u00f3n en que los mandantes y otros, como los especialistas en NIT y todos quienes se ocupan de la elaboraci\u00f3n de memorias sobre las NIT, pueden aportar sus propios buenos ejemplos.                                                        <\/div>\n                                                                                                            <\/div>\n                                                <\/div>\n                                            <\/div>\n                                        <\/div>\n                                    <\/div>\n                                <\/div>\n                            <\/div>\n                            <\/a>                        <\/div>\n\n                                                \n                    <\/div>\n                                        <div class=\"oxilab-flip-box-col-2 oxilab-flip-box-padding-3\"\n                        sa-data-animation=\"\"\n                        sa-data-animation-offset=\"100%\"\r\n                        sa-data-animation-delay=\"0ms\"\r\n                        sa-data-animation-duration=\" 2000ms\"\n                        >\r\n                        <div class=\" oxilab-flip-box-body-3 oxilab-flip-box-body-3-10\">\n                            <a href=\"\/herramientas\" target=\"\">                            <div class=\"oxilab-flip-box-body-absulote\">\n                                <div class=\"oxilab-flip-box-flip oxilab-flip-box-flip-left-to-right\">\n                                    <div class=\"oxilab-flip-box-style-data easing_easeInOutCirc\">\n                                        <div class=\"oxilab-flip-box-style\">\n                                            <div class=\"oxilab-flip-box-front\">\n                                                <div class=\"oxilab-flip-box-3\">\n                                                    <div class=\"oxilab-flip-box-3-data\">\n                                                        <div class=\"oxilab-icon\">\n                                                            <div class=\"oxilab-icon-data\">\n                                                                        <i class=\" oxi-icons\"><\/i>\n                                                                    <\/div>\n                                                        <\/div>\n                                                        <div class=\"oxilab-heading\">\n                                                            Herramientas                                                        <\/div>\n                                                        <div class=\"oxilab-info\">\n                                                                                                                    <\/div>\n                                                    <\/div>\n                                                <\/div>\n                                            <\/div>\n                                            <div class=\"oxilab-flip-box-back\">\n                                                <div class=\"oxilab-flip-box-back-3\">\n                                                    <div class=\"oxilab-flip-box-back-3-data\">\n                                                        <div class=\"oxilab-heading\">\n                                                                                                                    <\/div>\n                                                        <div class=\"oxilab-info\">\n                                                            Esta secci\u00f3n ofrece herramientas de todo tipo para ayudar a los mandantes de la OIT en los diversos aspectos de su trabajo respecto a las memorias. Las herramientas han sido desarrolladas por el CIF-OIT em colaboraci\u00f3n con la OIT. Las herramientas se ofrecen para ayudar a los usuarios, por ejemplo a los funcionarios de gobierno que son responsables de la elaboraci\u00f3n de memorias, o a los representantes de los empleadores y trabajadores que se ocupan de los asuntos de la OIT a poder organizar mejor y llevar a cabo su trabajo relativo a la elaboraci\u00f3n de memorias.                                                        <\/div>\n                                                                                                            <\/div>\n                                                <\/div>\n                                            <\/div>\n                                        <\/div>\n                                    <\/div>\n                                <\/div>\n                            <\/div>\n                            <\/a>                        <\/div>\n\n                                                \n                    <\/div>\n                                        <div class=\"oxilab-flip-box-col-2 oxilab-flip-box-padding-3\"\n                        sa-data-animation=\"\"\n                        sa-data-animation-offset=\"100%\"\r\n                        sa-data-animation-delay=\"0ms\"\r\n                        sa-data-animation-duration=\" 2000ms\"\n                        >\r\n                        <div class=\" oxilab-flip-box-body-3 oxilab-flip-box-body-3-11\">\n                            <a href=\"\/servicio-de-asistencia\" target=\"\">                            <div class=\"oxilab-flip-box-body-absulote\">\n                                <div class=\"oxilab-flip-box-flip oxilab-flip-box-flip-left-to-right\">\n                                    <div class=\"oxilab-flip-box-style-data easing_easeInOutCirc\">\n                                        <div class=\"oxilab-flip-box-style\">\n                                            <div class=\"oxilab-flip-box-front\">\n                                                <div class=\"oxilab-flip-box-3\">\n                                                    <div class=\"oxilab-flip-box-3-data\">\n                                                        <div class=\"oxilab-icon\">\n                                                            <div class=\"oxilab-icon-data\">\n                                                                        <i class=\" oxi-icons\"><\/i>\n                                                                    <\/div>\n                                                        <\/div>\n                                                        <div class=\"oxilab-heading\">\n                                                            Servicio de asistencia                                                        <\/div>\n                                                        <div class=\"oxilab-info\">\n                                                                                                                    <\/div>\n                                                    <\/div>\n                                                <\/div>\n                                            <\/div>\n                                            <div class=\"oxilab-flip-box-back\">\n                                                <div class=\"oxilab-flip-box-back-3\">\n                                                    <div class=\"oxilab-flip-box-back-3-data\">\n                                                        <div class=\"oxilab-heading\">\n                                                                                                                    <\/div>\n                                                        <div class=\"oxilab-info\">\n                                                            \u00bfNecesita Usted asistencia para su trabajo de elaboraci\u00f3n de memorias? Acuda al servicio de asistencia para la elaboraci\u00f3n de memorias, donde encontrar\u00e1 un formulario que deber\u00e1 llenar para luego presentarlo. En esta secci\u00f3n se encuentran adem\u00e1s a su disposici\u00f3n las respuestas a las preguntas que m\u00e1s frecuentemente se le plantean al Servicio de Asistencia, para que Usted las pueda revisar.                                                        <\/div>\n                                                                                                            <\/div>\n                                                <\/div>\n                                            <\/div>\n                                        <\/div>\n                                    <\/div>\n                                <\/div>\n                            <\/div>\n                            <\/a>                        <\/div>\n\n                                                \n                    <\/div>\n                                        <div class=\"oxilab-flip-box-col-2 oxilab-flip-box-padding-3\"\n                        sa-data-animation=\"\"\n                        sa-data-animation-offset=\"100%\"\r\n                        sa-data-animation-delay=\"0ms\"\r\n                        sa-data-animation-duration=\" 2000ms\"\n                        >\r\n                        <div class=\" oxilab-flip-box-body-3 oxilab-flip-box-body-3-12\">\n                            <a href=\"\/recursos\" target=\"\">                            <div class=\"oxilab-flip-box-body-absulote\">\n                                <div class=\"oxilab-flip-box-flip oxilab-flip-box-flip-left-to-right\">\n                                    <div class=\"oxilab-flip-box-style-data easing_easeInOutCirc\">\n                                        <div class=\"oxilab-flip-box-style\">\n                                            <div class=\"oxilab-flip-box-front\">\n                                                <div class=\"oxilab-flip-box-3\">\n                                                    <div class=\"oxilab-flip-box-3-data\">\n                                                        <div class=\"oxilab-icon\">\n                                                            <div class=\"oxilab-icon-data\">\n                                                                        <i class=\" oxi-icons\"><\/i>\n                                                                    <\/div>\n                                                        <\/div>\n                                                        <div class=\"oxilab-heading\">\n                                                            Recursos                                                        <\/div>\n                                                        <div class=\"oxilab-info\">\n                                                                                                                    <\/div>\n                                                    <\/div>\n                                                <\/div>\n                                            <\/div>\n                                            <div class=\"oxilab-flip-box-back\">\n                                                <div class=\"oxilab-flip-box-back-3\">\n                                                    <div class=\"oxilab-flip-box-back-3-data\">\n                                                        <div class=\"oxilab-heading\">\n                                                                                                                    <\/div>\n                                                        <div class=\"oxilab-info\">\n                                                            Esta secci\u00f3n incluye una serie de recursos de la OIT, por ejemplo documentos fundamentales, publicaciones seleccionadas y bases de datos que pueden utilizarse en cualquier tipo de trabajo relativo a las memorias. Esta secci\u00f3n incluye adem\u00e1s un glosario que ofrece definiciones de t\u00e9rminos relacionados con las memorias y una gu\u00eda que describe el sitio web y su enfoque.                                                        <\/div>\n                                                                                                            <\/div>\n                                                <\/div>\n                                            <\/div>\n                                        <\/div>\n                                    <\/div>\n                                <\/div>\n                            <\/div>\n                            <\/a>                        <\/div>\n\n                                                \n                    <\/div>\n                    \n        <\/div>\n        <\/div>\n<p>&nbsp;<\/p>\n<p><i>Este sitio web ha sido concebido y desarrollado por el Programa de Normas Internacionales del Trabajo, Derechos en el Trabajo e Igualdad de G\u00e9nero del Centro Internacional de Formaci\u00f3n de la OIT (CIF-OIT), que tambi\u00e9n lo administra, en colaboraci\u00f3n con el Departamento de Normas Internacionales del Trabajo de la OIT.<\/i><\/p>\n<p><i>El CIF-OIT ofrece anualmente cursos de formaci\u00f3n a los mandantes de la OIT sobre las NIT y la obligaci\u00f3n de presentar memorias. Adem\u00e1s, el CIF-OIT realiza cursos a la medida con el objetivo de compartir pr\u00e1cticas y herramientas para mejorar la gesti\u00f3n de las memorias sobre las NIT en el futuro, siguiendo el enfoque propuesto en este sitio web. Para cualquier solicitud de formaci\u00f3n sobre el tema, por favor, contacte:\u00a0<a class=\"mail-link\" href=\"mailto:ils@itcilo.org\" target=\"_blank\" rel=\"noopener noreferrer\">ils@itcilo.org<\/a><\/i><\/p>\n<p>&nbsp;<\/p>\n<div id=\"_mcePaste\"><\/div>\n<h3>Consulte el mapa digital de memorias sobre convenios ratificados!<\/h3>\n<p>Haga clic sobre su pa\u00eds para consultar el calendario de memorias sobre convenios ratificados por 6 a\u00f1os.<\/p>\n","protected":false},"excerpt":{"rendered":"<p>La presentaci\u00f3n de memorias sobre Normas Internacionales del Trabajo (NIT) es una obligaci\u00f3n de los Estados Miembros establecida en la\u00a0Constituci\u00f3n de la OIT. Muchos recursos diferentes se re\u00fanen por las administraciones nacionales con el fin de elaborar las memorias. Los recursos humanos, la informaci\u00f3n de los ministerios y de las organizaciones de empleadores y de [&hellip;]<\/p>\n","protected":false},"author":1,"featured_media":0,"parent":0,"menu_order":0,"comment_status":"closed","ping_status":"closed","template":"homepage_map_ES.php","meta":{"footnotes":""},"class_list":["post-158","page","type-page","status-publish","hentry"],"_links":{"self":[{"href":"https:\/\/managing-ils-reporting.itcilo.org\/es\/wp-json\/wp\/v2\/pages\/158","targetHints":{"allow":["GET"]}}],"collection":[{"href":"https:\/\/managing-ils-reporting.itcilo.org\/es\/wp-json\/wp\/v2\/pages"}],"about":[{"href":"https:\/\/managing-ils-reporting.itcilo.org\/es\/wp-json\/wp\/v2\/types\/page"}],"author":[{"embeddable":true,"href":"https:\/\/managing-ils-reporting.itcilo.org\/es\/wp-json\/wp\/v2\/users\/1"}],"replies":[{"embeddable":true,"href":"https:\/\/managing-ils-reporting.itcilo.org\/es\/wp-json\/wp\/v2\/comments?post=158"}],"version-history":[{"count":2,"href":"https:\/\/managing-ils-reporting.itcilo.org\/es\/wp-json\/wp\/v2\/pages\/158\/revisions"}],"predecessor-version":[{"id":175,"href":"https:\/\/managing-ils-reporting.itcilo.org\/es\/wp-json\/wp\/v2\/pages\/158\/revisions\/175"}],"wp:attachment":[{"href":"https:\/\/managing-ils-reporting.itcilo.org\/es\/wp-json\/wp\/v2\/media?parent=158"}],"curies":[{"name":"wp","href":"https:\/\/api.w.org\/{rel}","templated":true}]}}