{"id":165,"date":"2019-12-20T09:59:07","date_gmt":"2019-12-20T09:59:07","guid":{"rendered":"https:\/\/dev-managing-ils-reporting.pantheonsite.io\/practices\/"},"modified":"2024-03-28T09:53:15","modified_gmt":"2024-03-28T09:53:15","slug":"practicas","status":"publish","type":"page","link":"https:\/\/managing-ils-reporting.itcilo.org\/es\/practicas\/","title":{"rendered":"Pr\u00e1cticas"},"content":{"rendered":"<p class=\"documentDescription\"><span id=\"parent-fieldname-description\" class=\"\">Una selecci\u00f3n de aportes sobre buenas experiencias de elaboraci\u00f3n de memorias relativas a las NIT.<\/span><\/p>\n<div id=\"parent-fieldname-text\" class=\"\">\n<p>Esta \u00e1rea del sitio web contiene aportes seleccionados de los mandantes de la OIT, relacionados con sus propias experiencias de buenas pr\u00e1cticas, en la elaboraci\u00f3n de memorias relativas a las NIT.<\/p>\n<p>Estas buenas pr\u00e1cticas de elaboraci\u00f3n de memorias se comparten con la esperanza de que puedan resultar \u00fatiles a los mandantes de la OIT que desarrollan sus propias pr\u00e1cticas y que esto ayude a mejorar el sistema de elaboraci\u00f3n de memorias y la aplicaci\u00f3n de las NIT en los Estados Miembros.<\/p>\n<p>Navegue y busque el sitio web seleccionando un pa\u00eds o un tema.<\/p>\n<ul>\n<li>Elija \u00ab<a href=\"\/practices\/country-selection\/\">Selecci\u00f3n por pa\u00eds<\/a>\u00bb en la barra de navegaci\u00f3n a la izquierda para poder acceder a un listado de pa\u00edses para los que se recopilaron buenos ejemplos de elaboraci\u00f3n de memorias.<\/li>\n<li>Elija \u00ab<a href=\"\/practices\/subject-selection\/\">Selecci\u00f3n por tema<\/a>\u00bb en la barra de navegaci\u00f3n a la izquierda para acceder a cuatro amplias \u00e1reas tem\u00e1ticas en que se encuentran organizados ejemplos de buena elaboraci\u00f3n de memorias, sin importar el pa\u00eds de origen.<\/li>\n<\/ul>\n<p>Al final, elija \u201cPunto de recolecci\u00f3n\u201d en la barra de navegaci\u00f3n a la izquierda para acceder a un cuestionario gracias al cual Usted podr\u00e1 aportar su propio ejemplo de elaboraci\u00f3n de memorias. Estas aportaciones les permitir\u00e1n a los organizadores seleccionar nuevos ejemplos que se podr\u00e1n incluir en el sitio web.<\/p>\n<\/div>\n","protected":false},"excerpt":{"rendered":"<p>Una selecci\u00f3n de aportes sobre buenas experiencias de elaboraci\u00f3n de memorias relativas a las NIT. Esta \u00e1rea del sitio web contiene aportes seleccionados de los mandantes de la OIT, relacionados con sus propias experiencias de buenas pr\u00e1cticas, en la elaboraci\u00f3n de memorias relativas a las NIT. Estas buenas pr\u00e1cticas de elaboraci\u00f3n de memorias se comparten [&hellip;]<\/p>\n","protected":false},"author":1,"featured_media":0,"parent":0,"menu_order":0,"comment_status":"closed","ping_status":"closed","template":"","meta":{"footnotes":""},"class_list":["post-165","page","type-page","status-publish","hentry"],"_links":{"self":[{"href":"https:\/\/managing-ils-reporting.itcilo.org\/es\/wp-json\/wp\/v2\/pages\/165","targetHints":{"allow":["GET"]}}],"collection":[{"href":"https:\/\/managing-ils-reporting.itcilo.org\/es\/wp-json\/wp\/v2\/pages"}],"about":[{"href":"https:\/\/managing-ils-reporting.itcilo.org\/es\/wp-json\/wp\/v2\/types\/page"}],"author":[{"embeddable":true,"href":"https:\/\/managing-ils-reporting.itcilo.org\/es\/wp-json\/wp\/v2\/users\/1"}],"replies":[{"embeddable":true,"href":"https:\/\/managing-ils-reporting.itcilo.org\/es\/wp-json\/wp\/v2\/comments?post=165"}],"version-history":[{"count":3,"href":"https:\/\/managing-ils-reporting.itcilo.org\/es\/wp-json\/wp\/v2\/pages\/165\/revisions"}],"predecessor-version":[{"id":1413,"href":"https:\/\/managing-ils-reporting.itcilo.org\/es\/wp-json\/wp\/v2\/pages\/165\/revisions\/1413"}],"wp:attachment":[{"href":"https:\/\/managing-ils-reporting.itcilo.org\/es\/wp-json\/wp\/v2\/media?parent=165"}],"curies":[{"name":"wp","href":"https:\/\/api.w.org\/{rel}","templated":true}]}}