{"id":169,"date":"2019-12-20T14:39:56","date_gmt":"2019-12-20T14:39:56","guid":{"rendered":"https:\/\/dev-managing-ils-reporting.pantheonsite.io\/tools\/"},"modified":"2020-01-07T14:24:44","modified_gmt":"2020-01-07T14:24:44","slug":"herramientas","status":"publish","type":"page","link":"https:\/\/managing-ils-reporting.itcilo.org\/es\/herramientas\/","title":{"rendered":"Herramientas"},"content":{"rendered":"<div id=\"parent-fieldname-description\" class=\"\">\n<p class=\"documentDescription\">Esta \u00e1rea del sitio web contiene herramientas desarrolladas para ayudar en la elaboraci\u00f3n de memorias sobre las NIT. Han sido desarrolladas especialmente para este sitio web, y est\u00e1 basado en el conocimiento y en la experiencia de profesionales.<\/p>\n<\/div>\n","protected":false},"excerpt":{"rendered":"<p>Esta \u00e1rea del sitio web contiene herramientas desarrolladas para ayudar en la elaboraci\u00f3n de memorias sobre las NIT. Han sido desarrolladas especialmente para este sitio web, y est\u00e1 basado en el conocimiento y en la experiencia de profesionales.<\/p>\n","protected":false},"author":1,"featured_media":0,"parent":0,"menu_order":0,"comment_status":"closed","ping_status":"closed","template":"","meta":{"footnotes":""},"class_list":["post-169","page","type-page","status-publish","hentry"],"_links":{"self":[{"href":"https:\/\/managing-ils-reporting.itcilo.org\/es\/wp-json\/wp\/v2\/pages\/169","targetHints":{"allow":["GET"]}}],"collection":[{"href":"https:\/\/managing-ils-reporting.itcilo.org\/es\/wp-json\/wp\/v2\/pages"}],"about":[{"href":"https:\/\/managing-ils-reporting.itcilo.org\/es\/wp-json\/wp\/v2\/types\/page"}],"author":[{"embeddable":true,"href":"https:\/\/managing-ils-reporting.itcilo.org\/es\/wp-json\/wp\/v2\/users\/1"}],"replies":[{"embeddable":true,"href":"https:\/\/managing-ils-reporting.itcilo.org\/es\/wp-json\/wp\/v2\/comments?post=169"}],"version-history":[{"count":2,"href":"https:\/\/managing-ils-reporting.itcilo.org\/es\/wp-json\/wp\/v2\/pages\/169\/revisions"}],"predecessor-version":[{"id":173,"href":"https:\/\/managing-ils-reporting.itcilo.org\/es\/wp-json\/wp\/v2\/pages\/169\/revisions\/173"}],"wp:attachment":[{"href":"https:\/\/managing-ils-reporting.itcilo.org\/es\/wp-json\/wp\/v2\/media?parent=169"}],"curies":[{"name":"wp","href":"https:\/\/api.w.org\/{rel}","templated":true}]}}