{"id":186,"date":"2019-12-20T10:00:14","date_gmt":"2019-12-20T10:00:14","guid":{"rendered":"https:\/\/dev-managing-ils-reporting.pantheonsite.io\/reportings-helpdesk\/"},"modified":"2020-01-07T15:36:37","modified_gmt":"2020-01-07T15:36:37","slug":"servicio-de-asistencia","status":"publish","type":"page","link":"https:\/\/managing-ils-reporting.itcilo.org\/es\/servicio-de-asistencia\/","title":{"rendered":"Servicio de asistencia"},"content":{"rendered":"<p class=\"documentDescription\"><span id=\"parent-fieldname-description\" class=\"\">Este es el \u00e1rea del servicio de asistencia del sitio web sobre elaboraci\u00f3n de memorias relativas a las normas internacionales del trabajo.<\/span><\/p>\n<div id=\"parent-fieldname-text\" class=\"\">\n<p>El servicio de asistencia le ayudar\u00e1 con la gesti\u00f3n de la elaboraci\u00f3n de memorias sobre las NIT.<\/p>\n<p>Lo hace ofreci\u00e9ndole la oportunidad de (a) hacer preguntas, y (b) beneficiar de las preguntas que ya recibieron respuesta. En efecto, el \u00e1rea de \u201cconsejos y sugerencias\u201d del servicio de asistencia se elaborar\u00e1 tambi\u00e9n utilizando las preguntas y respuestas de inter\u00e9s general.<\/p>\n<p>Para hacer una pregunta, utilice el \u201cBuz\u00f3n de entrada\u201d. Su pregunta se enviar\u00e1 al servicio de asistencia y Usted recibir\u00e1 una respuesta en su buz\u00f3n privado de correo electr\u00f3nico.<\/p>\n<p>Utilice los enlaces de navegaci\u00f3n a la izquierda de la pantalla [\u201cBuz\u00f3n de entrada\u201d y \u201cConsejos y sugerencias\u201d] para empezar.<\/p>\n<p><i>Por favor note que el servicio de asistencia no es un canal oficial de comunicaci\u00f3n para la OIT. Por favor, no trate de utilizar el servicio de asistencia para enviar memorias, comunicaciones oficiales o solicitudes a la OIT, para solicitar asistencia t\u00e9cnica de un especialista de las NIT sobre un asunto espec\u00edfico, o temas similares.<\/i><\/p>\n<\/div>\n","protected":false},"excerpt":{"rendered":"<p>Este es el \u00e1rea del servicio de asistencia del sitio web sobre elaboraci\u00f3n de memorias relativas a las normas internacionales del trabajo. El servicio de asistencia le ayudar\u00e1 con la gesti\u00f3n de la elaboraci\u00f3n de memorias sobre las NIT. Lo hace ofreci\u00e9ndole la oportunidad de (a) hacer preguntas, y (b) beneficiar de las preguntas que [&hellip;]<\/p>\n","protected":false},"author":1,"featured_media":0,"parent":0,"menu_order":0,"comment_status":"closed","ping_status":"closed","template":"","meta":{"footnotes":""},"class_list":["post-186","page","type-page","status-publish","hentry"],"_links":{"self":[{"href":"https:\/\/managing-ils-reporting.itcilo.org\/es\/wp-json\/wp\/v2\/pages\/186","targetHints":{"allow":["GET"]}}],"collection":[{"href":"https:\/\/managing-ils-reporting.itcilo.org\/es\/wp-json\/wp\/v2\/pages"}],"about":[{"href":"https:\/\/managing-ils-reporting.itcilo.org\/es\/wp-json\/wp\/v2\/types\/page"}],"author":[{"embeddable":true,"href":"https:\/\/managing-ils-reporting.itcilo.org\/es\/wp-json\/wp\/v2\/users\/1"}],"replies":[{"embeddable":true,"href":"https:\/\/managing-ils-reporting.itcilo.org\/es\/wp-json\/wp\/v2\/comments?post=186"}],"version-history":[{"count":2,"href":"https:\/\/managing-ils-reporting.itcilo.org\/es\/wp-json\/wp\/v2\/pages\/186\/revisions"}],"predecessor-version":[{"id":191,"href":"https:\/\/managing-ils-reporting.itcilo.org\/es\/wp-json\/wp\/v2\/pages\/186\/revisions\/191"}],"wp:attachment":[{"href":"https:\/\/managing-ils-reporting.itcilo.org\/es\/wp-json\/wp\/v2\/media?parent=186"}],"curies":[{"name":"wp","href":"https:\/\/api.w.org\/{rel}","templated":true}]}}