{"id":193,"date":"2019-12-20T10:02:22","date_gmt":"2019-12-20T10:02:22","guid":{"rendered":"https:\/\/dev-managing-ils-reporting.pantheonsite.io\/resources\/"},"modified":"2020-01-07T15:44:53","modified_gmt":"2020-01-07T15:44:53","slug":"recursos","status":"publish","type":"page","link":"https:\/\/managing-ils-reporting.itcilo.org\/es\/recursos\/","title":{"rendered":"Recursos"},"content":{"rendered":"<div class=\"tileItem visualIEFloatFix vevent contenttype-ploneglossary\">\n<h2 class=\"tileHeadline\"><a class=\"summary url\" href=\"http:\/\/managing-ils-reporting.itcilo.org\/es\/recursos\/glosario\">Glosario<\/a><\/h2>\n<p class=\"tileBody\"><span class=\"description\">T\u00e9rminos y jerga asociados a las memorias sobre las normas internacionales del trabajo.<\/span><\/p>\n<p class=\"tileFooter\"><a href=\"http:\/\/managing-ils-reporting.itcilo.org\/es\/recursos\/glosario\">Leer M\u00e1s<\/a><\/p>\n<div class=\"visualClear\"><\/div>\n<\/div>\n<div class=\"tileItem visualIEFloatFix vevent contenttype-link\">\n<h2 class=\"tileHeadline\"><a class=\"summary url\" href=\"http:\/\/managing-ils-reporting.itcilo.org\/es\/recursos\/constitucion-de-la-oit\">Constituci\u00f3n de la OIT<\/a><\/h2>\n<p class=\"tileBody\"><span class=\"description\">Haga clic sobre este enlace para ser redirigido a la versi\u00f3n m\u00e1s actualizada de la Constituci\u00f3n de la Organizaci\u00f3n Internacional del Trabajo.<\/span><\/p>\n<p class=\"tileFooter\"><a href=\"http:\/\/managing-ils-reporting.itcilo.org\/es\/recursos\/constitucion-de-la-oit\">Leer M\u00e1s<\/a><\/p>\n<div class=\"visualClear\"><\/div>\n<\/div>\n<div class=\"tileItem visualIEFloatFix vevent contenttype-link\">\n<h2 class=\"tileHeadline\"><a class=\"summary url\" href=\"http:\/\/managing-ils-reporting.itcilo.org\/es\/recursos\/copy_of_nit-por-tema-y-estatus\">NORMLEX<\/a><\/h2>\n<p class=\"tileBody\"><span class=\"description\">Haga clic sobre este enlace para ser redirigido a la base de datos NORMLEX que ofrece informaci\u00f3n sobre las normas internacionales del trabajo (tal como informaci\u00f3n sobre las ratificaciones, la obligaci\u00f3n de env\u00edo de memorias, los comentarios de los \u00f3rganos de control de la OIT, etc.) adem\u00e1s de la legislaci\u00f3n nacional sobre trabajo y seguridad social.<\/span><\/p>\n<p class=\"tileFooter\"><a href=\"http:\/\/managing-ils-reporting.itcilo.org\/es\/recursos\/copy_of_nit-por-tema-y-estatus\">Leer M\u00e1s<\/a><\/p>\n<div class=\"visualClear\"><\/div>\n<\/div>\n<div class=\"tileItem visualIEFloatFix vevent contenttype-link\">\n<h2 class=\"tileHeadline\"><a class=\"summary url\" href=\"http:\/\/managing-ils-reporting.itcilo.org\/es\/recursos\/nit-por-tema-y-estatus\">NIT por tema y estatus<\/a><\/h2>\n<p class=\"tileBody\"><span class=\"description\">Haga clic sobre este enlace para ser redirigido a la lista de normas internacionales del trabajo por tema y estatus de NORMLEX.<\/span><\/p>\n<p class=\"tileFooter\"><a href=\"http:\/\/managing-ils-reporting.itcilo.org\/es\/recursos\/nit-por-tema-y-estatus\">Leer M\u00e1s<\/a><\/p>\n<div class=\"visualClear\"><\/div>\n<\/div>\n<div class=\"tileItem visualIEFloatFix vevent contenttype-link\">\n<h2 class=\"tileHeadline\"><a class=\"summary url\" href=\"http:\/\/managing-ils-reporting.itcilo.org\/es\/recursos\/formularios-de-memorias\">Formularios para memorias detalladas (Convenios ratificados)<\/a><\/h2>\n<p class=\"tileBody\"><span class=\"description\">Haga clic sobre este enlace para ser redirigido a una colecci\u00f3n de todos los formularios de memorias aprobados por el Consejo de Administraci\u00f3n de la OIT para las \u00abmemorias detalladas\u00bb sobre Convenios ratificados, en virtud del art\u00edculo 22 de la Constituci\u00f3n de la OIT.<\/span><\/p>\n<p class=\"tileFooter\"><a href=\"http:\/\/managing-ils-reporting.itcilo.org\/es\/recursos\/formularios-de-memorias\">Leer M\u00e1s<\/a><\/p>\n<div class=\"visualClear\"><\/div>\n<\/div>\n<div class=\"tileItem visualIEFloatFix vevent contenttype-link\">\n<h2 class=\"tileHeadline\"><a class=\"summary url\" href=\"http:\/\/managing-ils-reporting.itcilo.org\/es\/recursos\/copy_of_formularios-de-memorias\">Formulario de memorias simplificadas (Convenios ratificados)<\/a><\/h2>\n<p class=\"tileBody\"><span class=\"description\">Haga clic sobre este enlace para ser redirigido al nuevo formulario de memorias aprobado por el Consejo de Administraci\u00f3n de la OIT para las \u00abmemorias simplificadas\u00bb sobre Convenios ratificados, en virtud del art\u00edculo 22 de la Constituci\u00f3n de la OIT.<\/span><\/p>\n<p class=\"tileFooter\"><a href=\"http:\/\/managing-ils-reporting.itcilo.org\/es\/recursos\/copy_of_formularios-de-memorias\">Leer M\u00e1s<\/a><\/p>\n<div class=\"visualClear\"><\/div>\n<\/div>\n<div class=\"tileItem visualIEFloatFix vevent contenttype-link\">\n<h2 class=\"tileHeadline\"><a class=\"summary url\" href=\"http:\/\/managing-ils-reporting.itcilo.org\/es\/recursos\/perfiles-de-los-paises\">Perfiles por pa\u00eds<\/a><\/h2>\n<p class=\"tileBody\"><span class=\"description\">Haga clic sobre este enlace para ser redirigido a los perfiles por pa\u00eds sobre NIT de NORMLEX.<\/span><\/p>\n<p class=\"tileFooter\"><a href=\"http:\/\/managing-ils-reporting.itcilo.org\/es\/recursos\/perfiles-de-los-paises\">Leer M\u00e1s<\/a><\/p>\n<div class=\"visualClear\"><\/div>\n<\/div>\n<div class=\"tileItem visualIEFloatFix vevent contenttype-link\">\n<h2 class=\"tileHeadline\"><a class=\"summary url\" href=\"http:\/\/managing-ils-reporting.itcilo.org\/es\/recursos\/informe-de-la-comision-de-expertos-en-aplicacion-de-convenios-y-recomendaciones-informe-iii-parte-1a\">Informe de la Comisi\u00f3n de Expertos en Aplicaci\u00f3n de Convenios y Recomendaciones [Informe III (Parte A)]<\/a><\/h2>\n<p class=\"tileBody\"><span class=\"description\">La Comisi\u00f3n de Expertos en Aplicaci\u00f3n de Convenios y Recomendaciones es un \u00f3rgano independiente, constituido por 20 destacados juristas a escala nacional e internacional cuya misi\u00f3n es examinar la aplicaci\u00f3n de los Convenios y Recomendaciones por los Estados Miembros de la OIT. El informe anual m\u00e1s reciente de la Comisi\u00f3n de Expertos cubre diversas materias relacionadas con la aplicaci\u00f3n de las normas internacionales del trabajo.<\/span><\/p>\n<p class=\"tileFooter\"><a href=\"http:\/\/managing-ils-reporting.itcilo.org\/es\/recursos\/informe-de-la-comision-de-expertos-en-aplicacion-de-convenios-y-recomendaciones-informe-iii-parte-1a\">Leer M\u00e1s<\/a><\/p>\n<div class=\"visualClear\"><\/div>\n<\/div>\n<div class=\"tileItem visualIEFloatFix vevent contenttype-link\">\n<h2 class=\"tileHeadline\"><a class=\"summary url\" href=\"http:\/\/managing-ils-reporting.itcilo.org\/es\/recursos\/informe-de-la-comision-de-la-conferencia-en-aplicacion-de-normas\">Informe de la Comisi\u00f3n de Aplicaci\u00f3n de Normas de la Conferencia<\/a><\/h2>\n<p class=\"tileBody\"><span class=\"description\">La Comisi\u00f3n de Aplicaci\u00f3n de Normas de la Conferencia es un \u00f3rgano permanente de composici\u00f3n tripartita de la Conferencia que se consagra, cada a\u00f1o, al an\u00e1lisis del Informe publicado por la Comisi\u00f3n de Expertos en Aplicaci\u00f3n de Convenios y Recomendaciones. Su Informe cubre tambi\u00e9n el examen de casos individuales.<\/span><\/p>\n<p class=\"tileFooter\"><a href=\"http:\/\/managing-ils-reporting.itcilo.org\/es\/recursos\/informe-de-la-comision-de-la-conferencia-en-aplicacion-de-normas\">Leer M\u00e1s<\/a><\/p>\n<div class=\"visualClear\"><\/div>\n<\/div>\n<div class=\"tileItem visualIEFloatFix vevent contenttype-link\">\n<h2 class=\"tileHeadline\"><a class=\"summary url\" href=\"http:\/\/managing-ils-reporting.itcilo.org\/es\/recursos\/la-iniciativa-relativa-a-las-normas\">La iniciativa relativa a las normas<\/a><\/h2>\n<p class=\"tileBody\"><span class=\"description\">El objetivo de la iniciativa relativa a las normas es mejorar la pertinencia de las NIT a trav\u00e9s del mecanismo de examen de las normas (MEN) y consolidar el consenso tripartito en torno a un sistema de control reconocido.<\/span><\/p>\n<p class=\"tileFooter\"><a href=\"http:\/\/managing-ils-reporting.itcilo.org\/es\/recursos\/la-iniciativa-relativa-a-las-normas\">Leer M\u00e1s<\/a><\/p>\n<div class=\"visualClear\"><\/div>\n<\/div>\n<div class=\"tileItem visualIEFloatFix vevent contenttype-link\">\n<h2 class=\"tileHeadline\"><a class=\"summary url\" href=\"http:\/\/managing-ils-reporting.itcilo.org\/es\/recursos\/copy2_of_formularios-de-memorias\">Formularios de memorias (Estudios generales)<\/a><\/h2>\n<p class=\"tileBody\"><span class=\"description\">Haga clic sobre este enlace para ser redirigido a los formularios de memorias aprobados por el Consejo de Administraci\u00f3n de la OIT para las memorias sobre Convenios no ratificados y Recomendaciones, en virtud del art\u00edculo 19 de la Constituci\u00f3n de la OIT, para la preparaci\u00f3n de los Estudios Generales.<\/span><\/p>\n<p class=\"tileFooter\"><a href=\"http:\/\/managing-ils-reporting.itcilo.org\/es\/recursos\/copy2_of_formularios-de-memorias\">Leer M\u00e1s<\/a><\/p>\n<div class=\"visualClear\"><\/div>\n<\/div>\n<div class=\"tileItem visualIEFloatFix vevent contenttype-document\">\n<h2 class=\"tileHeadline\"><a class=\"summary url\" href=\"http:\/\/managing-ils-reporting.itcilo.org\/es\/recursos\/guia-para-la-utilizacion-del-sitio-web-201celaboracion-de-memorias-sobre-nit201d\">Gu\u00eda para la utilizaci\u00f3n del sitio web \u201cElaborar las memorias sobre NIT\u201d<\/a><\/h2>\n<p class=\"tileBody\"><span class=\"description\">Una breve gu\u00eda para Usted.<\/span><\/p>\n<p class=\"tileFooter\"><a href=\"http:\/\/managing-ils-reporting.itcilo.org\/es\/recursos\/guia-para-la-utilizacion-del-sitio-web-201celaboracion-de-memorias-sobre-nit201d\">Leer M\u00e1s<\/a><\/p>\n<\/div>\n","protected":false},"excerpt":{"rendered":"<p>Glosario T\u00e9rminos y jerga asociados a las memorias sobre las normas internacionales del trabajo. Leer M\u00e1s Constituci\u00f3n de la OIT Haga clic sobre este enlace para ser redirigido a la versi\u00f3n m\u00e1s actualizada de la Constituci\u00f3n de la Organizaci\u00f3n Internacional del Trabajo. Leer M\u00e1s NORMLEX Haga clic sobre este enlace para ser redirigido a la [&hellip;]<\/p>\n","protected":false},"author":1,"featured_media":0,"parent":0,"menu_order":0,"comment_status":"closed","ping_status":"closed","template":"","meta":{"footnotes":""},"class_list":["post-193","page","type-page","status-publish","hentry"],"_links":{"self":[{"href":"https:\/\/managing-ils-reporting.itcilo.org\/es\/wp-json\/wp\/v2\/pages\/193","targetHints":{"allow":["GET"]}}],"collection":[{"href":"https:\/\/managing-ils-reporting.itcilo.org\/es\/wp-json\/wp\/v2\/pages"}],"about":[{"href":"https:\/\/managing-ils-reporting.itcilo.org\/es\/wp-json\/wp\/v2\/types\/page"}],"author":[{"embeddable":true,"href":"https:\/\/managing-ils-reporting.itcilo.org\/es\/wp-json\/wp\/v2\/users\/1"}],"replies":[{"embeddable":true,"href":"https:\/\/managing-ils-reporting.itcilo.org\/es\/wp-json\/wp\/v2\/comments?post=193"}],"version-history":[{"count":2,"href":"https:\/\/managing-ils-reporting.itcilo.org\/es\/wp-json\/wp\/v2\/pages\/193\/revisions"}],"predecessor-version":[{"id":197,"href":"https:\/\/managing-ils-reporting.itcilo.org\/es\/wp-json\/wp\/v2\/pages\/193\/revisions\/197"}],"wp:attachment":[{"href":"https:\/\/managing-ils-reporting.itcilo.org\/es\/wp-json\/wp\/v2\/media?parent=193"}],"curies":[{"name":"wp","href":"https:\/\/api.w.org\/{rel}","templated":true}]}}