{"id":224,"date":"2019-12-20T14:07:59","date_gmt":"2019-12-20T14:07:59","guid":{"rendered":"https:\/\/dev-managing-ils-reporting.pantheonsite.io\/practicas\/collection-point\/"},"modified":"2020-01-08T15:39:55","modified_gmt":"2020-01-08T15:39:55","slug":"collection-point","status":"publish","type":"page","link":"https:\/\/managing-ils-reporting.itcilo.org\/es\/practicas\/collection-point\/","title":{"rendered":"Punto de recolecci\u00f3n: sus buenos ejemplos"},"content":{"rendered":"<p>Esta secci\u00f3n del sitio web presenta cuestionarios dise\u00f1ados para registrar sus buenos ejemplos de elaboraci\u00f3n de memorias en 4 \u00e1reas tem\u00e1ticas:<\/p>\n<p>(A) recursos humanos,<\/p>\n<p>(B) contactos con otros ministerios, departamentos y agencias,<\/p>\n<p>(C) comunicaci\u00f3n y consultas con los interlocutores sociales y otros actores no gubernamentales,<\/p>\n<p>(D) gesti\u00f3n.<\/p>\n<p>Sus ejemplos se recoger\u00e1n y nos pondremos en contacto con Usted para decidir si inclu\u00edr su(s) ejemplo(s) en este sitio web. Sus respuestas ser\u00e1n confidenciales hasta el momento en que nos pondremos en contacto con Usted; no incluiremos sus respuestas en este sitio web sin su permiso. Sus respuestas detalladas a estas preguntas nos ayudar\u00e1n a entender por qu\u00e9 el ejemplo que Usted est\u00e1 ofreciendo es de una \u201cbuena pr\u00e1ctica\u201d.<\/p>\n<p><i>Seleccione el cuestionario apropiado desde la barra de navegaci\u00f3n a la izquierda y siga las instrucciones.<\/i><\/p>\n","protected":false},"excerpt":{"rendered":"<p>Esta secci\u00f3n del sitio web presenta cuestionarios dise\u00f1ados para registrar sus buenos ejemplos de elaboraci\u00f3n de memorias en 4 \u00e1reas tem\u00e1ticas: (A) recursos humanos, (B) contactos con otros ministerios, departamentos y agencias, (C) comunicaci\u00f3n y consultas con los interlocutores sociales y otros actores no gubernamentales, (D) gesti\u00f3n. Sus ejemplos se recoger\u00e1n y nos pondremos en [&hellip;]<\/p>\n","protected":false},"author":1,"featured_media":0,"parent":165,"menu_order":0,"comment_status":"closed","ping_status":"closed","template":"","meta":{"footnotes":""},"class_list":["post-224","page","type-page","status-publish","hentry"],"_links":{"self":[{"href":"https:\/\/managing-ils-reporting.itcilo.org\/es\/wp-json\/wp\/v2\/pages\/224","targetHints":{"allow":["GET"]}}],"collection":[{"href":"https:\/\/managing-ils-reporting.itcilo.org\/es\/wp-json\/wp\/v2\/pages"}],"about":[{"href":"https:\/\/managing-ils-reporting.itcilo.org\/es\/wp-json\/wp\/v2\/types\/page"}],"author":[{"embeddable":true,"href":"https:\/\/managing-ils-reporting.itcilo.org\/es\/wp-json\/wp\/v2\/users\/1"}],"replies":[{"embeddable":true,"href":"https:\/\/managing-ils-reporting.itcilo.org\/es\/wp-json\/wp\/v2\/comments?post=224"}],"version-history":[{"count":2,"href":"https:\/\/managing-ils-reporting.itcilo.org\/es\/wp-json\/wp\/v2\/pages\/224\/revisions"}],"predecessor-version":[{"id":655,"href":"https:\/\/managing-ils-reporting.itcilo.org\/es\/wp-json\/wp\/v2\/pages\/224\/revisions\/655"}],"up":[{"embeddable":true,"href":"https:\/\/managing-ils-reporting.itcilo.org\/es\/wp-json\/wp\/v2\/pages\/165"}],"wp:attachment":[{"href":"https:\/\/managing-ils-reporting.itcilo.org\/es\/wp-json\/wp\/v2\/media?parent=224"}],"curies":[{"name":"wp","href":"https:\/\/api.w.org\/{rel}","templated":true}]}}