{"id":230,"date":"2019-12-20T14:07:48","date_gmt":"2019-12-20T14:07:48","guid":{"rendered":"https:\/\/dev-managing-ils-reporting.pantheonsite.io\/practicas\/subject-selection\/"},"modified":"2020-01-07T16:30:27","modified_gmt":"2020-01-07T16:30:27","slug":"subject-selection","status":"publish","type":"page","link":"https:\/\/managing-ils-reporting.itcilo.org\/es\/practicas\/subject-selection\/","title":{"rendered":"Selecci\u00f3n por tema"},"content":{"rendered":"<p class=\"documentDescription\"><span id=\"parent-fieldname-description\" class=\"\">Existen muchos ejemplos de buenas pr\u00e1cticas de elaboraci\u00f3n de memorias sobre las NIT para compartir. Los que hemos aqu\u00ed reunido est\u00e1n organizados en 4 categor\u00edas por \u00e1rea tem\u00e1tica.<\/span><\/p>\n<div id=\"parent-fieldname-text\" class=\"\">\n<p>Las 4 \u00e1reas son:<\/p>\n<p>1. recursos humanos;<br \/>\n2. contactos con otros ministerios y agencias;<br \/>\n3. comunicaciones y consultas con los interlocutores sociales;<br \/>\n4. gesti\u00f3n.<\/p>\n<p>Elija desde la herramienta de navegaci\u00f3n a la izquierda de la pantalla los que m\u00e1s le interesan.<\/p>\n<p><i>Aporte sus buenas pr\u00e1cticas de elaboraci\u00f3n de memorias en el \u201cPunto de recolecci\u00f3n\u201d, que tambi\u00e9n aparece en la herramienta de navegaci\u00f3n a la izquierda.<\/i>\n<\/div>\n","protected":false},"excerpt":{"rendered":"<p>Existen muchos ejemplos de buenas pr\u00e1cticas de elaboraci\u00f3n de memorias sobre las NIT para compartir. Los que hemos aqu\u00ed reunido est\u00e1n organizados en 4 categor\u00edas por \u00e1rea tem\u00e1tica. Las 4 \u00e1reas son: 1. recursos humanos; 2. contactos con otros ministerios y agencias; 3. comunicaciones y consultas con los interlocutores sociales; 4. gesti\u00f3n. Elija desde la [&hellip;]<\/p>\n","protected":false},"author":1,"featured_media":0,"parent":165,"menu_order":0,"comment_status":"closed","ping_status":"closed","template":"","meta":{"footnotes":""},"class_list":["post-230","page","type-page","status-publish","hentry"],"_links":{"self":[{"href":"https:\/\/managing-ils-reporting.itcilo.org\/es\/wp-json\/wp\/v2\/pages\/230","targetHints":{"allow":["GET"]}}],"collection":[{"href":"https:\/\/managing-ils-reporting.itcilo.org\/es\/wp-json\/wp\/v2\/pages"}],"about":[{"href":"https:\/\/managing-ils-reporting.itcilo.org\/es\/wp-json\/wp\/v2\/types\/page"}],"author":[{"embeddable":true,"href":"https:\/\/managing-ils-reporting.itcilo.org\/es\/wp-json\/wp\/v2\/users\/1"}],"replies":[{"embeddable":true,"href":"https:\/\/managing-ils-reporting.itcilo.org\/es\/wp-json\/wp\/v2\/comments?post=230"}],"version-history":[{"count":2,"href":"https:\/\/managing-ils-reporting.itcilo.org\/es\/wp-json\/wp\/v2\/pages\/230\/revisions"}],"predecessor-version":[{"id":234,"href":"https:\/\/managing-ils-reporting.itcilo.org\/es\/wp-json\/wp\/v2\/pages\/230\/revisions\/234"}],"up":[{"embeddable":true,"href":"https:\/\/managing-ils-reporting.itcilo.org\/es\/wp-json\/wp\/v2\/pages\/165"}],"wp:attachment":[{"href":"https:\/\/managing-ils-reporting.itcilo.org\/es\/wp-json\/wp\/v2\/media?parent=230"}],"curies":[{"name":"wp","href":"https:\/\/api.w.org\/{rel}","templated":true}]}}