{"id":339,"date":"2019-12-20T14:07:32","date_gmt":"2019-12-20T14:07:32","guid":{"rendered":"https:\/\/dev-managing-ils-reporting.pantheonsite.io\/practicas\/country-selection\/"},"modified":"2020-01-08T15:10:02","modified_gmt":"2020-01-08T15:10:02","slug":"seleccion-por-pais","status":"publish","type":"page","link":"https:\/\/managing-ils-reporting.itcilo.org\/es\/practicas\/seleccion-por-pais\/","title":{"rendered":"Selecci\u00f3n por pa\u00eds"},"content":{"rendered":"<p>En esta p\u00e1gina se encuentra un listado de pa\u00edses de los que se recopilaron buenos ejemplos de elaboraci\u00f3n de memorias.<\/p>\n<p>El listado de los pa\u00edses est\u00e1 ordenado en base al \u00f3rden alfab\u00e9tico. Elija el pa\u00eds del listado para ver los buenos ejemplos de elaboraci\u00f3n de memorias seleccionados.<\/p>\n<p><span class=\"contenttype-topic summary\"><img loading=\"lazy\" decoding=\"async\" class=\"icon-Collection\" src=\"http:\/\/managing-ils-reporting.itcilo.org\/topic_icon.gif\" alt=\"\" width=\"16\" height=\"16\" \/>\u00a0<a class=\"state-visible url\" href=\"\/category\/bahrein\">Bahrein<\/a><\/span><\/p>\n<p><span class=\"contenttype-topic summary\"><img loading=\"lazy\" decoding=\"async\" class=\"icon-Collection\" src=\"http:\/\/managing-ils-reporting.itcilo.org\/topic_icon.gif\" alt=\"\" width=\"16\" height=\"16\" \/>\u00a0<a class=\"state-visible url\" href=\"\/category\/chad-1\">Chad<\/a><\/span><\/p>\n<p><span class=\"contenttype-topic summary\"><img loading=\"lazy\" decoding=\"async\" class=\"icon-Collection\" src=\"http:\/\/managing-ils-reporting.itcilo.org\/topic_icon.gif\" alt=\"\" width=\"16\" height=\"16\" \/>\u00a0<a class=\"state-visible url\" href=\"\/category\/colombia-1\">Colombia<\/a><\/span><\/p>\n<p><span class=\"contenttype-topic summary\"><img loading=\"lazy\" decoding=\"async\" class=\"icon-Collection\" src=\"http:\/\/managing-ils-reporting.itcilo.org\/topic_icon.gif\" alt=\"\" width=\"16\" height=\"16\" \/>\u00a0<a class=\"state-visible url\" href=\"\/category\/filipinas\">Filipinas<\/a><\/span><\/p>\n<p><span class=\"contenttype-topic summary\"><img loading=\"lazy\" decoding=\"async\" class=\"icon-Collection\" src=\"http:\/\/managing-ils-reporting.itcilo.org\/topic_icon.gif\" alt=\"\" width=\"16\" height=\"16\" \/>\u00a0<a class=\"state-visible url\" href=\"\/category\/guatemala\">Guatemala<\/a><\/span><\/p>\n<p><span class=\"contenttype-topic summary\"><img loading=\"lazy\" decoding=\"async\" class=\"icon-Collection\" src=\"http:\/\/managing-ils-reporting.itcilo.org\/topic_icon.gif\" alt=\"\" width=\"16\" height=\"16\" \/>\u00a0<a class=\"state-visible url\" href=\"\/category\/jamaica-1\">Jamaica<\/a><\/span><\/p>\n<p><span class=\"contenttype-topic summary\"><img loading=\"lazy\" decoding=\"async\" class=\"icon-Collection\" src=\"http:\/\/managing-ils-reporting.itcilo.org\/topic_icon.gif\" alt=\"\" width=\"16\" height=\"16\" \/>\u00a0<a class=\"state-visible url\" href=\"\/category\/panama-1\">Panam\u00e1<\/a><\/span><\/p>\n<p><span class=\"contenttype-topic summary\"><img loading=\"lazy\" decoding=\"async\" class=\"icon-Collection\" src=\"http:\/\/managing-ils-reporting.itcilo.org\/topic_icon.gif\" alt=\"\" width=\"16\" height=\"16\" \/>\u00a0<a class=\"state-visible url\" href=\"\/category\/peru-1\">Per\u00fa<\/a><\/span><\/p>\n<p><span class=\"contenttype-topic summary\"><img loading=\"lazy\" decoding=\"async\" class=\"icon-Collection\" src=\"http:\/\/managing-ils-reporting.itcilo.org\/topic_icon.gif\" alt=\"\" width=\"16\" height=\"16\" \/>\u00a0<a class=\"state-visible url\" href=\"\/category\/region-administrativa-especial-de-macao\">Regi\u00f3n Administrativa Especial de Macao (China)<\/a><\/span><\/p>\n<p><span class=\"contenttype-topic summary\"><img loading=\"lazy\" decoding=\"async\" class=\"icon-Collection\" src=\"http:\/\/managing-ils-reporting.itcilo.org\/topic_icon.gif\" alt=\"\" width=\"16\" height=\"16\" \/>\u00a0<a class=\"state-visible url\" href=\"\/category\/swazilandia\">Swazilandia<\/a><\/span><\/p>\n<p><span class=\"contenttype-topic summary\"><img loading=\"lazy\" decoding=\"async\" class=\"icon-Collection\" src=\"http:\/\/managing-ils-reporting.itcilo.org\/topic_icon.gif\" alt=\"\" width=\"16\" height=\"16\" \/>\u00a0<a class=\"state-visible url\" href=\"\/category\/tayikistan\">Tayikist\u00e1n<\/a><\/span><\/p>\n<p><span class=\"contenttype-topic summary\"><img loading=\"lazy\" decoding=\"async\" class=\"icon-Collection\" src=\"http:\/\/managing-ils-reporting.itcilo.org\/topic_icon.gif\" alt=\"\" width=\"16\" height=\"16\" \/>\u00a0<a class=\"state-visible url\" href=\"\/category\/turkmenistan-1\">Turkmenist\u00e1n<\/a><\/span><\/p>\n<p><span class=\"contenttype-topic summary\"><img loading=\"lazy\" decoding=\"async\" class=\"icon-Collection\" src=\"http:\/\/managing-ils-reporting.itcilo.org\/topic_icon.gif\" alt=\"\" width=\"16\" height=\"16\" \/>\u00a0<a class=\"state-visible url\" href=\"\/category\/zimbabwe-1\">Zimbabwe<\/a><\/span><\/p>\n","protected":false},"excerpt":{"rendered":"<p>En esta p\u00e1gina se encuentra un listado de pa\u00edses de los que se recopilaron buenos ejemplos de elaboraci\u00f3n de memorias. El listado de los pa\u00edses est\u00e1 ordenado en base al \u00f3rden alfab\u00e9tico. Elija el pa\u00eds del listado para ver los buenos ejemplos de elaboraci\u00f3n de memorias seleccionados. \u00a0Bahrein \u00a0Chad \u00a0Colombia \u00a0Filipinas \u00a0Guatemala \u00a0Jamaica \u00a0Panam\u00e1 \u00a0Per\u00fa [&hellip;]<\/p>\n","protected":false},"author":1,"featured_media":0,"parent":165,"menu_order":0,"comment_status":"closed","ping_status":"closed","template":"","meta":{"footnotes":""},"class_list":["post-339","page","type-page","status-publish","hentry"],"_links":{"self":[{"href":"https:\/\/managing-ils-reporting.itcilo.org\/es\/wp-json\/wp\/v2\/pages\/339","targetHints":{"allow":["GET"]}}],"collection":[{"href":"https:\/\/managing-ils-reporting.itcilo.org\/es\/wp-json\/wp\/v2\/pages"}],"about":[{"href":"https:\/\/managing-ils-reporting.itcilo.org\/es\/wp-json\/wp\/v2\/types\/page"}],"author":[{"embeddable":true,"href":"https:\/\/managing-ils-reporting.itcilo.org\/es\/wp-json\/wp\/v2\/users\/1"}],"replies":[{"embeddable":true,"href":"https:\/\/managing-ils-reporting.itcilo.org\/es\/wp-json\/wp\/v2\/comments?post=339"}],"version-history":[{"count":3,"href":"https:\/\/managing-ils-reporting.itcilo.org\/es\/wp-json\/wp\/v2\/pages\/339\/revisions"}],"predecessor-version":[{"id":619,"href":"https:\/\/managing-ils-reporting.itcilo.org\/es\/wp-json\/wp\/v2\/pages\/339\/revisions\/619"}],"up":[{"embeddable":true,"href":"https:\/\/managing-ils-reporting.itcilo.org\/es\/wp-json\/wp\/v2\/pages\/165"}],"wp:attachment":[{"href":"https:\/\/managing-ils-reporting.itcilo.org\/es\/wp-json\/wp\/v2\/media?parent=339"}],"curies":[{"name":"wp","href":"https:\/\/api.w.org\/{rel}","templated":true}]}}