{"id":879,"date":"2019-12-20T14:25:31","date_gmt":"2019-12-20T14:25:31","guid":{"rendered":"https:\/\/dev-managing-ils-reporting.pantheonsite.io\/practicas\/subject-selection\/communication-and-consultations-with-social-partners\/"},"modified":"2020-01-09T10:27:36","modified_gmt":"2020-01-09T10:27:36","slug":"communication-and-consultations-with-social-partners","status":"publish","type":"page","link":"https:\/\/managing-ils-reporting.itcilo.org\/es\/practicas\/subject-selection\/communication-and-consultations-with-social-partners\/","title":{"rendered":"Comunicaciones y consultas con los interlocutores sociales"},"content":{"rendered":"<p class=\"documentDescription\"><span id=\"parent-fieldname-description\" class=\"\">El art\u00edculo 23, p\u00e1rrafo 2 de la Constituci\u00f3n de la OIT, establece comunicar las memorias a los interlocutores sociales. El Convenio sobre la consulta tripartita (normas internacionales del trabajo), 1976 (n\u00fam. 144), obliga a la consulta con los interlocutores sociales sobre todas las memorias relativas a las NIT. La siguiente es una recopilaci\u00f3n de pr\u00e1cticas relacionadas con estos temas.<\/span><\/p>\n<div id=\"parent-fieldname-text\" class=\"plain\">\n<p>Abajo se presentan m\u00e1s detalles sobre las obligaciones con el listado de los ejemplos, en orden alfab\u00e9tico.<\/p>\n<\/div>\n<div id=\"parent-fieldname-text\" class=\"plain\">\n\n<!-- NOTE: If you need to make changes to this file, copy it to your current theme's main\n\tdirectory so your changes won't be overwritten when the plugin is upgraded. -->\n\n<!-- Post Wrap Start-->\n<div class=\"post hentry ivycat-post\">\n\n\t<!-- \tThis outputs the post TITLE -->\n\t<h2 class=\"entry-title\"><a href=\"https:\/\/managing-ils-reporting.itcilo.org\/es\/use-specialists-visit-3\/\">Aprovechar la visita de los especialistas<\/a><\/h2>\n\n\t<!-- \tThis outputs the post EXCERPT.  To display full content including images and html,\n\t\treplace the_excerpt(); with the_content();  below. -->\n\t<div class=\"entry-summary\">\n\t\t<p>En Tayikist\u00e1n, los interlocutores sociales reciben instrucciones cuando llega de visita el especialista de las NIT de la Oficina del ETD\/OP.<\/p>\n\t<\/div>\n\n\t<!--\tThis outputs the post META information -->\n\t<div class=\"entry-utility\">\n\t\t\t\t\t<span class=\"cat-links\">\n\t\t\t\t<span class=\"entry-utility-prep entry-utility-prep-cat-links\">Posted in<\/span> <a href=\"https:\/\/managing-ils-reporting.itcilo.org\/es\/category\/comunicaciones-y-consultas-con-los-interlocutores-sociales\/\" rel=\"category tag\">Comunicaciones y consultas con los interlocutores sociales<\/a>\t\t\t<\/span>\n\t\t\t<span class=\"meta-sep\">|<\/span>\n\t\t\t\t\t\t<span class=\"comments-link\">\n\t\t\t<span>Comentarios desactivados<span class=\"screen-reader-text\"> en Aprovechar la visita de los especialistas<\/span><\/span>\t\t<\/span>\n\t\t\t<\/div>\n<\/div>\n<!-- \/\/ Post Wrap End -->\n\n<!-- NOTE: If you need to make changes to this file, copy it to your current theme's main\n\tdirectory so your changes won't be overwritten when the plugin is upgraded. -->\n\n<!-- Post Wrap Start-->\n<div class=\"post hentry ivycat-post\">\n\n\t<!-- \tThis outputs the post TITLE -->\n\t<h2 class=\"entry-title\"><a href=\"https:\/\/managing-ils-reporting.itcilo.org\/es\/use-unrelated-gatherings-as-a-means-of-tapping-the-attention-of-social-partners-2\/\">Aprovechar reuniones no relacionadas para llamar la atenci\u00f3n de los interlocutores sociales.<\/a><\/h2>\n\n\t<!-- \tThis outputs the post EXCERPT.  To display full content including images and html,\n\t\treplace the_excerpt(); with the_content();  below. -->\n\t<div class=\"entry-summary\">\n\t\t<p>En Per\u00fa se interceptan los interlocutores sociales y se solicita su involucraci\u00f3n.<\/p>\n\t<\/div>\n\n\t<!--\tThis outputs the post META information -->\n\t<div class=\"entry-utility\">\n\t\t\t\t\t<span class=\"cat-links\">\n\t\t\t\t<span class=\"entry-utility-prep entry-utility-prep-cat-links\">Posted in<\/span> <a href=\"https:\/\/managing-ils-reporting.itcilo.org\/es\/category\/comunicaciones-y-consultas-con-los-interlocutores-sociales\/\" rel=\"category tag\">Comunicaciones y consultas con los interlocutores sociales<\/a>\t\t\t<\/span>\n\t\t\t<span class=\"meta-sep\">|<\/span>\n\t\t\t\t\t\t<span class=\"comments-link\">\n\t\t\t<span>Comentarios desactivados<span class=\"screen-reader-text\"> en Aprovechar reuniones no relacionadas para llamar la atenci\u00f3n de los interlocutores sociales.<\/span><\/span>\t\t<\/span>\n\t\t\t<\/div>\n<\/div>\n<!-- \/\/ Post Wrap End -->\n\n<!-- NOTE: If you need to make changes to this file, copy it to your current theme's main\n\tdirectory so your changes won't be overwritten when the plugin is upgraded. -->\n\n<!-- Post Wrap Start-->\n<div class=\"post hentry ivycat-post\">\n\n\t<!-- \tThis outputs the post TITLE -->\n\t<h2 class=\"entry-title\"><a href=\"https:\/\/managing-ils-reporting.itcilo.org\/es\/establish-and-maintain-an-open-ils-library-3\/\">Crear y conservar una biblioteca abierta de las NIT<\/a><\/h2>\n\n\t<!-- \tThis outputs the post EXCERPT.  To display full content including images and html,\n\t\treplace the_excerpt(); with the_content();  below. -->\n\t<div class=\"entry-summary\">\n\t\t<p>En Chad, existe una biblioteca de las NIT abierta a la consulta.<\/p>\n\t<\/div>\n\n\t<!--\tThis outputs the post META information -->\n\t<div class=\"entry-utility\">\n\t\t\t\t\t<span class=\"cat-links\">\n\t\t\t\t<span class=\"entry-utility-prep entry-utility-prep-cat-links\">Posted in<\/span> <a href=\"https:\/\/managing-ils-reporting.itcilo.org\/es\/category\/comunicaciones-y-consultas-con-los-interlocutores-sociales\/\" rel=\"category tag\">Comunicaciones y consultas con los interlocutores sociales<\/a>\t\t\t<\/span>\n\t\t\t<span class=\"meta-sep\">|<\/span>\n\t\t\t\t\t\t<span class=\"comments-link\">\n\t\t\t<span>Comentarios desactivados<span class=\"screen-reader-text\"> en Crear y conservar una biblioteca abierta de las NIT<\/span><\/span>\t\t<\/span>\n\t\t\t<\/div>\n<\/div>\n<!-- \/\/ Post Wrap End -->\n\n<!-- NOTE: If you need to make changes to this file, copy it to your current theme's main\n\tdirectory so your changes won't be overwritten when the plugin is upgraded. -->\n\n<!-- Post Wrap Start-->\n<div class=\"post hentry ivycat-post\">\n\n\t<!-- \tThis outputs the post TITLE -->\n\t<h2 class=\"entry-title\"><a href=\"https:\/\/managing-ils-reporting.itcilo.org\/es\/legislative-provisions-on-consultation-2\/\">Disposiciones legislativas sobre la consulta<\/a><\/h2>\n\n\t<!-- \tThis outputs the post EXCERPT.  To display full content including images and html,\n\t\treplace the_excerpt(); with the_content();  below. -->\n\t<div class=\"entry-summary\">\n\t\t<p>La se\u00f1ora Gloria Beatriz Gaviria Ramos, Jefe, Oficina de Cooperaci\u00f3n y Relaciones Internacionales, Ministerio del Trabajo, Colombia, describe la disposici\u00f3n legislativa sobre la consulta tripartita (mayo de 2013).<\/p>\n\t<\/div>\n\n\t<!--\tThis outputs the post META information -->\n\t<div class=\"entry-utility\">\n\t\t\t\t\t<span class=\"cat-links\">\n\t\t\t\t<span class=\"entry-utility-prep entry-utility-prep-cat-links\">Posted in<\/span> <a href=\"https:\/\/managing-ils-reporting.itcilo.org\/es\/category\/comunicaciones-y-consultas-con-los-interlocutores-sociales\/\" rel=\"category tag\">Comunicaciones y consultas con los interlocutores sociales<\/a>\t\t\t<\/span>\n\t\t\t<span class=\"meta-sep\">|<\/span>\n\t\t\t\t\t\t<span class=\"comments-link\">\n\t\t\t<span>Comentarios desactivados<span class=\"screen-reader-text\"> en Disposiciones legislativas sobre la consulta<\/span><\/span>\t\t<\/span>\n\t\t\t<\/div>\n<\/div>\n<!-- \/\/ Post Wrap End -->\n\n<!-- NOTE: If you need to make changes to this file, copy it to your current theme's main\n\tdirectory so your changes won't be overwritten when the plugin is upgraded. -->\n\n<!-- Post Wrap Start-->\n<div class=\"post hentry ivycat-post\">\n\n\t<!-- \tThis outputs the post TITLE -->\n\t<h2 class=\"entry-title\"><a href=\"https:\/\/managing-ils-reporting.itcilo.org\/es\/inclusive-involvement-and-follow-up-2\/\">Involucraci\u00f3n inclusiva y seguimiento<\/a><\/h2>\n\n\t<!-- \tThis outputs the post EXCERPT.  To display full content including images and html,\n\t\treplace the_excerpt(); with the_content();  below. -->\n\t<div class=\"entry-summary\">\n\t\t<p>Ms. Dorine Monica Brooks, Director, International Labour Agencies and Information, ILO Desk Officer, Ministry of Labour and Social Security, Jamaica contributes practice on involvement and follow up.<\/p>\n\t<\/div>\n\n\t<!--\tThis outputs the post META information -->\n\t<div class=\"entry-utility\">\n\t\t\t\t\t<span class=\"cat-links\">\n\t\t\t\t<span class=\"entry-utility-prep entry-utility-prep-cat-links\">Posted in<\/span> <a href=\"https:\/\/managing-ils-reporting.itcilo.org\/es\/category\/comunicaciones-y-consultas-con-los-interlocutores-sociales\/\" rel=\"category tag\">Comunicaciones y consultas con los interlocutores sociales<\/a>\t\t\t<\/span>\n\t\t\t<span class=\"meta-sep\">|<\/span>\n\t\t\t\t\t\t<span class=\"comments-link\">\n\t\t\t<span>Comentarios desactivados<span class=\"screen-reader-text\"> en Involucraci\u00f3n inclusiva y seguimiento<\/span><\/span>\t\t<\/span>\n\t\t\t<\/div>\n<\/div>\n<!-- \/\/ Post Wrap End -->\n\n<!-- NOTE: If you need to make changes to this file, copy it to your current theme's main\n\tdirectory so your changes won't be overwritten when the plugin is upgraded. -->\n\n<!-- Post Wrap Start-->\n<div class=\"post hentry ivycat-post\">\n\n\t<!-- \tThis outputs the post TITLE -->\n\t<h2 class=\"entry-title\"><a href=\"https:\/\/managing-ils-reporting.itcilo.org\/es\/la-opinion-de-una-oficina-de-apoyo\/\">La opini\u00f3n de una oficina de apoyo<\/a><\/h2>\n\n\t<!-- \tThis outputs the post EXCERPT.  To display full content including images and html,\n\t\treplace the_excerpt(); with the_content();  below. -->\n\t<div class=\"entry-summary\">\n\t\t<p>La se\u00f1ora Maria Consuela Baki, Mediador\/\u00c1rbitro, Oficina de Relaciones Laborales, Departamento de Trabajo y Empleo, Filipinas, describe el proceso de consulta desde la perspectiva externa a la de la oficina directamente responsable de la preparaci\u00f3n de las memorias (diciembre de 2011).<\/p>\n\t<\/div>\n\n\t<!--\tThis outputs the post META information -->\n\t<div class=\"entry-utility\">\n\t\t\t\t\t<span class=\"cat-links\">\n\t\t\t\t<span class=\"entry-utility-prep entry-utility-prep-cat-links\">Posted in<\/span> <a href=\"https:\/\/managing-ils-reporting.itcilo.org\/es\/category\/comunicaciones-y-consultas-con-los-interlocutores-sociales\/\" rel=\"category tag\">Comunicaciones y consultas con los interlocutores sociales<\/a>, <a href=\"https:\/\/managing-ils-reporting.itcilo.org\/es\/category\/sin-categorizar\/\" rel=\"category tag\">Sin categorizar<\/a>\t\t\t<\/span>\n\t\t\t<span class=\"meta-sep\">|<\/span>\n\t\t\t\t\t\t<span class=\"comments-link\">\n\t\t\t<span>Comentarios desactivados<span class=\"screen-reader-text\"> en La opini\u00f3n de una oficina de apoyo<\/span><\/span>\t\t<\/span>\n\t\t\t<\/div>\n<\/div>\n<!-- \/\/ Post Wrap End -->\n\n<!-- NOTE: If you need to make changes to this file, copy it to your current theme's main\n\tdirectory so your changes won't be overwritten when the plugin is upgraded. -->\n\n<!-- Post Wrap Start-->\n<div class=\"post hentry ivycat-post\">\n\n\t<!-- \tThis outputs the post TITLE -->\n\t<h2 class=\"entry-title\"><a href=\"https:\/\/managing-ils-reporting.itcilo.org\/es\/the-value-of-institutionalized-tripartite-structure-2\/\">La utilidad de una estructura tripartita e institucionalizada<\/a><\/h2>\n\n\t<!-- \tThis outputs the post EXCERPT.  To display full content including images and html,\n\t\treplace the_excerpt(); with the_content();  below. -->\n\t<div class=\"entry-summary\">\n\t\t<p>La se\u00f1ora Catherine Abayao, Funcionario de Trabajo y Empleo, Divisi\u00f3n de Relaciones Internacionales y Cooperaci\u00f3n, Departamento de Trabajo y Empleo, Filipinas, describe los beneficios de las estructuras tripartitas bien establecidas y del apoyo de alto nivel (diciembre de 2011).<\/p>\n\t<\/div>\n\n\t<!--\tThis outputs the post META information -->\n\t<div class=\"entry-utility\">\n\t\t\t\t\t<span class=\"cat-links\">\n\t\t\t\t<span class=\"entry-utility-prep entry-utility-prep-cat-links\">Posted in<\/span> <a href=\"https:\/\/managing-ils-reporting.itcilo.org\/es\/category\/comunicaciones-y-consultas-con-los-interlocutores-sociales\/\" rel=\"category tag\">Comunicaciones y consultas con los interlocutores sociales<\/a>\t\t\t<\/span>\n\t\t\t<span class=\"meta-sep\">|<\/span>\n\t\t\t\t\t\t<span class=\"comments-link\">\n\t\t\t<span>Comentarios desactivados<span class=\"screen-reader-text\"> en La utilidad de una estructura tripartita e institucionalizada<\/span><\/span>\t\t<\/span>\n\t\t\t<\/div>\n<\/div>\n<!-- \/\/ Post Wrap End -->\n\n<!-- NOTE: If you need to make changes to this file, copy it to your current theme's main\n\tdirectory so your changes won't be overwritten when the plugin is upgraded. -->\n\n<!-- Post Wrap Start-->\n<div class=\"post hentry ivycat-post\">\n\n\t<!-- \tThis outputs the post TITLE -->\n\t<h2 class=\"entry-title\"><a href=\"https:\/\/managing-ils-reporting.itcilo.org\/es\/the-usefulness-of-expert-advice-2\/\">La utilidad del consejo de un experto<\/a><\/h2>\n\n\t<!-- \tThis outputs the post EXCERPT.  To display full content including images and html,\n\t\treplace the_excerpt(); with the_content();  below. -->\n\t<div class=\"entry-summary\">\n\t\t<p>La se\u00f1ora Dorine Monica Brooks, Directora, Agencias Internacionales del Trabajo e Informaci\u00f3n, Funcionario Responsable de los Asuntos de la de la OIT, Ministerio de Trabajo y Seguridad Social, Jamaica, explica c\u00f3mo se solicita el asesoramiento de un experto externo (mayo de 2013).<\/p>\n\t<\/div>\n\n\t<!--\tThis outputs the post META information -->\n\t<div class=\"entry-utility\">\n\t\t\t\t\t<span class=\"cat-links\">\n\t\t\t\t<span class=\"entry-utility-prep entry-utility-prep-cat-links\">Posted in<\/span> <a href=\"https:\/\/managing-ils-reporting.itcilo.org\/es\/category\/comunicaciones-y-consultas-con-los-interlocutores-sociales\/\" rel=\"category tag\">Comunicaciones y consultas con los interlocutores sociales<\/a>\t\t\t<\/span>\n\t\t\t<span class=\"meta-sep\">|<\/span>\n\t\t\t\t\t\t<span class=\"comments-link\">\n\t\t\t<span>Comentarios desactivados<span class=\"screen-reader-text\"> en La utilidad del consejo de un experto<\/span><\/span>\t\t<\/span>\n\t\t\t<\/div>\n<\/div>\n<!-- \/\/ Post Wrap End -->\n\n<!-- NOTE: If you need to make changes to this file, copy it to your current theme's main\n\tdirectory so your changes won't be overwritten when the plugin is upgraded. -->\n\n<!-- Post Wrap Start-->\n<div class=\"post hentry ivycat-post\">\n\n\t<!-- \tThis outputs the post TITLE -->\n\t<h2 class=\"entry-title\"><a href=\"https:\/\/managing-ils-reporting.itcilo.org\/es\/get-ilo-representatives-to-engage-high-level-social-partners-2\/\">Lograr que los representantes de la OIT involucren a los interlocutores sociales de alto nivel<\/a><\/h2>\n\n\t<!-- \tThis outputs the post EXCERPT.  To display full content including images and html,\n\t\treplace the_excerpt(); with the_content();  below. -->\n\t<div class=\"entry-summary\">\n\t\t<p>En Turkmenist\u00e1n, se invitan a los representantes de la OIT para que ayuden a involucrar a los interlocutores sociales de alto nivel en las cuestiones relativas a las NIT.<\/p>\n\t<\/div>\n\n\t<!--\tThis outputs the post META information -->\n\t<div class=\"entry-utility\">\n\t\t\t\t\t<span class=\"cat-links\">\n\t\t\t\t<span class=\"entry-utility-prep entry-utility-prep-cat-links\">Posted in<\/span> <a href=\"https:\/\/managing-ils-reporting.itcilo.org\/es\/category\/comunicaciones-y-consultas-con-los-interlocutores-sociales\/\" rel=\"category tag\">Comunicaciones y consultas con los interlocutores sociales<\/a>\t\t\t<\/span>\n\t\t\t<span class=\"meta-sep\">|<\/span>\n\t\t\t\t\t\t<span class=\"comments-link\">\n\t\t\t<span>Comentarios desactivados<span class=\"screen-reader-text\"> en Lograr que los representantes de la OIT involucren a los interlocutores sociales de alto nivel<\/span><\/span>\t\t<\/span>\n\t\t\t<\/div>\n<\/div>\n<!-- \/\/ Post Wrap End -->\n\n<!-- NOTE: If you need to make changes to this file, copy it to your current theme's main\n\tdirectory so your changes won't be overwritten when the plugin is upgraded. -->\n\n<!-- Post Wrap Start-->\n<div class=\"post hentry ivycat-post\">\n\n\t<!-- \tThis outputs the post TITLE -->\n\t<h2 class=\"entry-title\"><a href=\"https:\/\/managing-ils-reporting.itcilo.org\/es\/an-example-of-the-consultation-process-2\/\">Un ejemplo del proceso de consulta<\/a><\/h2>\n\n\t<!-- \tThis outputs the post EXCERPT.  To display full content including images and html,\n\t\treplace the_excerpt(); with the_content();  below. -->\n\t<div class=\"entry-summary\">\n\t\t<p>La se\u00f1ora Delia S. Palomar, Directora de Trabajo y Empleo, Divisi\u00f3n de Relaciones y Cooperaci\u00f3n Internacionales, Departamento de Trabajo y Empleo, Filipinas, describe el proceso de consulta que se lleva a cabo en las Filipinas (diciembre de 2011).<\/p>\n\t<\/div>\n\n\t<!--\tThis outputs the post META information -->\n\t<div class=\"entry-utility\">\n\t\t\t\t\t<span class=\"cat-links\">\n\t\t\t\t<span class=\"entry-utility-prep entry-utility-prep-cat-links\">Posted in<\/span> <a href=\"https:\/\/managing-ils-reporting.itcilo.org\/es\/category\/comunicaciones-y-consultas-con-los-interlocutores-sociales\/\" rel=\"category tag\">Comunicaciones y consultas con los interlocutores sociales<\/a>\t\t\t<\/span>\n\t\t\t<span class=\"meta-sep\">|<\/span>\n\t\t\t\t\t\t<span class=\"comments-link\">\n\t\t\t<span>Comentarios desactivados<span class=\"screen-reader-text\"> en Un ejemplo del proceso de consulta<\/span><\/span>\t\t<\/span>\n\t\t\t<\/div>\n<\/div>\n<!-- \/\/ Post Wrap End -->\n\n<!-- NOTE: If you need to make changes to this file, copy it to your current theme's main\n\tdirectory so your changes won't be overwritten when the plugin is upgraded. -->\n\n<!-- Post Wrap Start-->\n<div class=\"post hentry ivycat-post\">\n\n\t<!-- \tThis outputs the post TITLE -->\n\t<h2 class=\"entry-title\"><a href=\"https:\/\/managing-ils-reporting.itcilo.org\/es\/use-social-dialogue-to-resolve-issues-2\/\">Utilizar el di\u00e1logo social para resolver problemas<\/a><\/h2>\n\n\t<!-- \tThis outputs the post EXCERPT.  To display full content including images and html,\n\t\treplace the_excerpt(); with the_content();  below. -->\n\t<div class=\"entry-summary\">\n\t\t<p>En Panam\u00e1 se utiliza el di\u00e1logo social sobre los contenidos de las memorias para resolver problemas.<\/p>\n\t<\/div>\n\n\t<!--\tThis outputs the post META information -->\n\t<div class=\"entry-utility\">\n\t\t\t\t\t<span class=\"cat-links\">\n\t\t\t\t<span class=\"entry-utility-prep entry-utility-prep-cat-links\">Posted in<\/span> <a href=\"https:\/\/managing-ils-reporting.itcilo.org\/es\/category\/comunicaciones-y-consultas-con-los-interlocutores-sociales\/\" rel=\"category tag\">Comunicaciones y consultas con los interlocutores sociales<\/a>\t\t\t<\/span>\n\t\t\t<span class=\"meta-sep\">|<\/span>\n\t\t\t\t\t\t<span class=\"comments-link\">\n\t\t\t<span>Comentarios desactivados<span class=\"screen-reader-text\"> en Utilizar el di\u00e1logo social para resolver problemas<\/span><\/span>\t\t<\/span>\n\t\t\t<\/div>\n<\/div>\n<!-- \/\/ Post Wrap End -->\n\n<\/div>\n","protected":false},"excerpt":{"rendered":"<p>El art\u00edculo 23, p\u00e1rrafo 2 de la Constituci\u00f3n de la OIT, establece comunicar las memorias a los interlocutores sociales. El Convenio sobre la consulta tripartita (normas internacionales del trabajo), 1976 (n\u00fam. 144), obliga a la consulta con los interlocutores sociales sobre todas las memorias relativas a las NIT. La siguiente es una recopilaci\u00f3n de pr\u00e1cticas [&hellip;]<\/p>\n","protected":false},"author":1,"featured_media":0,"parent":230,"menu_order":0,"comment_status":"closed","ping_status":"closed","template":"","meta":{"footnotes":""},"class_list":["post-879","page","type-page","status-publish","hentry"],"_links":{"self":[{"href":"https:\/\/managing-ils-reporting.itcilo.org\/es\/wp-json\/wp\/v2\/pages\/879","targetHints":{"allow":["GET"]}}],"collection":[{"href":"https:\/\/managing-ils-reporting.itcilo.org\/es\/wp-json\/wp\/v2\/pages"}],"about":[{"href":"https:\/\/managing-ils-reporting.itcilo.org\/es\/wp-json\/wp\/v2\/types\/page"}],"author":[{"embeddable":true,"href":"https:\/\/managing-ils-reporting.itcilo.org\/es\/wp-json\/wp\/v2\/users\/1"}],"replies":[{"embeddable":true,"href":"https:\/\/managing-ils-reporting.itcilo.org\/es\/wp-json\/wp\/v2\/comments?post=879"}],"version-history":[{"count":4,"href":"https:\/\/managing-ils-reporting.itcilo.org\/es\/wp-json\/wp\/v2\/pages\/879\/revisions"}],"predecessor-version":[{"id":906,"href":"https:\/\/managing-ils-reporting.itcilo.org\/es\/wp-json\/wp\/v2\/pages\/879\/revisions\/906"}],"up":[{"embeddable":true,"href":"https:\/\/managing-ils-reporting.itcilo.org\/es\/wp-json\/wp\/v2\/pages\/230"}],"wp:attachment":[{"href":"https:\/\/managing-ils-reporting.itcilo.org\/es\/wp-json\/wp\/v2\/media?parent=879"}],"curies":[{"name":"wp","href":"https:\/\/api.w.org\/{rel}","templated":true}]}}