{"id":892,"date":"2019-12-20T14:25:49","date_gmt":"2019-12-20T14:25:49","guid":{"rendered":"https:\/\/dev-managing-ils-reporting.pantheonsite.io\/practicas\/subject-selection\/management\/"},"modified":"2020-01-09T10:28:59","modified_gmt":"2020-01-09T10:28:59","slug":"management","status":"publish","type":"page","link":"https:\/\/managing-ils-reporting.itcilo.org\/es\/practicas\/subject-selection\/management\/","title":{"rendered":"Gesti\u00f3n"},"content":{"rendered":"<p class=\"documentDescription\"><span id=\"parent-fieldname-description\" class=\"\">Manejar los recursos necesarios para la elaboraci\u00f3n de memorias sobre las NIT requiere capacidades. La siguiente es una recopilaci\u00f3n de esas capacidades que ofrece ideas sobre qu\u00e9 se puede hacer para manejar en la mejor forma posible el proceso de elaboraci\u00f3n de memorias y las personas m\u00e1s involucradas en su realizaci\u00f3n.<\/span><\/p>\n<div id=\"parent-fieldname-text\" class=\"plain\">\n<p>Todo sobre c\u00f3mo manejar las cuestiones relativas a las NIT y la elaboraci\u00f3n de memorias, en orden alfab\u00e9tico.<\/p>\n<\/div>\n<div id=\"parent-fieldname-text\" class=\"plain\">\n\n<!-- NOTE: If you need to make changes to this file, copy it to your current theme's main\n\tdirectory so your changes won't be overwritten when the plugin is upgraded. -->\n\n<!-- Post Wrap Start-->\n<div class=\"post hentry ivycat-post\">\n\n\t<!-- \tThis outputs the post TITLE -->\n\t<h2 class=\"entry-title\"><a href=\"https:\/\/managing-ils-reporting.itcilo.org\/es\/accessing-legal-expertise-3\/\">El acceso a la experiencia jur\u00eddica<\/a><\/h2>\n\n\t<!-- \tThis outputs the post EXCERPT.  To display full content including images and html,\n\t\treplace the_excerpt(); with the_content();  below. -->\n\t<div class=\"entry-summary\">\n\t\t<p>La se\u00f1ora Celeste M. Valderrama, Directora, Oficina de Asuntos Internacionales del Trabajo, Departamento de Trabajo y Empleo, Filipinas, describe c\u00f3mo se accede a la experiencia jur\u00eddica \u201ccuando se necesita\u201d (diciembre de 2011).<\/p>\n\t<\/div>\n\n\t<!--\tThis outputs the post META information -->\n\t<div class=\"entry-utility\">\n\t\t\t\t\t<span class=\"cat-links\">\n\t\t\t\t<span class=\"entry-utility-prep entry-utility-prep-cat-links\">Posted in<\/span> <a href=\"https:\/\/managing-ils-reporting.itcilo.org\/es\/category\/gestion-es\/\" rel=\"category tag\">Gesti\u00f3n<\/a>\t\t\t<\/span>\n\t\t\t<span class=\"meta-sep\">|<\/span>\n\t\t\t\t\t\t<span class=\"comments-link\">\n\t\t\t<span>Comentarios desactivados<span class=\"screen-reader-text\"> en El acceso a la experiencia jur\u00eddica<\/span><\/span>\t\t<\/span>\n\t\t\t<\/div>\n<\/div>\n<!-- \/\/ Post Wrap End -->\n\n<!-- NOTE: If you need to make changes to this file, copy it to your current theme's main\n\tdirectory so your changes won't be overwritten when the plugin is upgraded. -->\n\n<!-- Post Wrap Start-->\n<div class=\"post hentry ivycat-post\">\n\n\t<!-- \tThis outputs the post TITLE -->\n\t<h2 class=\"entry-title\"><a href=\"https:\/\/managing-ils-reporting.itcilo.org\/es\/international-context-gives-importance-to-ils-2\/\">El contexto internacional le otorga importancia a las NIT<\/a><\/h2>\n\n\t<!-- \tThis outputs the post EXCERPT.  To display full content including images and html,\n\t\treplace the_excerpt(); with the_content();  below. -->\n\t<div class=\"entry-summary\">\n\t\t<p>La se\u00f1ora Celeste M. Valderrama, Directora, Oficina de Asuntos Internacionales del Trabajo, Departamento de Trabajo y Empleo, Filipinas, habla de la importancia de las NIT y de la elaboraci\u00f3n de memorias relativas a las NIT para los trabajadores filipinos que se encuentran en el exterior (diciembre de 2011).<\/p>\n\t<\/div>\n\n\t<!--\tThis outputs the post META information -->\n\t<div class=\"entry-utility\">\n\t\t\t\t\t<span class=\"cat-links\">\n\t\t\t\t<span class=\"entry-utility-prep entry-utility-prep-cat-links\">Posted in<\/span> <a href=\"https:\/\/managing-ils-reporting.itcilo.org\/es\/category\/gestion-es\/\" rel=\"category tag\">Gesti\u00f3n<\/a>\t\t\t<\/span>\n\t\t\t<span class=\"meta-sep\">|<\/span>\n\t\t\t\t\t\t<span class=\"comments-link\">\n\t\t\t<span>Comentarios desactivados<span class=\"screen-reader-text\"> en El contexto internacional le otorga importancia a las NIT<\/span><\/span>\t\t<\/span>\n\t\t\t<\/div>\n<\/div>\n<!-- \/\/ Post Wrap End -->\n\n<!-- NOTE: If you need to make changes to this file, copy it to your current theme's main\n\tdirectory so your changes won't be overwritten when the plugin is upgraded. -->\n\n<!-- Post Wrap Start-->\n<div class=\"post hentry ivycat-post\">\n\n\t<!-- \tThis outputs the post TITLE -->\n\t<h2 class=\"entry-title\"><a href=\"https:\/\/managing-ils-reporting.itcilo.org\/es\/make-a-consolidated-report-on-matters-for-follow-up-2\/\">Elaborar un informe unificado sobre asuntos para su seguimiento<\/a><\/h2>\n\n\t<!-- \tThis outputs the post EXCERPT.  To display full content including images and html,\n\t\treplace the_excerpt(); with the_content();  below. -->\n\t<div class=\"entry-summary\">\n\t\t<p>En Macao, los responsables de la elaboraci\u00f3n de memorias sobre las NIT redactan un informe sobre asuntos que necesitan un seguimiento despu\u00e9s de que se complet\u00f3 la elaboraci\u00f3n de las memorias.<\/p>\n\t<\/div>\n\n\t<!--\tThis outputs the post META information -->\n\t<div class=\"entry-utility\">\n\t\t\t\t\t<span class=\"cat-links\">\n\t\t\t\t<span class=\"entry-utility-prep entry-utility-prep-cat-links\">Posted in<\/span> <a href=\"https:\/\/managing-ils-reporting.itcilo.org\/es\/category\/gestion-es\/\" rel=\"category tag\">Gesti\u00f3n<\/a>\t\t\t<\/span>\n\t\t\t<span class=\"meta-sep\">|<\/span>\n\t\t\t\t\t\t<span class=\"comments-link\">\n\t\t\t<span>Comentarios desactivados<span class=\"screen-reader-text\"> en Elaborar un informe unificado sobre asuntos para su seguimiento<\/span><\/span>\t\t<\/span>\n\t\t\t<\/div>\n<\/div>\n<!-- \/\/ Post Wrap End -->\n\n<!-- NOTE: If you need to make changes to this file, copy it to your current theme's main\n\tdirectory so your changes won't be overwritten when the plugin is upgraded. -->\n\n<!-- Post Wrap Start-->\n<div class=\"post hentry ivycat-post\">\n\n\t<!-- \tThis outputs the post TITLE -->\n\t<h2 class=\"entry-title\"><a href=\"https:\/\/managing-ils-reporting.itcilo.org\/es\/exclusive-responsibility-can-help-responsiveness-2\/\">La responsabilidad exclusiva puede favorecer la capacidad de respuesta<\/a><\/h2>\n\n\t<!-- \tThis outputs the post EXCERPT.  To display full content including images and html,\n\t\treplace the_excerpt(); with the_content();  below. -->\n\t<div class=\"entry-summary\">\n\t\t<p>La se\u00f1ora Dorine Monica Brooks, Directora, Agencias Internacionales de Trabajo e Informaci\u00f3n, Funcionario Responsable de los Asuntos de la de la OIT, Ministerio de Trabajo y Seguridad Social, Jamaica, describe c\u00f3mo la responsabilidad exclusiva puede favorecer la capacidad de respuesta (mayo de 2013).<\/p>\n\t<\/div>\n\n\t<!--\tThis outputs the post META information -->\n\t<div class=\"entry-utility\">\n\t\t\t\t\t<span class=\"cat-links\">\n\t\t\t\t<span class=\"entry-utility-prep entry-utility-prep-cat-links\">Posted in<\/span> <a href=\"https:\/\/managing-ils-reporting.itcilo.org\/es\/category\/gestion-es\/\" rel=\"category tag\">Gesti\u00f3n<\/a>\t\t\t<\/span>\n\t\t\t<span class=\"meta-sep\">|<\/span>\n\t\t\t\t\t\t<span class=\"comments-link\">\n\t\t\t<span>Comentarios desactivados<span class=\"screen-reader-text\"> en La responsabilidad exclusiva puede favorecer la capacidad de respuesta<\/span><\/span>\t\t<\/span>\n\t\t\t<\/div>\n<\/div>\n<!-- \/\/ Post Wrap End -->\n\n<!-- NOTE: If you need to make changes to this file, copy it to your current theme's main\n\tdirectory so your changes won't be overwritten when the plugin is upgraded. -->\n\n<!-- Post Wrap Start-->\n<div class=\"post hentry ivycat-post\">\n\n\t<!-- \tThis outputs the post TITLE -->\n\t<h2 class=\"entry-title\"><a href=\"https:\/\/managing-ils-reporting.itcilo.org\/es\/the-value-of-institutionalized-tripartite-structure-3\/\">La utilidad de una estructura tripartita e institucionalizada<\/a><\/h2>\n\n\t<!-- \tThis outputs the post EXCERPT.  To display full content including images and html,\n\t\treplace the_excerpt(); with the_content();  below. -->\n\t<div class=\"entry-summary\">\n\t\t<p>La se\u00f1ora Catherine Abayao, Funcionario de Trabajo y Empleo, Divisi\u00f3n de Relaciones Internacionales y Cooperaci\u00f3n, Departamento de Trabajo y Empleo, Filipinas, describe los beneficios de las estructuras tripartitas bien establecidas y del apoyo de alto nivel (diciembre de 2011).<\/p>\n\t<\/div>\n\n\t<!--\tThis outputs the post META information -->\n\t<div class=\"entry-utility\">\n\t\t\t\t\t<span class=\"cat-links\">\n\t\t\t\t<span class=\"entry-utility-prep entry-utility-prep-cat-links\">Posted in<\/span> <a href=\"https:\/\/managing-ils-reporting.itcilo.org\/es\/category\/gestion-es\/\" rel=\"category tag\">Gesti\u00f3n<\/a>\t\t\t<\/span>\n\t\t\t<span class=\"meta-sep\">|<\/span>\n\t\t\t\t\t\t<span class=\"comments-link\">\n\t\t\t<span>Comentarios desactivados<span class=\"screen-reader-text\"> en La utilidad de una estructura tripartita e institucionalizada<\/span><\/span>\t\t<\/span>\n\t\t\t<\/div>\n<\/div>\n<!-- \/\/ Post Wrap End -->\n\n<!-- NOTE: If you need to make changes to this file, copy it to your current theme's main\n\tdirectory so your changes won't be overwritten when the plugin is upgraded. -->\n\n<!-- Post Wrap Start-->\n<div class=\"post hentry ivycat-post\">\n\n\t<!-- \tThis outputs the post TITLE -->\n\t<h2 class=\"entry-title\"><a href=\"https:\/\/managing-ils-reporting.itcilo.org\/es\/the-benefits-of-operational-planning-2\/\">Los beneficios de la planificaci\u00f3n operativa<\/a><\/h2>\n\n\t<!-- \tThis outputs the post EXCERPT.  To display full content including images and html,\n\t\treplace the_excerpt(); with the_content();  below. -->\n\t<div class=\"entry-summary\">\n\t\t<p>La se\u00f1ora Dorine Monica Brooks, Directora, Agencias Internacionales del Trabajo e Informaci\u00f3n, Funcionario Responsable de los Asuntos de la OIT, Ministerio del Trabajo y Seguridad Social, Jamaica, describe los beneficios de la planificaci\u00f3n operativa (mayo de 2013).<\/p>\n\t<\/div>\n\n\t<!--\tThis outputs the post META information -->\n\t<div class=\"entry-utility\">\n\t\t\t\t\t<span class=\"cat-links\">\n\t\t\t\t<span class=\"entry-utility-prep entry-utility-prep-cat-links\">Posted in<\/span> <a href=\"https:\/\/managing-ils-reporting.itcilo.org\/es\/category\/gestion-es\/\" rel=\"category tag\">Gesti\u00f3n<\/a>\t\t\t<\/span>\n\t\t\t<span class=\"meta-sep\">|<\/span>\n\t\t\t\t\t\t<span class=\"comments-link\">\n\t\t\t<a href=\"https:\/\/managing-ils-reporting.itcilo.org\/es\/the-benefits-of-operational-planning-2\/#comments\">36.227 Comments<\/a>\t\t<\/span>\n\t\t\t<\/div>\n<\/div>\n<!-- \/\/ Post Wrap End -->\n\n<!-- NOTE: If you need to make changes to this file, copy it to your current theme's main\n\tdirectory so your changes won't be overwritten when the plugin is upgraded. -->\n\n<!-- Post Wrap Start-->\n<div class=\"post hentry ivycat-post\">\n\n\t<!-- \tThis outputs the post TITLE -->\n\t<h2 class=\"entry-title\"><a href=\"https:\/\/managing-ils-reporting.itcilo.org\/es\/manage-reporting-in-terms-of-steps-2\/\">Organizar la elaboraci\u00f3n de memorias en fases<\/a><\/h2>\n\n\t<!-- \tThis outputs the post EXCERPT.  To display full content including images and html,\n\t\treplace the_excerpt(); with the_content();  below. -->\n\t<div class=\"entry-summary\">\n\t\t<p>En Per\u00fa el procedimiento establecido prev\u00e9 completar la elaboraci\u00f3n de memorias en 4 fases.<\/p>\n\t<\/div>\n\n\t<!--\tThis outputs the post META information -->\n\t<div class=\"entry-utility\">\n\t\t\t\t\t<span class=\"cat-links\">\n\t\t\t\t<span class=\"entry-utility-prep entry-utility-prep-cat-links\">Posted in<\/span> <a href=\"https:\/\/managing-ils-reporting.itcilo.org\/es\/category\/gestion-es\/\" rel=\"category tag\">Gesti\u00f3n<\/a>\t\t\t<\/span>\n\t\t\t<span class=\"meta-sep\">|<\/span>\n\t\t\t\t\t\t<span class=\"comments-link\">\n\t\t\t<span>Comentarios desactivados<span class=\"screen-reader-text\"> en Organizar la elaboraci\u00f3n de memorias en fases<\/span><\/span>\t\t<\/span>\n\t\t\t<\/div>\n<\/div>\n<!-- \/\/ Post Wrap End -->\n\n<!-- NOTE: If you need to make changes to this file, copy it to your current theme's main\n\tdirectory so your changes won't be overwritten when the plugin is upgraded. -->\n\n<!-- Post Wrap Start-->\n<div class=\"post hentry ivycat-post\">\n\n\t<!-- \tThis outputs the post TITLE -->\n\t<h2 class=\"entry-title\"><a href=\"https:\/\/managing-ils-reporting.itcilo.org\/es\/timely-planning-ils-meeting-2\/\">Planificaci\u00f3n oportuna de las reuniones relativas a las NIT<\/a><\/h2>\n\n\t<!-- \tThis outputs the post EXCERPT.  To display full content including images and html,\n\t\treplace the_excerpt(); with the_content();  below. -->\n\t<div class=\"entry-summary\">\n\t\t<p>En Zimbabwe, para el personal m\u00e1s relevante, se lleva a cabo una reuni\u00f3n simple y oportuna para planificar temas concernientes las NIT.<\/p>\n\t<\/div>\n\n\t<!--\tThis outputs the post META information -->\n\t<div class=\"entry-utility\">\n\t\t\t\t\t<span class=\"cat-links\">\n\t\t\t\t<span class=\"entry-utility-prep entry-utility-prep-cat-links\">Posted in<\/span> <a href=\"https:\/\/managing-ils-reporting.itcilo.org\/es\/category\/gestion-es\/\" rel=\"category tag\">Gesti\u00f3n<\/a>\t\t\t<\/span>\n\t\t\t<span class=\"meta-sep\">|<\/span>\n\t\t\t\t\t\t<span class=\"comments-link\">\n\t\t\t<span>Comentarios desactivados<span class=\"screen-reader-text\"> en Planificaci\u00f3n oportuna de las reuniones relativas a las NIT<\/span><\/span>\t\t<\/span>\n\t\t\t<\/div>\n<\/div>\n<!-- \/\/ Post Wrap End -->\n\n<!-- NOTE: If you need to make changes to this file, copy it to your current theme's main\n\tdirectory so your changes won't be overwritten when the plugin is upgraded. -->\n\n<!-- Post Wrap Start-->\n<div class=\"post hentry ivycat-post\">\n\n\t<!-- \tThis outputs the post TITLE -->\n\t<h2 class=\"entry-title\"><a href=\"https:\/\/managing-ils-reporting.itcilo.org\/es\/promote-training-outside-your-scope-of-responsibility-4\/\">Promover la formaci\u00f3n fuera del \u00e1mbito de la responsabilidad.<\/a><\/h2>\n\n\t<!-- \tThis outputs the post EXCERPT.  To display full content including images and html,\n\t\treplace the_excerpt(); with the_content();  below. -->\n\t<div class=\"entry-summary\">\n\t\t<p>En Panam\u00e1 los directivos responsables de las NIT promueven la capacitaci\u00f3n sobre las NIT para otros funcionarios.<\/p>\n\t<\/div>\n\n\t<!--\tThis outputs the post META information -->\n\t<div class=\"entry-utility\">\n\t\t\t\t\t<span class=\"cat-links\">\n\t\t\t\t<span class=\"entry-utility-prep entry-utility-prep-cat-links\">Posted in<\/span> <a href=\"https:\/\/managing-ils-reporting.itcilo.org\/es\/category\/gestion-es\/\" rel=\"category tag\">Gesti\u00f3n<\/a>\t\t\t<\/span>\n\t\t\t<span class=\"meta-sep\">|<\/span>\n\t\t\t\t\t\t<span class=\"comments-link\">\n\t\t\t<span>Comentarios desactivados<span class=\"screen-reader-text\"> en Promover la formaci\u00f3n fuera del \u00e1mbito de la responsabilidad.<\/span><\/span>\t\t<\/span>\n\t\t\t<\/div>\n<\/div>\n<!-- \/\/ Post Wrap End -->\n\n<!-- NOTE: If you need to make changes to this file, copy it to your current theme's main\n\tdirectory so your changes won't be overwritten when the plugin is upgraded. -->\n\n<!-- Post Wrap Start-->\n<div class=\"post hentry ivycat-post\">\n\n\t<!-- \tThis outputs the post TITLE -->\n\t<h2 class=\"entry-title\"><a href=\"https:\/\/managing-ils-reporting.itcilo.org\/es\/recognize-value-of-a-management-system-2\/\">Reconocer el valor del sistema de gesti\u00f3n<\/a><\/h2>\n\n\t<!-- \tThis outputs the post EXCERPT.  To display full content including images and html,\n\t\treplace the_excerpt(); with the_content();  below. -->\n\t<div class=\"entry-summary\">\n\t\t<p>La se\u00f1ora Celeste M. Valderrama, Directora, Oficina de Asuntos Internacionales del Trabajo, Departamento de Trabajo y Empleo, Filipinas, habla de la importancia de los procesos de gesti\u00f3n de elaboraci\u00f3n de las memorias (diciembre de 2011).<\/p>\n\t<\/div>\n\n\t<!--\tThis outputs the post META information -->\n\t<div class=\"entry-utility\">\n\t\t\t\t\t<span class=\"cat-links\">\n\t\t\t\t<span class=\"entry-utility-prep entry-utility-prep-cat-links\">Posted in<\/span> <a href=\"https:\/\/managing-ils-reporting.itcilo.org\/es\/category\/gestion-es\/\" rel=\"category tag\">Gesti\u00f3n<\/a>\t\t\t<\/span>\n\t\t\t<span class=\"meta-sep\">|<\/span>\n\t\t\t\t\t\t<span class=\"comments-link\">\n\t\t\t<span>Comentarios desactivados<span class=\"screen-reader-text\"> en Reconocer el valor del sistema de gesti\u00f3n<\/span><\/span>\t\t<\/span>\n\t\t\t<\/div>\n<\/div>\n<!-- \/\/ Post Wrap End -->\n\n<!-- NOTE: If you need to make changes to this file, copy it to your current theme's main\n\tdirectory so your changes won't be overwritten when the plugin is upgraded. -->\n\n<!-- Post Wrap Start-->\n<div class=\"post hentry ivycat-post\">\n\n\t<!-- \tThis outputs the post TITLE -->\n\t<h2 class=\"entry-title\"><a href=\"https:\/\/managing-ils-reporting.itcilo.org\/es\/single-office-for-coordination-3\/\">Single office for coordination<\/a><\/h2>\n\n\t<!-- \tThis outputs the post EXCERPT.  To display full content including images and html,\n\t\treplace the_excerpt(); with the_content();  below. -->\n\t<div class=\"entry-summary\">\n\t\t<p>Ms. Gloria Beatriz Gaviria Ramos, Chief, Oficina de Cooperaci\u00f3n y Relaciones Internacionales, Ministerio del Trabajo, Colombia describes the benefit of a single office responsible for coordination.<\/p>\n\t<\/div>\n\n\t<!--\tThis outputs the post META information -->\n\t<div class=\"entry-utility\">\n\t\t\t\t\t<span class=\"cat-links\">\n\t\t\t\t<span class=\"entry-utility-prep entry-utility-prep-cat-links\">Posted in<\/span> <a href=\"https:\/\/managing-ils-reporting.itcilo.org\/es\/category\/gestion-es\/\" rel=\"category tag\">Gesti\u00f3n<\/a>\t\t\t<\/span>\n\t\t\t<span class=\"meta-sep\">|<\/span>\n\t\t\t\t\t\t<span class=\"comments-link\">\n\t\t\t<span>Comentarios desactivados<span class=\"screen-reader-text\"> en Single office for coordination<\/span><\/span>\t\t<\/span>\n\t\t\t<\/div>\n<\/div>\n<!-- \/\/ Post Wrap End -->\n\n<!-- NOTE: If you need to make changes to this file, copy it to your current theme's main\n\tdirectory so your changes won't be overwritten when the plugin is upgraded. -->\n\n<!-- Post Wrap Start-->\n<div class=\"post hentry ivycat-post\">\n\n\t<!-- \tThis outputs the post TITLE -->\n\t<h2 class=\"entry-title\"><a href=\"https:\/\/managing-ils-reporting.itcilo.org\/es\/working-with-challenges-3\/\">Trabajar con los retos<\/a><\/h2>\n\n\t<!-- \tThis outputs the post EXCERPT.  To display full content including images and html,\n\t\treplace the_excerpt(); with the_content();  below. -->\n\t<div class=\"entry-summary\">\n\t\t<p>La se\u00f1ora Celeste M. Valderrama, Directora, Oficina de Asuntos Internacionales del Trabajo, Departamento de Trabajo y Empleo, Filipinas, habla de c\u00f3mo se elaboran y superan los retos (diciembre de 2011).<\/p>\n\t<\/div>\n\n\t<!--\tThis outputs the post META information -->\n\t<div class=\"entry-utility\">\n\t\t\t\t\t<span class=\"cat-links\">\n\t\t\t\t<span class=\"entry-utility-prep entry-utility-prep-cat-links\">Posted in<\/span> <a href=\"https:\/\/managing-ils-reporting.itcilo.org\/es\/category\/gestion-es\/\" rel=\"category tag\">Gesti\u00f3n<\/a>\t\t\t<\/span>\n\t\t\t<span class=\"meta-sep\">|<\/span>\n\t\t\t\t\t\t<span class=\"comments-link\">\n\t\t\t<span>Comentarios desactivados<span class=\"screen-reader-text\"> en Trabajar con los retos<\/span><\/span>\t\t<\/span>\n\t\t\t<\/div>\n<\/div>\n<!-- \/\/ Post Wrap End -->\n\n<!-- NOTE: If you need to make changes to this file, copy it to your current theme's main\n\tdirectory so your changes won't be overwritten when the plugin is upgraded. -->\n\n<!-- Post Wrap Start-->\n<div class=\"post hentry ivycat-post\">\n\n\t<!-- \tThis outputs the post TITLE -->\n\t<h2 class=\"entry-title\"><a href=\"https:\/\/managing-ils-reporting.itcilo.org\/es\/an-example-of-arrangements-for-submission-to-the-competent-national-authority-2\/\">Un ejemplo de acuerdos para la presentaci\u00f3n a las autoridades nacionales competentes<\/a><\/h2>\n\n\t<!-- \tThis outputs the post EXCERPT.  To display full content including images and html,\n\t\treplace the_excerpt(); with the_content();  below. -->\n\t<div class=\"entry-summary\">\n\t\t<p>La se\u00f1ora Delia S. Palomar, Directora de Trabajo y Empleo, Divisi\u00f3n de Relaciones y Cooperaci\u00f3n Internacional, Departamento de Trabajo y Empleo, Filipinas, describe c\u00f3mo se lleva a cabo la presentaci\u00f3n de las NIT reci\u00e9n adoptadas a las autoridades nacionales competentes (diciembre de 2011).<\/p>\n\t<\/div>\n\n\t<!--\tThis outputs the post META information -->\n\t<div class=\"entry-utility\">\n\t\t\t\t\t<span class=\"cat-links\">\n\t\t\t\t<span class=\"entry-utility-prep entry-utility-prep-cat-links\">Posted in<\/span> <a href=\"https:\/\/managing-ils-reporting.itcilo.org\/es\/category\/gestion-es\/\" rel=\"category tag\">Gesti\u00f3n<\/a>\t\t\t<\/span>\n\t\t\t<span class=\"meta-sep\">|<\/span>\n\t\t\t\t\t\t<span class=\"comments-link\">\n\t\t\t<span>Comentarios desactivados<span class=\"screen-reader-text\"> en Un ejemplo de acuerdos para la presentaci\u00f3n a las autoridades nacionales competentes<\/span><\/span>\t\t<\/span>\n\t\t\t<\/div>\n<\/div>\n<!-- \/\/ Post Wrap End -->\n\n<!-- NOTE: If you need to make changes to this file, copy it to your current theme's main\n\tdirectory so your changes won't be overwritten when the plugin is upgraded. -->\n\n<!-- Post Wrap Start-->\n<div class=\"post hentry ivycat-post\">\n\n\t<!-- \tThis outputs the post TITLE -->\n\t<h2 class=\"entry-title\"><a href=\"https:\/\/managing-ils-reporting.itcilo.org\/es\/an-example-of-the-responsible-authoritys-organization-2\/\">Un ejemplo organizativo de las autoridades responsables<\/a><\/h2>\n\n\t<!-- \tThis outputs the post EXCERPT.  To display full content including images and html,\n\t\treplace the_excerpt(); with the_content();  below. -->\n\t<div class=\"entry-summary\">\n\t\t<p>La se\u00f1ora Celeste M. Valderrama, Directora, Oficina de Asuntos Internacionales del Trabajo, Departamento de Trabajo y Empleo, Filipinas, describe la organizaci\u00f3n de las autoridades responsables de las NIT y de la elaboraci\u00f3n de las memorias relativas a las NIT (diciembre de 2011).<\/p>\n\t<\/div>\n\n\t<!--\tThis outputs the post META information -->\n\t<div class=\"entry-utility\">\n\t\t\t\t\t<span class=\"cat-links\">\n\t\t\t\t<span class=\"entry-utility-prep entry-utility-prep-cat-links\">Posted in<\/span> <a href=\"https:\/\/managing-ils-reporting.itcilo.org\/es\/category\/gestion-es\/\" rel=\"category tag\">Gesti\u00f3n<\/a>\t\t\t<\/span>\n\t\t\t<span class=\"meta-sep\">|<\/span>\n\t\t\t\t\t\t<span class=\"comments-link\">\n\t\t\t<span>Comentarios desactivados<span class=\"screen-reader-text\"> en Un ejemplo organizativo de las autoridades responsables<\/span><\/span>\t\t<\/span>\n\t\t\t<\/div>\n<\/div>\n<!-- \/\/ Post Wrap End -->\n\n<\/div>\n","protected":false},"excerpt":{"rendered":"<p>Manejar los recursos necesarios para la elaboraci\u00f3n de memorias sobre las NIT requiere capacidades. La siguiente es una recopilaci\u00f3n de esas capacidades que ofrece ideas sobre qu\u00e9 se puede hacer para manejar en la mejor forma posible el proceso de elaboraci\u00f3n de memorias y las personas m\u00e1s involucradas en su realizaci\u00f3n. Todo sobre c\u00f3mo manejar [&hellip;]<\/p>\n","protected":false},"author":1,"featured_media":0,"parent":230,"menu_order":0,"comment_status":"closed","ping_status":"closed","template":"","meta":{"footnotes":""},"class_list":["post-892","page","type-page","status-publish","hentry"],"_links":{"self":[{"href":"https:\/\/managing-ils-reporting.itcilo.org\/es\/wp-json\/wp\/v2\/pages\/892","targetHints":{"allow":["GET"]}}],"collection":[{"href":"https:\/\/managing-ils-reporting.itcilo.org\/es\/wp-json\/wp\/v2\/pages"}],"about":[{"href":"https:\/\/managing-ils-reporting.itcilo.org\/es\/wp-json\/wp\/v2\/types\/page"}],"author":[{"embeddable":true,"href":"https:\/\/managing-ils-reporting.itcilo.org\/es\/wp-json\/wp\/v2\/users\/1"}],"replies":[{"embeddable":true,"href":"https:\/\/managing-ils-reporting.itcilo.org\/es\/wp-json\/wp\/v2\/comments?post=892"}],"version-history":[{"count":3,"href":"https:\/\/managing-ils-reporting.itcilo.org\/es\/wp-json\/wp\/v2\/pages\/892\/revisions"}],"predecessor-version":[{"id":912,"href":"https:\/\/managing-ils-reporting.itcilo.org\/es\/wp-json\/wp\/v2\/pages\/892\/revisions\/912"}],"up":[{"embeddable":true,"href":"https:\/\/managing-ils-reporting.itcilo.org\/es\/wp-json\/wp\/v2\/pages\/230"}],"wp:attachment":[{"href":"https:\/\/managing-ils-reporting.itcilo.org\/es\/wp-json\/wp\/v2\/media?parent=892"}],"curies":[{"name":"wp","href":"https:\/\/api.w.org\/{rel}","templated":true}]}}