{"id":916,"date":"2020-01-09T10:38:35","date_gmt":"2020-01-09T10:38:35","guid":{"rendered":"https:\/\/dev-managing-ils-reporting.pantheonsite.io\/servicio-de-asistencia\/hint-and-tips\/"},"modified":"2020-01-09T10:42:08","modified_gmt":"2020-01-09T10:42:08","slug":"hint-and-tips","status":"publish","type":"page","link":"https:\/\/managing-ils-reporting.itcilo.org\/es\/servicio-de-asistencia\/hint-and-tips\/","title":{"rendered":"Consejos y sugerencias"},"content":{"rendered":"<h1 class=\"documentFirstHeading\"><span id=\"parent-fieldname-title\" class=\"\">Informe de la Comisi\u00f3n de Aplicaci\u00f3n de Normas de la Conferencia<\/span><\/h1>\n<div id=\"category\" class=\"documentByLine\"><\/div>\n<p class=\"documentDescription\">El Informe de 2019 de la Comisi\u00f3n de Aplicaci\u00f3n de Normas de la Conferencia est\u00e1 disponible. Este tambi\u00e9n abarca la discusi\u00f3n de los 24 casos individuales.<\/p>\n<div id=\"parent-fieldname-text\" class=\"\">\n<p>La \u00faltima edici\u00f3n del Informe de la Comisi\u00f3n de Aplicaci\u00f3n de Normas (CAN) est\u00e1 disponible en el\u00a0<a class=\"external-link\" href=\"https:\/\/www.ilo.org\/ilc\/ILCSessions\/108\/committees\/standards\/lang--es\/index.htm\">sitio web de la OIT<\/a>. En muchos casos individuales la CAN elabora conclusiones que recomiendan que los gobiernos tomen medidas espec\u00edficas para remediar un problema o invitar a misiones de la OIT o la asistencia t\u00e9cnica.<\/p>\n<\/div>\n<p>&nbsp;<\/p>\n<h1 class=\"documentFirstHeading\"><span id=\"parent-fieldname-title\" class=\"\">Manual sobre procedimientos<\/span><\/h1>\n<div id=\"category\" class=\"documentByLine\"><\/div>\n<p class=\"documentDescription\">La edici\u00f3n del Centenario del Manual sobre procedimientos en materia de NIT est\u00e1 disponible.<\/p>\n<div id=\"parent-fieldname-text\" class=\"\">\n<p>El nuevo \u201cManual sobre procedimientos en materia de convenios y recomendaciones internacionales del trabajo\u201d est\u00e1 disponible en el\u00a0<a class=\"external-link\" href=\"https:\/\/www.ilo.org\/global\/standards\/information-resources-and-publications\/publications\/WCMS_713126\/lang--es\/index.htm\">sitio web de la OIT<\/a>\u00a0desde mayo de 2019. Esta edici\u00f3n revisada cubre\u00a0importantes cambios, relativos sobre todo al ciclo de presentaci\u00f3n de memorias sobre los Convenios t\u00e9cnicos ratificados.<\/p>\n<\/div>\n<p>&nbsp;<\/p>\n<h1 class=\"documentFirstHeading\"><span id=\"parent-fieldname-title\" class=\"\">Informe de la Comisi\u00f3n de Expertos en Aplicaci\u00f3n de Convenios y Recomendaciones<\/span><\/h1>\n<div id=\"category\" class=\"documentByLine\"><\/div>\n<p class=\"documentDescription\">El Informe de 2019 de la Comisi\u00f3n de Expertos en Aplicaci\u00f3n de Convenios y Recomendaciones est\u00e1 disponible y contiene observaciones referidas de ciertos pa\u00edses sobre la presentaci\u00f3n de memorias, la aplicaci\u00f3n de los Convenios ratificados, y la obligaci\u00f3n de someter los instrumentos a las autoridades competentes.<\/p>\n<div id=\"parent-fieldname-text\" class=\"\">\n<p>La \u00faltima edici\u00f3n del Informe de la Comisi\u00f3n de Expertos en Aplicaci\u00f3n de Convenios y Recomendaciones (CEACR) ha sido publicada y est\u00e1 disponible en el\u00a0<a class=\"external-link\" href=\"https:\/\/www.ilo.org\/global\/standards\/applying-and-promoting-international-labour-standards\/committee-of-experts-on-the-application-of-conventions-and-recommendations\/WCMS_670142\/lang--es\/index.htm\">sitio web de la OIT<\/a>. El trabajo de la CEACR constituye la piedra angular del sistema de control de la OIT sobre las normas internacionales del trabajo.<\/p>\n<\/div>\n","protected":false},"excerpt":{"rendered":"<p>Informe de la Comisi\u00f3n de Aplicaci\u00f3n de Normas de la Conferencia El Informe de 2019 de la Comisi\u00f3n de Aplicaci\u00f3n de Normas de la Conferencia est\u00e1 disponible. Este tambi\u00e9n abarca la discusi\u00f3n de los 24 casos individuales. La \u00faltima edici\u00f3n del Informe de la Comisi\u00f3n de Aplicaci\u00f3n de Normas (CAN) est\u00e1 disponible en el\u00a0sitio web [&hellip;]<\/p>\n","protected":false},"author":1,"featured_media":0,"parent":186,"menu_order":0,"comment_status":"closed","ping_status":"closed","template":"","meta":{"footnotes":""},"class_list":["post-916","page","type-page","status-publish","hentry"],"_links":{"self":[{"href":"https:\/\/managing-ils-reporting.itcilo.org\/es\/wp-json\/wp\/v2\/pages\/916","targetHints":{"allow":["GET"]}}],"collection":[{"href":"https:\/\/managing-ils-reporting.itcilo.org\/es\/wp-json\/wp\/v2\/pages"}],"about":[{"href":"https:\/\/managing-ils-reporting.itcilo.org\/es\/wp-json\/wp\/v2\/types\/page"}],"author":[{"embeddable":true,"href":"https:\/\/managing-ils-reporting.itcilo.org\/es\/wp-json\/wp\/v2\/users\/1"}],"replies":[{"embeddable":true,"href":"https:\/\/managing-ils-reporting.itcilo.org\/es\/wp-json\/wp\/v2\/comments?post=916"}],"version-history":[{"count":2,"href":"https:\/\/managing-ils-reporting.itcilo.org\/es\/wp-json\/wp\/v2\/pages\/916\/revisions"}],"predecessor-version":[{"id":920,"href":"https:\/\/managing-ils-reporting.itcilo.org\/es\/wp-json\/wp\/v2\/pages\/916\/revisions\/920"}],"up":[{"embeddable":true,"href":"https:\/\/managing-ils-reporting.itcilo.org\/es\/wp-json\/wp\/v2\/pages\/186"}],"wp:attachment":[{"href":"https:\/\/managing-ils-reporting.itcilo.org\/es\/wp-json\/wp\/v2\/media?parent=916"}],"curies":[{"name":"wp","href":"https:\/\/api.w.org\/{rel}","templated":true}]}}