{"id":931,"date":"2019-12-20T16:04:49","date_gmt":"2019-12-20T16:04:49","guid":{"rendered":"https:\/\/dev-managing-ils-reporting.pantheonsite.io\/herramientas\/entire-year-checklist-for-reports-on-ratified-conventions-national-administrations\/"},"modified":"2020-01-10T10:28:08","modified_gmt":"2020-01-10T10:28:08","slug":"entire-year-checklist-for-reports-on-ratified-conventions-national-administrations","status":"publish","type":"page","link":"https:\/\/managing-ils-reporting.itcilo.org\/es\/herramientas\/entire-year-checklist-for-reports-on-ratified-conventions-national-administrations\/","title":{"rendered":"Lista de verificaci\u00f3n anual para memorias sobre Convenios ratificados (administraciones nacionales)"},"content":{"rendered":"<p><select id=\"elem\"><option value=\"\" onchange=\"window.location.href=this.options[this.selectedIndex].value\"><br \/>\n&#8212; Seleccionar Periodo &#8212;<br \/>\n<\/option><option value=\"\/es\/herramientas\/entire-year-checklist-for-reports-on-ratified-conventions-national-administrations\/January-February\">Enero-Febrero<\/option><option value=\"\/es\/herramientas\/entire-year-checklist-for-reports-on-ratified-conventions-national-administrations\/March\">Marzo<\/option><option value=\"\/es\/herramientas\/entire-year-checklist-for-reports-on-ratified-conventions-national-administrations\/April\">Abril<\/option><option value=\"\/es\/herramientas\/entire-year-checklist-for-reports-on-ratified-conventions-national-administrations\/May\">Mayo<\/option><option value=\"\/es\/herramientas\/entire-year-checklist-for-reports-on-ratified-conventions-national-administrations\/June\">Junio<\/option><option value=\"\/es\/herramientas\/entire-year-checklist-for-reports-on-ratified-conventions-national-administrations\/June-August\">Junio-Agosto<\/option><option value=\"\/es\/herramientas\/entire-year-checklist-for-reports-on-ratified-conventions-national-administrations\/September-November\">Septiembre-Noviembre<\/option><option value=\"\/es\/herramientas\/entire-year-checklist-for-reports-on-ratified-conventions-national-administrations\/November-December\">Noviembre-Diciembre<\/option><\/select><\/p>\n<h3>Prop\u00f3sito<\/h3>\n<p>La siguiente lista de verificaci\u00f3n tiene la finalidad de ayudar a los administradores nacionales a entender c\u00f3mo el mecanismo regular de control funciona en base anual. Se ha dise\u00f1ado para ayudarlos a cumplir con sus obligaciones de elaboraci\u00f3n de memorias en forma oportuna y organizada y para permitirles respetar el plazo anual del 1\u00b0 de septiembre para la presentaci\u00f3n de las memorias debidas relativas a los Convenios ratificados. La lista de verificaci\u00f3n tiene una estructura mensual y la completa un\u00a0<a class=\"external-link\" href=\"http:\/\/managing-ils-reporting.itcilo.org\/es\/recursos\/glosario\">glosario<\/a>\u00a0que explica algunos t\u00e9rminos utilizados frecuentemente.<\/p>\n<p>Para informaciones m\u00e1s detalladas, por favor consulte la base de datos\u00a0<a class=\"external-link\" href=\"http:\/\/www.ilo.org\/dyn\/normlex\/es\/f?p=NORMLEXPUB:1:0::NO:::\" target=\"_blank\" rel=\"noopener noreferrer\">NORMLEX<\/a>\u00a0que\u00a0contiene todas las informaciones relevantes necesarias.<\/p>\n<h3>La presentaci\u00f3n de memorias sobre los Convenios ratificados: una breve introducci\u00f3n<\/h3>\n<p>El sistema de control de la aplicaci\u00f3n de los Convenios ratificados de la OIT se basa en los requerimientos de presentaci\u00f3n de memorias en virtud del art\u00edculo 22 de la Constituci\u00f3n de la OIT, que prev\u00e9 lo siguiente: cada uno de los Miembros se obliga a presentar a la Oficina Internacional del Trabajo una memoria anual sobre las medidas que haya adoptado para poner en ejecuci\u00f3n los Convenios a los cuales se haya adherido. Estas memorias ser\u00e1n redactadas en la forma que indique el Consejo de Administraci\u00f3n y deber\u00e1n contener los datos que \u00e9ste solicite.<\/p>\n<p>Las memorias \u201canuales\u201d sobre cada Convenio ratificado ya no se solicitan y ahora se requieren de acuerdo a espec\u00edficos ciclos de presentaci\u00f3n de memorias. Las memorias sobre los Convenios fundamentales y de gobernanza se solicitan cada tres a\u00f1os y las memorias sobre todos los dem\u00e1s Convenios t\u00e9cnicos se solicitan cada cinco a\u00f1os. Los Convenios t\u00e9cnicos se agrupan en base al tema, lo que significa que las memorias regulares sobre cada tema se requieren el mismo a\u00f1o.<\/p>\n<p>El trabajo para las memorias en virtud del art\u00edculo 22 generalmente es m\u00e1s intenso durante los primeros ocho meses de cada a\u00f1o, pero puede prolongarse por m\u00e1s tiempo. El n\u00famero y tipo de memorias debidas cada a\u00f1o, var\u00edan.<\/p>\n<p>El n\u00famero de memorias regulares por enviar cada a\u00f1o depende del n\u00famero y tipo de Convenio ratificado y respeta el ciclo de memorias. Sin embargo, la Comisi\u00f3n de Expertos en Aplicaci\u00f3n de Convenios y Recomendaciones [Comisi\u00f3n de Expertos o CEACR] puede interrumpir el ciclo y solicitar una memoria fuera de ciclo. Esto ocurre, por ejemplo, cuando las organizaciones de empleadores y trabajadores presentaron observaciones sobre la aplicaci\u00f3n de un Convenio, cuando se notaron serias discrepancias en su implementaci\u00f3n, o cuando los gobiernos no presentaron una memoria.<\/p>\n<p>Las memorias por enviar pueden ser detalladas o simplificadas. Las memorias detalladas deber\u00edan prepararse seg\u00fan los formularios de memorias, espec\u00edficos para cada Convenio. Las primeras memorias sobre los Convenios reci\u00e9n ratificados son siempre memorias detalladas. Las memorias siguientes generalmente son memorias simplificadas y se concentran en la aplicaci\u00f3n de los Convenios desde la \u00faltima memoria presentada. Sin embargo, si hubo cambios significativos en la legislaci\u00f3n o en la pr\u00e1ctica, o si la Comisi\u00f3n de Expertos o la Comisi\u00f3n de la Conferencia as\u00ed lo requiriese, la memoria regular deber\u00e1 ser tambi\u00e9n una memoria detallada.<\/p>\n<p>En todos los casos, las memorias presentadas deber\u00e1n adem\u00e1s incluir las respuestas a los comentarios de los \u00f3rganos regulares de control de la OIT.<\/p>\n<p>Las consultas tripartitas son una caracter\u00edstica esencial de las memorias en virtud del art\u00edculo 22. Se les recomienda a todos los gobiernos que involucren a las organizaciones representativas de empleadores y trabajadores en la preparaci\u00f3n de las memorias. En el Convenio sobre la consulta tripartita (normas internacionales del trabajo), 1976 (n\u00fam. 144), se le requiere a las partes que efectivamente realicen consultas con dichas organizaciones sobre cualquier problema que surgiera en el caso de las memorias en virtud del art\u00edculo 22. Si las consultas se llevan a cabo anualmente, muchas diferencias de opiniones pueden resolverse compartiendo la informaci\u00f3n. Las observaciones recibidas por las organizaciones de empleadores y trabajadores deber\u00edan siempre incluirse en la memoria presentada a la OIT. Si las organizaciones de empleadores y trabajadores no han sido involucradas antes en el proceso, el art\u00edculo 23, p\u00e1rrafo 2 de la Constituci\u00f3n de la OIT requiere que los gobiernos le env\u00eden copias de todas las memorias a las organizaciones representativas de empleadores y trabajadores, a m\u00e1s tardar al mismo tiempo en que le env\u00edan las memorias a la OIT.<\/p>\n<p>Las organizaciones de empleadores y trabajadores pueden adem\u00e1s transmitir observaciones directamente a la OIT, que podr\u00e1 o no relacionarlas con las memorias anuales. En este caso, la Oficina Internacional del Trabajo [Oficina] acusa recibo y en forma simult\u00e1nea les transmite una copia a los gobiernos interesados para que \u00e9stos puedan responder. La preparaci\u00f3n de dichas respuestas puede aplazar el trabajo relativo a las memorias en virtud del art\u00edculo 22 m\u00e1s all\u00e1 del 1\u00b0 de septiembre.<\/p>\n<p>En algunos casos serios, el ciclo de control sobre la aplicaci\u00f3n de un Convenio ratificado puede ulteriormente aplazarse. Los casos considerados por la Comisi\u00f3n de Expertos en noviembre\/diciembre pueden ser seleccionados para ser examinados por la Comisi\u00f3n de Aplicaci\u00f3n de Normas de la Conferencia [Comisi\u00f3n de la Conferencia o CAS] en junio del a\u00f1o siguiente. En dichos casos, los gobiernos interesados deben responder oralmente ante la Comisi\u00f3n de la Conferencia. El subsiguiente seguimiento a las conclusiones de la Comisi\u00f3n de la Conferencia lo lleva a cabo la Comisi\u00f3n de Expertos.<\/p>\n<p>La Oficina, incluso el Equipo de Apoyo T\u00e9cnico para el Trabajo Decente asignado a su pa\u00eds, est\u00e1 a su disposici\u00f3n para brindarle a su gobierno todo tipo de asistencia t\u00e9cnica que pueda necesitar tanto para la presentaci\u00f3n de las debidas memorias en virtud del art\u00edculo 22 como para los asuntos planteados por la Comisi\u00f3n de Expertos en sus comentarios.<\/p>\n<h3>C\u00f3mo utilizar la herramienta<\/h3>\n<p>Seleccione el mes o los meses en que Usted est\u00e1 interesado (en la parte superior de esta p\u00e1gina o en la barra de navegaci\u00f3n a la izquierda) y prepare su propia lista de verificaci\u00f3n respondiendo a las preguntas. Se le transmitir\u00e1 una informaci\u00f3n de retorno autom\u00e1tica para cada respuesta seleccionada. Para imprimir y\/o descargar su lista de verificaci\u00f3n, haga clic sobre \u201cEnviar\u201d al final de cada p\u00e1gina y luego haga clic sobre \u201cImprimir\u201d en la nueva p\u00e1gina que se abrir\u00e1.<\/p>\n","protected":false},"excerpt":{"rendered":"<p>&#8212; Seleccionar Periodo &#8212; Enero-FebreroMarzoAbrilMayoJunioJunio-AgostoSeptiembre-NoviembreNoviembre-Diciembre Prop\u00f3sito La siguiente lista de verificaci\u00f3n tiene la finalidad de ayudar a los administradores nacionales a entender c\u00f3mo el mecanismo regular de control funciona en base anual. Se ha dise\u00f1ado para ayudarlos a cumplir con sus obligaciones de elaboraci\u00f3n de memorias en forma oportuna y organizada y para permitirles respetar [&hellip;]<\/p>\n","protected":false},"author":1,"featured_media":0,"parent":169,"menu_order":0,"comment_status":"closed","ping_status":"closed","template":"","meta":{"footnotes":""},"class_list":["post-931","page","type-page","status-publish","hentry"],"_links":{"self":[{"href":"https:\/\/managing-ils-reporting.itcilo.org\/es\/wp-json\/wp\/v2\/pages\/931","targetHints":{"allow":["GET"]}}],"collection":[{"href":"https:\/\/managing-ils-reporting.itcilo.org\/es\/wp-json\/wp\/v2\/pages"}],"about":[{"href":"https:\/\/managing-ils-reporting.itcilo.org\/es\/wp-json\/wp\/v2\/types\/page"}],"author":[{"embeddable":true,"href":"https:\/\/managing-ils-reporting.itcilo.org\/es\/wp-json\/wp\/v2\/users\/1"}],"replies":[{"embeddable":true,"href":"https:\/\/managing-ils-reporting.itcilo.org\/es\/wp-json\/wp\/v2\/comments?post=931"}],"version-history":[{"count":6,"href":"https:\/\/managing-ils-reporting.itcilo.org\/es\/wp-json\/wp\/v2\/pages\/931\/revisions"}],"predecessor-version":[{"id":1160,"href":"https:\/\/managing-ils-reporting.itcilo.org\/es\/wp-json\/wp\/v2\/pages\/931\/revisions\/1160"}],"up":[{"embeddable":true,"href":"https:\/\/managing-ils-reporting.itcilo.org\/es\/wp-json\/wp\/v2\/pages\/169"}],"wp:attachment":[{"href":"https:\/\/managing-ils-reporting.itcilo.org\/es\/wp-json\/wp\/v2\/media?parent=931"}],"curies":[{"name":"wp","href":"https:\/\/api.w.org\/{rel}","templated":true}]}}