{"id":983,"date":"2020-01-09T14:16:11","date_gmt":"2020-01-09T14:16:11","guid":{"rendered":"https:\/\/dev-managing-ils-reporting.pantheonsite.io\/inbox\/"},"modified":"2020-01-09T14:31:49","modified_gmt":"2020-01-09T14:31:49","slug":"inbox","status":"publish","type":"page","link":"https:\/\/managing-ils-reporting.itcilo.org\/es\/servicio-de-asistencia\/inbox\/","title":{"rendered":"Buz\u00f3n de entrada"},"content":{"rendered":"<p>El servicio de asistencia le permite hacer preguntas relativas a la gesti\u00f3n de la elaboraci\u00f3n de memorias sobre las NIT en el sitio web. Por favor plantee su pregunta utilizando el siguiente formulario. Se le enviar\u00e1 una respuesta lo antes posible. Su pregunta y la relativa respuesta podr\u00e1n seleccionarse para ser incluidas en el \u00e1rea de \u201cconsejos y sugerencias\u201d del servicio de asistencia. Su pregunta se manejar\u00e1 de manera confidencial; no se publicar\u00e1 en el sitio web y Usted recibir\u00e1 una respuesta directamente a la direcci\u00f3n de correo electr\u00f3nico que indique abajo. Toda informaci\u00f3n identificativa se eliminar\u00e1 de la pregunta utilizada en el \u00e1rea de \u201cconsejos y sugerencias\u201d.<\/p>\n<p>&nbsp;<\/p>\n\n<div class=\"wpcf7 no-js\" id=\"wpcf7-f991-o1\" lang=\"en-US\" dir=\"ltr\" data-wpcf7-id=\"991\">\n<div class=\"screen-reader-response\"><p role=\"status\" aria-live=\"polite\" aria-atomic=\"true\"><\/p> <ul><\/ul><\/div>\n<form action=\"\/es\/wp-json\/wp\/v2\/pages\/983#wpcf7-f991-o1\" method=\"post\" class=\"wpcf7-form init\" aria-label=\"Contact form\" enctype=\"multipart\/form-data\" novalidate=\"novalidate\" data-status=\"init\">\n<fieldset class=\"hidden-fields-container\"><input type=\"hidden\" name=\"_wpcf7\" value=\"991\" \/><input type=\"hidden\" name=\"_wpcf7_version\" value=\"6.1.1\" \/><input type=\"hidden\" name=\"_wpcf7_locale\" value=\"en_US\" \/><input type=\"hidden\" name=\"_wpcf7_unit_tag\" value=\"wpcf7-f991-o1\" \/><input type=\"hidden\" name=\"_wpcf7_container_post\" value=\"0\" \/><input type=\"hidden\" name=\"_wpcf7_posted_data_hash\" value=\"\" \/><input type=\"hidden\" name=\"_wpcf7cf_hidden_group_fields\" value=\"[]\" \/><input type=\"hidden\" name=\"_wpcf7cf_hidden_groups\" value=\"[]\" \/><input type=\"hidden\" name=\"_wpcf7cf_visible_groups\" value=\"[]\" \/><input type=\"hidden\" name=\"_wpcf7cf_repeaters\" value=\"[]\" \/><input type=\"hidden\" name=\"_wpcf7cf_steps\" value=\"{}\" \/><input type=\"hidden\" name=\"_wpcf7cf_options\" value=\"{&quot;form_id&quot;:991,&quot;conditions&quot;:[],&quot;settings&quot;:{&quot;animation&quot;:&quot;yes&quot;,&quot;animation_intime&quot;:200,&quot;animation_outtime&quot;:200,&quot;conditions_ui&quot;:&quot;normal&quot;,&quot;notice_dismissed&quot;:false}}\" \/><input type=\"hidden\" name=\"_wpcf7_recaptcha_response\" value=\"\" \/>\n<\/fieldset>\n<p><label> Su nombre<br \/>\n<span class=\"wpcf7-form-control-wrap\" data-name=\"your-name\"><input size=\"40\" maxlength=\"400\" class=\"wpcf7-form-control wpcf7-text wpcf7-validates-as-required\" aria-required=\"true\" aria-invalid=\"false\" value=\"\" type=\"text\" name=\"your-name\" \/><\/span> <\/label><br \/>\n<label><br \/>\nSu apellido<br \/>\n<span class=\"wpcf7-form-control-wrap\" data-name=\"your-family-name\"><input size=\"40\" maxlength=\"400\" class=\"wpcf7-form-control wpcf7-text wpcf7-validates-as-required\" aria-required=\"true\" aria-invalid=\"false\" value=\"\" type=\"text\" name=\"your-family-name\" \/><\/span> <\/label>\n<\/p>\n<p><label> Su direcci\u00f3n de correo electr\u00f3nico<br \/>\n<span class=\"wpcf7-form-control-wrap\" data-name=\"your-email\"><input size=\"40\" maxlength=\"400\" class=\"wpcf7-form-control wpcf7-email wpcf7-validates-as-required wpcf7-text wpcf7-validates-as-email\" aria-required=\"true\" aria-invalid=\"false\" value=\"\" type=\"email\" name=\"your-email\" \/><\/span> <\/label><br \/>\n<label><br \/>\nSu organizaci\u00f3n\/ empleador<br \/>\n<span class=\"wpcf7-form-control-wrap\" data-name=\"employer\"><input size=\"40\" maxlength=\"400\" class=\"wpcf7-form-control wpcf7-text wpcf7-validates-as-required\" aria-required=\"true\" aria-invalid=\"false\" value=\"\" type=\"text\" name=\"employer\" \/><\/span> <\/label><br \/>\n<label><br \/>\n<\/label><label> Tema - Por favor, ot\u00f3rguele un breve nombre tem\u00e1tico a su pregunta<br \/>\n<span class=\"wpcf7-form-control-wrap\" data-name=\"your-subject\"><input size=\"40\" maxlength=\"400\" class=\"wpcf7-form-control wpcf7-text\" aria-invalid=\"false\" value=\"\" type=\"text\" name=\"your-subject\" \/><\/span> <\/label>\n<\/p>\n<p><label> Su pregunta - Por favor, perm\u00edtanos poner su pregunta aqu\u00ed.<br \/>\n<\/label>\n<\/p>\n<p>Por ejemplo, \u201c\u00bfCu\u00e1ntas copias de nuestra memoria en virtud del art\u00edculo 22 deber\u00edamos enviarle a la Oficina?\u201d, \u201c\u00bfEs suficiente enviar la memoria en el contexto de un correo electr\u00f3nico?\u201d, \u201c\u00bfQu\u00e9 ministerios debemos contactar para preparar nuestra memoria sobre la aplicaci\u00f3n del Convenio n\u00fam. 87?\u201d\n<\/p>\n<p><span class=\"wpcf7-form-control-wrap\" data-name=\"your-message\"><textarea cols=\"40\" rows=\"10\" maxlength=\"2000\" class=\"wpcf7-form-control wpcf7-textarea\" aria-invalid=\"false\" name=\"your-message\"><\/textarea><\/span>\n<\/p>\n<p><label> Agregar documento<br \/>\n<span class=\"wpcf7-form-control-wrap\" data-name=\"file-972\"><input size=\"40\" class=\"wpcf7-form-control wpcf7-file\" accept=\"audio\/*,video\/*,image\/*\" aria-invalid=\"false\" type=\"file\" name=\"file-972\" \/><\/span> <\/label>\n<\/p>\n<p><input class=\"wpcf7-form-control wpcf7-submit has-spinner\" type=\"submit\" value=\"Volver atr\u00e1s\" \/>\n<\/p><div class=\"wpcf7-response-output\" aria-hidden=\"true\"><\/div>\n<\/form>\n<\/div>\n\n","protected":false},"excerpt":{"rendered":"<p>El servicio de asistencia le permite hacer preguntas relativas a la gesti\u00f3n de la elaboraci\u00f3n de memorias sobre las NIT en el sitio web. Por favor plantee su pregunta utilizando el siguiente formulario. Se le enviar\u00e1 una respuesta lo antes posible. Su pregunta y la relativa respuesta podr\u00e1n seleccionarse para ser incluidas en el \u00e1rea [&hellip;]<\/p>\n","protected":false},"author":1,"featured_media":0,"parent":186,"menu_order":0,"comment_status":"closed","ping_status":"closed","template":"","meta":{"footnotes":""},"class_list":["post-983","page","type-page","status-publish","hentry"],"_links":{"self":[{"href":"https:\/\/managing-ils-reporting.itcilo.org\/es\/wp-json\/wp\/v2\/pages\/983","targetHints":{"allow":["GET"]}}],"collection":[{"href":"https:\/\/managing-ils-reporting.itcilo.org\/es\/wp-json\/wp\/v2\/pages"}],"about":[{"href":"https:\/\/managing-ils-reporting.itcilo.org\/es\/wp-json\/wp\/v2\/types\/page"}],"author":[{"embeddable":true,"href":"https:\/\/managing-ils-reporting.itcilo.org\/es\/wp-json\/wp\/v2\/users\/1"}],"replies":[{"embeddable":true,"href":"https:\/\/managing-ils-reporting.itcilo.org\/es\/wp-json\/wp\/v2\/comments?post=983"}],"version-history":[{"count":2,"href":"https:\/\/managing-ils-reporting.itcilo.org\/es\/wp-json\/wp\/v2\/pages\/983\/revisions"}],"predecessor-version":[{"id":992,"href":"https:\/\/managing-ils-reporting.itcilo.org\/es\/wp-json\/wp\/v2\/pages\/983\/revisions\/992"}],"up":[{"embeddable":true,"href":"https:\/\/managing-ils-reporting.itcilo.org\/es\/wp-json\/wp\/v2\/pages\/186"}],"wp:attachment":[{"href":"https:\/\/managing-ils-reporting.itcilo.org\/es\/wp-json\/wp\/v2\/media?parent=983"}],"curies":[{"name":"wp","href":"https:\/\/api.w.org\/{rel}","templated":true}]}}