{"id":1036,"date":"2019-12-23T10:30:45","date_gmt":"2019-12-23T10:30:45","guid":{"rendered":"https:\/\/dev-managing-ils-reporting.pantheonsite.io\/outils\/entire-year-checklist-for-reports-on-ratified-conventions-national-administrations\/april\/"},"modified":"2020-01-09T16:39:14","modified_gmt":"2020-01-09T16:39:14","slug":"april","status":"publish","type":"page","link":"https:\/\/managing-ils-reporting.itcilo.org\/fr\/outils\/entire-year-checklist-for-reports-on-ratified-conventions-national-administrations\/april\/","title":{"rendered":"Avril"},"content":{"rendered":"<p align=\"justify\"><b>Action de l&rsquo;OIT<\/b><\/p>\n<ul>\n<li>\n<p align=\"justify\">Le Bureau\u00a0envoie une copie des demandes de rapports \u00e0 soumettre durant l\u2019ann\u00e9e en cours aux organisations nationales d\u2019employeurs et de travailleurs.<\/p>\n<\/li>\n<\/ul>\n<p align=\"justify\"><b>Action des administrations nationales<\/b><\/p>\n\n<div class=\"wpcf7 no-js\" id=\"wpcf7-f993-o1\" lang=\"en-US\" dir=\"ltr\" data-wpcf7-id=\"993\">\n<div class=\"screen-reader-response\"><p role=\"status\" aria-live=\"polite\" aria-atomic=\"true\"><\/p> <ul><\/ul><\/div>\n<form action=\"\/fr\/wp-json\/wp\/v2\/pages\/1036#wpcf7-f993-o1\" method=\"post\" class=\"wpcf7-form init\" aria-label=\"Contact form\" novalidate=\"novalidate\" data-status=\"init\">\n<fieldset class=\"hidden-fields-container\"><input type=\"hidden\" name=\"_wpcf7\" value=\"993\" \/><input type=\"hidden\" name=\"_wpcf7_version\" value=\"6.1.5\" \/><input type=\"hidden\" name=\"_wpcf7_locale\" value=\"en_US\" \/><input type=\"hidden\" name=\"_wpcf7_unit_tag\" value=\"wpcf7-f993-o1\" \/><input type=\"hidden\" name=\"_wpcf7_container_post\" value=\"0\" \/><input type=\"hidden\" name=\"_wpcf7_posted_data_hash\" value=\"\" \/><input type=\"hidden\" name=\"_wpcf7cf_hidden_group_fields\" value=\"[]\" \/><input type=\"hidden\" name=\"_wpcf7cf_hidden_groups\" value=\"[]\" \/><input type=\"hidden\" name=\"_wpcf7cf_visible_groups\" value=\"[]\" \/><input type=\"hidden\" name=\"_wpcf7cf_repeaters\" value=\"[]\" \/><input type=\"hidden\" name=\"_wpcf7cf_steps\" value=\"{}\" \/><input type=\"hidden\" name=\"_wpcf7cf_options\" value=\"{&quot;form_id&quot;:993,&quot;conditions&quot;:[{&quot;then_field&quot;:&quot;a&quot;,&quot;and_rules&quot;:[{&quot;if_field&quot;:&quot;radio-1&quot;,&quot;operator&quot;:&quot;equals&quot;,&quot;if_value&quot;:&quot;oui&quot;}]},{&quot;then_field&quot;:&quot;b&quot;,&quot;and_rules&quot;:[{&quot;if_field&quot;:&quot;radio-1&quot;,&quot;operator&quot;:&quot;equals&quot;,&quot;if_value&quot;:&quot;Non&quot;}]}],&quot;settings&quot;:{&quot;animation&quot;:&quot;yes&quot;,&quot;animation_intime&quot;:200,&quot;animation_outtime&quot;:200,&quot;conditions_ui&quot;:&quot;normal&quot;,&quot;notice_dismissed&quot;:false}}\" \/><input type=\"hidden\" name=\"_wpcf7_recaptcha_response\" value=\"\" \/>\n<\/fieldset>\n<p><label><strong>Avez-vous pr\u00e9vu comment vous impliquerez les organisations repr\u00e9sentatives d'employeurs et de travailleurs?<\/strong><\/label><br \/>\n<span class=\"wpcf7-form-control-wrap\" data-name=\"radio-1\"><span class=\"wpcf7-form-control wpcf7-radio\"><span class=\"wpcf7-list-item first\"><label><span class=\"wpcf7-list-item-label\">Oui<\/span><input type=\"radio\" name=\"radio-1\" value=\"Oui\" \/><\/label><\/span><span class=\"wpcf7-list-item last\"><label><span class=\"wpcf7-list-item-label\">Non<\/span><input type=\"radio\" name=\"radio-1\" value=\"Non\" \/><\/label><\/span><\/span><\/span>\n<\/p>\n<div data-id=\"a\" data-orig_data_id=\"a\" data-clear_on_hide class=\"\" data-class=\"wpcf7cf_group\">\n\t<p>Excellent! Il est recommand\u00e9 de toujours impliquer les organisations repr\u00e9sentatives d'employeurs et de travailleurs dans la pr\u00e9paration des rapports. Dans tous les cas, le paragraphe 2 de l\u2019article 23 de la Constitution de l\u2019OIT exige des gouvernements d\u2019envoyer des copies de tous les rapports pr\u00e9vus \u00e0 l\u2019article 22 aux organisations repr\u00e9sentatives d'employeurs et de travailleurs, avant la finalisation du rapport ou, au plus tard en m\u00eame temps que l\u2019envoi des rapports \u00e0 l\u2019OIT.<br \/>\nRappel: Si votre pays est partie \u00e0 la convention (n\u00b0 144) sur les consultations tripartites relatives aux normes internationales du travail, 1976 , votre gouvernement est tenu de tenir des consultations efficaces avec les organisations repr\u00e9sentatives d'employeurs et de travailleurs sur toute question d\u00e9coulant des rapports en vertu de l\u2019article 22.\n\t<\/p>\n<\/div>\n<div data-id=\"b\" data-orig_data_id=\"b\" data-clear_on_hide class=\"\" data-class=\"wpcf7cf_group\">\n\t<p>Dans tous les cas, l\u2019article 23, paragraphe 2, de la Constitution de l\u2019OIT exige que votre gouvernement transmette des copies de tous les rapports pr\u00e9vus \u00e0 l\u2019article 22 aux organisations repr\u00e9sentatives d'employeurs et de travailleurs. Cela peut avoir se faire soit avant la finalisation des rapports, ou au plus tard, en m\u00eame temps que l\u2019envoi des rapports \u00e0 l\u2019OIT.<br \/>\nRappel: Si votre pays est partie \u00e0 la convention (n\u00b0 144) sur les consultations tripartites relatives aux normes internationales du travail, 1976, votre gouvernement est tenu d\u2019organiser des consultations efficaces avec les organisations repr\u00e9sentatives d'employeurs et de travailleurs sur toute question d\u00e9coulant des rapports en vertu de l\u2019article 22.\n\t<\/p>\n<\/div>\n<p><a href=\"javascript:window.print()\">Submit and print your form<\/a>\n<\/p><div class=\"wpcf7-response-output\" aria-hidden=\"true\"><\/div>\n<\/form>\n<\/div>\n\n","protected":false},"excerpt":{"rendered":"<p>Action de l&rsquo;OIT Le Bureau\u00a0envoie une copie des demandes de rapports \u00e0 soumettre durant l\u2019ann\u00e9e en cours aux organisations nationales d\u2019employeurs et de travailleurs. Action des administrations nationales<\/p>\n","protected":false},"author":1,"featured_media":0,"parent":930,"menu_order":0,"comment_status":"closed","ping_status":"closed","template":"","meta":{"footnotes":""},"class_list":["post-1036","page","type-page","status-publish","hentry"],"_links":{"self":[{"href":"https:\/\/managing-ils-reporting.itcilo.org\/fr\/wp-json\/wp\/v2\/pages\/1036","targetHints":{"allow":["GET"]}}],"collection":[{"href":"https:\/\/managing-ils-reporting.itcilo.org\/fr\/wp-json\/wp\/v2\/pages"}],"about":[{"href":"https:\/\/managing-ils-reporting.itcilo.org\/fr\/wp-json\/wp\/v2\/types\/page"}],"author":[{"embeddable":true,"href":"https:\/\/managing-ils-reporting.itcilo.org\/fr\/wp-json\/wp\/v2\/users\/1"}],"replies":[{"embeddable":true,"href":"https:\/\/managing-ils-reporting.itcilo.org\/fr\/wp-json\/wp\/v2\/comments?post=1036"}],"version-history":[{"count":2,"href":"https:\/\/managing-ils-reporting.itcilo.org\/fr\/wp-json\/wp\/v2\/pages\/1036\/revisions"}],"predecessor-version":[{"id":1041,"href":"https:\/\/managing-ils-reporting.itcilo.org\/fr\/wp-json\/wp\/v2\/pages\/1036\/revisions\/1041"}],"up":[{"embeddable":true,"href":"https:\/\/managing-ils-reporting.itcilo.org\/fr\/wp-json\/wp\/v2\/pages\/930"}],"wp:attachment":[{"href":"https:\/\/managing-ils-reporting.itcilo.org\/fr\/wp-json\/wp\/v2\/media?parent=1036"}],"curies":[{"name":"wp","href":"https:\/\/api.w.org\/{rel}","templated":true}]}}