{"id":1048,"date":"2019-12-23T10:34:09","date_gmt":"2019-12-23T10:34:09","guid":{"rendered":"https:\/\/dev-managing-ils-reporting.pantheonsite.io\/outils\/entire-year-checklist-for-reports-on-ratified-conventions-national-administrations\/june\/"},"modified":"2020-01-09T16:42:17","modified_gmt":"2020-01-09T16:42:17","slug":"june","status":"publish","type":"page","link":"https:\/\/managing-ils-reporting.itcilo.org\/fr\/outils\/entire-year-checklist-for-reports-on-ratified-conventions-national-administrations\/june\/","title":{"rendered":"Juin"},"content":{"rendered":"<p align=\"justify\"><b>Action de l&rsquo;OIT<\/b><\/p>\n<ul>\n<li>\n<p align=\"justify\">Tenue de la Conf\u00e9rence internationale du Travail durant laquelle la commission de la Conf\u00e9rence se r\u00e9unit pour examiner le rapport de la\u00a0commission d&rsquo;experts\u00a0et une s\u00e9lection de cas individuels sur lesquels les gouvernements sont appel\u00e9s \u00e0 pr\u00e9senter de vive voix des d\u00e9tails complets. Les repr\u00e9sentants d&#8217;employeurs et de travailleurs si\u00e9geant \u00e0 la commission de la Conf\u00e9rence s\u00e9lectionnent g\u00e9n\u00e9ralement des cas parmi ceux ayant fait l\u2019objet de notes de bas de page doubles. L\u2019examen des cas individuels aboutit \u00e0 l\u2019adoption de conclusions, qui sont communiqu\u00e9es verbalement aux gouvernements concern\u00e9s au sein de la commission de la Conf\u00e9rence. Les r\u00e9sum\u00e9s de la discussion au sein de la commission de la Conf\u00e9rence et les conclusions sont inclus dans le rapport que la commission a adopt\u00e9 \u00e0 la fin de la Conf\u00e9rence. Le rapport est publi\u00e9 sur le site\u00a0web de l\u2019OIT et distribu\u00e9 par la suite sous forme imprim\u00e9e. Le Bureau\u00a0diffuse une copie imprim\u00e9e du rapport de la commission de la Conf\u00e9rence en juillet.<\/p>\n<\/li>\n<\/ul>\n<p align=\"justify\"><b>Action des administrations nationales<\/b><\/p>\n\n<div class=\"wpcf7 no-js\" id=\"wpcf7-f997-o1\" lang=\"en-US\" dir=\"ltr\" data-wpcf7-id=\"997\">\n<div class=\"screen-reader-response\"><p role=\"status\" aria-live=\"polite\" aria-atomic=\"true\"><\/p> <ul><\/ul><\/div>\n<form action=\"\/fr\/wp-json\/wp\/v2\/pages\/1048#wpcf7-f997-o1\" method=\"post\" class=\"wpcf7-form init\" aria-label=\"Contact form\" novalidate=\"novalidate\" data-status=\"init\">\n<fieldset class=\"hidden-fields-container\"><input type=\"hidden\" name=\"_wpcf7\" value=\"997\" \/><input type=\"hidden\" name=\"_wpcf7_version\" value=\"6.1.1\" \/><input type=\"hidden\" name=\"_wpcf7_locale\" value=\"en_US\" \/><input type=\"hidden\" name=\"_wpcf7_unit_tag\" value=\"wpcf7-f997-o1\" \/><input type=\"hidden\" name=\"_wpcf7_container_post\" value=\"0\" \/><input type=\"hidden\" name=\"_wpcf7_posted_data_hash\" value=\"\" \/><input type=\"hidden\" name=\"_wpcf7cf_hidden_group_fields\" value=\"[]\" \/><input type=\"hidden\" name=\"_wpcf7cf_hidden_groups\" value=\"[]\" \/><input type=\"hidden\" name=\"_wpcf7cf_visible_groups\" value=\"[]\" \/><input type=\"hidden\" name=\"_wpcf7cf_repeaters\" value=\"[]\" \/><input type=\"hidden\" name=\"_wpcf7cf_steps\" value=\"{}\" \/><input type=\"hidden\" name=\"_wpcf7cf_options\" value=\"{&quot;form_id&quot;:997,&quot;conditions&quot;:[{&quot;then_field&quot;:&quot;a&quot;,&quot;and_rules&quot;:[{&quot;if_field&quot;:&quot;radio-1&quot;,&quot;operator&quot;:&quot;equals&quot;,&quot;if_value&quot;:&quot;Oui&quot;}]},{&quot;then_field&quot;:&quot;b&quot;,&quot;and_rules&quot;:[{&quot;if_field&quot;:&quot;radio-1&quot;,&quot;operator&quot;:&quot;equals&quot;,&quot;if_value&quot;:&quot;Non&quot;}]}],&quot;settings&quot;:{&quot;animation&quot;:&quot;yes&quot;,&quot;animation_intime&quot;:200,&quot;animation_outtime&quot;:200,&quot;conditions_ui&quot;:&quot;normal&quot;,&quot;notice_dismissed&quot;:false}}\" \/><input type=\"hidden\" name=\"_wpcf7_recaptcha_response\" value=\"\" \/>\n<\/fieldset>\n<p><strong>Votre gouvernement fait-il partie de ceux qui sont invit\u00e9s \u00e0 pr\u00e9senter des d\u00e9tails complets \u00e0 la commission de la Conf\u00e9rence?<\/strong><br \/>\n<span class=\"wpcf7-form-control-wrap\" data-name=\"radio-1\"><span class=\"wpcf7-form-control wpcf7-radio\"><span class=\"wpcf7-list-item first\"><label><span class=\"wpcf7-list-item-label\">Oui<\/span><input type=\"radio\" name=\"radio-1\" value=\"Oui\" \/><\/label><\/span><span class=\"wpcf7-list-item last\"><label><span class=\"wpcf7-list-item-label\">Non<\/span><input type=\"radio\" name=\"radio-1\" value=\"Non\" \/><\/label><\/span><\/span><\/span>\n<\/p>\n<div data-id=\"a\" data-orig_data_id=\"a\" data-clear_on_hide class=\"\" data-class=\"wpcf7cf_group\">\n\t<p>Les conclusions de la discussion incluront les demandes \u00e0 votre gouvernement de fournir des informations compl\u00e9mentaires \u00e0 la prochaine commission d'experts. Un tel suivi est supervis\u00e9 par la commission d'experts dans le cadre des rapports en vertu de l\u2019article 22. Cela signifie que vous devez pr\u00e9parer votre r\u00e9ponse aux conclusions \u00e0 temps avant la date limite du 1er septembre et qu\u2019il vous faut donc organiser rapidement votre travail dans ce domaine apr\u00e8s la session de la Conf\u00e9rence. Vous pouvez acc\u00e9der au rapport de la Commission de la Conf\u00e9rence par l\u2019interm\u00e9diaire du site web de l\u2019OIT et vous recevrez \u00e9galement un extrait imprim\u00e9 des rapports de la commission de la Conf\u00e9rence en juillet.\n\t<\/p>\n<\/div>\n<div data-id=\"b\" data-orig_data_id=\"b\" data-clear_on_hide class=\"\" data-class=\"wpcf7cf_group\">\n\t<p>Aucune action n'est exig\u00e9e.\n\t<\/p>\n<\/div>\n<p><a href=\"javascript:window.print()\">Submit and print your form<\/a>\n<\/p><div class=\"wpcf7-response-output\" aria-hidden=\"true\"><\/div>\n<\/form>\n<\/div>\n\n","protected":false},"excerpt":{"rendered":"<p>Action de l&rsquo;OIT Tenue de la Conf\u00e9rence internationale du Travail durant laquelle la commission de la Conf\u00e9rence se r\u00e9unit pour examiner le rapport de la\u00a0commission d&rsquo;experts\u00a0et une s\u00e9lection de cas individuels sur lesquels les gouvernements sont appel\u00e9s \u00e0 pr\u00e9senter de vive voix des d\u00e9tails complets. Les repr\u00e9sentants d&#8217;employeurs et de travailleurs si\u00e9geant \u00e0 la commission [&hellip;]<\/p>\n","protected":false},"author":1,"featured_media":0,"parent":930,"menu_order":0,"comment_status":"closed","ping_status":"closed","template":"","meta":{"footnotes":""},"class_list":["post-1048","page","type-page","status-publish","hentry"],"_links":{"self":[{"href":"https:\/\/managing-ils-reporting.itcilo.org\/fr\/wp-json\/wp\/v2\/pages\/1048","targetHints":{"allow":["GET"]}}],"collection":[{"href":"https:\/\/managing-ils-reporting.itcilo.org\/fr\/wp-json\/wp\/v2\/pages"}],"about":[{"href":"https:\/\/managing-ils-reporting.itcilo.org\/fr\/wp-json\/wp\/v2\/types\/page"}],"author":[{"embeddable":true,"href":"https:\/\/managing-ils-reporting.itcilo.org\/fr\/wp-json\/wp\/v2\/users\/1"}],"replies":[{"embeddable":true,"href":"https:\/\/managing-ils-reporting.itcilo.org\/fr\/wp-json\/wp\/v2\/comments?post=1048"}],"version-history":[{"count":2,"href":"https:\/\/managing-ils-reporting.itcilo.org\/fr\/wp-json\/wp\/v2\/pages\/1048\/revisions"}],"predecessor-version":[{"id":1052,"href":"https:\/\/managing-ils-reporting.itcilo.org\/fr\/wp-json\/wp\/v2\/pages\/1048\/revisions\/1052"}],"up":[{"embeddable":true,"href":"https:\/\/managing-ils-reporting.itcilo.org\/fr\/wp-json\/wp\/v2\/pages\/930"}],"wp:attachment":[{"href":"https:\/\/managing-ils-reporting.itcilo.org\/fr\/wp-json\/wp\/v2\/media?parent=1048"}],"curies":[{"name":"wp","href":"https:\/\/api.w.org\/{rel}","templated":true}]}}