{"id":1077,"date":"2019-12-23T11:10:58","date_gmt":"2019-12-23T11:10:58","guid":{"rendered":"https:\/\/dev-managing-ils-reporting.pantheonsite.io\/outils\/entire-year-checklist-for-reports-on-ratified-conventions-social-partners\/april-2\/"},"modified":"2020-01-10T08:41:33","modified_gmt":"2020-01-10T08:41:33","slug":"april-2","status":"publish","type":"page","link":"https:\/\/managing-ils-reporting.itcilo.org\/fr\/outils\/entire-year-checklist-for-reports-on-ratified-conventions-social-partners\/april-2\/","title":{"rendered":"Avril-2"},"content":{"rendered":"<p align=\"justify\"><b>Action de l\u2019OIT<\/b><\/p>\n<ul>\n<li>\n<p align=\"justify\">Le Bureau\u00a0envoie une copie des demandes de rapports \u00e0 soumettre durant l\u2019ann\u00e9e en cours aux organisations nationales d\u2019employeurs et de travailleurs.<\/p>\n<\/li>\n<\/ul>\n<p align=\"justify\"><b>Action des administrations nationales<\/b><\/p>\n<ul>\n<li>\n<p align=\"justify\">Les gouvernements pr\u00e9parent les rapports annuels et les r\u00e9ponses aux commentaires.<\/p>\n<\/li>\n<li>\n<p align=\"justify\">Les gouvernements qui sont parties \u00e0 la convention n\u00b0 144 doivent programmer des consultations sur les rapports annuels.<\/p>\n<\/li>\n<\/ul>\n<p align=\"justify\"><b>Action des partenaires sociaux<\/b><\/p>\n<form action=\"http:\/\/managing-ils-reporting.itcilo.org\/fr\/outils\/liste-de-controle-annuelle-pour-les-rapports-en-vertu-de-l2019article-22-partenaires-sociaux\/avril\/print_item\" method=\"post\">\n<h6>Avez-vous examin\u00e9 les informations sur les demandes de rapport de la commission d&rsquo;experts?<\/h6>\n<\/form>\n\n<div class=\"wpcf7 no-js\" id=\"wpcf7-f994-o1\" lang=\"en-US\" dir=\"ltr\" data-wpcf7-id=\"994\">\n<div class=\"screen-reader-response\"><p role=\"status\" aria-live=\"polite\" aria-atomic=\"true\"><\/p> <ul><\/ul><\/div>\n<form action=\"\/fr\/wp-json\/wp\/v2\/pages\/1077#wpcf7-f994-o1\" method=\"post\" class=\"wpcf7-form init\" aria-label=\"Contact form\" novalidate=\"novalidate\" data-status=\"init\">\n<fieldset class=\"hidden-fields-container\"><input type=\"hidden\" name=\"_wpcf7\" value=\"994\" \/><input type=\"hidden\" name=\"_wpcf7_version\" value=\"6.1.1\" \/><input type=\"hidden\" name=\"_wpcf7_locale\" value=\"en_US\" \/><input type=\"hidden\" name=\"_wpcf7_unit_tag\" value=\"wpcf7-f994-o1\" \/><input type=\"hidden\" name=\"_wpcf7_container_post\" value=\"0\" \/><input type=\"hidden\" name=\"_wpcf7_posted_data_hash\" value=\"\" \/><input type=\"hidden\" name=\"_wpcf7cf_hidden_group_fields\" value=\"[]\" \/><input type=\"hidden\" name=\"_wpcf7cf_hidden_groups\" value=\"[]\" \/><input type=\"hidden\" name=\"_wpcf7cf_visible_groups\" value=\"[]\" \/><input type=\"hidden\" name=\"_wpcf7cf_repeaters\" value=\"[]\" \/><input type=\"hidden\" name=\"_wpcf7cf_steps\" value=\"{}\" \/><input type=\"hidden\" name=\"_wpcf7cf_options\" value=\"{&quot;form_id&quot;:994,&quot;conditions&quot;:[{&quot;then_field&quot;:&quot;a&quot;,&quot;and_rules&quot;:[{&quot;if_field&quot;:&quot;radio-1&quot;,&quot;operator&quot;:&quot;equals&quot;,&quot;if_value&quot;:&quot;Oui&quot;}]},{&quot;then_field&quot;:&quot;b&quot;,&quot;and_rules&quot;:[{&quot;if_field&quot;:&quot;radio-1&quot;,&quot;operator&quot;:&quot;equals&quot;,&quot;if_value&quot;:&quot;Non&quot;}]}],&quot;settings&quot;:{&quot;animation&quot;:&quot;yes&quot;,&quot;animation_intime&quot;:200,&quot;animation_outtime&quot;:200,&quot;conditions_ui&quot;:&quot;normal&quot;,&quot;notice_dismissed&quot;:false}}\" \/><input type=\"hidden\" name=\"_wpcf7_recaptcha_response\" value=\"\" \/>\n<\/fieldset>\n<p><strong>Avez-vous examin\u00e9 les informations sur les demandes de rapport de la commission d'experts?<\/strong><br \/>\n<span class=\"wpcf7-form-control-wrap\" data-name=\"radio-1\"><span class=\"wpcf7-form-control wpcf7-radio\"><span class=\"wpcf7-list-item first\"><label><span class=\"wpcf7-list-item-label\">Oui<\/span><input type=\"radio\" name=\"radio-1\" value=\"Oui\" \/><\/label><\/span><span class=\"wpcf7-list-item last\"><label><span class=\"wpcf7-list-item-label\">Non<\/span><input type=\"radio\" name=\"radio-1\" value=\"Non\" \/><\/label><\/span><\/span><\/span>\n<\/p>\n<div data-id=\"a\" data-orig_data_id=\"a\" data-clear_on_hide class=\"\" data-class=\"wpcf7cf_group\">\n\t<p>Excellent!<br \/>\nRappel: Vous devez \u00e9galement pr\u00e9parer vos opinions en fonction des informations disponibles et des informations que vous avez recueillies sur l\u2019application dans la pratique des conventions ratifi\u00e9es concern\u00e9es. La l\u00e9gislation ou la fa\u00e7on dont elle est mise en \u0153uvre peut avoir chang\u00e9, et les circonstances nationales peuvent \u00e9galement avoir chang\u00e9. On notera en particulier que certaines conventions telles que la convention n\u00b0 122 sur la politique de l\u2019emploi (1964), et la convention n\u00b0 155 sur la s\u00e9curit\u00e9 et la sant\u00e9 au travail (1981), demandent des politiques et des programmes, dont la mise en \u0153uvre n\u00e9cessite une coop\u00e9ration continue et l\u2019int\u00e9r\u00eat des partenaires sociaux.\n\t<\/p>\n<\/div>\n<div data-id=\"b\" data-orig_data_id=\"b\" data-clear_on_hide class=\"\" data-class=\"wpcf7cf_group\">\n\t<p>Dans ce cas, il est important que vous le fassiez.<br \/>\nRappel: Vous devez \u00e9galement pr\u00e9parer vos opinions en fonction des informations disponibles et des informations que vous avez recueillies sur l\u2019application dans la pratique des conventions ratifi\u00e9es concern\u00e9es. La l\u00e9gislation ou la fa\u00e7on dont elle est mise en \u0153uvre peut avoir chang\u00e9, et les circonstances nationales peuvent \u00e9galement avoir chang\u00e9. On notera en particulier que certaines conventions telles que la convention n\u00b0 122 sur la politique de l\u2019emploi, (1964), et la convention n\u00b0 155 sur la s\u00e9curit\u00e9 et la sant\u00e9 au travail, (1981), demandent des politiques et des programmes, dont la mise en \u0153uvre n\u00e9cessite une coop\u00e9ration continue et l\u2019int\u00e9r\u00eat des partenaires sociaux.\n\t<\/p>\n<\/div>\n<p><a href=\"javascript:window.print()\">Submit and print your form<\/a>\n<\/p><div class=\"wpcf7-response-output\" aria-hidden=\"true\"><\/div>\n<\/form>\n<\/div>\n\n","protected":false},"excerpt":{"rendered":"<p>Action de l\u2019OIT Le Bureau\u00a0envoie une copie des demandes de rapports \u00e0 soumettre durant l\u2019ann\u00e9e en cours aux organisations nationales d\u2019employeurs et de travailleurs. Action des administrations nationales Les gouvernements pr\u00e9parent les rapports annuels et les r\u00e9ponses aux commentaires. Les gouvernements qui sont parties \u00e0 la convention n\u00b0 144 doivent programmer des consultations sur les [&hellip;]<\/p>\n","protected":false},"author":1,"featured_media":0,"parent":938,"menu_order":0,"comment_status":"closed","ping_status":"closed","template":"","meta":{"footnotes":""},"class_list":["post-1077","page","type-page","status-publish","hentry"],"_links":{"self":[{"href":"https:\/\/managing-ils-reporting.itcilo.org\/fr\/wp-json\/wp\/v2\/pages\/1077","targetHints":{"allow":["GET"]}}],"collection":[{"href":"https:\/\/managing-ils-reporting.itcilo.org\/fr\/wp-json\/wp\/v2\/pages"}],"about":[{"href":"https:\/\/managing-ils-reporting.itcilo.org\/fr\/wp-json\/wp\/v2\/types\/page"}],"author":[{"embeddable":true,"href":"https:\/\/managing-ils-reporting.itcilo.org\/fr\/wp-json\/wp\/v2\/users\/1"}],"replies":[{"embeddable":true,"href":"https:\/\/managing-ils-reporting.itcilo.org\/fr\/wp-json\/wp\/v2\/comments?post=1077"}],"version-history":[{"count":1,"href":"https:\/\/managing-ils-reporting.itcilo.org\/fr\/wp-json\/wp\/v2\/pages\/1077\/revisions"}],"predecessor-version":[{"id":1079,"href":"https:\/\/managing-ils-reporting.itcilo.org\/fr\/wp-json\/wp\/v2\/pages\/1077\/revisions\/1079"}],"up":[{"embeddable":true,"href":"https:\/\/managing-ils-reporting.itcilo.org\/fr\/wp-json\/wp\/v2\/pages\/938"}],"wp:attachment":[{"href":"https:\/\/managing-ils-reporting.itcilo.org\/fr\/wp-json\/wp\/v2\/media?parent=1077"}],"curies":[{"name":"wp","href":"https:\/\/api.w.org\/{rel}","templated":true}]}}