{"id":1104,"date":"2019-12-20T16:06:27","date_gmt":"2019-12-20T16:06:27","guid":{"rendered":"https:\/\/dev-managing-ils-reporting.pantheonsite.io\/outils\/commentary-on-report-forms-for-ratified-conventions\/"},"modified":"2020-01-10T08:57:03","modified_gmt":"2020-01-10T08:57:03","slug":"commentary-on-report-forms-for-ratified-conventions","status":"publish","type":"page","link":"https:\/\/managing-ils-reporting.itcilo.org\/fr\/outils\/commentary-on-report-forms-for-ratified-conventions\/","title":{"rendered":"Commentaires sur les formulaires de rapport pour les conventions ratifi\u00e9es"},"content":{"rendered":"<h3>Introduction<\/h3>\n<p>Les formulaires de rapports en vertu de l\u2019article 22 approuv\u00e9s par le Conseil d\u2019administration visent \u00e0 assurer aux organes de contr\u00f4le la r\u00e9ception d\u2019informations pertinentes et compl\u00e8tes sur la mani\u00e8re dont les conventions consid\u00e9r\u00e9es sont appliqu\u00e9es, en droit et dans la pratique, dans un pays. Ils sont sp\u00e9cifiques \u00e0 chaque convention, mais ils poss\u00e8dent une structure similaire. Outre la demande d\u2019information d\u00e9taill\u00e9e sur chacune des dispositions de la convention et des demandes d\u2019informations compl\u00e9mentaires connexes, tous les formulaires de rapports comportent un ensemble de questions d\u2019ordre g\u00e9n\u00e9ral figurant en gras.<\/p>\n<p>Ces questions d\u2019ordre g\u00e9n\u00e9ral refl\u00e8tent de multiples variations dans la substance comme dans la forme, mais elles portent, dans l\u2019ensemble, sur un nombre limit\u00e9 de probl\u00e8mes similaires.<\/p>\n<h3>But<\/h3>\n<p>Le commentaire sur la structure du formulaire de rapport et sur ces questions g\u00e9n\u00e9rales est destin\u00e9 \u00e0 aider les administrations nationales \u00e0 pr\u00e9parer des rapports \u00e9tablis en vertu de l\u2019article 22.<\/p>\n<p>Pour des conseils compl\u00e9mentaires concernant les proc\u00e9dures de notification, veuillez consulter le Manuel sur les proc\u00e9dures, en particulier son chapitre IV. Les formulaires de rapports sont disponibles dans\u00a0<a class=\"external-link\" href=\"http:\/\/www.ilo.org\/dyn\/normlex\/fr\/f?p=NORMLEXPUB:1:0::NO:::\">NORMLEX<\/a>.<\/p>\n<h3>Comment utiliser l\u2019outil<\/h3>\n<p>Cliquez\u00a0<a class=\"internal-link\" href=\"http:\/\/managing-ils-reporting.itcilo.org\/fr\/graphique\/commentary-on-report-forms-for-ratified-conventions-fr-2015.pdf\" target=\"_blank\" rel=\"noopener noreferrer\">ici<\/a>\u00a0pour t\u00e9l\u00e9charger le commentaires sur les formulaires de rapport pour les conventions ratifi\u00e9es<\/p>\n","protected":false},"excerpt":{"rendered":"<p>Introduction Les formulaires de rapports en vertu de l\u2019article 22 approuv\u00e9s par le Conseil d\u2019administration visent \u00e0 assurer aux organes de contr\u00f4le la r\u00e9ception d\u2019informations pertinentes et compl\u00e8tes sur la mani\u00e8re dont les conventions consid\u00e9r\u00e9es sont appliqu\u00e9es, en droit et dans la pratique, dans un pays. Ils sont sp\u00e9cifiques \u00e0 chaque convention, mais ils poss\u00e8dent [&hellip;]<\/p>\n","protected":false},"author":1,"featured_media":0,"parent":168,"menu_order":0,"comment_status":"closed","ping_status":"closed","template":"","meta":{"footnotes":""},"class_list":["post-1104","page","type-page","status-publish","hentry"],"_links":{"self":[{"href":"https:\/\/managing-ils-reporting.itcilo.org\/fr\/wp-json\/wp\/v2\/pages\/1104","targetHints":{"allow":["GET"]}}],"collection":[{"href":"https:\/\/managing-ils-reporting.itcilo.org\/fr\/wp-json\/wp\/v2\/pages"}],"about":[{"href":"https:\/\/managing-ils-reporting.itcilo.org\/fr\/wp-json\/wp\/v2\/types\/page"}],"author":[{"embeddable":true,"href":"https:\/\/managing-ils-reporting.itcilo.org\/fr\/wp-json\/wp\/v2\/users\/1"}],"replies":[{"embeddable":true,"href":"https:\/\/managing-ils-reporting.itcilo.org\/fr\/wp-json\/wp\/v2\/comments?post=1104"}],"version-history":[{"count":1,"href":"https:\/\/managing-ils-reporting.itcilo.org\/fr\/wp-json\/wp\/v2\/pages\/1104\/revisions"}],"predecessor-version":[{"id":1106,"href":"https:\/\/managing-ils-reporting.itcilo.org\/fr\/wp-json\/wp\/v2\/pages\/1104\/revisions\/1106"}],"up":[{"embeddable":true,"href":"https:\/\/managing-ils-reporting.itcilo.org\/fr\/wp-json\/wp\/v2\/pages\/168"}],"wp:attachment":[{"href":"https:\/\/managing-ils-reporting.itcilo.org\/fr\/wp-json\/wp\/v2\/media?parent=1104"}],"curies":[{"name":"wp","href":"https:\/\/api.w.org\/{rel}","templated":true}]}}