{"id":1122,"date":"2019-12-20T16:07:35","date_gmt":"2019-12-20T16:07:35","guid":{"rendered":"https:\/\/dev-managing-ils-reporting.pantheonsite.io\/outils\/root-cause-analysis-the-fishbone-diagramme\/"},"modified":"2020-01-10T09:02:51","modified_gmt":"2020-01-10T09:02:51","slug":"root-cause-analysis-the-fishbone-diagramme","status":"publish","type":"page","link":"https:\/\/managing-ils-reporting.itcilo.org\/fr\/outils\/root-cause-analysis-the-fishbone-diagramme\/","title":{"rendered":"Analyse des causes: le digramme en ar\u00eate de poisson"},"content":{"rendered":"<h3>But<\/h3>\n<p>Le diagramme en ar\u00eates de poisson est un diagramme de cause \u00e0 effet qui peut \u00eatre utilis\u00e9 pour identifier la ou les causes potentielles (ou r\u00e9elles) d&rsquo;un probl\u00e8me de performance. Les diagrammes en ar\u00eates de poisson donnent une structure aux discussions de groupe portant sur les causes possibles du probl\u00e8me.<\/p>\n<h3>Application \u00e0 l\u2019\u00e9valuation des besoins<\/h3>\n<p>Les diagrammes en ar\u00eates de poisson sont souvent utilis\u00e9s dans l&rsquo;\u00e9valuation des besoins pour aider \u00e0 illustrer et\/ou traduire les relations entre plusieurs causes potentielles (ou r\u00e9elles) d&rsquo;un probl\u00e8me de performance. De m\u00eame, ces repr\u00e9sentations graphiques des relations entre les besoins (c&rsquo;est \u00e0 dire les \u00e9carts entre les r\u00e9sultats escompt\u00e9s et r\u00e9els) offrent un outil pragmatique pour construire un syst\u00e8me d&rsquo;interventions pour l&rsquo;am\u00e9lioration des performances (en combinant par exemple le tutorat, les aide-m\u00e9moire, la formation, la motivation, les nouvelles attentes) bas\u00e9 sur de relations souvent complexes identifi\u00e9es dans des causes potentielles (ou r\u00e9elles).<\/p>\n<h3>Avantages et inconv\u00e9nients<\/h3>\n<p><strong>Avantages<\/strong><\/p>\n<ul>\n<li>Les diagrammes en ar\u00eates de poisson permettent une analyse en profondeur qui \u00e9vite de passer \u00e0 c\u00f4t\u00e9 de causes possibles d&rsquo;un besoin.<\/li>\n<li>La technique en ar\u00eates de poisson est facile \u00e0 appliquer\u00a0 et cr\u00e9e une repr\u00e9sentation visuelle facile \u00e0 comprendre des causes, cat\u00e9gories de causes et besoins.<\/li>\n<li>En utilisant un diagramme en ar\u00eates de poisson, vous pouvez porter l&rsquo;attention du groupe sur la \u00ab\u00a0situation dans son ensemble\u00a0\u00bb du point de vue des causes ou facteurs qui peuvent avoir une influence sur un probl\u00e8me\/besoin.<\/li>\n<li>M\u00eame apr\u00e8s avoir abord\u00e9 le besoin, le diagramme en ar\u00eates de poisson indique les zones de faiblesse qui peuvent \u00eatre rectifi\u00e9es -une fois expos\u00e9es- avant qu&rsquo;elles ne causent des difficult\u00e9s plus s\u00e9rieuses.<\/li>\n<\/ul>\n<p><strong>Inconv\u00e9nients<\/strong><\/p>\n<ul>\n<li>La simplicit\u00e9 d&rsquo;un diagramme en ar\u00eates de poissons est \u00e0 la fois une force et une faiblesse. Une faiblesse, parce que la simplicit\u00e9 de ce type de diagramme peut rendre difficile la repr\u00e9sentation de la nature r\u00e9ellement interd\u00e9pendante des probl\u00e8mes et des causes dans des situations tr\u00e8s complexes.<\/li>\n<li>\u00c0 moins que vous ne disposiez d&rsquo;\u00e9norm\u00e9ment d&rsquo;espace pour dessiner et d\u00e9velopper le diagramme, il se peut que vous constatiez que vous n&rsquo;\u00eates pas en mesure d&rsquo;explorer les relations de cause \u00e0 effet de mani\u00e8re aussi d\u00e9taill\u00e9e que vous l&rsquo;auriez souhait\u00e9.<\/li>\n<\/ul>\n<h3>Comment utiliser l\u2019outil<\/h3>\n<ol>\n<li>Identifier les \u00e9carts entre les r\u00e9sultats (c&rsquo;est \u00e0 dire la performance) n\u00e9cessaires pour le bon d\u00e9roulement de la cha\u00eene de r\u00e9sultat de vos programmes\/projets (cadre logique) et les r\u00e9alisations actuelles \u00e0 ce jour.<\/li>\n<li>Formuler un \u00e9nonc\u00e9 du (des) besoin(s) \u00e0 la fois clair et concis. Veiller \u00e0 ce que tous les membres du groupe soient d&rsquo;accord avec les besoins tels qu&rsquo;ils sont \u00e9nonc\u00e9s. Par exemple, l&rsquo;administration nationale a \u00e9t\u00e9 en mesure de soumettre ses rapports dans les d\u00e9lais impartis dans (en moyenne) 25% des rapports demand\u00e9s au cours des 10 derni\u00e8res ann\u00e9es. Or, l&rsquo;objectif de votre programme\/projet est que 100% des rapports demand\u00e9s chaque ann\u00e9e soient soumis dans les d\u00e9lais impartis, et que leur contenu soit informatif et pertinent.<\/li>\n<li>Sur une longue feuille de papier, tracer une ligne horizontale sur toute sa longueur.\u00a0 Cette ligne formera \u00ab\u00a0l&rsquo;ar\u00eate dorsale\u00a0\u00bb du poisson. Inscrire le besoin le long de cette arr\u00eate sur la gauche.<\/li>\n<li>Identifier les principales cat\u00e9gories de causes du besoin. Le brainstorming est souvent une technique efficace pour identifier les cat\u00e9gories de causes. Repr\u00e9senter chaque cat\u00e9gorie de causes par une \u00ab\u00a0ar\u00eate\u00a0\u00bb &#8211; une ligne \u00e0 un angle de 45\u00ba de l&rsquo;ar\u00eate dorsale du poisson. Marquer chaque ar\u00eate (voir figure 1).<\/li>\n<li>\u00c0 l&rsquo;aide du brainstorming, le groupe doit identifier les facteurs qui peuvent affecter la cause et\/ou le besoin. Pour chaque cat\u00e9gorie de causes, demander au groupe \u00ab\u00a0pourquoi cela se produit-il?\u00a0\u00bb Ajouter chaque \u00ab\u00a0raison\u00a0\u00bb au diagramme, en la situant autour de la cat\u00e9gorie de la principale cause qu&rsquo;elle influence.<\/li>\n<li>R\u00e9p\u00e9ter la proc\u00e9dure en posant la question \u00ab\u00a0pourquoi cela se produit-il?\u00a0\u00bb pour chaque effet, jusqu&rsquo;\u00e0 ce que la question n&rsquo;ait plus d&rsquo;autres r\u00e9ponses pertinentes (voir figure 2).<\/li>\n<li>Lorsque le groupe s&rsquo;accorde sur le fait que le diagramme contient suffisamment d&rsquo;informations, proc\u00e9der \u00e0 l&rsquo;analyse du diagramme. Chercher plus particuli\u00e8rement des causes qui apparaissent dans plus d&rsquo;une section du diagramme.<\/li>\n<li>Encercler tout ce qui semble \u00eatre une des causes fondamentales \u00e0 l&rsquo;origine du besoin. Classer les causes par ordre de priorit\u00e9 et d\u00e9cider de l&rsquo;action \u00e0 engager. Cette action peut consister \u00e0 \u00e9tudier davantage les causes fondamentales.<\/li>\n<\/ol>\n<p>&nbsp;<\/p>\n<p>&nbsp;<\/p>\n<p><img loading=\"lazy\" decoding=\"async\" class=\"alignnone size-full wp-image-1126\" src=\"https:\/\/dev-managing-ils-reporting.pantheonsite.io\/wp-content\/uploads\/2020\/01\/fishbone_diagram_1_fr_.jpg\" alt=\"\" width=\"450\" height=\"213\" srcset=\"https:\/\/managing-ils-reporting.itcilo.org\/wp-content\/uploads\/2020\/01\/fishbone_diagram_1_fr_.jpg 450w, https:\/\/managing-ils-reporting.itcilo.org\/wp-content\/uploads\/2020\/01\/fishbone_diagram_1_fr_-300x142.jpg 300w\" sizes=\"auto, (max-width: 450px) 100vw, 450px\" \/><img loading=\"lazy\" decoding=\"async\" class=\"alignnone size-full wp-image-1129\" src=\"https:\/\/dev-managing-ils-reporting.pantheonsite.io\/wp-content\/uploads\/2020\/01\/fishbone_diagram_2_fr.jpg\" alt=\"\" width=\"600\" height=\"320\" srcset=\"https:\/\/managing-ils-reporting.itcilo.org\/wp-content\/uploads\/2020\/01\/fishbone_diagram_2_fr.jpg 600w, https:\/\/managing-ils-reporting.itcilo.org\/wp-content\/uploads\/2020\/01\/fishbone_diagram_2_fr-300x160.jpg 300w\" sizes=\"auto, (max-width: 600px) 100vw, 600px\" \/><\/p>\n<p>&nbsp;<\/p>\n<p>&nbsp;<\/p>\n<p>&nbsp;<\/p>\n<h3>Conseils<\/h3>\n<ul>\n<li>Veiller \u00e0 ce qu&rsquo;il y ait un consensus au sein du groupe sur le \u00ab\u00a0besoin\u00a0\u00bb et sur les caract\u00e9ristiques de \u00ab\u00a0l&rsquo;\u00e9nonc\u00e9 des causes\u00a0\u00bb avant de s&rsquo;engager dans le processus d&rsquo;\u00e9laboration du diagramme en ar\u00eates de poisson.<\/li>\n<li>Le cas \u00e9ch\u00e9ant, il est possible de \u00ab\u00a0greffer\u00a0\u00bb des branches contenant peu d&rsquo;informations sur d&rsquo;autres branches. De m\u00eame, il est possible de \u00ab\u00a0diviser\u00a0\u00bb les branches qui contiennent trop d&rsquo;informations en deux ou plusieurs branches au fur et \u00e0 mesure.<\/li>\n<li>Utiliser les mots avec parcimonie lors du remplissage du diagramme. Cependant, utiliser autant de mots qu&rsquo;il sera n\u00e9cessaire pour d\u00e9crire la cause ou l&rsquo;effet.<\/li>\n<\/ul>\n<h3>R\u00e9f\u00e9rences et ressources<\/h3>\n<ul>\n<li>Ce document est tir\u00e9 d\u2019un outil d\u2019un groupe d\u2019\u00e9valuation du WBI, publi\u00e9 en 2007.<\/li>\n<li>Gupta, K., Sleezer, C.M., &amp; Russ-Eft, D.F. (2007):\u00a0<i>A Practical Guide to Needs Assessment<\/i>,\u00a0Pfeiffer.<\/li>\n<li>Le\u00a0<a class=\"external-link\" href=\"http:\/\/www.isixsigma.com\/tools-templates\/cause-effect\/cause-and-effect-aka-fishbone-diagram\/\">diagramme<\/a>\u00a0en ar\u00eate de poisson tir\u00e9 de Six Sigma contient des mod\u00e8les pour faire des diagrammes en ar\u00eate de poisson dans Microsoft Word et Microsoft Excel.<\/li>\n<\/ul>\n","protected":false},"excerpt":{"rendered":"<p>But Le diagramme en ar\u00eates de poisson est un diagramme de cause \u00e0 effet qui peut \u00eatre utilis\u00e9 pour identifier la ou les causes potentielles (ou r\u00e9elles) d&rsquo;un probl\u00e8me de performance. Les diagrammes en ar\u00eates de poisson donnent une structure aux discussions de groupe portant sur les causes possibles du probl\u00e8me. Application \u00e0 l\u2019\u00e9valuation des [&hellip;]<\/p>\n","protected":false},"author":1,"featured_media":0,"parent":168,"menu_order":0,"comment_status":"closed","ping_status":"closed","template":"","meta":{"footnotes":""},"class_list":["post-1122","page","type-page","status-publish","hentry"],"_links":{"self":[{"href":"https:\/\/managing-ils-reporting.itcilo.org\/fr\/wp-json\/wp\/v2\/pages\/1122","targetHints":{"allow":["GET"]}}],"collection":[{"href":"https:\/\/managing-ils-reporting.itcilo.org\/fr\/wp-json\/wp\/v2\/pages"}],"about":[{"href":"https:\/\/managing-ils-reporting.itcilo.org\/fr\/wp-json\/wp\/v2\/types\/page"}],"author":[{"embeddable":true,"href":"https:\/\/managing-ils-reporting.itcilo.org\/fr\/wp-json\/wp\/v2\/users\/1"}],"replies":[{"embeddable":true,"href":"https:\/\/managing-ils-reporting.itcilo.org\/fr\/wp-json\/wp\/v2\/comments?post=1122"}],"version-history":[{"count":1,"href":"https:\/\/managing-ils-reporting.itcilo.org\/fr\/wp-json\/wp\/v2\/pages\/1122\/revisions"}],"predecessor-version":[{"id":1132,"href":"https:\/\/managing-ils-reporting.itcilo.org\/fr\/wp-json\/wp\/v2\/pages\/1122\/revisions\/1132"}],"up":[{"embeddable":true,"href":"https:\/\/managing-ils-reporting.itcilo.org\/fr\/wp-json\/wp\/v2\/pages\/168"}],"wp:attachment":[{"href":"https:\/\/managing-ils-reporting.itcilo.org\/fr\/wp-json\/wp\/v2\/media?parent=1122"}],"curies":[{"name":"wp","href":"https:\/\/api.w.org\/{rel}","templated":true}]}}