{"id":1212,"date":"2020-01-10T16:05:56","date_gmt":"2020-01-10T16:05:56","guid":{"rendered":"https:\/\/dev-managing-ils-reporting.pantheonsite.io\/outils\/identification-of-obstacles-solutions-and-indicators-of-progress-the-plan-do-check-act-process\/checklist-of-possible-obstacles\/"},"modified":"2020-01-10T16:06:40","modified_gmt":"2020-01-10T16:06:40","slug":"checklist-of-possible-obstacles","status":"publish","type":"page","link":"https:\/\/managing-ils-reporting.itcilo.org\/fr\/outils\/identification-of-obstacles-solutions-and-indicators-of-progress-the-plan-do-check-act-process\/checklist-of-possible-obstacles\/","title":{"rendered":"Liste de contr\u00f4le des obstacles possibles"},"content":{"rendered":"<div class=\"tileItem visualIEFloatFix vevent contenttype-folder\">\n<div class=\"tileItem visualIEFloatFix vevent contenttype-folder\">\n<h2 class=\"tileHeadline\"><a class=\"summary url\" href=\"http:\/\/managing-ils-reporting.itcilo.org\/fr\/outils\/apprendre-avec-lexperience\/liste-de-controle-des-obstacles-possibles\/problemes-de-gestion\">Probl\u00e8mes de gestion<\/a><\/h2>\n<div class=\"visualClear\"><\/div>\n<\/div>\n<div class=\"tileItem visualIEFloatFix vevent contenttype-folder\">\n<h2 class=\"tileHeadline\"><a class=\"summary url\" href=\"http:\/\/managing-ils-reporting.itcilo.org\/fr\/outils\/apprendre-avec-lexperience\/liste-de-controle-des-obstacles-possibles\/ressources-humaines\">Ressources humaines<\/a><\/h2>\n<div class=\"visualClear\"><\/div>\n<\/div>\n<div class=\"tileItem visualIEFloatFix vevent contenttype-folder\">\n<h2 class=\"tileHeadline\"><a class=\"summary url\" href=\"http:\/\/managing-ils-reporting.itcilo.org\/fr\/outils\/apprendre-avec-lexperience\/liste-de-controle-des-obstacles-possibles\/ressources-materielles\">Ressources mat\u00e9rielles<\/a><\/h2>\n<div class=\"visualClear\"><\/div>\n<\/div>\n<div class=\"tileItem visualIEFloatFix vevent contenttype-folder\">\n<h2 class=\"tileHeadline\"><a class=\"summary url\" href=\"http:\/\/managing-ils-reporting.itcilo.org\/fr\/outils\/apprendre-avec-lexperience\/liste-de-controle-des-obstacles-possibles\/cooperation-interministerielle\">Coop\u00e9ration interminist\u00e9rielle<\/a><\/h2>\n<div class=\"visualClear\"><\/div>\n<\/div>\n<div class=\"tileItem visualIEFloatFix vevent contenttype-folder\">\n<h2 class=\"tileHeadline\"><a class=\"summary url\" href=\"http:\/\/managing-ils-reporting.itcilo.org\/fr\/outils\/apprendre-avec-lexperience\/liste-de-controle-des-obstacles-possibles\/interaction-avec-les-partenaires-sociaux\">Interaction avec les partenaires sociaux<\/a><\/h2>\n<\/div>\n<\/div>\n","protected":false},"excerpt":{"rendered":"<p>Probl\u00e8mes de gestion Ressources humaines Ressources mat\u00e9rielles Coop\u00e9ration interminist\u00e9rielle Interaction avec les partenaires sociaux<\/p>\n","protected":false},"author":1,"featured_media":0,"parent":1108,"menu_order":0,"comment_status":"closed","ping_status":"closed","template":"","meta":{"footnotes":""},"class_list":["post-1212","page","type-page","status-publish","hentry"],"_links":{"self":[{"href":"https:\/\/managing-ils-reporting.itcilo.org\/fr\/wp-json\/wp\/v2\/pages\/1212","targetHints":{"allow":["GET"]}}],"collection":[{"href":"https:\/\/managing-ils-reporting.itcilo.org\/fr\/wp-json\/wp\/v2\/pages"}],"about":[{"href":"https:\/\/managing-ils-reporting.itcilo.org\/fr\/wp-json\/wp\/v2\/types\/page"}],"author":[{"embeddable":true,"href":"https:\/\/managing-ils-reporting.itcilo.org\/fr\/wp-json\/wp\/v2\/users\/1"}],"replies":[{"embeddable":true,"href":"https:\/\/managing-ils-reporting.itcilo.org\/fr\/wp-json\/wp\/v2\/comments?post=1212"}],"version-history":[{"count":1,"href":"https:\/\/managing-ils-reporting.itcilo.org\/fr\/wp-json\/wp\/v2\/pages\/1212\/revisions"}],"predecessor-version":[{"id":1214,"href":"https:\/\/managing-ils-reporting.itcilo.org\/fr\/wp-json\/wp\/v2\/pages\/1212\/revisions\/1214"}],"up":[{"embeddable":true,"href":"https:\/\/managing-ils-reporting.itcilo.org\/fr\/wp-json\/wp\/v2\/pages\/1108"}],"wp:attachment":[{"href":"https:\/\/managing-ils-reporting.itcilo.org\/fr\/wp-json\/wp\/v2\/media?parent=1212"}],"curies":[{"name":"wp","href":"https:\/\/api.w.org\/{rel}","templated":true}]}}