{"id":1237,"date":"2020-01-10T16:19:12","date_gmt":"2020-01-10T16:19:12","guid":{"rendered":"https:\/\/dev-managing-ils-reporting.pantheonsite.io\/outils\/identification-of-obstacles-solutions-and-indicators-of-progress-the-plan-do-check-act-process\/checklist-of-possible-obstacles\/obstacles-human\/"},"modified":"2020-01-10T16:19:30","modified_gmt":"2020-01-10T16:19:30","slug":"obstacles-human","status":"publish","type":"page","link":"https:\/\/managing-ils-reporting.itcilo.org\/fr\/outils\/identification-of-obstacles-solutions-and-indicators-of-progress-the-plan-do-check-act-process\/checklist-of-possible-obstacles\/obstacles-human\/","title":{"rendered":"Obstacles &#8211; Human"},"content":{"rendered":"\n<div class=\"wpcf7 no-js\" id=\"wpcf7-f1165-o1\" lang=\"en-US\" dir=\"ltr\" data-wpcf7-id=\"1165\">\n<div class=\"screen-reader-response\"><p role=\"status\" aria-live=\"polite\" aria-atomic=\"true\"><\/p> <ul><\/ul><\/div>\n<form action=\"\/fr\/wp-json\/wp\/v2\/pages\/1237#wpcf7-f1165-o1\" method=\"post\" class=\"wpcf7-form init\" aria-label=\"Contact form\" novalidate=\"novalidate\" data-status=\"init\">\n<fieldset class=\"hidden-fields-container\"><input type=\"hidden\" name=\"_wpcf7\" value=\"1165\" \/><input type=\"hidden\" name=\"_wpcf7_version\" value=\"6.1.1\" \/><input type=\"hidden\" name=\"_wpcf7_locale\" value=\"en_US\" \/><input type=\"hidden\" name=\"_wpcf7_unit_tag\" value=\"wpcf7-f1165-o1\" \/><input type=\"hidden\" name=\"_wpcf7_container_post\" value=\"0\" \/><input type=\"hidden\" name=\"_wpcf7_posted_data_hash\" value=\"\" \/><input type=\"hidden\" name=\"_wpcf7cf_hidden_group_fields\" value=\"[]\" \/><input type=\"hidden\" name=\"_wpcf7cf_hidden_groups\" value=\"[]\" \/><input type=\"hidden\" name=\"_wpcf7cf_visible_groups\" value=\"[]\" \/><input type=\"hidden\" name=\"_wpcf7cf_repeaters\" value=\"[]\" \/><input type=\"hidden\" name=\"_wpcf7cf_steps\" value=\"{}\" \/><input type=\"hidden\" name=\"_wpcf7cf_options\" value=\"{&quot;form_id&quot;:1165,&quot;conditions&quot;:[],&quot;settings&quot;:{&quot;animation&quot;:&quot;yes&quot;,&quot;animation_intime&quot;:200,&quot;animation_outtime&quot;:200,&quot;conditions_ui&quot;:&quot;normal&quot;,&quot;notice_dismissed&quot;:false}}\" \/><input type=\"hidden\" name=\"_wpcf7_recaptcha_response\" value=\"\" \/>\n<\/fieldset>\n<p><label><strong>Faut-il davantage de personnel pour effectuer le travail?<\/strong><\/label><br \/>\n<span class=\"wpcf7-form-control-wrap\" data-name=\"radio-1\"><span class=\"wpcf7-form-control wpcf7-radio\"><span class=\"wpcf7-list-item first\"><label><span class=\"wpcf7-list-item-label\">Oui<\/span><input type=\"radio\" name=\"radio-1\" value=\"Oui\" \/><\/label><\/span><span class=\"wpcf7-list-item last\"><label><span class=\"wpcf7-list-item-label\">Non<\/span><input type=\"radio\" name=\"radio-1\" value=\"Non\" \/><\/label><\/span><\/span><\/span>\n<\/p>\n<p><label><strong>Faut-il pr\u00e9voir une formation compl\u00e9mentaire du personnel?<\/strong><\/label><br \/>\n<span class=\"wpcf7-form-control-wrap\" data-name=\"radio-2\"><span class=\"wpcf7-form-control wpcf7-radio\"><span class=\"wpcf7-list-item first\"><label><span class=\"wpcf7-list-item-label\">Oui<\/span><input type=\"radio\" name=\"radio-2\" value=\"Oui\" \/><\/label><\/span><span class=\"wpcf7-list-item last\"><label><span class=\"wpcf7-list-item-label\">Non<\/span><input type=\"radio\" name=\"radio-2\" value=\"Non\" \/><\/label><\/span><\/span><\/span>\n<\/p>\n<p><label><strong>Y a-t-il une p\u00e9nurie de personnel due \u00e0 une rotation trop rapide?<\/strong><\/label><br \/>\n<span class=\"wpcf7-form-control-wrap\" data-name=\"radio-3\"><span class=\"wpcf7-form-control wpcf7-radio\"><span class=\"wpcf7-list-item first\"><label><span class=\"wpcf7-list-item-label\">Oui<\/span><input type=\"radio\" name=\"radio-3\" value=\"Oui\" \/><\/label><\/span><span class=\"wpcf7-list-item last\"><label><span class=\"wpcf7-list-item-label\">Non<\/span><input type=\"radio\" name=\"radio-3\" value=\"Non\" \/><\/label><\/span><\/span><\/span>\n<\/p>\n<p><label><strong>Y a-t-il un manque de comp\u00e9tences linguistiques appropri\u00e9es parmi le personnel disponible?<\/strong><\/label><br \/>\n<span class=\"wpcf7-form-control-wrap\" data-name=\"radio-4\"><span class=\"wpcf7-form-control wpcf7-radio\"><span class=\"wpcf7-list-item first\"><label><span class=\"wpcf7-list-item-label\">Oui<\/span><input type=\"radio\" name=\"radio-4\" value=\"Oui\" \/><\/label><\/span><span class=\"wpcf7-list-item last\"><label><span class=\"wpcf7-list-item-label\">Non<\/span><input type=\"radio\" name=\"radio-4\" value=\"Non\" \/><\/label><\/span><\/span><\/span>\n<\/p>\n<p><label><strong>Y a-t-il un manque de motivation parmi le personnel responsable?<\/strong><\/label><br \/>\n<span class=\"wpcf7-form-control-wrap\" data-name=\"radio-5\"><span class=\"wpcf7-form-control wpcf7-radio\"><span class=\"wpcf7-list-item first\"><label><span class=\"wpcf7-list-item-label\">Oui<\/span><input type=\"radio\" name=\"radio-5\" value=\"Oui\" \/><\/label><\/span><span class=\"wpcf7-list-item last\"><label><span class=\"wpcf7-list-item-label\">Non<\/span><input type=\"radio\" name=\"radio-5\" value=\"Non\" \/><\/label><\/span><\/span><\/span>\n<\/p>\n<p><label><strong>Y a-t-il un manque de clart\u00e9 dans la r\u00e9partition des responsabilit\u00e9s pour l\u2019ex\u00e9cution des t\u00e2ches?<\/strong><\/label><br \/>\n<span class=\"wpcf7-form-control-wrap\" data-name=\"radio-6\"><span class=\"wpcf7-form-control wpcf7-radio\"><span class=\"wpcf7-list-item first\"><label><span class=\"wpcf7-list-item-label\">Oui<\/span><input type=\"radio\" name=\"radio-6\" value=\"Oui\" \/><\/label><\/span><span class=\"wpcf7-list-item last\"><label><span class=\"wpcf7-list-item-label\">Non<\/span><input type=\"radio\" name=\"radio-6\" value=\"Non\" \/><\/label><\/span><\/span><\/span>\n<\/p>\n<p><a href=\"javascript:window.print()\">Submit and print your form<\/a><br \/>\n<label><strong>Faut-il fixer des priorit\u00e9s clairement \u00e9tablies pour le travail de pr\u00e9paration de rapports?<\/strong><\/label><br \/>\n<span class=\"wpcf7-form-control-wrap\" data-name=\"radio-7\"><span class=\"wpcf7-form-control wpcf7-radio\"><span class=\"wpcf7-list-item first\"><label><span class=\"wpcf7-list-item-label\">Oui<\/span><input type=\"radio\" name=\"radio-7\" value=\"Oui\" \/><\/label><\/span><span class=\"wpcf7-list-item last\"><label><span class=\"wpcf7-list-item-label\">Non<\/span><input type=\"radio\" name=\"radio-7\" value=\"Non\" \/><\/label><\/span><\/span><\/span>\n<\/p><div class=\"wpcf7-response-output\" aria-hidden=\"true\"><\/div>\n<\/form>\n<\/div>\n\n","protected":false},"excerpt":{"rendered":"","protected":false},"author":1,"featured_media":0,"parent":1212,"menu_order":0,"comment_status":"closed","ping_status":"closed","template":"","meta":{"footnotes":""},"class_list":["post-1237","page","type-page","status-publish","hentry"],"_links":{"self":[{"href":"https:\/\/managing-ils-reporting.itcilo.org\/fr\/wp-json\/wp\/v2\/pages\/1237","targetHints":{"allow":["GET"]}}],"collection":[{"href":"https:\/\/managing-ils-reporting.itcilo.org\/fr\/wp-json\/wp\/v2\/pages"}],"about":[{"href":"https:\/\/managing-ils-reporting.itcilo.org\/fr\/wp-json\/wp\/v2\/types\/page"}],"author":[{"embeddable":true,"href":"https:\/\/managing-ils-reporting.itcilo.org\/fr\/wp-json\/wp\/v2\/users\/1"}],"replies":[{"embeddable":true,"href":"https:\/\/managing-ils-reporting.itcilo.org\/fr\/wp-json\/wp\/v2\/comments?post=1237"}],"version-history":[{"count":1,"href":"https:\/\/managing-ils-reporting.itcilo.org\/fr\/wp-json\/wp\/v2\/pages\/1237\/revisions"}],"predecessor-version":[{"id":1239,"href":"https:\/\/managing-ils-reporting.itcilo.org\/fr\/wp-json\/wp\/v2\/pages\/1237\/revisions\/1239"}],"up":[{"embeddable":true,"href":"https:\/\/managing-ils-reporting.itcilo.org\/fr\/wp-json\/wp\/v2\/pages\/1212"}],"wp:attachment":[{"href":"https:\/\/managing-ils-reporting.itcilo.org\/fr\/wp-json\/wp\/v2\/media?parent=1237"}],"curies":[{"name":"wp","href":"https:\/\/api.w.org\/{rel}","templated":true}]}}