{"id":1267,"date":"2020-01-10T16:23:45","date_gmt":"2020-01-10T16:23:45","guid":{"rendered":"https:\/\/dev-managing-ils-reporting.pantheonsite.io\/outils\/identification-of-obstacles-solutions-and-indicators-of-progress-the-plan-do-check-act-process\/checklist-of-possible-solutions\/solutions-human\/"},"modified":"2020-01-10T16:24:00","modified_gmt":"2020-01-10T16:24:00","slug":"solutions-human","status":"publish","type":"page","link":"https:\/\/managing-ils-reporting.itcilo.org\/fr\/outils\/identification-of-obstacles-solutions-and-indicators-of-progress-the-plan-do-check-act-process\/checklist-of-possible-solutions\/solutions-human\/","title":{"rendered":"Solutions &#8211; Human"},"content":{"rendered":"\n<div class=\"wpcf7 no-js\" id=\"wpcf7-f1180-o1\" lang=\"en-US\" dir=\"ltr\" data-wpcf7-id=\"1180\">\n<div class=\"screen-reader-response\"><p role=\"status\" aria-live=\"polite\" aria-atomic=\"true\"><\/p> <ul><\/ul><\/div>\n<form action=\"\/fr\/wp-json\/wp\/v2\/pages\/1267#wpcf7-f1180-o1\" method=\"post\" class=\"wpcf7-form init\" aria-label=\"Contact form\" novalidate=\"novalidate\" data-status=\"init\">\n<fieldset class=\"hidden-fields-container\"><input type=\"hidden\" name=\"_wpcf7\" value=\"1180\" \/><input type=\"hidden\" name=\"_wpcf7_version\" value=\"6.1.1\" \/><input type=\"hidden\" name=\"_wpcf7_locale\" value=\"en_US\" \/><input type=\"hidden\" name=\"_wpcf7_unit_tag\" value=\"wpcf7-f1180-o1\" \/><input type=\"hidden\" name=\"_wpcf7_container_post\" value=\"0\" \/><input type=\"hidden\" name=\"_wpcf7_posted_data_hash\" value=\"\" \/><input type=\"hidden\" name=\"_wpcf7cf_hidden_group_fields\" value=\"[]\" \/><input type=\"hidden\" name=\"_wpcf7cf_hidden_groups\" value=\"[]\" \/><input type=\"hidden\" name=\"_wpcf7cf_visible_groups\" value=\"[]\" \/><input type=\"hidden\" name=\"_wpcf7cf_repeaters\" value=\"[]\" \/><input type=\"hidden\" name=\"_wpcf7cf_steps\" value=\"{}\" \/><input type=\"hidden\" name=\"_wpcf7cf_options\" value=\"{&quot;form_id&quot;:1180,&quot;conditions&quot;:[],&quot;settings&quot;:{&quot;animation&quot;:&quot;yes&quot;,&quot;animation_intime&quot;:200,&quot;animation_outtime&quot;:200,&quot;conditions_ui&quot;:&quot;normal&quot;,&quot;notice_dismissed&quot;:false}}\" \/><input type=\"hidden\" name=\"_wpcf7_recaptcha_response\" value=\"\" \/>\n<\/fieldset>\n<p><label><strong>La disponibilit\u00e9 du personnel a-t-elle \u00e9t\u00e9 assur\u00e9e - en particulier jusqu\u2019au 1er septembre?<\/strong><\/label><br \/>\n<span class=\"wpcf7-form-control-wrap\" data-name=\"radio-1\"><span class=\"wpcf7-form-control wpcf7-radio\"><span class=\"wpcf7-list-item first\"><label><span class=\"wpcf7-list-item-label\">Oui<\/span><input type=\"radio\" name=\"radio-1\" value=\"Oui\" \/><\/label><\/span><span class=\"wpcf7-list-item last\"><label><span class=\"wpcf7-list-item-label\">Non<\/span><input type=\"radio\" name=\"radio-1\" value=\"Non\" \/><\/label><\/span><\/span><\/span>\n<\/p>\n<p><label><strong>A-t-on pris des mesures pour assurer l\u2019attribution des postes vacants en temps utile?<\/strong><\/label><br \/>\n<span class=\"wpcf7-form-control-wrap\" data-name=\"radio-2\"><span class=\"wpcf7-form-control wpcf7-radio\"><span class=\"wpcf7-list-item first\"><label><span class=\"wpcf7-list-item-label\">Oui<\/span><input type=\"radio\" name=\"radio-2\" value=\"Oui\" \/><\/label><\/span><span class=\"wpcf7-list-item last\"><label><span class=\"wpcf7-list-item-label\">Non<\/span><input type=\"radio\" name=\"radio-2\" value=\"Non\" \/><\/label><\/span><\/span><\/span>\n<\/p>\n<p><label><strong>A-t-on pris des mesures pour limiter la rotation du personnel afin d\u2019assurer une continuit\u00e9 et de capitaliser sur les investissements consacr\u00e9s \u00e0 la formation du personnel?<\/strong><\/label><br \/>\n<span class=\"wpcf7-form-control-wrap\" data-name=\"radio-3\"><span class=\"wpcf7-form-control wpcf7-radio\"><span class=\"wpcf7-list-item first\"><label><span class=\"wpcf7-list-item-label\">Oui<\/span><input type=\"radio\" name=\"radio-3\" value=\"Oui\" \/><\/label><\/span><span class=\"wpcf7-list-item last\"><label><span class=\"wpcf7-list-item-label\">Non<\/span><input type=\"radio\" name=\"radio-3\" value=\"Non\" \/><\/label><\/span><\/span><\/span>\n<\/p>\n<p><label><strong>A-t-on pris des mesures pour assurer que le personnel recrut\u00e9 poss\u00e8de la formation appropri\u00e9e (un personnel poss\u00e9dant une formation juridique est souvent un atout)?<\/strong><\/label><br \/>\n<span class=\"wpcf7-form-control-wrap\" data-name=\"radio-4\"><span class=\"wpcf7-form-control wpcf7-radio\"><span class=\"wpcf7-list-item first\"><label><span class=\"wpcf7-list-item-label\">Oui<\/span><input type=\"radio\" name=\"radio-4\" value=\"Oui\" \/><\/label><\/span><span class=\"wpcf7-list-item last\"><label><span class=\"wpcf7-list-item-label\">Non<\/span><input type=\"radio\" name=\"radio-4\" value=\"Non\" \/><\/label><\/span><\/span><\/span>\n<\/p>\n<p><label><strong>A-t-on pris des mesures pour assurer que le personnel responsable soit correctement form\u00e9 au travail relatif \u00e0 l\u2019OIT?<\/strong><\/label><br \/>\n<span class=\"wpcf7-form-control-wrap\" data-name=\"radio-5\"><span class=\"wpcf7-form-control wpcf7-radio\"><span class=\"wpcf7-list-item first\"><label><span class=\"wpcf7-list-item-label\">Oui<\/span><input type=\"radio\" name=\"radio-5\" value=\"Oui\" \/><\/label><\/span><span class=\"wpcf7-list-item last\"><label><span class=\"wpcf7-list-item-label\">Non<\/span><input type=\"radio\" name=\"radio-5\" value=\"Non\" \/><\/label><\/span><\/span><\/span>\n<\/p>\n<p><label><strong>A-t-on pris des mesures pour assurer que le personnel responsable poss\u00e8de les comp\u00e9tences linguistiques requises?<\/strong><\/label><br \/>\n<span class=\"wpcf7-form-control-wrap\" data-name=\"radio-6\"><span class=\"wpcf7-form-control wpcf7-radio\"><span class=\"wpcf7-list-item first\"><label><span class=\"wpcf7-list-item-label\">Oui<\/span><input type=\"radio\" name=\"radio-6\" value=\"Oui\" \/><\/label><\/span><span class=\"wpcf7-list-item last\"><label><span class=\"wpcf7-list-item-label\">Non<\/span><input type=\"radio\" name=\"radio-6\" value=\"Non\" \/><\/label><\/span><\/span><\/span>\n<\/p>\n<p><label><strong>A-t-on pr\u00e9par\u00e9 un plan d\u2019action pour le travail de pr\u00e9paration des rapports?<\/strong><\/label><br \/>\n<span class=\"wpcf7-form-control-wrap\" data-name=\"radio-7\"><span class=\"wpcf7-form-control wpcf7-radio\"><span class=\"wpcf7-list-item first\"><label><span class=\"wpcf7-list-item-label\">Oui<\/span><input type=\"radio\" name=\"radio-7\" value=\"Oui\" \/><\/label><\/span><span class=\"wpcf7-list-item last\"><label><span class=\"wpcf7-list-item-label\">Non<\/span><input type=\"radio\" name=\"radio-7\" value=\"Non\" \/><\/label><\/span><\/span><\/span>\n<\/p>\n<p><label><strong>A-t-on \u00e9tabli des lignes de responsabilit\u00e9 clairement d\u00e9finies pour ce travail?<\/strong><\/label><br \/>\n<span class=\"wpcf7-form-control-wrap\" data-name=\"radio-8\"><span class=\"wpcf7-form-control wpcf7-radio\"><span class=\"wpcf7-list-item first\"><label><span class=\"wpcf7-list-item-label\">Oui<\/span><input type=\"radio\" name=\"radio-8\" value=\"Oui\" \/><\/label><\/span><span class=\"wpcf7-list-item last\"><label><span class=\"wpcf7-list-item-label\">Non<\/span><input type=\"radio\" name=\"radio-8\" value=\"Non\" \/><\/label><\/span><\/span><\/span>\n<\/p>\n<p><label><strong>A-t-on fix\u00e9 un calendrier clairement d\u00e9fini pour ce travail?<\/strong><\/label><br \/>\n<span class=\"wpcf7-form-control-wrap\" data-name=\"radio-9\"><span class=\"wpcf7-form-control wpcf7-radio\"><span class=\"wpcf7-list-item first\"><label><span class=\"wpcf7-list-item-label\">Oui<\/span><input type=\"radio\" name=\"radio-9\" value=\"Oui\" \/><\/label><\/span><span class=\"wpcf7-list-item last\"><label><span class=\"wpcf7-list-item-label\">Non<\/span><input type=\"radio\" name=\"radio-9\" value=\"Non\" \/><\/label><\/span><\/span><\/span>\n<\/p>\n<p><label><strong>A-t-on pris des mesures pour assurer que le travail de pr\u00e9paration des rapports soit correctement \u00e9valu\u00e9 (y compris, le cas \u00e9ch\u00e9ant, les r\u00e9troactions positives)?<\/strong><\/label><br \/>\n<span class=\"wpcf7-form-control-wrap\" data-name=\"radio-10\"><span class=\"wpcf7-form-control wpcf7-radio\"><span class=\"wpcf7-list-item first\"><label><span class=\"wpcf7-list-item-label\">Oui<\/span><input type=\"radio\" name=\"radio-10\" value=\"Oui\" \/><\/label><\/span><span class=\"wpcf7-list-item last\"><label><span class=\"wpcf7-list-item-label\">Non<\/span><input type=\"radio\" name=\"radio-10\" value=\"Non\" \/><\/label><\/span><\/span><\/span>\n<\/p>\n<p><label><strong>A-t-on pris des mesures pour assurer qu\u2019une \u00e9valuation du travail de pr\u00e9paration des rapports relevant de l\u2019article 22 soit incluse dans l\u2019\u00e9valuation du travail du personnel?<\/strong><\/label><br \/>\n<span class=\"wpcf7-form-control-wrap\" data-name=\"radio-11\"><span class=\"wpcf7-form-control wpcf7-radio\"><span class=\"wpcf7-list-item first\"><label><span class=\"wpcf7-list-item-label\">Oui<\/span><input type=\"radio\" name=\"radio-11\" value=\"Oui\" \/><\/label><\/span><span class=\"wpcf7-list-item last\"><label><span class=\"wpcf7-list-item-label\">Non<\/span><input type=\"radio\" name=\"radio-11\" value=\"Non\" \/><\/label><\/span><\/span><\/span>\n<\/p>\n<p><label><strong>A-t-on pris des mesures pour offrir \u00e0 titre d\u2019incitation une formation compl\u00e9mentaire au personnel qui obtiendra de bons r\u00e9sultats?<\/strong><\/label><br \/>\n<span class=\"wpcf7-form-control-wrap\" data-name=\"radio-12\"><span class=\"wpcf7-form-control wpcf7-radio\"><span class=\"wpcf7-list-item first\"><label><span class=\"wpcf7-list-item-label\">Oui<\/span><input type=\"radio\" name=\"radio-12\" value=\"Oui\" \/><\/label><\/span><span class=\"wpcf7-list-item last\"><label><span class=\"wpcf7-list-item-label\">Non<\/span><input type=\"radio\" name=\"radio-12\" value=\"Non\" \/><\/label><\/span><\/span><\/span>\n<\/p>\n<p><a href=\"javascript:window.print()\">Submit and print your form<\/a>\n<\/p><div class=\"wpcf7-response-output\" aria-hidden=\"true\"><\/div>\n<\/form>\n<\/div>\n\n","protected":false},"excerpt":{"rendered":"","protected":false},"author":1,"featured_media":0,"parent":1218,"menu_order":0,"comment_status":"closed","ping_status":"closed","template":"","meta":{"footnotes":""},"class_list":["post-1267","page","type-page","status-publish","hentry"],"_links":{"self":[{"href":"https:\/\/managing-ils-reporting.itcilo.org\/fr\/wp-json\/wp\/v2\/pages\/1267","targetHints":{"allow":["GET"]}}],"collection":[{"href":"https:\/\/managing-ils-reporting.itcilo.org\/fr\/wp-json\/wp\/v2\/pages"}],"about":[{"href":"https:\/\/managing-ils-reporting.itcilo.org\/fr\/wp-json\/wp\/v2\/types\/page"}],"author":[{"embeddable":true,"href":"https:\/\/managing-ils-reporting.itcilo.org\/fr\/wp-json\/wp\/v2\/users\/1"}],"replies":[{"embeddable":true,"href":"https:\/\/managing-ils-reporting.itcilo.org\/fr\/wp-json\/wp\/v2\/comments?post=1267"}],"version-history":[{"count":1,"href":"https:\/\/managing-ils-reporting.itcilo.org\/fr\/wp-json\/wp\/v2\/pages\/1267\/revisions"}],"predecessor-version":[{"id":1269,"href":"https:\/\/managing-ils-reporting.itcilo.org\/fr\/wp-json\/wp\/v2\/pages\/1267\/revisions\/1269"}],"up":[{"embeddable":true,"href":"https:\/\/managing-ils-reporting.itcilo.org\/fr\/wp-json\/wp\/v2\/pages\/1218"}],"wp:attachment":[{"href":"https:\/\/managing-ils-reporting.itcilo.org\/fr\/wp-json\/wp\/v2\/media?parent=1267"}],"curies":[{"name":"wp","href":"https:\/\/api.w.org\/{rel}","templated":true}]}}