{"id":1315,"date":"2020-01-10T16:30:12","date_gmt":"2020-01-10T16:30:12","guid":{"rendered":"https:\/\/dev-managing-ils-reporting.pantheonsite.io\/outils\/identification-of-obstacles-solutions-and-indicators-of-progress-the-plan-do-check-act-process\/checklist-of-indicators-of-progress\/indicators-interactions\/"},"modified":"2020-01-10T16:30:28","modified_gmt":"2020-01-10T16:30:28","slug":"indicators-interactions","status":"publish","type":"page","link":"https:\/\/managing-ils-reporting.itcilo.org\/fr\/outils\/identification-of-obstacles-solutions-and-indicators-of-progress-the-plan-do-check-act-process\/checklist-of-indicators-of-progress\/indicators-interactions\/","title":{"rendered":"Indicators &#8211; Interactions"},"content":{"rendered":"\n<div class=\"wpcf7 no-js\" id=\"wpcf7-f1204-o1\" lang=\"en-US\" dir=\"ltr\" data-wpcf7-id=\"1204\">\n<div class=\"screen-reader-response\"><p role=\"status\" aria-live=\"polite\" aria-atomic=\"true\"><\/p> <ul><\/ul><\/div>\n<form action=\"\/fr\/wp-json\/wp\/v2\/pages\/1315#wpcf7-f1204-o1\" method=\"post\" class=\"wpcf7-form init\" aria-label=\"Contact form\" novalidate=\"novalidate\" data-status=\"init\">\n<fieldset class=\"hidden-fields-container\"><input type=\"hidden\" name=\"_wpcf7\" value=\"1204\" \/><input type=\"hidden\" name=\"_wpcf7_version\" value=\"6.1.1\" \/><input type=\"hidden\" name=\"_wpcf7_locale\" value=\"en_US\" \/><input type=\"hidden\" name=\"_wpcf7_unit_tag\" value=\"wpcf7-f1204-o1\" \/><input type=\"hidden\" name=\"_wpcf7_container_post\" value=\"0\" \/><input type=\"hidden\" name=\"_wpcf7_posted_data_hash\" value=\"\" \/><input type=\"hidden\" name=\"_wpcf7cf_hidden_group_fields\" value=\"[]\" \/><input type=\"hidden\" name=\"_wpcf7cf_hidden_groups\" value=\"[]\" \/><input type=\"hidden\" name=\"_wpcf7cf_visible_groups\" value=\"[]\" \/><input type=\"hidden\" name=\"_wpcf7cf_repeaters\" value=\"[]\" \/><input type=\"hidden\" name=\"_wpcf7cf_steps\" value=\"{}\" \/><input type=\"hidden\" name=\"_wpcf7cf_options\" value=\"{&quot;form_id&quot;:1204,&quot;conditions&quot;:[],&quot;settings&quot;:{&quot;animation&quot;:&quot;yes&quot;,&quot;animation_intime&quot;:200,&quot;animation_outtime&quot;:200,&quot;conditions_ui&quot;:&quot;normal&quot;,&quot;notice_dismissed&quot;:false}}\" \/><input type=\"hidden\" name=\"_wpcf7_recaptcha_response\" value=\"\" \/>\n<\/fieldset>\n<p><label><strong>L\u2019interaction avec les partenaires sociaux a-t-elle fonctionn\u00e9 plus efficacement?<br \/>\n<\/strong><\/label><br \/>\n<span class=\"wpcf7-form-control-wrap\" data-name=\"radio-1\"><span class=\"wpcf7-form-control wpcf7-radio\"><span class=\"wpcf7-list-item first\"><label><span class=\"wpcf7-list-item-label\">Oui<\/span><input type=\"radio\" name=\"radio-1\" value=\"Oui\" \/><\/label><\/span><span class=\"wpcf7-list-item last\"><label><span class=\"wpcf7-list-item-label\">Non<\/span><input type=\"radio\" name=\"radio-1\" value=\"Non\" \/><\/label><\/span><\/span><\/span>\n<\/p>\n<p><label><strong>Les demandes d\u2019informations \u00e9manant de partenaires sociaux ont-elles re\u00e7u des r\u00e9ponses plus opportunes?<\/strong><\/label><br \/>\n<span class=\"wpcf7-form-control-wrap\" data-name=\"radio-2\"><span class=\"wpcf7-form-control wpcf7-radio\"><span class=\"wpcf7-list-item first\"><label><span class=\"wpcf7-list-item-label\">Oui<\/span><input type=\"radio\" name=\"radio-2\" value=\"Oui\" \/><\/label><\/span><span class=\"wpcf7-list-item last\"><label><span class=\"wpcf7-list-item-label\">Non<\/span><input type=\"radio\" name=\"radio-2\" value=\"Non\" \/><\/label><\/span><\/span><\/span>\n<\/p>\n<p><label><strong>Le flux d\u2019informations pertinentes vers les partenaires sociaux s\u2019est-il am\u00e9lior\u00e9?<\/strong><\/label><br \/>\n<span class=\"wpcf7-form-control-wrap\" data-name=\"radio-3\"><span class=\"wpcf7-form-control wpcf7-radio\"><span class=\"wpcf7-list-item first\"><label><span class=\"wpcf7-list-item-label\">Oui<\/span><input type=\"radio\" name=\"radio-3\" value=\"Oui\" \/><\/label><\/span><span class=\"wpcf7-list-item last\"><label><span class=\"wpcf7-list-item-label\">Non<\/span><input type=\"radio\" name=\"radio-3\" value=\"Non\" \/><\/label><\/span><\/span><\/span>\n<\/p>\n<p><a href=\"javascript:window.print()\">Submit and print your form<\/a>\n<\/p><div class=\"wpcf7-response-output\" aria-hidden=\"true\"><\/div>\n<\/form>\n<\/div>\n\n","protected":false},"excerpt":{"rendered":"","protected":false},"author":1,"featured_media":0,"parent":1225,"menu_order":0,"comment_status":"closed","ping_status":"closed","template":"","meta":{"footnotes":""},"class_list":["post-1315","page","type-page","status-publish","hentry"],"_links":{"self":[{"href":"https:\/\/managing-ils-reporting.itcilo.org\/fr\/wp-json\/wp\/v2\/pages\/1315","targetHints":{"allow":["GET"]}}],"collection":[{"href":"https:\/\/managing-ils-reporting.itcilo.org\/fr\/wp-json\/wp\/v2\/pages"}],"about":[{"href":"https:\/\/managing-ils-reporting.itcilo.org\/fr\/wp-json\/wp\/v2\/types\/page"}],"author":[{"embeddable":true,"href":"https:\/\/managing-ils-reporting.itcilo.org\/fr\/wp-json\/wp\/v2\/users\/1"}],"replies":[{"embeddable":true,"href":"https:\/\/managing-ils-reporting.itcilo.org\/fr\/wp-json\/wp\/v2\/comments?post=1315"}],"version-history":[{"count":1,"href":"https:\/\/managing-ils-reporting.itcilo.org\/fr\/wp-json\/wp\/v2\/pages\/1315\/revisions"}],"predecessor-version":[{"id":1317,"href":"https:\/\/managing-ils-reporting.itcilo.org\/fr\/wp-json\/wp\/v2\/pages\/1315\/revisions\/1317"}],"up":[{"embeddable":true,"href":"https:\/\/managing-ils-reporting.itcilo.org\/fr\/wp-json\/wp\/v2\/pages\/1225"}],"wp:attachment":[{"href":"https:\/\/managing-ils-reporting.itcilo.org\/fr\/wp-json\/wp\/v2\/media?parent=1315"}],"curies":[{"name":"wp","href":"https:\/\/api.w.org\/{rel}","templated":true}]}}