{"id":164,"date":"2019-12-20T09:59:07","date_gmt":"2019-12-20T09:59:07","guid":{"rendered":"https:\/\/dev-managing-ils-reporting.pantheonsite.io\/practices\/"},"modified":"2024-03-28T09:52:11","modified_gmt":"2024-03-28T09:52:11","slug":"pratiques","status":"publish","type":"page","link":"https:\/\/managing-ils-reporting.itcilo.org\/fr\/pratiques\/","title":{"rendered":"Pratiques"},"content":{"rendered":"<p class=\"documentDescription\"><span id=\"parent-fieldname-description\" class=\"\">S\u00e9lection de contributions li\u00e9es aux bonnes pratiques de pr\u00e9sentation des rapports sur les NIT.<\/span><\/p>\n<div id=\"parent-fieldname-text\" class=\"\">\n<p>Cette section du site contient une s\u00e9lection de contributions de mandants de l\u2019OIT relatives \u00e0 leurs propres bonnes pratiques de pr\u00e9sentation de rapports sur les NIT.<\/p>\n<p>Ces exemples de bonnes pratiques sont partag\u00e9s dans l\u2019espoir qu\u2019ils pourront se r\u00e9v\u00e9ler utiles aux mandants cherchant \u00e0 \u00e9tablir leurs propres pratiques en vue d\u2019am\u00e9liorer la pr\u00e9sentation des rapports et l\u2019application des NIT dans les Etats Membres.<\/p>\n<p>Parcourir et rechercher le site en effectuant une s\u00e9lection par pays ou par th\u00e8me.<\/p>\n<ul>\n<li>Choisissez \u00ab\u00a0<a href=\"\/practices\/country-selection\/\">Choix par pays<\/a>\u00a0\u00bb dans la barre de navigation sur la gauche pour consulter une liste des pays pour lesquels des exemples de bonnes pratiques de pr\u00e9sentation de rapports ont \u00e9t\u00e9 recueillis.<\/li>\n<li>Choisissez \u00ab\u00a0<a href=\"\/practices\/subject-selection\/\">Choix par th\u00e8me<\/a>\u00a0\u00bb dans la barre de navigation sur la gauche afin de consulter quatre grands domaines th\u00e9matiques dans lesquels des exemples de bonnes pratiques de pr\u00e9sentation de rapports ont \u00e9t\u00e9 recueillis, ind\u00e9pendamment du pays d\u2019origine.<\/li>\n<\/ul>\n<p>Enfin, choisissez \u00ab\u00a0<a href=\"\/practices\/collection-point\/\">Point de collecte<\/a>\u00a0\u00bb dans la barre de navigation sur la gauche pour acc\u00e9der \u00e0 un questionnaire gr\u00e2ce auquel vous pourrez donner votre propre exemple en mati\u00e8re de pr\u00e9sentation de rapports. Ces contributions permettront aux organisateurs de s\u00e9lectionner de nouveaux exemples \u00e0 inclure sur le site.<\/p>\n<\/div>\n","protected":false},"excerpt":{"rendered":"<p>S\u00e9lection de contributions li\u00e9es aux bonnes pratiques de pr\u00e9sentation des rapports sur les NIT. Cette section du site contient une s\u00e9lection de contributions de mandants de l\u2019OIT relatives \u00e0 leurs propres bonnes pratiques de pr\u00e9sentation de rapports sur les NIT. Ces exemples de bonnes pratiques sont partag\u00e9s dans l\u2019espoir qu\u2019ils pourront se r\u00e9v\u00e9ler utiles aux [&hellip;]<\/p>\n","protected":false},"author":1,"featured_media":0,"parent":0,"menu_order":0,"comment_status":"closed","ping_status":"closed","template":"","meta":{"footnotes":""},"class_list":["post-164","page","type-page","status-publish","hentry"],"_links":{"self":[{"href":"https:\/\/managing-ils-reporting.itcilo.org\/fr\/wp-json\/wp\/v2\/pages\/164","targetHints":{"allow":["GET"]}}],"collection":[{"href":"https:\/\/managing-ils-reporting.itcilo.org\/fr\/wp-json\/wp\/v2\/pages"}],"about":[{"href":"https:\/\/managing-ils-reporting.itcilo.org\/fr\/wp-json\/wp\/v2\/types\/page"}],"author":[{"embeddable":true,"href":"https:\/\/managing-ils-reporting.itcilo.org\/fr\/wp-json\/wp\/v2\/users\/1"}],"replies":[{"embeddable":true,"href":"https:\/\/managing-ils-reporting.itcilo.org\/fr\/wp-json\/wp\/v2\/comments?post=164"}],"version-history":[{"count":3,"href":"https:\/\/managing-ils-reporting.itcilo.org\/fr\/wp-json\/wp\/v2\/pages\/164\/revisions"}],"predecessor-version":[{"id":1412,"href":"https:\/\/managing-ils-reporting.itcilo.org\/fr\/wp-json\/wp\/v2\/pages\/164\/revisions\/1412"}],"wp:attachment":[{"href":"https:\/\/managing-ils-reporting.itcilo.org\/fr\/wp-json\/wp\/v2\/media?parent=164"}],"curies":[{"name":"wp","href":"https:\/\/api.w.org\/{rel}","templated":true}]}}