{"id":168,"date":"2019-12-20T14:39:56","date_gmt":"2019-12-20T14:39:56","guid":{"rendered":"https:\/\/dev-managing-ils-reporting.pantheonsite.io\/tools\/"},"modified":"2020-01-07T14:21:40","modified_gmt":"2020-01-07T14:21:40","slug":"outils","status":"publish","type":"page","link":"https:\/\/managing-ils-reporting.itcilo.org\/fr\/outils\/","title":{"rendered":"Outils"},"content":{"rendered":"<div id=\"parent-fieldname-description\" class=\"\">\n<p class=\"documentDescription\">Cette partie du site web contient des outils mis au point pour aider \u00e0 g\u00e9rer les obligations de pr\u00e9parer les rapports sur les NIT. La plupart ont \u00e9t\u00e9 d\u00e9velopp\u00e9s sp\u00e9cifiquement pour ce site, et sont bas\u00e9s sur la connaissance et l&rsquo;exp\u00e9rience des praticiens.<\/p>\n<\/div>\n","protected":false},"excerpt":{"rendered":"<p>Cette partie du site web contient des outils mis au point pour aider \u00e0 g\u00e9rer les obligations de pr\u00e9parer les rapports sur les NIT. La plupart ont \u00e9t\u00e9 d\u00e9velopp\u00e9s sp\u00e9cifiquement pour ce site, et sont bas\u00e9s sur la connaissance et l&rsquo;exp\u00e9rience des praticiens.<\/p>\n","protected":false},"author":1,"featured_media":0,"parent":0,"menu_order":0,"comment_status":"closed","ping_status":"closed","template":"","meta":{"footnotes":""},"class_list":["post-168","page","type-page","status-publish","hentry"],"_links":{"self":[{"href":"https:\/\/managing-ils-reporting.itcilo.org\/fr\/wp-json\/wp\/v2\/pages\/168","targetHints":{"allow":["GET"]}}],"collection":[{"href":"https:\/\/managing-ils-reporting.itcilo.org\/fr\/wp-json\/wp\/v2\/pages"}],"about":[{"href":"https:\/\/managing-ils-reporting.itcilo.org\/fr\/wp-json\/wp\/v2\/types\/page"}],"author":[{"embeddable":true,"href":"https:\/\/managing-ils-reporting.itcilo.org\/fr\/wp-json\/wp\/v2\/users\/1"}],"replies":[{"embeddable":true,"href":"https:\/\/managing-ils-reporting.itcilo.org\/fr\/wp-json\/wp\/v2\/comments?post=168"}],"version-history":[{"count":1,"href":"https:\/\/managing-ils-reporting.itcilo.org\/fr\/wp-json\/wp\/v2\/pages\/168\/revisions"}],"predecessor-version":[{"id":170,"href":"https:\/\/managing-ils-reporting.itcilo.org\/fr\/wp-json\/wp\/v2\/pages\/168\/revisions\/170"}],"wp:attachment":[{"href":"https:\/\/managing-ils-reporting.itcilo.org\/fr\/wp-json\/wp\/v2\/media?parent=168"}],"curies":[{"name":"wp","href":"https:\/\/api.w.org\/{rel}","templated":true}]}}