{"id":185,"date":"2019-12-20T10:00:14","date_gmt":"2019-12-20T10:00:14","guid":{"rendered":"https:\/\/dev-managing-ils-reporting.pantheonsite.io\/reportings-helpdesk\/"},"modified":"2020-01-07T15:35:15","modified_gmt":"2020-01-07T15:35:15","slug":"service-d-assistance","status":"publish","type":"page","link":"https:\/\/managing-ils-reporting.itcilo.org\/fr\/service-d-assistance\/","title":{"rendered":"Service d\u2019assistance"},"content":{"rendered":"<p class=\"documentDescription\"><span id=\"parent-fieldname-description\" class=\"\">Zone du service d\u2019assistance \u00e0 la pr\u00e9sentation des rapports du site de gestion de la pr\u00e9sentation des rapports sur les normes internationales du travail.<\/span><\/p>\n<div id=\"parent-fieldname-text\" class=\"\">\n<p>Le service d\u2019assistance vous assistera \u00e0 g\u00e9rer la pr\u00e9sentation des rapports sur les NIT.<\/p>\n<p>Il vous donne la possibilit\u00e9 de (a) poser des questions, et de (b) b\u00e9n\u00e9ficier des r\u00e9ponses aux questions d\u00e9j\u00e0 pos\u00e9es. En effet, la zone des \u00abtrucs et astuces\u00bb du service d\u2019assistance se d\u00e9veloppe en utilisant ainsi des questions et r\u00e9ponses d\u2019int\u00e9r\u00eat g\u00e9n\u00e9ral.<\/p>\n<p>Pour poser une question, veuillez utiliser la bo\u00eete de r\u00e9ception. Votre question sera envoy\u00e9e au service d\u2019assistance et vous recevrez une r\u00e9ponse dans votre bo\u00eete aux lettres \u00e9lectronique.<\/p>\n<p>Utilisez les liens de navigation \u00e0 gauche de l\u2019\u00e9cran [\u00ab\u00a0Bo\u00eete de r\u00e9ception\u00a0\u00bb et \u00ab\u00a0Trucs et astuces\u00a0\u00bb] pour commencer.<\/p>\n<p><i>Veuillez noter que le service d\u2019assistance n\u2019est pas un canal de communication officiel pour l\u2019OIT. Merci de ne pas utiliser le service d\u2019assistance pour soumettre des rapports ou communications ou demandes officielles \u00e0 l\u2019OIT, ni demander une assistance technique aux sp\u00e9cialistes en mati\u00e8re de NIT sur des points sp\u00e9cifiques, ou questions similaires.<\/i><\/p>\n<\/div>\n","protected":false},"excerpt":{"rendered":"<p>Zone du service d\u2019assistance \u00e0 la pr\u00e9sentation des rapports du site de gestion de la pr\u00e9sentation des rapports sur les normes internationales du travail. Le service d\u2019assistance vous assistera \u00e0 g\u00e9rer la pr\u00e9sentation des rapports sur les NIT. Il vous donne la possibilit\u00e9 de (a) poser des questions, et de (b) b\u00e9n\u00e9ficier des r\u00e9ponses aux [&hellip;]<\/p>\n","protected":false},"author":1,"featured_media":0,"parent":0,"menu_order":0,"comment_status":"closed","ping_status":"closed","template":"","meta":{"footnotes":""},"class_list":["post-185","page","type-page","status-publish","hentry"],"_links":{"self":[{"href":"https:\/\/managing-ils-reporting.itcilo.org\/fr\/wp-json\/wp\/v2\/pages\/185","targetHints":{"allow":["GET"]}}],"collection":[{"href":"https:\/\/managing-ils-reporting.itcilo.org\/fr\/wp-json\/wp\/v2\/pages"}],"about":[{"href":"https:\/\/managing-ils-reporting.itcilo.org\/fr\/wp-json\/wp\/v2\/types\/page"}],"author":[{"embeddable":true,"href":"https:\/\/managing-ils-reporting.itcilo.org\/fr\/wp-json\/wp\/v2\/users\/1"}],"replies":[{"embeddable":true,"href":"https:\/\/managing-ils-reporting.itcilo.org\/fr\/wp-json\/wp\/v2\/comments?post=185"}],"version-history":[{"count":2,"href":"https:\/\/managing-ils-reporting.itcilo.org\/fr\/wp-json\/wp\/v2\/pages\/185\/revisions"}],"predecessor-version":[{"id":189,"href":"https:\/\/managing-ils-reporting.itcilo.org\/fr\/wp-json\/wp\/v2\/pages\/185\/revisions\/189"}],"wp:attachment":[{"href":"https:\/\/managing-ils-reporting.itcilo.org\/fr\/wp-json\/wp\/v2\/media?parent=185"}],"curies":[{"name":"wp","href":"https:\/\/api.w.org\/{rel}","templated":true}]}}