{"id":192,"date":"2019-12-20T10:02:22","date_gmt":"2019-12-20T10:02:22","guid":{"rendered":"https:\/\/dev-managing-ils-reporting.pantheonsite.io\/resources\/"},"modified":"2020-01-07T15:40:46","modified_gmt":"2020-01-07T15:40:46","slug":"ressources","status":"publish","type":"page","link":"https:\/\/managing-ils-reporting.itcilo.org\/fr\/ressources\/","title":{"rendered":"Ressources"},"content":{"rendered":"<div class=\"tileItem visualIEFloatFix vevent contenttype-ploneglossary\">\n<h2 class=\"tileHeadline\"><a class=\"summary url\" href=\"http:\/\/managing-ils-reporting.itcilo.org\/fr\/ressources\/glossaire\">Glossaire<\/a><\/h2>\n<p class=\"tileBody\"><span class=\"description\">Termes et jargon relatifs aux rapports sur les normes internationales du travail.<\/span><\/p>\n<p class=\"tileFooter\"><a href=\"http:\/\/managing-ils-reporting.itcilo.org\/fr\/ressources\/glossaire\">Lire la suite\u2026<\/a><\/p>\n<div class=\"visualClear\"><\/div>\n<\/div>\n<div class=\"tileItem visualIEFloatFix vevent contenttype-link\">\n<h2 class=\"tileHeadline\"><a class=\"summary url\" href=\"http:\/\/managing-ils-reporting.itcilo.org\/fr\/ressources\/constitution-de-loit\">Constitution de l&rsquo;OIT<\/a><\/h2>\n<p class=\"tileBody\"><span class=\"description\">Cliquez sur ce lien pour \u00eatre redirig\u00e9 vers la version la plus r\u00e9cente de la Constitution de l&rsquo;Organisation Internationale du Travail.<\/span><\/p>\n<p class=\"tileFooter\"><a href=\"http:\/\/managing-ils-reporting.itcilo.org\/fr\/ressources\/constitution-de-loit\">Lire la suite\u2026<\/a><\/p>\n<div class=\"visualClear\"><\/div>\n<\/div>\n<div class=\"tileItem visualIEFloatFix vevent contenttype-link\">\n<h2 class=\"tileHeadline\"><a class=\"summary url\" href=\"http:\/\/managing-ils-reporting.itcilo.org\/fr\/ressources\/normlex\">NORMLEX<\/a><\/h2>\n<p class=\"tileBody\"><span class=\"description\">Cliquez sur ce lien pour \u00eatre redirig\u00e9 vers la base de donn\u00e9es NORMLEX qui r\u00e9unit des informations sur les normes internationales du travail (telles que des informations sur les ratifications, les obligations de faire rapport, les commentaires des organes de contr\u00f4le de l\u2019OIT, etc.) ainsi que sur les l\u00e9gislations nationales du travail et de la s\u00e9curit\u00e9 sociale.<\/span><\/p>\n<p class=\"tileFooter\"><a href=\"http:\/\/managing-ils-reporting.itcilo.org\/fr\/ressources\/normlex\">Lire la suite\u2026<\/a><\/p>\n<div class=\"visualClear\"><\/div>\n<\/div>\n<div class=\"tileItem visualIEFloatFix vevent contenttype-link\">\n<h2 class=\"tileHeadline\"><a class=\"summary url\" href=\"http:\/\/managing-ils-reporting.itcilo.org\/fr\/ressources\/nit-par-sujet-et-statut\">NIT par sujet et statut<\/a><\/h2>\n<p class=\"tileBody\"><span class=\"description\">Cliquez sur ce lien pour \u00eatre redirig\u00e9 vers la liste des normes internationales du travail par sujet et par statut de NORMLEX.<\/span><\/p>\n<p class=\"tileFooter\"><a href=\"http:\/\/managing-ils-reporting.itcilo.org\/fr\/ressources\/nit-par-sujet-et-statut\">Lire la suite\u2026<\/a><\/p>\n<div class=\"visualClear\"><\/div>\n<\/div>\n<div class=\"tileItem visualIEFloatFix vevent contenttype-link\">\n<h2 class=\"tileHeadline\"><a class=\"summary url\" href=\"http:\/\/managing-ils-reporting.itcilo.org\/fr\/ressources\/copy2_of_formulaires-de-rapport\">Formulaires de rapports (Etudes d&rsquo;ensemble)<\/a><\/h2>\n<p class=\"tileBody\"><span class=\"description\">Cliquez sur ce lien pour \u00eatre redirig\u00e9 vers les formulaires de rapports approuv\u00e9s par le Conseil d\u2019administration du BIT pour les rapports sur les conventions non ratifi\u00e9es et les recommandations, en vertu de l\u2019article 19 de la Constitution de l\u2019OIT, pour la pr\u00e9paration des Etudes d&rsquo;ensemble.<\/span><\/p>\n<p class=\"tileFooter\"><a href=\"http:\/\/managing-ils-reporting.itcilo.org\/fr\/ressources\/copy2_of_formulaires-de-rapport\">Lire la suite\u2026<\/a><\/p>\n<div class=\"visualClear\"><\/div>\n<\/div>\n<div class=\"tileItem visualIEFloatFix vevent contenttype-link\">\n<h2 class=\"tileHeadline\"><a class=\"summary url\" href=\"http:\/\/managing-ils-reporting.itcilo.org\/fr\/ressources\/formulaires-de-rapport\">Formulaires de rapports d\u00e9taill\u00e9s (Conventions ratifi\u00e9es)<\/a><\/h2>\n<p class=\"tileBody\"><span class=\"description\">Cliquez sur ce lien pour \u00eatre redirig\u00e9 vers les formulaires de rapports approuv\u00e9s par le Conseil d\u2019administration du BIT pour la pr\u00e9sentation des \u00ab\u00a0rapports d\u00e9taill\u00e9s\u00a0\u00bb sur les conventions ratifi\u00e9es, en vertu de l\u2019article 22 de la Constitution de l\u2019OIT.<\/span><\/p>\n<p class=\"tileFooter\"><a href=\"http:\/\/managing-ils-reporting.itcilo.org\/fr\/ressources\/formulaires-de-rapport\">Lire la suite\u2026<\/a><\/p>\n<div class=\"visualClear\"><\/div>\n<\/div>\n<div class=\"tileItem visualIEFloatFix vevent contenttype-link\">\n<h2 class=\"tileHeadline\"><a class=\"summary url\" href=\"http:\/\/managing-ils-reporting.itcilo.org\/fr\/ressources\/copy_of_formulaires-de-rapport\">Formulaire de rapport simplifi\u00e9 (Conventions ratifi\u00e9es)<\/a><\/h2>\n<p class=\"tileBody\"><span class=\"description\">Cliquez sur ce lien pour \u00eatre redirig\u00e9 vers le nouvel formulaire de rapport approuv\u00e9 par le Conseil d\u2019administration du BIT pour la pr\u00e9sentation des \u00ab\u00a0rapports simplifi\u00e9s\u00a0\u00bb sur les conventions ratifi\u00e9es, en vertu de l\u2019article 22 de la Constitution de l\u2019OIT.<\/span><\/p>\n<p class=\"tileFooter\"><a href=\"http:\/\/managing-ils-reporting.itcilo.org\/fr\/ressources\/copy_of_formulaires-de-rapport\">Lire la suite\u2026<\/a><\/p>\n<div class=\"visualClear\"><\/div>\n<\/div>\n<div class=\"tileItem visualIEFloatFix vevent contenttype-link\">\n<h2 class=\"tileHeadline\"><a class=\"summary url\" href=\"http:\/\/managing-ils-reporting.itcilo.org\/fr\/ressources\/profils-par-pays\">Profils par pays<\/a><\/h2>\n<p class=\"tileBody\"><span class=\"description\">Cliquez sur ce lien pour \u00eatre redirig\u00e9 vers les profils par pays sur les NIT dans NORMLEX.<\/span><\/p>\n<p class=\"tileFooter\"><a href=\"http:\/\/managing-ils-reporting.itcilo.org\/fr\/ressources\/profils-par-pays\">Lire la suite\u2026<\/a><\/p>\n<div class=\"visualClear\"><\/div>\n<\/div>\n<div class=\"tileItem visualIEFloatFix vevent contenttype-link\">\n<h2 class=\"tileHeadline\"><a class=\"summary url\" href=\"http:\/\/managing-ils-reporting.itcilo.org\/fr\/ressources\/rapport-de-la-commission-dexperts-pour-lapplication-des-conventions-et-recommandations-rapport-iii-partie-1a\">Rapport de la commission d&rsquo;experts pour l&rsquo;application des conventions et recommandations [Rapport III (Partie A)]<\/a><\/h2>\n<p class=\"tileBody\"><span class=\"description\">La commission d\u2019experts pour l\u2019application des conventions et recommandations est un organe ind\u00e9pendant, constitu\u00e9 de 20 juristes de grande r\u00e9putation \u00e0 la fois nationale et internationale ayant pour mission d&rsquo;examiner l\u2019application des conventions et recommandations dans les Etats Membres de l&rsquo;OIT. Son rapport annuel le plus r\u00e9cent couvre de nombreux aspects touchant \u00e0 l\u2019application des normes internationales du travail.<\/span><\/p>\n<p class=\"tileFooter\"><a href=\"http:\/\/managing-ils-reporting.itcilo.org\/fr\/ressources\/rapport-de-la-commission-dexperts-pour-lapplication-des-conventions-et-recommandations-rapport-iii-partie-1a\">Lire la suite\u2026<\/a><\/p>\n<div class=\"visualClear\"><\/div>\n<\/div>\n<div class=\"tileItem visualIEFloatFix vevent contenttype-link\">\n<h2 class=\"tileHeadline\"><a class=\"summary url\" href=\"http:\/\/managing-ils-reporting.itcilo.org\/fr\/ressources\/copy_of_rapport-de-la-commission-dexperts-pour-lapplication-des-conventions-et-recommandations-rapport-iii-partie-1a\">Rapport de la Commission de l&rsquo;application des normes de la Conf\u00e9rence<\/a><\/h2>\n<p class=\"tileBody\"><span class=\"description\">La Commission de l\u2019application des normes de la Conf\u00e9rence est un organe permanent de composition tripartite de la Conf\u00e9rence international du Travail, qui se saisit chaque ann\u00e9e du rapport publi\u00e9 par la Commission d\u2019experts pour l\u2019application des conventions et recommandations. Son rapport couvre ainsi l&rsquo;examen de cas individuels.<\/span><\/p>\n<p class=\"tileFooter\"><a href=\"http:\/\/managing-ils-reporting.itcilo.org\/fr\/ressources\/copy_of_rapport-de-la-commission-dexperts-pour-lapplication-des-conventions-et-recommandations-rapport-iii-partie-1a\">Lire la suite\u2026<\/a><\/p>\n<div class=\"visualClear\"><\/div>\n<\/div>\n<div class=\"tileItem visualIEFloatFix vevent contenttype-link\">\n<h2 class=\"tileHeadline\"><a class=\"summary url\" href=\"http:\/\/managing-ils-reporting.itcilo.org\/fr\/ressources\/l2019initiative-sur-les-normes\">L\u2019initiative sur les normes<\/a><\/h2>\n<p class=\"tileBody\"><span class=\"description\">L\u2019initiative sur les normes vise \u00e0 am\u00e9liorer la pertinence des NIT au moyen d\u2019un m\u00e9canisme d\u2019examen des normes (MEN ) et \u00e0 renforcer le consensus tripartite sur un syst\u00e8me de contr\u00f4le faisant autorit\u00e9.<\/span><\/p>\n<p class=\"tileFooter\"><a href=\"http:\/\/managing-ils-reporting.itcilo.org\/fr\/ressources\/l2019initiative-sur-les-normes\">Lire la suite\u2026<\/a><\/p>\n<div class=\"visualClear\"><\/div>\n<\/div>\n<div class=\"tileItem visualIEFloatFix vevent contenttype-document\">\n<h2 class=\"tileHeadline\"><a class=\"summary url\" href=\"http:\/\/managing-ils-reporting.itcilo.org\/fr\/ressources\/guide-dutilisation-de-lils-gestion-des-rapports-site-sur-les-obligations\">Guide d&rsquo;utilisation du site web \u00ab\u00a0Pr\u00e9parer les rapports sur les NIT\u00a0\u00bb<\/a><\/h2>\n<p class=\"tileBody\"><span class=\"description\">Un petit guide pour votre usage.<\/span><\/p>\n<p class=\"tileFooter\"><a href=\"http:\/\/managing-ils-reporting.itcilo.org\/fr\/ressources\/guide-dutilisation-de-lils-gestion-des-rapports-site-sur-les-obligations\">Lire la suite\u2026<\/a><\/p>\n<\/div>\n","protected":false},"excerpt":{"rendered":"<p>Glossaire Termes et jargon relatifs aux rapports sur les normes internationales du travail. Lire la suite\u2026 Constitution de l&rsquo;OIT Cliquez sur ce lien pour \u00eatre redirig\u00e9 vers la version la plus r\u00e9cente de la Constitution de l&rsquo;Organisation Internationale du Travail. Lire la suite\u2026 NORMLEX Cliquez sur ce lien pour \u00eatre redirig\u00e9 vers la base de [&hellip;]<\/p>\n","protected":false},"author":1,"featured_media":0,"parent":0,"menu_order":0,"comment_status":"closed","ping_status":"closed","template":"","meta":{"footnotes":""},"class_list":["post-192","page","type-page","status-publish","hentry"],"_links":{"self":[{"href":"https:\/\/managing-ils-reporting.itcilo.org\/fr\/wp-json\/wp\/v2\/pages\/192","targetHints":{"allow":["GET"]}}],"collection":[{"href":"https:\/\/managing-ils-reporting.itcilo.org\/fr\/wp-json\/wp\/v2\/pages"}],"about":[{"href":"https:\/\/managing-ils-reporting.itcilo.org\/fr\/wp-json\/wp\/v2\/types\/page"}],"author":[{"embeddable":true,"href":"https:\/\/managing-ils-reporting.itcilo.org\/fr\/wp-json\/wp\/v2\/users\/1"}],"replies":[{"embeddable":true,"href":"https:\/\/managing-ils-reporting.itcilo.org\/fr\/wp-json\/wp\/v2\/comments?post=192"}],"version-history":[{"count":2,"href":"https:\/\/managing-ils-reporting.itcilo.org\/fr\/wp-json\/wp\/v2\/pages\/192\/revisions"}],"predecessor-version":[{"id":195,"href":"https:\/\/managing-ils-reporting.itcilo.org\/fr\/wp-json\/wp\/v2\/pages\/192\/revisions\/195"}],"wp:attachment":[{"href":"https:\/\/managing-ils-reporting.itcilo.org\/fr\/wp-json\/wp\/v2\/media?parent=192"}],"curies":[{"name":"wp","href":"https:\/\/api.w.org\/{rel}","templated":true}]}}