{"id":223,"date":"2019-12-20T14:07:59","date_gmt":"2019-12-20T14:07:59","guid":{"rendered":"https:\/\/dev-managing-ils-reporting.pantheonsite.io\/pratiques\/collection-point\/"},"modified":"2020-01-07T16:18:31","modified_gmt":"2020-01-07T16:18:31","slug":"point-de-collecte","status":"publish","type":"page","link":"https:\/\/managing-ils-reporting.itcilo.org\/fr\/pratiques\/point-de-collecte\/","title":{"rendered":"Point de collecte"},"content":{"rendered":"<p>Cette partie du site pr\u00e9sente des questionnaires con\u00e7us pour saisir vos bonnes pratiques de pr\u00e9sentation de rapports dans quatre domaines:<\/p>\n<p>(A) les ressources humaines,<\/p>\n<p>(B) les contacts avec\u00a0d\u2019autres minist\u00e8res, d\u00e9partements et agences,<\/p>\n<p>(C)\u00a0la communication et les consultations avec les partenaires sociaux et d\u2019autres acteurs non-gouvernementaux,<\/p>\n<p>(D)\u00a0la gestion.<\/p>\n<p>Vos exemples seront recueillis et nous vous contacterons sur la d\u00e9cision de les inclure sur ce site. Vos r\u00e9ponses resteront confidentielles tant que nous n\u2019aurons pas pris contact avec vous. Nous n\u2019inclurons pas vos r\u00e9ponses sur ce site sans votre accord. Vos r\u00e9ponses d\u00e9taill\u00e9es \u00e0 ces questions nous aideront \u00e0 comprendre pourquoi l\u2019exemple que vous offrez rel\u00e8ve des \u00abbonnes\u00bb pratiques.<\/p>\n<p><i>S\u00e9lectionnez un questionnaire dans la barre de navigation \u00e0 gauche et suivez les instructions.<\/i><\/p>\n","protected":false},"excerpt":{"rendered":"<p>Cette partie du site pr\u00e9sente des questionnaires con\u00e7us pour saisir vos bonnes pratiques de pr\u00e9sentation de rapports dans quatre domaines: (A) les ressources humaines, (B) les contacts avec\u00a0d\u2019autres minist\u00e8res, d\u00e9partements et agences, (C)\u00a0la communication et les consultations avec les partenaires sociaux et d\u2019autres acteurs non-gouvernementaux, (D)\u00a0la gestion. Vos exemples seront recueillis et nous vous contacterons [&hellip;]<\/p>\n","protected":false},"author":1,"featured_media":0,"parent":164,"menu_order":0,"comment_status":"closed","ping_status":"closed","template":"","meta":{"footnotes":""},"class_list":["post-223","page","type-page","status-publish","hentry"],"_links":{"self":[{"href":"https:\/\/managing-ils-reporting.itcilo.org\/fr\/wp-json\/wp\/v2\/pages\/223","targetHints":{"allow":["GET"]}}],"collection":[{"href":"https:\/\/managing-ils-reporting.itcilo.org\/fr\/wp-json\/wp\/v2\/pages"}],"about":[{"href":"https:\/\/managing-ils-reporting.itcilo.org\/fr\/wp-json\/wp\/v2\/types\/page"}],"author":[{"embeddable":true,"href":"https:\/\/managing-ils-reporting.itcilo.org\/fr\/wp-json\/wp\/v2\/users\/1"}],"replies":[{"embeddable":true,"href":"https:\/\/managing-ils-reporting.itcilo.org\/fr\/wp-json\/wp\/v2\/comments?post=223"}],"version-history":[{"count":1,"href":"https:\/\/managing-ils-reporting.itcilo.org\/fr\/wp-json\/wp\/v2\/pages\/223\/revisions"}],"predecessor-version":[{"id":225,"href":"https:\/\/managing-ils-reporting.itcilo.org\/fr\/wp-json\/wp\/v2\/pages\/223\/revisions\/225"}],"up":[{"embeddable":true,"href":"https:\/\/managing-ils-reporting.itcilo.org\/fr\/wp-json\/wp\/v2\/pages\/164"}],"wp:attachment":[{"href":"https:\/\/managing-ils-reporting.itcilo.org\/fr\/wp-json\/wp\/v2\/media?parent=223"}],"curies":[{"name":"wp","href":"https:\/\/api.w.org\/{rel}","templated":true}]}}