{"id":229,"date":"2019-12-20T14:07:48","date_gmt":"2019-12-20T14:07:48","guid":{"rendered":"https:\/\/dev-managing-ils-reporting.pantheonsite.io\/pratiques\/subject-selection\/"},"modified":"2020-01-07T16:29:01","modified_gmt":"2020-01-07T16:29:01","slug":"choix-par-theme","status":"publish","type":"page","link":"https:\/\/managing-ils-reporting.itcilo.org\/fr\/pratiques\/choix-par-theme\/","title":{"rendered":"Choix par th\u00e8me"},"content":{"rendered":"<p class=\"documentDescription\"><span id=\"parent-fieldname-description\" class=\"\">Il existe de nombreux exemples \u00e0 partager en mati\u00e8re de bonnes pratiques de pr\u00e9sentation de rapports sur les NIT. Ceux que nous avons r\u00e9unis sont organis\u00e9s en quatre domaines.<\/span><\/p>\n<div id=\"parent-fieldname-text\" class=\"\">\n<p>Ces domaines sont les suivants:<\/p>\n<p>1. ressources humaines;<br \/>\n2. contacts avec d\u2019autres minist\u00e8res et agences;<br \/>\n3. communications et consultations avec les partenaires sociaux;<br \/>\n4. gestion.<\/p>\n<p>Choisissez les domaines qui vous int\u00e9ressent dans la barre de navigation sur la gauche de l&rsquo;\u00e9cran.<\/p>\n<p><i>Apportez-nous votre propre exemple en mati\u00e8re de pr\u00e9sentation de rapports au \u00ab\u00a0Point de collecte\u00a0\u00bb qui figure \u00e9galement dans la barre de navigation sur la gauche.<\/i><\/p>\n","protected":false},"excerpt":{"rendered":"<p>Il existe de nombreux exemples \u00e0 partager en mati\u00e8re de bonnes pratiques de pr\u00e9sentation de rapports sur les NIT. Ceux que nous avons r\u00e9unis sont organis\u00e9s en quatre domaines. Ces domaines sont les suivants: 1. ressources humaines; 2. contacts avec d\u2019autres minist\u00e8res et agences; 3. communications et consultations avec les partenaires sociaux; 4. gestion. Choisissez [&hellip;]<\/p>\n","protected":false},"author":1,"featured_media":0,"parent":164,"menu_order":0,"comment_status":"closed","ping_status":"closed","template":"","meta":{"footnotes":""},"class_list":["post-229","page","type-page","status-publish","hentry"],"_links":{"self":[{"href":"https:\/\/managing-ils-reporting.itcilo.org\/fr\/wp-json\/wp\/v2\/pages\/229","targetHints":{"allow":["GET"]}}],"collection":[{"href":"https:\/\/managing-ils-reporting.itcilo.org\/fr\/wp-json\/wp\/v2\/pages"}],"about":[{"href":"https:\/\/managing-ils-reporting.itcilo.org\/fr\/wp-json\/wp\/v2\/types\/page"}],"author":[{"embeddable":true,"href":"https:\/\/managing-ils-reporting.itcilo.org\/fr\/wp-json\/wp\/v2\/users\/1"}],"replies":[{"embeddable":true,"href":"https:\/\/managing-ils-reporting.itcilo.org\/fr\/wp-json\/wp\/v2\/comments?post=229"}],"version-history":[{"count":2,"href":"https:\/\/managing-ils-reporting.itcilo.org\/fr\/wp-json\/wp\/v2\/pages\/229\/revisions"}],"predecessor-version":[{"id":232,"href":"https:\/\/managing-ils-reporting.itcilo.org\/fr\/wp-json\/wp\/v2\/pages\/229\/revisions\/232"}],"up":[{"embeddable":true,"href":"https:\/\/managing-ils-reporting.itcilo.org\/fr\/wp-json\/wp\/v2\/pages\/164"}],"wp:attachment":[{"href":"https:\/\/managing-ils-reporting.itcilo.org\/fr\/wp-json\/wp\/v2\/media?parent=229"}],"curies":[{"name":"wp","href":"https:\/\/api.w.org\/{rel}","templated":true}]}}