{"id":331,"date":"2020-01-08T09:57:26","date_gmt":"2020-01-08T09:57:26","guid":{"rendered":"https:\/\/dev-managing-ils-reporting.pantheonsite.io\/?page_id=331"},"modified":"2020-01-09T10:26:18","modified_gmt":"2020-01-09T10:26:18","slug":"ressources-humaines","status":"publish","type":"page","link":"https:\/\/managing-ils-reporting.itcilo.org\/fr\/pratiques\/choix-par-theme\/ressources-humaines\/","title":{"rendered":"Ressources humaines"},"content":{"rendered":"<p class=\"documentDescription\"><span id=\"parent-fieldname-description\" class=\"\">Pratiques concernant les ressources humaines impliqu\u00e9es dans la pr\u00e9sentation de rapports.<\/span><\/p>\n<div id=\"parent-fieldname-text\" class=\"plain\">\n<p>Disposer de ressources humaines en qualit\u00e9 et en quantit\u00e9 suffisantes capables d&rsquo;\u00e9laborer des rapports sur les NIT et d&rsquo;aborder les questions de fond constitue un d\u00e9fi commun au sein des minist\u00e8res et d\u00e9partements des organisations des partenaires sociaux. Vous trouverez ci-dessous une liste de bonnes pratiques qui ont su tirer le meilleur parti des ressources existantes, en les am\u00e9liorant et les rendant plus efficaces, afin de les d\u00e9ployer au mieux pour traiter des questions relatives aux NIT. La liste est pr\u00e9sent\u00e9e par ordre alphab\u00e9tique.<\/p>\n<\/div>\n\n<!-- NOTE: If you need to make changes to this file, copy it to your current theme's main\n\tdirectory so your changes won't be overwritten when the plugin is upgraded. -->\n\n<!-- Post Wrap Start-->\n<div class=\"post hentry ivycat-post\">\n\n\t<!-- \tThis outputs the post TITLE -->\n\t<h2 class=\"entry-title\"><a href=\"https:\/\/managing-ils-reporting.itcilo.org\/fr\/accessing-legal-expertise\/\">Acc\u00e8s \u00e0 l&rsquo;expertise juridique<\/a><\/h2>\n\n\t<!-- \tThis outputs the post EXCERPT.  To display full content including images and html,\n\t\treplace the_excerpt(); with the_content();  below. -->\n\t<div class=\"entry-summary\">\n\t\t<p>Ms. Celeste M. Valderrama, Director, International Labor Affairs Bureau, Department of Labor and Employment, Philippines, describes how legal expertise is accessed on an \u00ab\u00a0as-needed\u00a0\u00bb basis (December, 2011).<\/p>\n\t<\/div>\n\n\t<!--\tThis outputs the post META information -->\n\t<div class=\"entry-utility\">\n\t\t\t\t\t<span class=\"cat-links\">\n\t\t\t\t<span class=\"entry-utility-prep entry-utility-prep-cat-links\">Posted in<\/span> <a href=\"https:\/\/managing-ils-reporting.itcilo.org\/fr\/category\/human-resources-fr\/\" rel=\"category tag\">Human resources<\/a>\t\t\t<\/span>\n\t\t\t<span class=\"meta-sep\">|<\/span>\n\t\t\t\t\t\t<span class=\"comments-link\">\n\t\t\t<span>Commentaires ferm\u00e9s<span class=\"screen-reader-text\"> sur Acc\u00e8s \u00e0 l&rsquo;expertise juridique<\/span><\/span>\t\t<\/span>\n\t\t\t<\/div>\n<\/div>\n<!-- \/\/ Post Wrap End -->\n\n<!-- NOTE: If you need to make changes to this file, copy it to your current theme's main\n\tdirectory so your changes won't be overwritten when the plugin is upgraded. -->\n\n<!-- Post Wrap Start-->\n<div class=\"post hentry ivycat-post\">\n\n\t<!-- \tThis outputs the post TITLE -->\n\t<h2 class=\"entry-title\"><a href=\"https:\/\/managing-ils-reporting.itcilo.org\/fr\/plan-for-maternity-leave-by-training-staff\/\">Anticiper les cong\u00e9s de maternit\u00e9 en formant le personnel<\/a><\/h2>\n\n\t<!-- \tThis outputs the post EXCERPT.  To display full content including images and html,\n\t\treplace the_excerpt(); with the_content();  below. -->\n\t<div class=\"entry-summary\">\n\t\t<p>\u00c0 Macao, le personnel de remplacement est form\u00e9 en anticipation des cong\u00e9s de maternit\u00e9.<\/p>\n\t<\/div>\n\n\t<!--\tThis outputs the post META information -->\n\t<div class=\"entry-utility\">\n\t\t\t\t\t<span class=\"cat-links\">\n\t\t\t\t<span class=\"entry-utility-prep entry-utility-prep-cat-links\">Posted in<\/span> <a href=\"https:\/\/managing-ils-reporting.itcilo.org\/fr\/category\/human-resources-fr\/\" rel=\"category tag\">Human resources<\/a>\t\t\t<\/span>\n\t\t\t<span class=\"meta-sep\">|<\/span>\n\t\t\t\t\t\t<span class=\"comments-link\">\n\t\t\t<span>Commentaires ferm\u00e9s<span class=\"screen-reader-text\"> sur Anticiper les cong\u00e9s de maternit\u00e9 en formant le personnel<\/span><\/span>\t\t<\/span>\n\t\t\t<\/div>\n<\/div>\n<!-- \/\/ Post Wrap End -->\n\n<!-- NOTE: If you need to make changes to this file, copy it to your current theme's main\n\tdirectory so your changes won't be overwritten when the plugin is upgraded. -->\n\n<!-- Post Wrap Start-->\n<div class=\"post hentry ivycat-post\">\n\n\t<!-- \tThis outputs the post TITLE -->\n\t<h2 class=\"entry-title\"><a href=\"https:\/\/managing-ils-reporting.itcilo.org\/fr\/establish-and-maintain-an-open-ils-library\/\">Cr\u00e9ation et maintien d\u2019une biblioth\u00e8que ouverte sur les NIT<\/a><\/h2>\n\n\t<!-- \tThis outputs the post EXCERPT.  To display full content including images and html,\n\t\treplace the_excerpt(); with the_content();  below. -->\n\t<div class=\"entry-summary\">\n\t\t<p>Au Tchad, une biblioth\u00e8que sur les NIT est ouverte \u00e0 la consultation.<\/p>\n\t<\/div>\n\n\t<!--\tThis outputs the post META information -->\n\t<div class=\"entry-utility\">\n\t\t\t\t\t<span class=\"cat-links\">\n\t\t\t\t<span class=\"entry-utility-prep entry-utility-prep-cat-links\">Posted in<\/span> <a href=\"https:\/\/managing-ils-reporting.itcilo.org\/fr\/category\/human-resources-fr\/\" rel=\"category tag\">Human resources<\/a>\t\t\t<\/span>\n\t\t\t<span class=\"meta-sep\">|<\/span>\n\t\t\t\t\t\t<span class=\"comments-link\">\n\t\t\t<span>Commentaires ferm\u00e9s<span class=\"screen-reader-text\"> sur Cr\u00e9ation et maintien d\u2019une biblioth\u00e8que ouverte sur les NIT<\/span><\/span>\t\t<\/span>\n\t\t\t<\/div>\n<\/div>\n<!-- \/\/ Post Wrap End -->\n\n<!-- NOTE: If you need to make changes to this file, copy it to your current theme's main\n\tdirectory so your changes won't be overwritten when the plugin is upgraded. -->\n\n<!-- Post Wrap Start-->\n<div class=\"post hentry ivycat-post\">\n\n\t<!-- \tThis outputs the post TITLE -->\n\t<h2 class=\"entry-title\"><a href=\"https:\/\/managing-ils-reporting.itcilo.org\/fr\/have-an-assistant\/\">Disposer d\u2019un assistant<\/a><\/h2>\n\n\t<!-- \tThis outputs the post EXCERPT.  To display full content including images and html,\n\t\treplace the_excerpt(); with the_content();  below. -->\n\t<div class=\"entry-summary\">\n\t\t<p>Au Tadjikistan, un assistant aide \u00e0 la pr\u00e9paration des rapports.<\/p>\n\t<\/div>\n\n\t<!--\tThis outputs the post META information -->\n\t<div class=\"entry-utility\">\n\t\t\t\t\t<span class=\"cat-links\">\n\t\t\t\t<span class=\"entry-utility-prep entry-utility-prep-cat-links\">Posted in<\/span> <a href=\"https:\/\/managing-ils-reporting.itcilo.org\/fr\/category\/human-resources-fr\/\" rel=\"category tag\">Human resources<\/a>\t\t\t<\/span>\n\t\t\t<span class=\"meta-sep\">|<\/span>\n\t\t\t\t\t\t<span class=\"comments-link\">\n\t\t\t<span>Commentaires ferm\u00e9s<span class=\"screen-reader-text\"> sur Disposer d\u2019un assistant<\/span><\/span>\t\t<\/span>\n\t\t\t<\/div>\n<\/div>\n<!-- \/\/ Post Wrap End -->\n\n<!-- NOTE: If you need to make changes to this file, copy it to your current theme's main\n\tdirectory so your changes won't be overwritten when the plugin is upgraded. -->\n\n<!-- Post Wrap Start-->\n<div class=\"post hentry ivycat-post\">\n\n\t<!-- \tThis outputs the post TITLE -->\n\t<h2 class=\"entry-title\"><a href=\"https:\/\/managing-ils-reporting.itcilo.org\/fr\/train-new-staff-immediately\/\">Former imm\u00e9diatement les nouveaux employ\u00e9s<\/a><\/h2>\n\n\t<!-- \tThis outputs the post EXCERPT.  To display full content including images and html,\n\t\treplace the_excerpt(); with the_content();  below. -->\n\t<div class=\"entry-summary\">\n\t\t<p>\u00c0 Macao, les nouveaux employ\u00e9s sont imm\u00e9diatement form\u00e9s aux NIT<\/p>\n\t<\/div>\n\n\t<!--\tThis outputs the post META information -->\n\t<div class=\"entry-utility\">\n\t\t\t\t\t<span class=\"cat-links\">\n\t\t\t\t<span class=\"entry-utility-prep entry-utility-prep-cat-links\">Posted in<\/span> <a href=\"https:\/\/managing-ils-reporting.itcilo.org\/fr\/category\/human-resources-fr\/\" rel=\"category tag\">Human resources<\/a>\t\t\t<\/span>\n\t\t\t<span class=\"meta-sep\">|<\/span>\n\t\t\t\t\t\t<span class=\"comments-link\">\n\t\t\t<span>Commentaires ferm\u00e9s<span class=\"screen-reader-text\"> sur Former imm\u00e9diatement les nouveaux employ\u00e9s<\/span><\/span>\t\t<\/span>\n\t\t\t<\/div>\n<\/div>\n<!-- \/\/ Post Wrap End -->\n\n<!-- NOTE: If you need to make changes to this file, copy it to your current theme's main\n\tdirectory so your changes won't be overwritten when the plugin is upgraded. -->\n\n<!-- Post Wrap Start-->\n<div class=\"post hentry ivycat-post\">\n\n\t<!-- \tThis outputs the post TITLE -->\n\t<h2 class=\"entry-title\"><a href=\"https:\/\/managing-ils-reporting.itcilo.org\/fr\/train-others-on-return-from-ils-training\/\">Former les autres apr\u00e8s avoir b\u00e9n\u00e9fici\u00e9 d\u2019une formation aux NIT<\/a><\/h2>\n\n\t<!-- \tThis outputs the post EXCERPT.  To display full content including images and html,\n\t\treplace the_excerpt(); with the_content();  below. -->\n\t<div class=\"entry-summary\">\n\t\t<p>Au Panama, ceux qui ont b\u00e9n\u00e9fici\u00e9 d\u2019une formation aux NIT forment les autres en retour.<\/p>\n\t<\/div>\n\n\t<!--\tThis outputs the post META information -->\n\t<div class=\"entry-utility\">\n\t\t\t\t\t<span class=\"cat-links\">\n\t\t\t\t<span class=\"entry-utility-prep entry-utility-prep-cat-links\">Posted in<\/span> <a href=\"https:\/\/managing-ils-reporting.itcilo.org\/fr\/category\/human-resources-fr\/\" rel=\"category tag\">Human resources<\/a>\t\t\t<\/span>\n\t\t\t<span class=\"meta-sep\">|<\/span>\n\t\t\t\t\t\t<span class=\"comments-link\">\n\t\t\t<span>Commentaires ferm\u00e9s<span class=\"screen-reader-text\"> sur Former les autres apr\u00e8s avoir b\u00e9n\u00e9fici\u00e9 d\u2019une formation aux NIT<\/span><\/span>\t\t<\/span>\n\t\t\t<\/div>\n<\/div>\n<!-- \/\/ Post Wrap End -->\n\n<!-- NOTE: If you need to make changes to this file, copy it to your current theme's main\n\tdirectory so your changes won't be overwritten when the plugin is upgraded. -->\n\n<!-- Post Wrap Start-->\n<div class=\"post hentry ivycat-post\">\n\n\t<!-- \tThis outputs the post TITLE -->\n\t<h2 class=\"entry-title\"><a href=\"https:\/\/managing-ils-reporting.itcilo.org\/fr\/train-staff-who-are-not-ils-responsible\/\">Former les employ\u00e9s qui ne sont pas responsables des NIT<\/a><\/h2>\n\n\t<!-- \tThis outputs the post EXCERPT.  To display full content including images and html,\n\t\treplace the_excerpt(); with the_content();  below. -->\n\t<div class=\"entry-summary\">\n\t\t<p>\u00c0 Macao, des formations aux NIT sont organis\u00e9es pour les pesonnes travaillant au sein du Bureau des affaires du travail qui ne sont pas charg\u00e9es des questions de NIT.<\/p>\n\t<\/div>\n\n\t<!--\tThis outputs the post META information -->\n\t<div class=\"entry-utility\">\n\t\t\t\t\t<span class=\"cat-links\">\n\t\t\t\t<span class=\"entry-utility-prep entry-utility-prep-cat-links\">Posted in<\/span> <a href=\"https:\/\/managing-ils-reporting.itcilo.org\/fr\/category\/human-resources-fr\/\" rel=\"category tag\">Human resources<\/a>\t\t\t<\/span>\n\t\t\t<span class=\"meta-sep\">|<\/span>\n\t\t\t\t\t\t<span class=\"comments-link\">\n\t\t\t<span>Commentaires ferm\u00e9s<span class=\"screen-reader-text\"> sur Former les employ\u00e9s qui ne sont pas responsables des NIT<\/span><\/span>\t\t<\/span>\n\t\t\t<\/div>\n<\/div>\n<!-- \/\/ Post Wrap End -->\n\n<!-- NOTE: If you need to make changes to this file, copy it to your current theme's main\n\tdirectory so your changes won't be overwritten when the plugin is upgraded. -->\n\n<!-- Post Wrap Start-->\n<div class=\"post hentry ivycat-post\">\n\n\t<!-- \tThis outputs the post TITLE -->\n\t<h2 class=\"entry-title\"><a href=\"https:\/\/managing-ils-reporting.itcilo.org\/fr\/establish-training-plan\/\">Mise en place d\u2019un plan de formation<\/a><\/h2>\n\n\t<!-- \tThis outputs the post EXCERPT.  To display full content including images and html,\n\t\treplace the_excerpt(); with the_content();  below. -->\n\t<div class=\"entry-summary\">\n\t\t<p>\u00c0 Bahre\u00efn, des plans annuels de formation individuels sont \u00e9tablis.<\/p>\n\t<\/div>\n\n\t<!--\tThis outputs the post META information -->\n\t<div class=\"entry-utility\">\n\t\t\t\t\t<span class=\"cat-links\">\n\t\t\t\t<span class=\"entry-utility-prep entry-utility-prep-cat-links\">Posted in<\/span> <a href=\"https:\/\/managing-ils-reporting.itcilo.org\/fr\/category\/human-resources-fr\/\" rel=\"category tag\">Human resources<\/a>\t\t\t<\/span>\n\t\t\t<span class=\"meta-sep\">|<\/span>\n\t\t\t\t\t\t<span class=\"comments-link\">\n\t\t\t<span>Commentaires ferm\u00e9s<span class=\"screen-reader-text\"> sur Mise en place d\u2019un plan de formation<\/span><\/span>\t\t<\/span>\n\t\t\t<\/div>\n<\/div>\n<!-- \/\/ Post Wrap End -->\n\n<!-- NOTE: If you need to make changes to this file, copy it to your current theme's main\n\tdirectory so your changes won't be overwritten when the plugin is upgraded. -->\n\n<!-- Post Wrap Start-->\n<div class=\"post hentry ivycat-post\">\n\n\t<!-- \tThis outputs the post TITLE -->\n\t<h2 class=\"entry-title\"><a href=\"https:\/\/managing-ils-reporting.itcilo.org\/fr\/promote-training-outside-your-scope-of-responsibility\/\">Promouvoir la formation en dehors du champ de responsabilit\u00e9 des fonctionnaires<\/a><\/h2>\n\n\t<!-- \tThis outputs the post EXCERPT.  To display full content including images and html,\n\t\treplace the_excerpt(); with the_content();  below. -->\n\t<div class=\"entry-summary\">\n\t\t<p>Au Panama, les responsables des NIT encouragent la formation aux NIT d\u2019autres fonctionnaires.<\/p>\n\t<\/div>\n\n\t<!--\tThis outputs the post META information -->\n\t<div class=\"entry-utility\">\n\t\t\t\t\t<span class=\"cat-links\">\n\t\t\t\t<span class=\"entry-utility-prep entry-utility-prep-cat-links\">Posted in<\/span> <a href=\"https:\/\/managing-ils-reporting.itcilo.org\/fr\/category\/human-resources-fr\/\" rel=\"category tag\">Human resources<\/a>\t\t\t<\/span>\n\t\t\t<span class=\"meta-sep\">|<\/span>\n\t\t\t\t\t\t<span class=\"comments-link\">\n\t\t\t<span>Commentaires ferm\u00e9s<span class=\"screen-reader-text\"> sur Promouvoir la formation en dehors du champ de responsabilit\u00e9 des fonctionnaires<\/span><\/span>\t\t<\/span>\n\t\t\t<\/div>\n<\/div>\n<!-- \/\/ Post Wrap End -->\n\n<!-- NOTE: If you need to make changes to this file, copy it to your current theme's main\n\tdirectory so your changes won't be overwritten when the plugin is upgraded. -->\n\n<!-- Post Wrap Start-->\n<div class=\"post hentry ivycat-post\">\n\n\t<!-- \tThis outputs the post TITLE -->\n\t<h2 class=\"entry-title\"><a href=\"https:\/\/managing-ils-reporting.itcilo.org\/fr\/working-with-challenges\/\">Relever les d\u00e9fis<\/a><\/h2>\n\n\t<!-- \tThis outputs the post EXCERPT.  To display full content including images and html,\n\t\treplace the_excerpt(); with the_content();  below. -->\n\t<div class=\"entry-summary\">\n\t\t<p>Mme Celeste M. Valderrama, Directrice du Bureau des affaires internationales du travail au Minist\u00e8re du Travail et de l\u2019Emploi des Philippines, explique comment les d\u00e9fis sont relev\u00e9s et surmont\u00e9s. (D\u00e9cembre 2011)<\/p>\n\t<\/div>\n\n\t<!--\tThis outputs the post META information -->\n\t<div class=\"entry-utility\">\n\t\t\t\t\t<span class=\"cat-links\">\n\t\t\t\t<span class=\"entry-utility-prep entry-utility-prep-cat-links\">Posted in<\/span> <a href=\"https:\/\/managing-ils-reporting.itcilo.org\/fr\/category\/human-resources-fr\/\" rel=\"category tag\">Human resources<\/a>\t\t\t<\/span>\n\t\t\t<span class=\"meta-sep\">|<\/span>\n\t\t\t\t\t\t<span class=\"comments-link\">\n\t\t\t<span>Commentaires ferm\u00e9s<span class=\"screen-reader-text\"> sur Relever les d\u00e9fis<\/span><\/span>\t\t<\/span>\n\t\t\t<\/div>\n<\/div>\n<!-- \/\/ Post Wrap End -->\n\n<!-- NOTE: If you need to make changes to this file, copy it to your current theme's main\n\tdirectory so your changes won't be overwritten when the plugin is upgraded. -->\n\n<!-- Post Wrap Start-->\n<div class=\"post hentry ivycat-post\">\n\n\t<!-- \tThis outputs the post TITLE -->\n\t<h2 class=\"entry-title\"><a href=\"https:\/\/managing-ils-reporting.itcilo.org\/fr\/keep-abreast-of-new-additions-to-the-ilos-website\/\">Tenir le personnel au courant des derniers ajouts sur le site de l\u2019OIT<\/a><\/h2>\n\n\t<!-- \tThis outputs the post EXCERPT.  To display full content including images and html,\n\t\treplace the_excerpt(); with the_content();  below. -->\n\t<div class=\"entry-summary\">\n\t\t<p>\u00c0 Macao, les employ\u00e9s sont inform\u00e9s des nouveaut\u00e9s sur le site de l\u2019OIT.<\/p>\n\t<\/div>\n\n\t<!--\tThis outputs the post META information -->\n\t<div class=\"entry-utility\">\n\t\t\t\t\t<span class=\"cat-links\">\n\t\t\t\t<span class=\"entry-utility-prep entry-utility-prep-cat-links\">Posted in<\/span> <a href=\"https:\/\/managing-ils-reporting.itcilo.org\/fr\/category\/human-resources-fr\/\" rel=\"category tag\">Human resources<\/a>\t\t\t<\/span>\n\t\t\t<span class=\"meta-sep\">|<\/span>\n\t\t\t\t\t\t<span class=\"comments-link\">\n\t\t\t<span>Commentaires ferm\u00e9s<span class=\"screen-reader-text\"> sur Tenir le personnel au courant des derniers ajouts sur le site de l\u2019OIT<\/span><\/span>\t\t<\/span>\n\t\t\t<\/div>\n<\/div>\n<!-- \/\/ Post Wrap End -->\n\n<!-- NOTE: If you need to make changes to this file, copy it to your current theme's main\n\tdirectory so your changes won't be overwritten when the plugin is upgraded. -->\n\n<!-- Post Wrap Start-->\n<div class=\"post hentry ivycat-post\">\n\n\t<!-- \tThis outputs the post TITLE -->\n\t<h2 class=\"entry-title\"><a href=\"https:\/\/managing-ils-reporting.itcilo.org\/fr\/work-in-groups\/\">Travail en groupes<\/a><\/h2>\n\n\t<!-- \tThis outputs the post EXCERPT.  To display full content including images and html,\n\t\treplace the_excerpt(); with the_content();  below. -->\n\t<div class=\"entry-summary\">\n\t\t<p>\u00c0 Bahre\u00efn, les t\u00e2ches de pr\u00e9paration des rapports sur les NIT sont r\u00e9alis\u00e9es en groupes.<\/p>\n\t<\/div>\n\n\t<!--\tThis outputs the post META information -->\n\t<div class=\"entry-utility\">\n\t\t\t\t\t<span class=\"cat-links\">\n\t\t\t\t<span class=\"entry-utility-prep entry-utility-prep-cat-links\">Posted in<\/span> <a href=\"https:\/\/managing-ils-reporting.itcilo.org\/fr\/category\/human-resources-fr\/\" rel=\"category tag\">Human resources<\/a>\t\t\t<\/span>\n\t\t\t<span class=\"meta-sep\">|<\/span>\n\t\t\t\t\t\t<span class=\"comments-link\">\n\t\t\t<span>Commentaires ferm\u00e9s<span class=\"screen-reader-text\"> sur Travail en groupes<\/span><\/span>\t\t<\/span>\n\t\t\t<\/div>\n<\/div>\n<!-- \/\/ Post Wrap End -->\n\n<!-- NOTE: If you need to make changes to this file, copy it to your current theme's main\n\tdirectory so your changes won't be overwritten when the plugin is upgraded. -->\n\n<!-- Post Wrap Start-->\n<div class=\"post hentry ivycat-post\">\n\n\t<!-- \tThis outputs the post TITLE -->\n\t<h2 class=\"entry-title\"><a href=\"https:\/\/managing-ils-reporting.itcilo.org\/fr\/an-example-of-on-the-job-training\/\">Un exemple de formation en milieu de travail<\/a><\/h2>\n\n\t<!-- \tThis outputs the post EXCERPT.  To display full content including images and html,\n\t\treplace the_excerpt(); with the_content();  below. -->\n\t<div class=\"entry-summary\">\n\t\t<p>Mme Catherine Abayao, fonctionnaire charg\u00e9e du travail et de l\u2019emploi au Service des relations internationales et de la Coop\u00e9ration du Minist\u00e8re du Travail et de l\u2019Emploi des Philippines d\u00e9crit son processus de formation en milieu de travail. (D\u00e9cembre 2011)<\/p>\n\t<\/div>\n\n\t<!--\tThis outputs the post META information -->\n\t<div class=\"entry-utility\">\n\t\t\t\t\t<span class=\"cat-links\">\n\t\t\t\t<span class=\"entry-utility-prep entry-utility-prep-cat-links\">Posted in<\/span> <a href=\"https:\/\/managing-ils-reporting.itcilo.org\/fr\/category\/human-resources-fr\/\" rel=\"category tag\">Human resources<\/a>\t\t\t<\/span>\n\t\t\t<span class=\"meta-sep\">|<\/span>\n\t\t\t\t\t\t<span class=\"comments-link\">\n\t\t\t<span>Commentaires ferm\u00e9s<span class=\"screen-reader-text\"> sur Un exemple de formation en milieu de travail<\/span><\/span>\t\t<\/span>\n\t\t\t<\/div>\n<\/div>\n<!-- \/\/ Post Wrap End -->\n\n<!-- NOTE: If you need to make changes to this file, copy it to your current theme's main\n\tdirectory so your changes won't be overwritten when the plugin is upgraded. -->\n\n<!-- Post Wrap Start-->\n<div class=\"post hentry ivycat-post\">\n\n\t<!-- \tThis outputs the post TITLE -->\n\t<h2 class=\"entry-title\"><a href=\"https:\/\/managing-ils-reporting.itcilo.org\/fr\/use-specialists-visit\/\">Utiliser la visite de sp\u00e9cialistes<\/a><\/h2>\n\n\t<!-- \tThis outputs the post EXCERPT.  To display full content including images and html,\n\t\treplace the_excerpt(); with the_content();  below. -->\n\t<div class=\"entry-summary\">\n\t\t<p>Au Tadjikistan, les partenaires sociaux sont inform\u00e9s lorsque le sp\u00e9cialiste en NIT rend visite \u00e0 l\u2019\u00e9quipe d\u2019appui technique au travail d\u00e9cent et au bureau pays (DWT\/CO).<\/p>\n\t<\/div>\n\n\t<!--\tThis outputs the post META information -->\n\t<div class=\"entry-utility\">\n\t\t\t\t\t<span class=\"cat-links\">\n\t\t\t\t<span class=\"entry-utility-prep entry-utility-prep-cat-links\">Posted in<\/span> <a href=\"https:\/\/managing-ils-reporting.itcilo.org\/fr\/category\/human-resources-fr\/\" rel=\"category tag\">Human resources<\/a>\t\t\t<\/span>\n\t\t\t<span class=\"meta-sep\">|<\/span>\n\t\t\t\t\t\t<span class=\"comments-link\">\n\t\t\t<span>Commentaires ferm\u00e9s<span class=\"screen-reader-text\"> sur Utiliser la visite de sp\u00e9cialistes<\/span><\/span>\t\t<\/span>\n\t\t\t<\/div>\n<\/div>\n<!-- \/\/ Post Wrap End -->\n\n<!-- NOTE: If you need to make changes to this file, copy it to your current theme's main\n\tdirectory so your changes won't be overwritten when the plugin is upgraded. -->\n\n<!-- Post Wrap Start-->\n<div class=\"post hentry ivycat-post\">\n\n\t<!-- \tThis outputs the post TITLE -->\n\t<h2 class=\"entry-title\"><a href=\"https:\/\/managing-ils-reporting.itcilo.org\/fr\/use-employee-performance-commitments\/\">Utiliser les engagements de performance des employ\u00e9s<\/a><\/h2>\n\n\t<!-- \tThis outputs the post EXCERPT.  To display full content including images and html,\n\t\treplace the_excerpt(); with the_content();  below. -->\n\t<div class=\"entry-summary\">\n\t\t<p>Mme Catherine Abayao, fonctionnaire charg\u00e9e du travail et de l\u2019emploi au Service des relations internationales et de la Coop\u00e9ration du Minist\u00e8re du Travail et de l\u2019Emploi des Philippines d\u00e9crit l\u2019utilisation des engagements de performance des employ\u00e9s. (D\u00e9cembre 2011)<\/p>\n\t<\/div>\n\n\t<!--\tThis outputs the post META information -->\n\t<div class=\"entry-utility\">\n\t\t\t\t\t<span class=\"cat-links\">\n\t\t\t\t<span class=\"entry-utility-prep entry-utility-prep-cat-links\">Posted in<\/span> <a href=\"https:\/\/managing-ils-reporting.itcilo.org\/fr\/category\/human-resources-fr\/\" rel=\"category tag\">Human resources<\/a>\t\t\t<\/span>\n\t\t\t<span class=\"meta-sep\">|<\/span>\n\t\t\t\t\t\t<span class=\"comments-link\">\n\t\t\t<span>Commentaires ferm\u00e9s<span class=\"screen-reader-text\"> sur Utiliser les engagements de performance des employ\u00e9s<\/span><\/span>\t\t<\/span>\n\t\t\t<\/div>\n<\/div>\n<!-- \/\/ Post Wrap End -->\n\n","protected":false},"excerpt":{"rendered":"<p>Pratiques concernant les ressources humaines impliqu\u00e9es dans la pr\u00e9sentation de rapports. Disposer de ressources humaines en qualit\u00e9 et en quantit\u00e9 suffisantes capables d&rsquo;\u00e9laborer des rapports sur les NIT et d&rsquo;aborder les questions de fond constitue un d\u00e9fi commun au sein des minist\u00e8res et d\u00e9partements des organisations des partenaires sociaux. Vous trouverez ci-dessous une liste de [&hellip;]<\/p>\n","protected":false},"author":1,"featured_media":0,"parent":229,"menu_order":0,"comment_status":"closed","ping_status":"closed","template":"","meta":{"footnotes":""},"class_list":["post-331","page","type-page","status-publish","hentry"],"_links":{"self":[{"href":"https:\/\/managing-ils-reporting.itcilo.org\/fr\/wp-json\/wp\/v2\/pages\/331","targetHints":{"allow":["GET"]}}],"collection":[{"href":"https:\/\/managing-ils-reporting.itcilo.org\/fr\/wp-json\/wp\/v2\/pages"}],"about":[{"href":"https:\/\/managing-ils-reporting.itcilo.org\/fr\/wp-json\/wp\/v2\/types\/page"}],"author":[{"embeddable":true,"href":"https:\/\/managing-ils-reporting.itcilo.org\/fr\/wp-json\/wp\/v2\/users\/1"}],"replies":[{"embeddable":true,"href":"https:\/\/managing-ils-reporting.itcilo.org\/fr\/wp-json\/wp\/v2\/comments?post=331"}],"version-history":[{"count":2,"href":"https:\/\/managing-ils-reporting.itcilo.org\/fr\/wp-json\/wp\/v2\/pages\/331\/revisions"}],"predecessor-version":[{"id":901,"href":"https:\/\/managing-ils-reporting.itcilo.org\/fr\/wp-json\/wp\/v2\/pages\/331\/revisions\/901"}],"up":[{"embeddable":true,"href":"https:\/\/managing-ils-reporting.itcilo.org\/fr\/wp-json\/wp\/v2\/pages\/229"}],"wp:attachment":[{"href":"https:\/\/managing-ils-reporting.itcilo.org\/fr\/wp-json\/wp\/v2\/media?parent=331"}],"curies":[{"name":"wp","href":"https:\/\/api.w.org\/{rel}","templated":true}]}}