{"id":338,"date":"2019-12-20T14:07:32","date_gmt":"2019-12-20T14:07:32","guid":{"rendered":"https:\/\/dev-managing-ils-reporting.pantheonsite.io\/pratiques\/country-selection\/"},"modified":"2020-01-08T15:09:05","modified_gmt":"2020-01-08T15:09:05","slug":"choix-par-pays","status":"publish","type":"page","link":"https:\/\/managing-ils-reporting.itcilo.org\/fr\/pratiques\/choix-par-pays\/","title":{"rendered":"Choix par pays"},"content":{"rendered":"<p>Vous trouverez sur cette page une liste des pays pour lesquels des exemples de bonnes pratiques de pr\u00e9sentation de rapports ont \u00e9t\u00e9 recueillis.<\/p>\n<p>Les pays sont class\u00e9s par ordre alphab\u00e9tique. Choisissez un pays dans la liste pour consulter les exemples recueillis en mati\u00e8re de pr\u00e9sentation de rapports sur les NIT.<\/p>\n<p><span class=\"contenttype-topic summary\"><img loading=\"lazy\" decoding=\"async\" class=\"icon-Collection\" src=\"http:\/\/managing-ils-reporting.itcilo.org\/topic_icon.gif\" alt=\"\" width=\"16\" height=\"16\" \/>\u00a0<a class=\"state-published url\" href=\"\/category\/bahrein\">Bahre\u00efn<\/a><\/span><\/p>\n<p><span class=\"contenttype-topic summary\"><img loading=\"lazy\" decoding=\"async\" class=\"icon-Collection\" src=\"http:\/\/managing-ils-reporting.itcilo.org\/topic_icon.gif\" alt=\"\" width=\"16\" height=\"16\" \/>\u00a0<a class=\"state-published url\" href=\"\/category\/colombia\">Colombie<\/a><\/span><\/p>\n<p><span class=\"contenttype-topic summary\"><img loading=\"lazy\" decoding=\"async\" class=\"icon-Collection\" src=\"http:\/\/managing-ils-reporting.itcilo.org\/topic_icon.gif\" alt=\"\" width=\"16\" height=\"16\" \/>\u00a0<a class=\"state-published url\" href=\"\/category\/guatemala\">Guatemala<\/a><\/span><\/p>\n<p><span class=\"contenttype-topic summary\"><img loading=\"lazy\" decoding=\"async\" class=\"icon-Collection\" src=\"http:\/\/managing-ils-reporting.itcilo.org\/topic_icon.gif\" alt=\"\" width=\"16\" height=\"16\" \/>\u00a0<a class=\"state-published url\" href=\"\/category\/jamaique\">Jama\u00efque<\/a><\/span><\/p>\n<p><span class=\"contenttype-topic summary\"><img loading=\"lazy\" decoding=\"async\" class=\"icon-Collection\" src=\"http:\/\/managing-ils-reporting.itcilo.org\/topic_icon.gif\" alt=\"\" width=\"16\" height=\"16\" \/>\u00a0<a class=\"state-published url\" href=\"\/category\/panama\">Panama<\/a><\/span><\/p>\n<p><span class=\"contenttype-topic summary\"><img loading=\"lazy\" decoding=\"async\" class=\"icon-Collection\" src=\"http:\/\/managing-ils-reporting.itcilo.org\/topic_icon.gif\" alt=\"\" width=\"16\" height=\"16\" \/>\u00a0<a class=\"state-published url\" href=\"\/category\/philippines\">Philippines<\/a><\/span><\/p>\n<p><span class=\"contenttype-topic summary\"><img loading=\"lazy\" decoding=\"async\" class=\"icon-Collection\" src=\"http:\/\/managing-ils-reporting.itcilo.org\/topic_icon.gif\" alt=\"\" width=\"16\" height=\"16\" \/>\u00a0<a class=\"state-published url\" href=\"\/category\/perou\">P\u00e9rou<\/a><\/span><\/p>\n<p><span class=\"contenttype-topic summary\"><img loading=\"lazy\" decoding=\"async\" class=\"icon-Collection\" src=\"http:\/\/managing-ils-reporting.itcilo.org\/topic_icon.gif\" alt=\"\" width=\"16\" height=\"16\" \/>\u00a0<a class=\"state-published url\" href=\"\/category\/region-administrative-speciale-de-macao-chine\">R\u00e9gion administrative sp\u00e9ciale de Macao (Chine)<\/a><\/span><\/p>\n<p><span class=\"contenttype-topic summary\"><img loading=\"lazy\" decoding=\"async\" class=\"icon-Collection\" src=\"http:\/\/managing-ils-reporting.itcilo.org\/topic_icon.gif\" alt=\"\" width=\"16\" height=\"16\" \/>\u00a0<a class=\"state-published url\" href=\"\/category\/swaziland\">Swaziland<\/a><\/span><\/p>\n<p><span class=\"contenttype-topic summary\"><img loading=\"lazy\" decoding=\"async\" class=\"icon-Collection\" src=\"http:\/\/managing-ils-reporting.itcilo.org\/topic_icon.gif\" alt=\"\" width=\"16\" height=\"16\" \/>\u00a0<a class=\"state-published url\" href=\"\/category\/tadjikistan\">Tadjikistan<\/a><\/span><\/p>\n<p><span class=\"contenttype-topic summary\"><img loading=\"lazy\" decoding=\"async\" class=\"icon-Collection\" src=\"http:\/\/managing-ils-reporting.itcilo.org\/topic_icon.gif\" alt=\"\" width=\"16\" height=\"16\" \/>\u00a0<a class=\"state-published url\" href=\"\/category\/tchad\">Tchad<\/a><\/span><\/p>\n<p><span class=\"contenttype-topic summary\"><img loading=\"lazy\" decoding=\"async\" class=\"icon-Collection\" src=\"http:\/\/managing-ils-reporting.itcilo.org\/topic_icon.gif\" alt=\"\" width=\"16\" height=\"16\" \/>\u00a0<a class=\"state-published url\" href=\"\/category\/turkmenistan\">Turkm\u00e9nistan<\/a><\/span><\/p>\n<p><span class=\"contenttype-topic summary\"><img loading=\"lazy\" decoding=\"async\" class=\"icon-Collection\" src=\"http:\/\/managing-ils-reporting.itcilo.org\/topic_icon.gif\" alt=\"\" width=\"16\" height=\"16\" \/>\u00a0<a class=\"state-published url\" href=\"\/category\/zimbabwe\">Zimbabwe<\/a><\/span><\/p>\n","protected":false},"excerpt":{"rendered":"<p>Vous trouverez sur cette page une liste des pays pour lesquels des exemples de bonnes pratiques de pr\u00e9sentation de rapports ont \u00e9t\u00e9 recueillis. Les pays sont class\u00e9s par ordre alphab\u00e9tique. Choisissez un pays dans la liste pour consulter les exemples recueillis en mati\u00e8re de pr\u00e9sentation de rapports sur les NIT. \u00a0Bahre\u00efn \u00a0Colombie \u00a0Guatemala \u00a0Jama\u00efque \u00a0Panama [&hellip;]<\/p>\n","protected":false},"author":1,"featured_media":0,"parent":164,"menu_order":0,"comment_status":"closed","ping_status":"closed","template":"","meta":{"footnotes":""},"class_list":["post-338","page","type-page","status-publish","hentry"],"_links":{"self":[{"href":"https:\/\/managing-ils-reporting.itcilo.org\/fr\/wp-json\/wp\/v2\/pages\/338","targetHints":{"allow":["GET"]}}],"collection":[{"href":"https:\/\/managing-ils-reporting.itcilo.org\/fr\/wp-json\/wp\/v2\/pages"}],"about":[{"href":"https:\/\/managing-ils-reporting.itcilo.org\/fr\/wp-json\/wp\/v2\/types\/page"}],"author":[{"embeddable":true,"href":"https:\/\/managing-ils-reporting.itcilo.org\/fr\/wp-json\/wp\/v2\/users\/1"}],"replies":[{"embeddable":true,"href":"https:\/\/managing-ils-reporting.itcilo.org\/fr\/wp-json\/wp\/v2\/comments?post=338"}],"version-history":[{"count":3,"href":"https:\/\/managing-ils-reporting.itcilo.org\/fr\/wp-json\/wp\/v2\/pages\/338\/revisions"}],"predecessor-version":[{"id":618,"href":"https:\/\/managing-ils-reporting.itcilo.org\/fr\/wp-json\/wp\/v2\/pages\/338\/revisions\/618"}],"up":[{"embeddable":true,"href":"https:\/\/managing-ils-reporting.itcilo.org\/fr\/wp-json\/wp\/v2\/pages\/164"}],"wp:attachment":[{"href":"https:\/\/managing-ils-reporting.itcilo.org\/fr\/wp-json\/wp\/v2\/media?parent=338"}],"curies":[{"name":"wp","href":"https:\/\/api.w.org\/{rel}","templated":true}]}}