{"id":878,"date":"2019-12-20T14:25:31","date_gmt":"2019-12-20T14:25:31","guid":{"rendered":"https:\/\/dev-managing-ils-reporting.pantheonsite.io\/pratiques\/choix-par-theme\/communication-and-consultations-with-social-partners\/"},"modified":"2020-01-09T10:27:12","modified_gmt":"2020-01-09T10:27:12","slug":"communication-and-consultations-with-social-partners","status":"publish","type":"page","link":"https:\/\/managing-ils-reporting.itcilo.org\/fr\/pratiques\/choix-par-theme\/communication-and-consultations-with-social-partners\/","title":{"rendered":"Communication et consultations avec les partenaires sociaux et d\u2019autres acteurs non-gouvernementaux"},"content":{"rendered":"<p class=\"documentDescription\"><span id=\"parent-fieldname-description\" class=\"\">Le paragraphe 2 de l&rsquo;article 23 de la Constitution de l&rsquo;OIT impose la communication des rapports aux partenaires sociaux. La Convention (n\u00b0 144) sur les consultations tripartites relatives aux normes internationales du travail, 1976, exige la consultation avec les partenaires sociaux sur tous les rapports en mati\u00e8re de NIT. Voici un recueil de pratiques portant sur ces sujets.<\/span><\/p>\n<div id=\"parent-fieldname-text\" class=\"plain\">\n<p>Plus de d\u00e9tails sur les obligations avec la liste des exemples ci-dessous, par ordre alphab\u00e9tique.<\/p>\n<\/div>\n<div id=\"parent-fieldname-text\" class=\"plain\">\n\n<!-- NOTE: If you need to make changes to this file, copy it to your current theme's main\n\tdirectory so your changes won't be overwritten when the plugin is upgraded. -->\n\n<!-- Post Wrap Start-->\n<div class=\"post hentry ivycat-post\">\n\n\t<!-- \tThis outputs the post TITLE -->\n\t<h2 class=\"entry-title\"><a href=\"https:\/\/managing-ils-reporting.itcilo.org\/fr\/creation-et-maintien-dune-bibliotheque-ouverte-sur-les-nit\/\">Cr\u00e9ation et maintien d\u2019une biblioth\u00e8que ouverte sur les NIT<\/a><\/h2>\n\n\t<!-- \tThis outputs the post EXCERPT.  To display full content including images and html,\n\t\treplace the_excerpt(); with the_content();  below. -->\n\t<div class=\"entry-summary\">\n\t\t<p>Au Tchad, une biblioth\u00e8que sur les NIT est ouverte \u00e0 la consultation.<\/p>\n\t<\/div>\n\n\t<!--\tThis outputs the post META information -->\n\t<div class=\"entry-utility\">\n\t\t\t\t\t<span class=\"cat-links\">\n\t\t\t\t<span class=\"entry-utility-prep entry-utility-prep-cat-links\">Posted in<\/span> <a href=\"https:\/\/managing-ils-reporting.itcilo.org\/fr\/category\/communication-et-consultations-avec-les-partenaires-sociaux-et-dautres-acteurs-non-gouvernementaux\/\" rel=\"category tag\">Communication et consultations avec les partenaires sociaux et d\u2019autres acteurs non-gouvernementaux<\/a>\t\t\t<\/span>\n\t\t\t<span class=\"meta-sep\">|<\/span>\n\t\t\t\t\t\t<span class=\"comments-link\">\n\t\t\t<span>Commentaires ferm\u00e9s<span class=\"screen-reader-text\"> sur Cr\u00e9ation et maintien d\u2019une biblioth\u00e8que ouverte sur les NIT<\/span><\/span>\t\t<\/span>\n\t\t\t<\/div>\n<\/div>\n<!-- \/\/ Post Wrap End -->\n\n<!-- NOTE: If you need to make changes to this file, copy it to your current theme's main\n\tdirectory so your changes won't be overwritten when the plugin is upgraded. -->\n\n<!-- Post Wrap Start-->\n<div class=\"post hentry ivycat-post\">\n\n\t<!-- \tThis outputs the post TITLE -->\n\t<h2 class=\"entry-title\"><a href=\"https:\/\/managing-ils-reporting.itcilo.org\/fr\/legislative-provisions-on-consultation-2\/\">Dispositions l\u00e9gislatives en mati\u00e8re de consultation<\/a><\/h2>\n\n\t<!-- \tThis outputs the post EXCERPT.  To display full content including images and html,\n\t\treplace the_excerpt(); with the_content();  below. -->\n\t<div class=\"entry-summary\">\n\t\t<p>Mme Gloria Beatriz Gaviria Ramos, Cheffe du bureau de la Coop\u00e9ration et des Relations internationales au minist\u00e8re colombien du Travail, commente la disposition l\u00e9gislative en mati\u00e8re de consultation tripartite.<\/p>\n\t<\/div>\n\n\t<!--\tThis outputs the post META information -->\n\t<div class=\"entry-utility\">\n\t\t\t\t\t<span class=\"cat-links\">\n\t\t\t\t<span class=\"entry-utility-prep entry-utility-prep-cat-links\">Posted in<\/span> <a href=\"https:\/\/managing-ils-reporting.itcilo.org\/fr\/category\/communication-et-consultations-avec-les-partenaires-sociaux-et-dautres-acteurs-non-gouvernementaux\/\" rel=\"category tag\">Communication et consultations avec les partenaires sociaux et d\u2019autres acteurs non-gouvernementaux<\/a>\t\t\t<\/span>\n\t\t\t<span class=\"meta-sep\">|<\/span>\n\t\t\t\t\t\t<span class=\"comments-link\">\n\t\t\t<span>Commentaires ferm\u00e9s<span class=\"screen-reader-text\"> sur Dispositions l\u00e9gislatives en mati\u00e8re de consultation<\/span><\/span>\t\t<\/span>\n\t\t\t<\/div>\n<\/div>\n<!-- \/\/ Post Wrap End -->\n\n<!-- NOTE: If you need to make changes to this file, copy it to your current theme's main\n\tdirectory so your changes won't be overwritten when the plugin is upgraded. -->\n\n<!-- Post Wrap Start-->\n<div class=\"post hentry ivycat-post\">\n\n\t<!-- \tThis outputs the post TITLE -->\n\t<h2 class=\"entry-title\"><a href=\"https:\/\/managing-ils-reporting.itcilo.org\/fr\/the-usefulness-of-expert-advice-2\/\">L\u2019utilit\u00e9 d\u2019une expertise<\/a><\/h2>\n\n\t<!-- \tThis outputs the post EXCERPT.  To display full content including images and html,\n\t\treplace the_excerpt(); with the_content();  below. -->\n\t<div class=\"entry-summary\">\n\t\t<p>Mme Dorine Monica Brooks, Directrice des institutions internationales de travail et de presse, et administratrice des projets de l\u2019OIT au minist\u00e8re jama\u00efcain du Travail et de la S\u00e9curit\u00e9 sociale, explique comment ils sollicitent les conseils d\u2019experts externes.<\/p>\n\t<\/div>\n\n\t<!--\tThis outputs the post META information -->\n\t<div class=\"entry-utility\">\n\t\t\t\t\t<span class=\"cat-links\">\n\t\t\t\t<span class=\"entry-utility-prep entry-utility-prep-cat-links\">Posted in<\/span> <a href=\"https:\/\/managing-ils-reporting.itcilo.org\/fr\/category\/communication-et-consultations-avec-les-partenaires-sociaux-et-dautres-acteurs-non-gouvernementaux\/\" rel=\"category tag\">Communication et consultations avec les partenaires sociaux et d\u2019autres acteurs non-gouvernementaux<\/a>\t\t\t<\/span>\n\t\t\t<span class=\"meta-sep\">|<\/span>\n\t\t\t\t\t\t<span class=\"comments-link\">\n\t\t\t<span>Commentaires ferm\u00e9s<span class=\"screen-reader-text\"> sur L\u2019utilit\u00e9 d\u2019une expertise<\/span><\/span>\t\t<\/span>\n\t\t\t<\/div>\n<\/div>\n<!-- \/\/ Post Wrap End -->\n\n<!-- NOTE: If you need to make changes to this file, copy it to your current theme's main\n\tdirectory so your changes won't be overwritten when the plugin is upgraded. -->\n\n<!-- Post Wrap Start-->\n<div class=\"post hentry ivycat-post\">\n\n\t<!-- \tThis outputs the post TITLE -->\n\t<h2 class=\"entry-title\"><a href=\"https:\/\/managing-ils-reporting.itcilo.org\/fr\/the-value-of-institutionalized-tripartite-structure-2\/\">La valeur de la structure tripartite institutionnalis\u00e9e<\/a><\/h2>\n\n\t<!-- \tThis outputs the post EXCERPT.  To display full content including images and html,\n\t\treplace the_excerpt(); with the_content();  below. -->\n\t<div class=\"entry-summary\">\n\t\t<p>Mme Catherine Abayao, fonctionnaire charg\u00e9e du travail et de l\u2019emploi au Service des relations internationales et de la coop\u00e9ration du Minist\u00e8re du Travail et de l\u2019Emploi des Philippines, d\u00e9crit les avantages des structures tripartites \u00e9tablies et l\u2019importance de disposer d\u2019un soutien de haut niveau. (D\u00e9cembre 2011)<\/p>\n\t<\/div>\n\n\t<!--\tThis outputs the post META information -->\n\t<div class=\"entry-utility\">\n\t\t\t\t\t<span class=\"cat-links\">\n\t\t\t\t<span class=\"entry-utility-prep entry-utility-prep-cat-links\">Posted in<\/span> <a href=\"https:\/\/managing-ils-reporting.itcilo.org\/fr\/category\/communication-et-consultations-avec-les-partenaires-sociaux-et-dautres-acteurs-non-gouvernementaux\/\" rel=\"category tag\">Communication et consultations avec les partenaires sociaux et d\u2019autres acteurs non-gouvernementaux<\/a>\t\t\t<\/span>\n\t\t\t<span class=\"meta-sep\">|<\/span>\n\t\t\t\t\t\t<span class=\"comments-link\">\n\t\t\t<span>Commentaires ferm\u00e9s<span class=\"screen-reader-text\"> sur La valeur de la structure tripartite institutionnalis\u00e9e<\/span><\/span>\t\t<\/span>\n\t\t\t<\/div>\n<\/div>\n<!-- \/\/ Post Wrap End -->\n\n<!-- NOTE: If you need to make changes to this file, copy it to your current theme's main\n\tdirectory so your changes won't be overwritten when the plugin is upgraded. -->\n\n<!-- Post Wrap Start-->\n<div class=\"post hentry ivycat-post\">\n\n\t<!-- \tThis outputs the post TITLE -->\n\t<h2 class=\"entry-title\"><a href=\"https:\/\/managing-ils-reporting.itcilo.org\/fr\/les-consultations-vues-dun-bureau-collaborateur\/\">Les consultations vues d&rsquo;un bureau collaborateur<\/a><\/h2>\n\n\t<!-- \tThis outputs the post EXCERPT.  To display full content including images and html,\n\t\treplace the_excerpt(); with the_content();  below. -->\n\t<div class=\"entry-summary\">\n\t\t<p>Mme Maria Consuela Baki, m\u00e9diatrice\/arbitre au sein du Bureau des relations du travail, du Minist\u00e8re du Travail et de l\u2019Emploi des Philippines d\u00e9crit les processus de consultation d\u2019un point de vue ext\u00e9rieur \u00e0 celui du bureau directement responsable de la pr\u00e9sentation des rapports. (D\u00e9cembre 2011)<\/p>\n\t<\/div>\n\n\t<!--\tThis outputs the post META information -->\n\t<div class=\"entry-utility\">\n\t\t\t\t\t<span class=\"cat-links\">\n\t\t\t\t<span class=\"entry-utility-prep entry-utility-prep-cat-links\">Posted in<\/span> <a href=\"https:\/\/managing-ils-reporting.itcilo.org\/fr\/category\/communication-et-consultations-avec-les-partenaires-sociaux-et-dautres-acteurs-non-gouvernementaux\/\" rel=\"category tag\">Communication et consultations avec les partenaires sociaux et d\u2019autres acteurs non-gouvernementaux<\/a>, <a href=\"https:\/\/managing-ils-reporting.itcilo.org\/fr\/category\/non-classifiee\/\" rel=\"category tag\">Non classifi\u00e9(e)<\/a>\t\t\t<\/span>\n\t\t\t<span class=\"meta-sep\">|<\/span>\n\t\t\t\t\t\t<span class=\"comments-link\">\n\t\t\t<span>Commentaires ferm\u00e9s<span class=\"screen-reader-text\"> sur Les consultations vues d&rsquo;un bureau collaborateur<\/span><\/span>\t\t<\/span>\n\t\t\t<\/div>\n<\/div>\n<!-- \/\/ Post Wrap End -->\n\n<!-- NOTE: If you need to make changes to this file, copy it to your current theme's main\n\tdirectory so your changes won't be overwritten when the plugin is upgraded. -->\n\n<!-- Post Wrap Start-->\n<div class=\"post hentry ivycat-post\">\n\n\t<!-- \tThis outputs the post TITLE -->\n\t<h2 class=\"entry-title\"><a href=\"https:\/\/managing-ils-reporting.itcilo.org\/fr\/get-ilo-representatives-to-engage-high-level-social-partners-2\/\">Obtenir que les repr\u00e9sentants de l\u2019OIT mobilisent les partenaires sociaux de haut niveau<\/a><\/h2>\n\n\t<!-- \tThis outputs the post EXCERPT.  To display full content including images and html,\n\t\treplace the_excerpt(); with the_content();  below. -->\n\t<div class=\"entry-summary\">\n\t\t<p>Au Turkm\u00e9nistan, ont fait appel aux repr\u00e9sentants de l\u2019OIT pour aider \u00e0 impliquer les partenaires sociaux de haut niveau dans les questions de NIT.<\/p>\n\t<\/div>\n\n\t<!--\tThis outputs the post META information -->\n\t<div class=\"entry-utility\">\n\t\t\t\t\t<span class=\"cat-links\">\n\t\t\t\t<span class=\"entry-utility-prep entry-utility-prep-cat-links\">Posted in<\/span> <a href=\"https:\/\/managing-ils-reporting.itcilo.org\/fr\/category\/communication-et-consultations-avec-les-partenaires-sociaux-et-dautres-acteurs-non-gouvernementaux\/\" rel=\"category tag\">Communication et consultations avec les partenaires sociaux et d\u2019autres acteurs non-gouvernementaux<\/a>\t\t\t<\/span>\n\t\t\t<span class=\"meta-sep\">|<\/span>\n\t\t\t\t\t\t<span class=\"comments-link\">\n\t\t\t<span>Commentaires ferm\u00e9s<span class=\"screen-reader-text\"> sur Obtenir que les repr\u00e9sentants de l\u2019OIT mobilisent les partenaires sociaux de haut niveau<\/span><\/span>\t\t<\/span>\n\t\t\t<\/div>\n<\/div>\n<!-- \/\/ Post Wrap End -->\n\n<!-- NOTE: If you need to make changes to this file, copy it to your current theme's main\n\tdirectory so your changes won't be overwritten when the plugin is upgraded. -->\n\n<!-- Post Wrap Start-->\n<div class=\"post hentry ivycat-post\">\n\n\t<!-- \tThis outputs the post TITLE -->\n\t<h2 class=\"entry-title\"><a href=\"https:\/\/managing-ils-reporting.itcilo.org\/fr\/inclusive-involvement-and-follow-up-2\/\">Participation inclusive et suivi<\/a><\/h2>\n\n\t<!-- \tThis outputs the post EXCERPT.  To display full content including images and html,\n\t\treplace the_excerpt(); with the_content();  below. -->\n\t<div class=\"entry-summary\">\n\t\t<p>Mme Dorine Monica Brooks, Directrice des institutions internationales de travail et de presse, et administratrice des projets de l\u2019OIT au minist\u00e8re jama\u00efcain du Travail et de la S\u00e9curit\u00e9 sociale, contribue \u00e0 l\u2019\u00e9laboration de bonnes pratiques en mati\u00e8re de participation et de suivi.<\/p>\n\t<\/div>\n\n\t<!--\tThis outputs the post META information -->\n\t<div class=\"entry-utility\">\n\t\t\t\t\t<span class=\"cat-links\">\n\t\t\t\t<span class=\"entry-utility-prep entry-utility-prep-cat-links\">Posted in<\/span> <a href=\"https:\/\/managing-ils-reporting.itcilo.org\/fr\/category\/communication-et-consultations-avec-les-partenaires-sociaux-et-dautres-acteurs-non-gouvernementaux\/\" rel=\"category tag\">Communication et consultations avec les partenaires sociaux et d\u2019autres acteurs non-gouvernementaux<\/a>\t\t\t<\/span>\n\t\t\t<span class=\"meta-sep\">|<\/span>\n\t\t\t\t\t\t<span class=\"comments-link\">\n\t\t\t<span>Commentaires ferm\u00e9s<span class=\"screen-reader-text\"> sur Participation inclusive et suivi<\/span><\/span>\t\t<\/span>\n\t\t\t<\/div>\n<\/div>\n<!-- \/\/ Post Wrap End -->\n\n<!-- NOTE: If you need to make changes to this file, copy it to your current theme's main\n\tdirectory so your changes won't be overwritten when the plugin is upgraded. -->\n\n<!-- Post Wrap Start-->\n<div class=\"post hentry ivycat-post\">\n\n\t<!-- \tThis outputs the post TITLE -->\n\t<h2 class=\"entry-title\"><a href=\"https:\/\/managing-ils-reporting.itcilo.org\/fr\/an-example-of-the-consultation-process-2\/\">Un exemple du processus de consultation<\/a><\/h2>\n\n\t<!-- \tThis outputs the post EXCERPT.  To display full content including images and html,\n\t\treplace the_excerpt(); with the_content();  below. -->\n\t<div class=\"entry-summary\">\n\t\t<p>Mme Delia S. Palomar, fonctionnaire principale charg\u00e9e de l\u2019emploi et du travail au sein du Service des relations internationales et de la coop\u00e9ration du Minist\u00e8re philippin du Travail et de l\u2019Emploi d\u00e9crit le processus de consultation suivi aux Philippines. (D\u00e9cembre 2011)<\/p>\n\t<\/div>\n\n\t<!--\tThis outputs the post META information -->\n\t<div class=\"entry-utility\">\n\t\t\t\t\t<span class=\"cat-links\">\n\t\t\t\t<span class=\"entry-utility-prep entry-utility-prep-cat-links\">Posted in<\/span> <a href=\"https:\/\/managing-ils-reporting.itcilo.org\/fr\/category\/communication-et-consultations-avec-les-partenaires-sociaux-et-dautres-acteurs-non-gouvernementaux\/\" rel=\"category tag\">Communication et consultations avec les partenaires sociaux et d\u2019autres acteurs non-gouvernementaux<\/a>\t\t\t<\/span>\n\t\t\t<span class=\"meta-sep\">|<\/span>\n\t\t\t\t\t\t<span class=\"comments-link\">\n\t\t\t<span>Commentaires ferm\u00e9s<span class=\"screen-reader-text\"> sur Un exemple du processus de consultation<\/span><\/span>\t\t<\/span>\n\t\t\t<\/div>\n<\/div>\n<!-- \/\/ Post Wrap End -->\n\n<!-- NOTE: If you need to make changes to this file, copy it to your current theme's main\n\tdirectory so your changes won't be overwritten when the plugin is upgraded. -->\n\n<!-- Post Wrap Start-->\n<div class=\"post hentry ivycat-post\">\n\n\t<!-- \tThis outputs the post TITLE -->\n\t<h2 class=\"entry-title\"><a href=\"https:\/\/managing-ils-reporting.itcilo.org\/fr\/use-unrelated-gatherings-as-a-means-of-tapping-the-attention-of-social-partners-2\/\">Utiliser des \u00e9v\u00e9nements sans rapport pour mobiliser l\u2019attention des partenaires sociaux<\/a><\/h2>\n\n\t<!-- \tThis outputs the post EXCERPT.  To display full content including images and html,\n\t\treplace the_excerpt(); with the_content();  below. -->\n\t<div class=\"entry-summary\">\n\t\t<p>Au P\u00e9rou, les partenaires sociaux sont intercept\u00e9s et leur participation sollicit\u00e9e.<\/p>\n\t<\/div>\n\n\t<!--\tThis outputs the post META information -->\n\t<div class=\"entry-utility\">\n\t\t\t\t\t<span class=\"cat-links\">\n\t\t\t\t<span class=\"entry-utility-prep entry-utility-prep-cat-links\">Posted in<\/span> <a href=\"https:\/\/managing-ils-reporting.itcilo.org\/fr\/category\/communication-et-consultations-avec-les-partenaires-sociaux-et-dautres-acteurs-non-gouvernementaux\/\" rel=\"category tag\">Communication et consultations avec les partenaires sociaux et d\u2019autres acteurs non-gouvernementaux<\/a>\t\t\t<\/span>\n\t\t\t<span class=\"meta-sep\">|<\/span>\n\t\t\t\t\t\t<span class=\"comments-link\">\n\t\t\t<span>Commentaires ferm\u00e9s<span class=\"screen-reader-text\"> sur Utiliser des \u00e9v\u00e9nements sans rapport pour mobiliser l\u2019attention des partenaires sociaux<\/span><\/span>\t\t<\/span>\n\t\t\t<\/div>\n<\/div>\n<!-- \/\/ Post Wrap End -->\n\n<!-- NOTE: If you need to make changes to this file, copy it to your current theme's main\n\tdirectory so your changes won't be overwritten when the plugin is upgraded. -->\n\n<!-- Post Wrap Start-->\n<div class=\"post hentry ivycat-post\">\n\n\t<!-- \tThis outputs the post TITLE -->\n\t<h2 class=\"entry-title\"><a href=\"https:\/\/managing-ils-reporting.itcilo.org\/fr\/use-specialists-visit-3\/\">Utiliser la visite de sp\u00e9cialistes<\/a><\/h2>\n\n\t<!-- \tThis outputs the post EXCERPT.  To display full content including images and html,\n\t\treplace the_excerpt(); with the_content();  below. -->\n\t<div class=\"entry-summary\">\n\t\t<p>Au Tadjikistan, les partenaires sociaux sont inform\u00e9s lorsque le sp\u00e9cialiste en NIT rend visite \u00e0 l\u2019\u00e9quipe d\u2019appui technique au travail d\u00e9cent et au bureau pays (DWT\/CO).<\/p>\n\t<\/div>\n\n\t<!--\tThis outputs the post META information -->\n\t<div class=\"entry-utility\">\n\t\t\t\t\t<span class=\"cat-links\">\n\t\t\t\t<span class=\"entry-utility-prep entry-utility-prep-cat-links\">Posted in<\/span> <a href=\"https:\/\/managing-ils-reporting.itcilo.org\/fr\/category\/communication-et-consultations-avec-les-partenaires-sociaux-et-dautres-acteurs-non-gouvernementaux\/\" rel=\"category tag\">Communication et consultations avec les partenaires sociaux et d\u2019autres acteurs non-gouvernementaux<\/a>\t\t\t<\/span>\n\t\t\t<span class=\"meta-sep\">|<\/span>\n\t\t\t\t\t\t<span class=\"comments-link\">\n\t\t\t<span>Commentaires ferm\u00e9s<span class=\"screen-reader-text\"> sur Utiliser la visite de sp\u00e9cialistes<\/span><\/span>\t\t<\/span>\n\t\t\t<\/div>\n<\/div>\n<!-- \/\/ Post Wrap End -->\n\n<!-- NOTE: If you need to make changes to this file, copy it to your current theme's main\n\tdirectory so your changes won't be overwritten when the plugin is upgraded. -->\n\n<!-- Post Wrap Start-->\n<div class=\"post hentry ivycat-post\">\n\n\t<!-- \tThis outputs the post TITLE -->\n\t<h2 class=\"entry-title\"><a href=\"https:\/\/managing-ils-reporting.itcilo.org\/fr\/use-social-dialogue-to-resolve-issues-2\/\">Utiliser le dialogue social pour r\u00e9soudre les probl\u00e8mes<\/a><\/h2>\n\n\t<!-- \tThis outputs the post EXCERPT.  To display full content including images and html,\n\t\treplace the_excerpt(); with the_content();  below. -->\n\t<div class=\"entry-summary\">\n\t\t<p>Au Panama, le dialogue social sur les contenus des rapports sert \u00e0 r\u00e9soudre les probl\u00e8mes.<\/p>\n\t<\/div>\n\n\t<!--\tThis outputs the post META information -->\n\t<div class=\"entry-utility\">\n\t\t\t\t\t<span class=\"cat-links\">\n\t\t\t\t<span class=\"entry-utility-prep entry-utility-prep-cat-links\">Posted in<\/span> <a href=\"https:\/\/managing-ils-reporting.itcilo.org\/fr\/category\/communication-et-consultations-avec-les-partenaires-sociaux-et-dautres-acteurs-non-gouvernementaux\/\" rel=\"category tag\">Communication et consultations avec les partenaires sociaux et d\u2019autres acteurs non-gouvernementaux<\/a>\t\t\t<\/span>\n\t\t\t<span class=\"meta-sep\">|<\/span>\n\t\t\t\t\t\t<span class=\"comments-link\">\n\t\t\t<span>Commentaires ferm\u00e9s<span class=\"screen-reader-text\"> sur Utiliser le dialogue social pour r\u00e9soudre les probl\u00e8mes<\/span><\/span>\t\t<\/span>\n\t\t\t<\/div>\n<\/div>\n<!-- \/\/ Post Wrap End -->\n\n<\/div>\n","protected":false},"excerpt":{"rendered":"<p>Le paragraphe 2 de l&rsquo;article 23 de la Constitution de l&rsquo;OIT impose la communication des rapports aux partenaires sociaux. La Convention (n\u00b0 144) sur les consultations tripartites relatives aux normes internationales du travail, 1976, exige la consultation avec les partenaires sociaux sur tous les rapports en mati\u00e8re de NIT. Voici un recueil de pratiques portant [&hellip;]<\/p>\n","protected":false},"author":1,"featured_media":0,"parent":229,"menu_order":0,"comment_status":"closed","ping_status":"closed","template":"","meta":{"footnotes":""},"class_list":["post-878","page","type-page","status-publish","hentry"],"_links":{"self":[{"href":"https:\/\/managing-ils-reporting.itcilo.org\/fr\/wp-json\/wp\/v2\/pages\/878","targetHints":{"allow":["GET"]}}],"collection":[{"href":"https:\/\/managing-ils-reporting.itcilo.org\/fr\/wp-json\/wp\/v2\/pages"}],"about":[{"href":"https:\/\/managing-ils-reporting.itcilo.org\/fr\/wp-json\/wp\/v2\/types\/page"}],"author":[{"embeddable":true,"href":"https:\/\/managing-ils-reporting.itcilo.org\/fr\/wp-json\/wp\/v2\/users\/1"}],"replies":[{"embeddable":true,"href":"https:\/\/managing-ils-reporting.itcilo.org\/fr\/wp-json\/wp\/v2\/comments?post=878"}],"version-history":[{"count":3,"href":"https:\/\/managing-ils-reporting.itcilo.org\/fr\/wp-json\/wp\/v2\/pages\/878\/revisions"}],"predecessor-version":[{"id":904,"href":"https:\/\/managing-ils-reporting.itcilo.org\/fr\/wp-json\/wp\/v2\/pages\/878\/revisions\/904"}],"up":[{"embeddable":true,"href":"https:\/\/managing-ils-reporting.itcilo.org\/fr\/wp-json\/wp\/v2\/pages\/229"}],"wp:attachment":[{"href":"https:\/\/managing-ils-reporting.itcilo.org\/fr\/wp-json\/wp\/v2\/media?parent=878"}],"curies":[{"name":"wp","href":"https:\/\/api.w.org\/{rel}","templated":true}]}}