{"id":891,"date":"2019-12-20T14:25:49","date_gmt":"2019-12-20T14:25:49","guid":{"rendered":"https:\/\/dev-managing-ils-reporting.pantheonsite.io\/pratiques\/choix-par-theme\/management\/"},"modified":"2020-01-09T10:28:41","modified_gmt":"2020-01-09T10:28:41","slug":"management","status":"publish","type":"page","link":"https:\/\/managing-ils-reporting.itcilo.org\/fr\/pratiques\/choix-par-theme\/management\/","title":{"rendered":"Gestion"},"content":{"rendered":"<p class=\"documentDescription\"><span id=\"parent-fieldname-description\" class=\"\">La gestion des ressources n\u00e9cessaires pour la pr\u00e9sentation de rapports sur les NIT requiert des comp\u00e9tences. Voici un recueil de bonnes pratiques qui abordent ces comp\u00e9tences et donnent des indications sur la mani\u00e8re de g\u00e9rer au mieux le processus de pr\u00e9sentation des rapports et les personnes les plus impliqu\u00e9es dans le processus.<\/span><\/p>\n<div id=\"parent-fieldname-text\" class=\"plain\">\n<p>Tout sur la gestion des questions relatives aux NIT et la pr\u00e9sentation de rapports, par ordre alphab\u00e9tique.<\/p>\n<\/div>\n<div id=\"parent-fieldname-text\" class=\"plain\">\n\n<!-- NOTE: If you need to make changes to this file, copy it to your current theme's main\n\tdirectory so your changes won't be overwritten when the plugin is upgraded. -->\n\n<!-- Post Wrap Start-->\n<div class=\"post hentry ivycat-post\">\n\n\t<!-- \tThis outputs the post TITLE -->\n\t<h2 class=\"entry-title\"><a href=\"https:\/\/managing-ils-reporting.itcilo.org\/fr\/accessing-legal-expertise-3\/\">Acc\u00e8s \u00e0 l&rsquo;expertise juridique<\/a><\/h2>\n\n\t<!-- \tThis outputs the post EXCERPT.  To display full content including images and html,\n\t\treplace the_excerpt(); with the_content();  below. -->\n\t<div class=\"entry-summary\">\n\t\t<p>Mme Celeste M. Valderrama, Directrice du Bureau des affaires internationales du travail au Minist\u00e8re du Travail et de l\u2019Emploi des Philippines d\u00e9crit comment recourir \u00e0 l\u2019expertise juridique selon les besoins. (D\u00e9cembre 2011)<\/p>\n\t<\/div>\n\n\t<!--\tThis outputs the post META information -->\n\t<div class=\"entry-utility\">\n\t\t\t\t\t<span class=\"cat-links\">\n\t\t\t\t<span class=\"entry-utility-prep entry-utility-prep-cat-links\">Posted in<\/span> <a href=\"https:\/\/managing-ils-reporting.itcilo.org\/fr\/category\/gestion\/\" rel=\"category tag\">Gestion<\/a>\t\t\t<\/span>\n\t\t\t<span class=\"meta-sep\">|<\/span>\n\t\t\t\t\t\t<span class=\"comments-link\">\n\t\t\t<span>Commentaires ferm\u00e9s<span class=\"screen-reader-text\"> sur Acc\u00e8s \u00e0 l&rsquo;expertise juridique<\/span><\/span>\t\t<\/span>\n\t\t\t<\/div>\n<\/div>\n<!-- \/\/ Post Wrap End -->\n\n<!-- NOTE: If you need to make changes to this file, copy it to your current theme's main\n\tdirectory so your changes won't be overwritten when the plugin is upgraded. -->\n\n<!-- Post Wrap Start-->\n<div class=\"post hentry ivycat-post\">\n\n\t<!-- \tThis outputs the post TITLE -->\n\t<h2 class=\"entry-title\"><a href=\"https:\/\/managing-ils-reporting.itcilo.org\/fr\/make-a-consolidated-report-on-matters-for-follow-up-2\/\">\u00c9tablir un rapport consolid\u00e9 sur les questions pour le suivi<\/a><\/h2>\n\n\t<!-- \tThis outputs the post EXCERPT.  To display full content including images and html,\n\t\treplace the_excerpt(); with the_content();  below. -->\n\t<div class=\"entry-summary\">\n\t\t<p>\u00c0 Macao, les responsables de la pr\u00e9sentation des rapports des NIT apr\u00e8s avoir termin\u00e9 ces derniers, \u00e9tablissent un rapport compl\u00e9mentaire sur les questions qui ont besoin d\u2019un suivi.<\/p>\n\t<\/div>\n\n\t<!--\tThis outputs the post META information -->\n\t<div class=\"entry-utility\">\n\t\t\t\t\t<span class=\"cat-links\">\n\t\t\t\t<span class=\"entry-utility-prep entry-utility-prep-cat-links\">Posted in<\/span> <a href=\"https:\/\/managing-ils-reporting.itcilo.org\/fr\/category\/gestion\/\" rel=\"category tag\">Gestion<\/a>\t\t\t<\/span>\n\t\t\t<span class=\"meta-sep\">|<\/span>\n\t\t\t\t\t\t<span class=\"comments-link\">\n\t\t\t<span>Commentaires ferm\u00e9s<span class=\"screen-reader-text\"> sur \u00c9tablir un rapport consolid\u00e9 sur les questions pour le suivi<\/span><\/span>\t\t<\/span>\n\t\t\t<\/div>\n<\/div>\n<!-- \/\/ Post Wrap End -->\n\n<!-- NOTE: If you need to make changes to this file, copy it to your current theme's main\n\tdirectory so your changes won't be overwritten when the plugin is upgraded. -->\n\n<!-- Post Wrap Start-->\n<div class=\"post hentry ivycat-post\">\n\n\t<!-- \tThis outputs the post TITLE -->\n\t<h2 class=\"entry-title\"><a href=\"https:\/\/managing-ils-reporting.itcilo.org\/fr\/manage-reporting-in-terms-of-steps-2\/\">G\u00e9rer la pr\u00e9sentation des rapports en termes d\u2019\u00e9tapes<\/a><\/h2>\n\n\t<!-- \tThis outputs the post EXCERPT.  To display full content including images and html,\n\t\treplace the_excerpt(); with the_content();  below. -->\n\t<div class=\"entry-summary\">\n\t\t<p>Au P\u00e9rou, la proc\u00e9dure \u00e9tablie d\u00e9compose la pr\u00e9sentation des rapports en quatre \u00e9tapes.<\/p>\n\t<\/div>\n\n\t<!--\tThis outputs the post META information -->\n\t<div class=\"entry-utility\">\n\t\t\t\t\t<span class=\"cat-links\">\n\t\t\t\t<span class=\"entry-utility-prep entry-utility-prep-cat-links\">Posted in<\/span> <a href=\"https:\/\/managing-ils-reporting.itcilo.org\/fr\/category\/gestion\/\" rel=\"category tag\">Gestion<\/a>\t\t\t<\/span>\n\t\t\t<span class=\"meta-sep\">|<\/span>\n\t\t\t\t\t\t<span class=\"comments-link\">\n\t\t\t<span>Commentaires ferm\u00e9s<span class=\"screen-reader-text\"> sur G\u00e9rer la pr\u00e9sentation des rapports en termes d\u2019\u00e9tapes<\/span><\/span>\t\t<\/span>\n\t\t\t<\/div>\n<\/div>\n<!-- \/\/ Post Wrap End -->\n\n<!-- NOTE: If you need to make changes to this file, copy it to your current theme's main\n\tdirectory so your changes won't be overwritten when the plugin is upgraded. -->\n\n<!-- Post Wrap Start-->\n<div class=\"post hentry ivycat-post\">\n\n\t<!-- \tThis outputs the post TITLE -->\n\t<h2 class=\"entry-title\"><a href=\"https:\/\/managing-ils-reporting.itcilo.org\/fr\/exclusive-responsibility-can-help-responsiveness-2\/\">La responsabilit\u00e9 exclusive favorable \u00e0 la r\u00e9activit\u00e9<\/a><\/h2>\n\n\t<!-- \tThis outputs the post EXCERPT.  To display full content including images and html,\n\t\treplace the_excerpt(); with the_content();  below. -->\n\t<div class=\"entry-summary\">\n\t\t<p>Mme Dorine Monica Brooks, Directrice des institutions internationales de travail et de presse, et administratrice des projets de l\u2019OIT au minist\u00e8re jama\u00efcain du Travail et de la S\u00e9curit\u00e9 sociale, explique comment la responsabilit\u00e9 exclusive peut contribuer \u00e0 la r\u00e9activit\u00e9.<\/p>\n\t<\/div>\n\n\t<!--\tThis outputs the post META information -->\n\t<div class=\"entry-utility\">\n\t\t\t\t\t<span class=\"cat-links\">\n\t\t\t\t<span class=\"entry-utility-prep entry-utility-prep-cat-links\">Posted in<\/span> <a href=\"https:\/\/managing-ils-reporting.itcilo.org\/fr\/category\/gestion\/\" rel=\"category tag\">Gestion<\/a>\t\t\t<\/span>\n\t\t\t<span class=\"meta-sep\">|<\/span>\n\t\t\t\t\t\t<span class=\"comments-link\">\n\t\t\t<span>Commentaires ferm\u00e9s<span class=\"screen-reader-text\"> sur La responsabilit\u00e9 exclusive favorable \u00e0 la r\u00e9activit\u00e9<\/span><\/span>\t\t<\/span>\n\t\t\t<\/div>\n<\/div>\n<!-- \/\/ Post Wrap End -->\n\n<!-- NOTE: If you need to make changes to this file, copy it to your current theme's main\n\tdirectory so your changes won't be overwritten when the plugin is upgraded. -->\n\n<!-- Post Wrap Start-->\n<div class=\"post hentry ivycat-post\">\n\n\t<!-- \tThis outputs the post TITLE -->\n\t<h2 class=\"entry-title\"><a href=\"https:\/\/managing-ils-reporting.itcilo.org\/fr\/the-value-of-institutionalized-tripartite-structure-3\/\">La valeur de la structure tripartite institutionnalis\u00e9e<\/a><\/h2>\n\n\t<!-- \tThis outputs the post EXCERPT.  To display full content including images and html,\n\t\treplace the_excerpt(); with the_content();  below. -->\n\t<div class=\"entry-summary\">\n\t\t<p>Mme Catherine Abayao, fonctionnaire charg\u00e9e du travail et de l\u2019emploi au Service des relations internationales et de la coop\u00e9ration du Minist\u00e8re du Travail et de l\u2019Emploi des Philippines, d\u00e9crit les avantages des structures tripartites \u00e9tablies et l\u2019importance de disposer d\u2019un soutien de haut niveau. (D\u00e9cembre 2011)<\/p>\n\t<\/div>\n\n\t<!--\tThis outputs the post META information -->\n\t<div class=\"entry-utility\">\n\t\t\t\t\t<span class=\"cat-links\">\n\t\t\t\t<span class=\"entry-utility-prep entry-utility-prep-cat-links\">Posted in<\/span> <a href=\"https:\/\/managing-ils-reporting.itcilo.org\/fr\/category\/gestion\/\" rel=\"category tag\">Gestion<\/a>\t\t\t<\/span>\n\t\t\t<span class=\"meta-sep\">|<\/span>\n\t\t\t\t\t\t<span class=\"comments-link\">\n\t\t\t<span>Commentaires ferm\u00e9s<span class=\"screen-reader-text\"> sur La valeur de la structure tripartite institutionnalis\u00e9e<\/span><\/span>\t\t<\/span>\n\t\t\t<\/div>\n<\/div>\n<!-- \/\/ Post Wrap End -->\n\n<!-- NOTE: If you need to make changes to this file, copy it to your current theme's main\n\tdirectory so your changes won't be overwritten when the plugin is upgraded. -->\n\n<!-- Post Wrap Start-->\n<div class=\"post hentry ivycat-post\">\n\n\t<!-- \tThis outputs the post TITLE -->\n\t<h2 class=\"entry-title\"><a href=\"https:\/\/managing-ils-reporting.itcilo.org\/fr\/international-context-gives-importance-to-ils-2\/\">Le contexte national donne de l&rsquo;importance aux NIT<\/a><\/h2>\n\n\t<!-- \tThis outputs the post EXCERPT.  To display full content including images and html,\n\t\treplace the_excerpt(); with the_content();  below. -->\n\t<div class=\"entry-summary\">\n\t\t<p>Mme Celeste M. Valderrama, Directrice du Bureau des affaires internationales du travail au Minist\u00e8re du Travail et de l\u2019Emploi des Philippines, explique l\u2019importance des NIT et de la pr\u00e9sentation des rapports sur les NIT pour les travailleurs expatri\u00e9s aux Philippines. (D\u00e9cembre 2011)<\/p>\n\t<\/div>\n\n\t<!--\tThis outputs the post META information -->\n\t<div class=\"entry-utility\">\n\t\t\t\t\t<span class=\"cat-links\">\n\t\t\t\t<span class=\"entry-utility-prep entry-utility-prep-cat-links\">Posted in<\/span> <a href=\"https:\/\/managing-ils-reporting.itcilo.org\/fr\/category\/gestion\/\" rel=\"category tag\">Gestion<\/a>\t\t\t<\/span>\n\t\t\t<span class=\"meta-sep\">|<\/span>\n\t\t\t\t\t\t<span class=\"comments-link\">\n\t\t\t<span>Commentaires ferm\u00e9s<span class=\"screen-reader-text\"> sur Le contexte national donne de l&rsquo;importance aux NIT<\/span><\/span>\t\t<\/span>\n\t\t\t<\/div>\n<\/div>\n<!-- \/\/ Post Wrap End -->\n\n<!-- NOTE: If you need to make changes to this file, copy it to your current theme's main\n\tdirectory so your changes won't be overwritten when the plugin is upgraded. -->\n\n<!-- Post Wrap Start-->\n<div class=\"post hentry ivycat-post\">\n\n\t<!-- \tThis outputs the post TITLE -->\n\t<h2 class=\"entry-title\"><a href=\"https:\/\/managing-ils-reporting.itcilo.org\/fr\/the-benefits-of-operational-planning-2\/\">Les avantages de la planification op\u00e9rationnelle<\/a><\/h2>\n\n\t<!-- \tThis outputs the post EXCERPT.  To display full content including images and html,\n\t\treplace the_excerpt(); with the_content();  below. -->\n\t<div class=\"entry-summary\">\n\t\t<p>Mme Dorine Monica Brooks, Directrice des institutions internationales de travail et de presse, et administratrice des projets de l\u2019OIT au minist\u00e8re jama\u00efcain du Travail et de la S\u00e9curit\u00e9 sociale, explique l\u2019avantage d\u2019une planification op\u00e9rationnelle.<\/p>\n\t<\/div>\n\n\t<!--\tThis outputs the post META information -->\n\t<div class=\"entry-utility\">\n\t\t\t\t\t<span class=\"cat-links\">\n\t\t\t\t<span class=\"entry-utility-prep entry-utility-prep-cat-links\">Posted in<\/span> <a href=\"https:\/\/managing-ils-reporting.itcilo.org\/fr\/category\/gestion\/\" rel=\"category tag\">Gestion<\/a>\t\t\t<\/span>\n\t\t\t<span class=\"meta-sep\">|<\/span>\n\t\t\t\t\t\t<span class=\"comments-link\">\n\t\t\t<a href=\"https:\/\/managing-ils-reporting.itcilo.org\/fr\/the-benefits-of-operational-planning-2\/#comments\">19\u00a0822 Comments<\/a>\t\t<\/span>\n\t\t\t<\/div>\n<\/div>\n<!-- \/\/ Post Wrap End -->\n\n<!-- NOTE: If you need to make changes to this file, copy it to your current theme's main\n\tdirectory so your changes won't be overwritten when the plugin is upgraded. -->\n\n<!-- Post Wrap Start-->\n<div class=\"post hentry ivycat-post\">\n\n\t<!-- \tThis outputs the post TITLE -->\n\t<h2 class=\"entry-title\"><a href=\"https:\/\/managing-ils-reporting.itcilo.org\/fr\/promote-training-outside-your-scope-of-responsibility-4\/\">Promouvoir la formation en dehors du champ de responsabilit\u00e9 des fonctionnaires<\/a><\/h2>\n\n\t<!-- \tThis outputs the post EXCERPT.  To display full content including images and html,\n\t\treplace the_excerpt(); with the_content();  below. -->\n\t<div class=\"entry-summary\">\n\t\t<p>Au Panama, les responsables des NIT encouragent la formation aux NIT d\u2019autres fonctionnaires.<\/p>\n\t<\/div>\n\n\t<!--\tThis outputs the post META information -->\n\t<div class=\"entry-utility\">\n\t\t\t\t\t<span class=\"cat-links\">\n\t\t\t\t<span class=\"entry-utility-prep entry-utility-prep-cat-links\">Posted in<\/span> <a href=\"https:\/\/managing-ils-reporting.itcilo.org\/fr\/category\/gestion\/\" rel=\"category tag\">Gestion<\/a>\t\t\t<\/span>\n\t\t\t<span class=\"meta-sep\">|<\/span>\n\t\t\t\t\t\t<span class=\"comments-link\">\n\t\t\t<span>Commentaires ferm\u00e9s<span class=\"screen-reader-text\"> sur Promouvoir la formation en dehors du champ de responsabilit\u00e9 des fonctionnaires<\/span><\/span>\t\t<\/span>\n\t\t\t<\/div>\n<\/div>\n<!-- \/\/ Post Wrap End -->\n\n<!-- NOTE: If you need to make changes to this file, copy it to your current theme's main\n\tdirectory so your changes won't be overwritten when the plugin is upgraded. -->\n\n<!-- Post Wrap Start-->\n<div class=\"post hentry ivycat-post\">\n\n\t<!-- \tThis outputs the post TITLE -->\n\t<h2 class=\"entry-title\"><a href=\"https:\/\/managing-ils-reporting.itcilo.org\/fr\/recognize-value-of-a-management-system-2\/\">Reconna\u00eetre la valeur d&rsquo;un syst\u00e8me de gestion<\/a><\/h2>\n\n\t<!-- \tThis outputs the post EXCERPT.  To display full content including images and html,\n\t\treplace the_excerpt(); with the_content();  below. -->\n\t<div class=\"entry-summary\">\n\t\t<p>Mme Celeste M. Valderrama, Directrice du Bureau des affaires internationales du travail au Minist\u00e8re du Travail et de l\u2019Emploi des Philippines, explique l\u2019importance de la gestion des processus de pr\u00e9sentation des rapports. (D\u00e9cembre 2011)<\/p>\n\t<\/div>\n\n\t<!--\tThis outputs the post META information -->\n\t<div class=\"entry-utility\">\n\t\t\t\t\t<span class=\"cat-links\">\n\t\t\t\t<span class=\"entry-utility-prep entry-utility-prep-cat-links\">Posted in<\/span> <a href=\"https:\/\/managing-ils-reporting.itcilo.org\/fr\/category\/gestion\/\" rel=\"category tag\">Gestion<\/a>\t\t\t<\/span>\n\t\t\t<span class=\"meta-sep\">|<\/span>\n\t\t\t\t\t\t<span class=\"comments-link\">\n\t\t\t<span>Commentaires ferm\u00e9s<span class=\"screen-reader-text\"> sur Reconna\u00eetre la valeur d&rsquo;un syst\u00e8me de gestion<\/span><\/span>\t\t<\/span>\n\t\t\t<\/div>\n<\/div>\n<!-- \/\/ Post Wrap End -->\n\n<!-- NOTE: If you need to make changes to this file, copy it to your current theme's main\n\tdirectory so your changes won't be overwritten when the plugin is upgraded. -->\n\n<!-- Post Wrap Start-->\n<div class=\"post hentry ivycat-post\">\n\n\t<!-- \tThis outputs the post TITLE -->\n\t<h2 class=\"entry-title\"><a href=\"https:\/\/managing-ils-reporting.itcilo.org\/fr\/working-with-challenges-3\/\">Relever les d\u00e9fis<\/a><\/h2>\n\n\t<!-- \tThis outputs the post EXCERPT.  To display full content including images and html,\n\t\treplace the_excerpt(); with the_content();  below. -->\n\t<div class=\"entry-summary\">\n\t\t<p>Mme Celeste M. Valderrama, Directrice du Bureau des affaires internationales du travail au Minist\u00e8re du Travail et de l\u2019Emploi des Philippines, explique comment les d\u00e9fis sont relev\u00e9s et surmont\u00e9s. (D\u00e9cembre 2011)<\/p>\n\t<\/div>\n\n\t<!--\tThis outputs the post META information -->\n\t<div class=\"entry-utility\">\n\t\t\t\t\t<span class=\"cat-links\">\n\t\t\t\t<span class=\"entry-utility-prep entry-utility-prep-cat-links\">Posted in<\/span> <a href=\"https:\/\/managing-ils-reporting.itcilo.org\/fr\/category\/gestion\/\" rel=\"category tag\">Gestion<\/a>\t\t\t<\/span>\n\t\t\t<span class=\"meta-sep\">|<\/span>\n\t\t\t\t\t\t<span class=\"comments-link\">\n\t\t\t<span>Commentaires ferm\u00e9s<span class=\"screen-reader-text\"> sur Relever les d\u00e9fis<\/span><\/span>\t\t<\/span>\n\t\t\t<\/div>\n<\/div>\n<!-- \/\/ Post Wrap End -->\n\n<!-- NOTE: If you need to make changes to this file, copy it to your current theme's main\n\tdirectory so your changes won't be overwritten when the plugin is upgraded. -->\n\n<!-- Post Wrap Start-->\n<div class=\"post hentry ivycat-post\">\n\n\t<!-- \tThis outputs the post TITLE -->\n\t<h2 class=\"entry-title\"><a href=\"https:\/\/managing-ils-reporting.itcilo.org\/fr\/single-office-for-coordination-3\/\">Single office for coordination<\/a><\/h2>\n\n\t<!-- \tThis outputs the post EXCERPT.  To display full content including images and html,\n\t\treplace the_excerpt(); with the_content();  below. -->\n\t<div class=\"entry-summary\">\n\t\t<p>Ms. Gloria Beatriz Gaviria Ramos, Chief, Oficina de Cooperaci\u00f3n y Relaciones Internacionales, Ministerio del Trabajo, Colombia describes the benefit of a single office responsible for coordination.<\/p>\n\t<\/div>\n\n\t<!--\tThis outputs the post META information -->\n\t<div class=\"entry-utility\">\n\t\t\t\t\t<span class=\"cat-links\">\n\t\t\t\t<span class=\"entry-utility-prep entry-utility-prep-cat-links\">Posted in<\/span> <a href=\"https:\/\/managing-ils-reporting.itcilo.org\/fr\/category\/gestion\/\" rel=\"category tag\">Gestion<\/a>\t\t\t<\/span>\n\t\t\t<span class=\"meta-sep\">|<\/span>\n\t\t\t\t\t\t<span class=\"comments-link\">\n\t\t\t<span>Commentaires ferm\u00e9s<span class=\"screen-reader-text\"> sur Single office for coordination<\/span><\/span>\t\t<\/span>\n\t\t\t<\/div>\n<\/div>\n<!-- \/\/ Post Wrap End -->\n\n<!-- NOTE: If you need to make changes to this file, copy it to your current theme's main\n\tdirectory so your changes won't be overwritten when the plugin is upgraded. -->\n\n<!-- Post Wrap Start-->\n<div class=\"post hentry ivycat-post\">\n\n\t<!-- \tThis outputs the post TITLE -->\n\t<h2 class=\"entry-title\"><a href=\"https:\/\/managing-ils-reporting.itcilo.org\/fr\/an-example-of-arrangements-for-submission-to-the-competent-national-authority-2\/\">Un exemple de dispositions pour la soumission de NIT \u00e0 l\u2019autorit\u00e9 nationale comp\u00e9tente<\/a><\/h2>\n\n\t<!-- \tThis outputs the post EXCERPT.  To display full content including images and html,\n\t\treplace the_excerpt(); with the_content();  below. -->\n\t<div class=\"entry-summary\">\n\t\t<p>Madame Delia S. Palomar, fonctionnaire principale charg\u00e9e de l\u2019emploi et du travail, au sein du Service des relations internationales et de la coop\u00e9ration du Minist\u00e8re du Travail et de l\u2019Emploi des Philippines d\u00e9crit comment se d\u00e9roule la soumission aux autorit\u00e9s nationales comp\u00e9tentes des NIT nouvellement adopt\u00e9es. (D\u00e9cembre 2011)<\/p>\n\t<\/div>\n\n\t<!--\tThis outputs the post META information -->\n\t<div class=\"entry-utility\">\n\t\t\t\t\t<span class=\"cat-links\">\n\t\t\t\t<span class=\"entry-utility-prep entry-utility-prep-cat-links\">Posted in<\/span> <a href=\"https:\/\/managing-ils-reporting.itcilo.org\/fr\/category\/gestion\/\" rel=\"category tag\">Gestion<\/a>\t\t\t<\/span>\n\t\t\t<span class=\"meta-sep\">|<\/span>\n\t\t\t\t\t\t<span class=\"comments-link\">\n\t\t\t<span>Commentaires ferm\u00e9s<span class=\"screen-reader-text\"> sur Un exemple de dispositions pour la soumission de NIT \u00e0 l\u2019autorit\u00e9 nationale comp\u00e9tente<\/span><\/span>\t\t<\/span>\n\t\t\t<\/div>\n<\/div>\n<!-- \/\/ Post Wrap End -->\n\n<!-- NOTE: If you need to make changes to this file, copy it to your current theme's main\n\tdirectory so your changes won't be overwritten when the plugin is upgraded. -->\n\n<!-- Post Wrap Start-->\n<div class=\"post hentry ivycat-post\">\n\n\t<!-- \tThis outputs the post TITLE -->\n\t<h2 class=\"entry-title\"><a href=\"https:\/\/managing-ils-reporting.itcilo.org\/fr\/an-example-of-the-responsible-authoritys-organization-2\/\">Un exemple de l&rsquo;organisation de l&rsquo;autorit\u00e9 responsable<\/a><\/h2>\n\n\t<!-- \tThis outputs the post EXCERPT.  To display full content including images and html,\n\t\treplace the_excerpt(); with the_content();  below. -->\n\t<div class=\"entry-summary\">\n\t\t<p>Mme Celeste M. Valderrama, Directrice du Bureau des affaires internationales du travail au Minist\u00e8re du Travail et de l\u2019Emploi des Philippines, d\u00e9crit l\u2019organisation de l\u2019autorit\u00e9 responsable des NIT et de la pr\u00e9sentation des rapports des NIT. (D\u00e9cembre 2011)<\/p>\n\t<\/div>\n\n\t<!--\tThis outputs the post META information -->\n\t<div class=\"entry-utility\">\n\t\t\t\t\t<span class=\"cat-links\">\n\t\t\t\t<span class=\"entry-utility-prep entry-utility-prep-cat-links\">Posted in<\/span> <a href=\"https:\/\/managing-ils-reporting.itcilo.org\/fr\/category\/gestion\/\" rel=\"category tag\">Gestion<\/a>\t\t\t<\/span>\n\t\t\t<span class=\"meta-sep\">|<\/span>\n\t\t\t\t\t\t<span class=\"comments-link\">\n\t\t\t<span>Commentaires ferm\u00e9s<span class=\"screen-reader-text\"> sur Un exemple de l&rsquo;organisation de l&rsquo;autorit\u00e9 responsable<\/span><\/span>\t\t<\/span>\n\t\t\t<\/div>\n<\/div>\n<!-- \/\/ Post Wrap End -->\n\n<!-- NOTE: If you need to make changes to this file, copy it to your current theme's main\n\tdirectory so your changes won't be overwritten when the plugin is upgraded. -->\n\n<!-- Post Wrap Start-->\n<div class=\"post hentry ivycat-post\">\n\n\t<!-- \tThis outputs the post TITLE -->\n\t<h2 class=\"entry-title\"><a href=\"https:\/\/managing-ils-reporting.itcilo.org\/fr\/timely-planning-ils-meeting-2\/\">Une r\u00e9union de planification en temps opportun sur les NIT<\/a><\/h2>\n\n\t<!-- \tThis outputs the post EXCERPT.  To display full content including images and html,\n\t\treplace the_excerpt(); with the_content();  below. -->\n\t<div class=\"entry-summary\">\n\t\t<p>Au Zimbabwe, une r\u00e9union de planification simple et opportune portant sur les questions de NIT est organis\u00e9e pour le personnel concern\u00e9.<\/p>\n\t<\/div>\n\n\t<!--\tThis outputs the post META information -->\n\t<div class=\"entry-utility\">\n\t\t\t\t\t<span class=\"cat-links\">\n\t\t\t\t<span class=\"entry-utility-prep entry-utility-prep-cat-links\">Posted in<\/span> <a href=\"https:\/\/managing-ils-reporting.itcilo.org\/fr\/category\/gestion\/\" rel=\"category tag\">Gestion<\/a>\t\t\t<\/span>\n\t\t\t<span class=\"meta-sep\">|<\/span>\n\t\t\t\t\t\t<span class=\"comments-link\">\n\t\t\t<span>Commentaires ferm\u00e9s<span class=\"screen-reader-text\"> sur Une r\u00e9union de planification en temps opportun sur les NIT<\/span><\/span>\t\t<\/span>\n\t\t\t<\/div>\n<\/div>\n<!-- \/\/ Post Wrap End -->\n\n<\/div>\n","protected":false},"excerpt":{"rendered":"<p>La gestion des ressources n\u00e9cessaires pour la pr\u00e9sentation de rapports sur les NIT requiert des comp\u00e9tences. Voici un recueil de bonnes pratiques qui abordent ces comp\u00e9tences et donnent des indications sur la mani\u00e8re de g\u00e9rer au mieux le processus de pr\u00e9sentation des rapports et les personnes les plus impliqu\u00e9es dans le processus. Tout sur la [&hellip;]<\/p>\n","protected":false},"author":1,"featured_media":0,"parent":229,"menu_order":0,"comment_status":"closed","ping_status":"closed","template":"","meta":{"footnotes":""},"class_list":["post-891","page","type-page","status-publish","hentry"],"_links":{"self":[{"href":"https:\/\/managing-ils-reporting.itcilo.org\/fr\/wp-json\/wp\/v2\/pages\/891","targetHints":{"allow":["GET"]}}],"collection":[{"href":"https:\/\/managing-ils-reporting.itcilo.org\/fr\/wp-json\/wp\/v2\/pages"}],"about":[{"href":"https:\/\/managing-ils-reporting.itcilo.org\/fr\/wp-json\/wp\/v2\/types\/page"}],"author":[{"embeddable":true,"href":"https:\/\/managing-ils-reporting.itcilo.org\/fr\/wp-json\/wp\/v2\/users\/1"}],"replies":[{"embeddable":true,"href":"https:\/\/managing-ils-reporting.itcilo.org\/fr\/wp-json\/wp\/v2\/comments?post=891"}],"version-history":[{"count":5,"href":"https:\/\/managing-ils-reporting.itcilo.org\/fr\/wp-json\/wp\/v2\/pages\/891\/revisions"}],"predecessor-version":[{"id":910,"href":"https:\/\/managing-ils-reporting.itcilo.org\/fr\/wp-json\/wp\/v2\/pages\/891\/revisions\/910"}],"up":[{"embeddable":true,"href":"https:\/\/managing-ils-reporting.itcilo.org\/fr\/wp-json\/wp\/v2\/pages\/229"}],"wp:attachment":[{"href":"https:\/\/managing-ils-reporting.itcilo.org\/fr\/wp-json\/wp\/v2\/media?parent=891"}],"curies":[{"name":"wp","href":"https:\/\/api.w.org\/{rel}","templated":true}]}}