{"id":915,"date":"2020-01-09T10:38:35","date_gmt":"2020-01-09T10:38:35","guid":{"rendered":"https:\/\/dev-managing-ils-reporting.pantheonsite.io\/service-d-assistance\/hint-and-tips\/"},"modified":"2020-01-09T10:40:58","modified_gmt":"2020-01-09T10:40:58","slug":"hint-and-tips","status":"publish","type":"page","link":"https:\/\/managing-ils-reporting.itcilo.org\/fr\/service-d-assistance\/hint-and-tips\/","title":{"rendered":"Trucs et astuces"},"content":{"rendered":"<h1 class=\"documentFirstHeading\"><span id=\"parent-fieldname-title\" class=\"\">Rapport de la commission de l&rsquo;application des normes de la Conf\u00e9rence<\/span><\/h1>\n<div id=\"category\" class=\"documentByLine\"><\/div>\n<p class=\"documentDescription\">Le rapport de 2019 de la commission de l&rsquo;application des normes de la Conf\u00e9rence est maintenant disponible. Il couvre \u00e9galement la discussion des 24 cas individuels.<\/p>\n<div id=\"parent-fieldname-text\" class=\"\">\n<p>La derni\u00e8re \u00e9dition du rapport de la commission de l&rsquo;application des normes de la Conf\u00e9rence (CAN) est disponible sur le<a class=\"external-link\" href=\"https:\/\/www.ilo.org\/ilc\/ILCSessions\/108\/committees\/standards\/lang--fr\/index.htm\">\u00a0site web de l&rsquo;OIT<\/a>. Dans de nombreux cas individuels, la CAN formule des conclusions invitant les gouvernements \u00e0 prendre des mesures pr\u00e9cises pour rem\u00e9dier \u00e0 un probl\u00e8me ou \u00e0 accepter des missions ou l\u2019assistance technique du BIT.<\/p>\n<\/div>\n<p>&nbsp;<\/p>\n<h1 class=\"documentFirstHeading\"><span id=\"parent-fieldname-title\" class=\"\">Manuel sur les proc\u00e9dures<\/span><\/h1>\n<div id=\"category\" class=\"documentByLine\"><\/div>\n<p class=\"documentDescription\">L&rsquo;\u00e9dition du Centenaire du manuel sur les proc\u00e9dures en mati\u00e8re de NIT est maintenant disponible.<\/p>\n<div id=\"parent-fieldname-text\" class=\"\">\n<p>Un nouvel \u00ab\u00a0Manuel sur les proc\u00e9dures en mati\u00e8re de conventions et recommandations internationales du travail\u00a0\u00bb est disponible sur le\u00a0<a class=\"external-link\" href=\"https:\/\/www.ilo.org\/global\/standards\/information-resources-and-publications\/publications\/WCMS_697951\/lang--fr\/index.htm\">site web de l\u2019OIT<\/a>\u00a0depuis mai 2019. Cette \u00e9dition r\u00e9vis\u00e9e couvre des changements importants, portant notamment sur le cycle de pr\u00e9sentation des rapports pour les conventions tecniques ratifi\u00e9es.<\/p>\n<\/div>\n<p>&nbsp;<\/p>\n<h1 class=\"documentFirstHeading\"><span id=\"parent-fieldname-title\" class=\"\">Rapport de la commission d&rsquo;experts pour l&rsquo;application des conventions et recommandations<\/span><\/h1>\n<div id=\"category\" class=\"documentByLine\"><\/div>\n<p class=\"documentDescription\">Le rapport de 2019 de la commission d&rsquo;experts pour l&rsquo;application des conventions et recommandations est maintenant disponible et contient les observations concernant certains pais ayant trait \u00e0 l&rsquo;envoi des rapports, \u00e0 l&rsquo;application des conventions ratifi\u00e9es et \u00e0 l&rsquo;obligation de soumettre les instruments aux autorit\u00e9s comp\u00e9tentes.<\/p>\n<div id=\"parent-fieldname-text\" class=\"\">\n<p>La derni\u00e8re \u00e9dition du rapport de la commission d&rsquo;experts pour l&rsquo;application des conventions et recommandations (CEACR) a \u00e9t\u00e9 publi\u00e9e et est disponible sur le\u00a0<a class=\"external-link\" href=\"https:\/\/www.ilo.org\/global\/standards\/applying-and-promoting-international-labour-standards\/committee-of-experts-on-the-application-of-conventions-and-recommendations\/WCMS_670141\/lang--fr\/index.htm\">site web de l&rsquo;OIT<\/a>. Le travail de la CEACR constitue la pierre angulaire du syst\u00e8me de contr\u00f4le de l&rsquo;OIT des normes internationales du travail.<\/p>\n<\/div>\n","protected":false},"excerpt":{"rendered":"<p>Rapport de la commission de l&rsquo;application des normes de la Conf\u00e9rence Le rapport de 2019 de la commission de l&rsquo;application des normes de la Conf\u00e9rence est maintenant disponible. Il couvre \u00e9galement la discussion des 24 cas individuels. La derni\u00e8re \u00e9dition du rapport de la commission de l&rsquo;application des normes de la Conf\u00e9rence (CAN) est disponible [&hellip;]<\/p>\n","protected":false},"author":1,"featured_media":0,"parent":185,"menu_order":0,"comment_status":"closed","ping_status":"closed","template":"","meta":{"footnotes":""},"class_list":["post-915","page","type-page","status-publish","hentry"],"_links":{"self":[{"href":"https:\/\/managing-ils-reporting.itcilo.org\/fr\/wp-json\/wp\/v2\/pages\/915","targetHints":{"allow":["GET"]}}],"collection":[{"href":"https:\/\/managing-ils-reporting.itcilo.org\/fr\/wp-json\/wp\/v2\/pages"}],"about":[{"href":"https:\/\/managing-ils-reporting.itcilo.org\/fr\/wp-json\/wp\/v2\/types\/page"}],"author":[{"embeddable":true,"href":"https:\/\/managing-ils-reporting.itcilo.org\/fr\/wp-json\/wp\/v2\/users\/1"}],"replies":[{"embeddable":true,"href":"https:\/\/managing-ils-reporting.itcilo.org\/fr\/wp-json\/wp\/v2\/comments?post=915"}],"version-history":[{"count":2,"href":"https:\/\/managing-ils-reporting.itcilo.org\/fr\/wp-json\/wp\/v2\/pages\/915\/revisions"}],"predecessor-version":[{"id":918,"href":"https:\/\/managing-ils-reporting.itcilo.org\/fr\/wp-json\/wp\/v2\/pages\/915\/revisions\/918"}],"up":[{"embeddable":true,"href":"https:\/\/managing-ils-reporting.itcilo.org\/fr\/wp-json\/wp\/v2\/pages\/185"}],"wp:attachment":[{"href":"https:\/\/managing-ils-reporting.itcilo.org\/fr\/wp-json\/wp\/v2\/media?parent=915"}],"curies":[{"name":"wp","href":"https:\/\/api.w.org\/{rel}","templated":true}]}}