{"id":944,"date":"2019-12-20T16:05:40","date_gmt":"2019-12-20T16:05:40","guid":{"rendered":"https:\/\/dev-managing-ils-reporting.pantheonsite.io\/outils\/annual-calendar-for-reports-on-ratified-conventions\/"},"modified":"2020-01-09T11:45:52","modified_gmt":"2020-01-09T11:45:52","slug":"annual-calendar-for-reports-on-ratified-conventions","status":"publish","type":"page","link":"https:\/\/managing-ils-reporting.itcilo.org\/fr\/outils\/annual-calendar-for-reports-on-ratified-conventions\/","title":{"rendered":"Calendrier annuel pour les rapports sur les conventions ratifi\u00e9es"},"content":{"rendered":"<p>Cliquez\u00a0<a class=\"internal-link\" href=\"\/wp-content\/uploads\/2020\/01\/fr-annual-calendar-2016.pdf\" target=\"_blank\" rel=\"noopener noreferrer\">ici<\/a>\u00a0pour t\u00e9l\u00e9charger le calendrier annuel pour les rapports sur les conventions ratifi\u00e9es.<\/p>\n","protected":false},"excerpt":{"rendered":"<p>Cliquez\u00a0ici\u00a0pour t\u00e9l\u00e9charger le calendrier annuel pour les rapports sur les conventions ratifi\u00e9es.<\/p>\n","protected":false},"author":1,"featured_media":0,"parent":168,"menu_order":0,"comment_status":"closed","ping_status":"closed","template":"","meta":{"footnotes":""},"class_list":["post-944","page","type-page","status-publish","hentry"],"_links":{"self":[{"href":"https:\/\/managing-ils-reporting.itcilo.org\/fr\/wp-json\/wp\/v2\/pages\/944","targetHints":{"allow":["GET"]}}],"collection":[{"href":"https:\/\/managing-ils-reporting.itcilo.org\/fr\/wp-json\/wp\/v2\/pages"}],"about":[{"href":"https:\/\/managing-ils-reporting.itcilo.org\/fr\/wp-json\/wp\/v2\/types\/page"}],"author":[{"embeddable":true,"href":"https:\/\/managing-ils-reporting.itcilo.org\/fr\/wp-json\/wp\/v2\/users\/1"}],"replies":[{"embeddable":true,"href":"https:\/\/managing-ils-reporting.itcilo.org\/fr\/wp-json\/wp\/v2\/comments?post=944"}],"version-history":[{"count":3,"href":"https:\/\/managing-ils-reporting.itcilo.org\/fr\/wp-json\/wp\/v2\/pages\/944\/revisions"}],"predecessor-version":[{"id":961,"href":"https:\/\/managing-ils-reporting.itcilo.org\/fr\/wp-json\/wp\/v2\/pages\/944\/revisions\/961"}],"up":[{"embeddable":true,"href":"https:\/\/managing-ils-reporting.itcilo.org\/fr\/wp-json\/wp\/v2\/pages\/168"}],"wp:attachment":[{"href":"https:\/\/managing-ils-reporting.itcilo.org\/fr\/wp-json\/wp\/v2\/media?parent=944"}],"curies":[{"name":"wp","href":"https:\/\/api.w.org\/{rel}","templated":true}]}}