{"id":963,"date":"2019-12-20T16:06:03","date_gmt":"2019-12-20T16:06:03","guid":{"rendered":"https:\/\/dev-managing-ils-reporting.pantheonsite.io\/outils\/procedure-for-reports-on-ratified-conventions-detailed-and-simplified-reports\/"},"modified":"2020-01-09T13:34:14","modified_gmt":"2020-01-09T13:34:14","slug":"procedure-for-reports-on-ratified-conventions-detailed-and-simplified-reports","status":"publish","type":"page","link":"https:\/\/managing-ils-reporting.itcilo.org\/fr\/outils\/procedure-for-reports-on-ratified-conventions-detailed-and-simplified-reports\/","title":{"rendered":"Proc\u00e9dure pour les rapports sur les conventions ratifi\u00e9es (rapports d\u00e9taill\u00e9s et simplifi\u00e9s)"},"content":{"rendered":"<p><img loading=\"lazy\" decoding=\"async\" class=\"alignnone size-full wp-image-967\" src=\"https:\/\/dev-managing-ils-reporting.pantheonsite.io\/wp-content\/uploads\/2020\/01\/procedure_fr.jpg\" alt=\"\" width=\"695\" height=\"905\" srcset=\"https:\/\/managing-ils-reporting.itcilo.org\/wp-content\/uploads\/2020\/01\/procedure_fr.jpg 695w, https:\/\/managing-ils-reporting.itcilo.org\/wp-content\/uploads\/2020\/01\/procedure_fr-230x300.jpg 230w, https:\/\/managing-ils-reporting.itcilo.org\/wp-content\/uploads\/2020\/01\/procedure_fr-624x813.jpg 624w\" sizes=\"auto, (max-width: 695px) 100vw, 695px\" \/><\/p>\n","protected":false},"excerpt":{"rendered":"","protected":false},"author":1,"featured_media":0,"parent":168,"menu_order":0,"comment_status":"closed","ping_status":"closed","template":"","meta":{"footnotes":""},"class_list":["post-963","page","type-page","status-publish","hentry"],"_links":{"self":[{"href":"https:\/\/managing-ils-reporting.itcilo.org\/fr\/wp-json\/wp\/v2\/pages\/963","targetHints":{"allow":["GET"]}}],"collection":[{"href":"https:\/\/managing-ils-reporting.itcilo.org\/fr\/wp-json\/wp\/v2\/pages"}],"about":[{"href":"https:\/\/managing-ils-reporting.itcilo.org\/fr\/wp-json\/wp\/v2\/types\/page"}],"author":[{"embeddable":true,"href":"https:\/\/managing-ils-reporting.itcilo.org\/fr\/wp-json\/wp\/v2\/users\/1"}],"replies":[{"embeddable":true,"href":"https:\/\/managing-ils-reporting.itcilo.org\/fr\/wp-json\/wp\/v2\/comments?post=963"}],"version-history":[{"count":1,"href":"https:\/\/managing-ils-reporting.itcilo.org\/fr\/wp-json\/wp\/v2\/pages\/963\/revisions"}],"predecessor-version":[{"id":970,"href":"https:\/\/managing-ils-reporting.itcilo.org\/fr\/wp-json\/wp\/v2\/pages\/963\/revisions\/970"}],"up":[{"embeddable":true,"href":"https:\/\/managing-ils-reporting.itcilo.org\/fr\/wp-json\/wp\/v2\/pages\/168"}],"wp:attachment":[{"href":"https:\/\/managing-ils-reporting.itcilo.org\/fr\/wp-json\/wp\/v2\/media?parent=963"}],"curies":[{"name":"wp","href":"https:\/\/api.w.org\/{rel}","templated":true}]}}