{"id":982,"date":"2020-01-09T14:16:11","date_gmt":"2020-01-09T14:16:11","guid":{"rendered":"https:\/\/dev-managing-ils-reporting.pantheonsite.io\/inbox\/"},"modified":"2020-01-09T14:27:36","modified_gmt":"2020-01-09T14:27:36","slug":"inbox","status":"publish","type":"page","link":"https:\/\/managing-ils-reporting.itcilo.org\/fr\/service-d-assistance\/inbox\/","title":{"rendered":"Bo\u00eete de r\u00e9ception"},"content":{"rendered":"<p>Le service d\u2019assistance vous donne la possibilit\u00e9 de poser des questions, sur le site, relatives \u00e0 la gestion de la pr\u00e9sentation\u00a0 des rapports sur les NIT. Veuillez envoyer votre question en utilisant le formulaire suivant. Une r\u00e9ponse vous sera envoy\u00e9e aussi vite que possible. Votre question et sa r\u00e9ponse pourront aussi \u00eatre choisies pour figurer dans les \u00abtrucs et astuces\u00bb de la zone du service d\u2019assistance. Votre question sera trait\u00e9e de mani\u00e8re confidentielle, elle ne sera pas publi\u00e9e sur ce site et vous recevrez une r\u00e9ponse directement \u00e0 l\u2019adresse \u00e9lectronique que vous indiquerez ci-dessous. Toute information permettant votre identification sera retir\u00e9e de la question publi\u00e9e dans la zone des \u00ab\u00a0Trucs et astuces\u00a0\u00bb.<\/p>\n<p>&nbsp;<\/p>\n\n<div class=\"wpcf7 no-js\" id=\"wpcf7-f989-o1\" lang=\"en-US\" dir=\"ltr\" data-wpcf7-id=\"989\">\n<div class=\"screen-reader-response\"><p role=\"status\" aria-live=\"polite\" aria-atomic=\"true\"><\/p> <ul><\/ul><\/div>\n<form action=\"\/fr\/wp-json\/wp\/v2\/pages\/982#wpcf7-f989-o1\" method=\"post\" class=\"wpcf7-form init\" aria-label=\"Contact form\" enctype=\"multipart\/form-data\" novalidate=\"novalidate\" data-status=\"init\">\n<fieldset class=\"hidden-fields-container\"><input type=\"hidden\" name=\"_wpcf7\" value=\"989\" \/><input type=\"hidden\" name=\"_wpcf7_version\" value=\"6.1.1\" \/><input type=\"hidden\" name=\"_wpcf7_locale\" value=\"en_US\" \/><input type=\"hidden\" name=\"_wpcf7_unit_tag\" value=\"wpcf7-f989-o1\" \/><input type=\"hidden\" name=\"_wpcf7_container_post\" value=\"0\" \/><input type=\"hidden\" name=\"_wpcf7_posted_data_hash\" value=\"\" \/><input type=\"hidden\" name=\"_wpcf7cf_hidden_group_fields\" value=\"[]\" \/><input type=\"hidden\" name=\"_wpcf7cf_hidden_groups\" value=\"[]\" \/><input type=\"hidden\" name=\"_wpcf7cf_visible_groups\" value=\"[]\" \/><input type=\"hidden\" name=\"_wpcf7cf_repeaters\" value=\"[]\" \/><input type=\"hidden\" name=\"_wpcf7cf_steps\" value=\"{}\" \/><input type=\"hidden\" name=\"_wpcf7cf_options\" value=\"{&quot;form_id&quot;:989,&quot;conditions&quot;:[],&quot;settings&quot;:{&quot;animation&quot;:&quot;yes&quot;,&quot;animation_intime&quot;:200,&quot;animation_outtime&quot;:200,&quot;conditions_ui&quot;:&quot;normal&quot;,&quot;notice_dismissed&quot;:false}}\" \/><input type=\"hidden\" name=\"_wpcf7_recaptcha_response\" value=\"\" \/>\n<\/fieldset>\n<p><label> Votre pr\u00e9nom<br \/>\n<span class=\"wpcf7-form-control-wrap\" data-name=\"your-name\"><input size=\"40\" maxlength=\"400\" class=\"wpcf7-form-control wpcf7-text wpcf7-validates-as-required\" aria-required=\"true\" aria-invalid=\"false\" value=\"\" type=\"text\" name=\"your-name\" \/><\/span> <\/label><br \/>\n<label><br \/>\nVotre nom de famille<br \/>\n<span class=\"wpcf7-form-control-wrap\" data-name=\"your-family-name\"><input size=\"40\" maxlength=\"400\" class=\"wpcf7-form-control wpcf7-text wpcf7-validates-as-required\" aria-required=\"true\" aria-invalid=\"false\" value=\"\" type=\"text\" name=\"your-family-name\" \/><\/span> <\/label>\n<\/p>\n<p><label> Votre adresse \u00e9lectronique<br \/>\n<span class=\"wpcf7-form-control-wrap\" data-name=\"your-email\"><input size=\"40\" maxlength=\"400\" class=\"wpcf7-form-control wpcf7-email wpcf7-validates-as-required wpcf7-text wpcf7-validates-as-email\" aria-required=\"true\" aria-invalid=\"false\" value=\"\" type=\"email\" name=\"your-email\" \/><\/span> <\/label><br \/>\n<label><br \/>\nVotre organisation\/employeur<br \/>\n<span class=\"wpcf7-form-control-wrap\" data-name=\"employer\"><input size=\"40\" maxlength=\"400\" class=\"wpcf7-form-control wpcf7-text wpcf7-validates-as-required\" aria-required=\"true\" aria-invalid=\"false\" value=\"\" type=\"text\" name=\"employer\" \/><\/span> <\/label><br \/>\n<label><br \/>\n<\/label><label> Objet - Veuillez donner un bref intitul\u00e9 \u00e0 l\u2019objet de votre question<br \/>\n<span class=\"wpcf7-form-control-wrap\" data-name=\"your-subject\"><input size=\"40\" maxlength=\"400\" class=\"wpcf7-form-control wpcf7-text\" aria-invalid=\"false\" value=\"\" type=\"text\" name=\"your-subject\" \/><\/span> <\/label>\n<\/p>\n<p><label> Votre question - Veuillez nous donner votre question ici.<br \/>\n<\/label>\n<\/p>\n<p>Par exemple, \u00abCombien d\u2019exemplaires de notre rapport au titre de l\u2019article 22 devons-nous envoyer au Bureau?\u00bb, \u00abEst-il suffisant d\u2019envoyer un rapport dans le contenu d\u2019un courrier \u00e9lectronique?\u00bb, \u00abQuels minist\u00e8res nous faut-il contacter pour pr\u00e9parer notre rapport sur l\u2019application de la convention n\u00ba 87?\u00bb\n<\/p>\n<p><span class=\"wpcf7-form-control-wrap\" data-name=\"your-message\"><textarea cols=\"40\" rows=\"10\" maxlength=\"2000\" class=\"wpcf7-form-control wpcf7-textarea\" aria-invalid=\"false\" name=\"your-message\"><\/textarea><\/span>\n<\/p>\n<p><label> Ajouter un fichier - Si un fichier num\u00e9rique pourrait nous aider \u00e0 mieux comprendre votre bon exemple, merci de l\u2019ajouter ici.<br \/>\n<span class=\"wpcf7-form-control-wrap\" data-name=\"file-972\"><input size=\"40\" class=\"wpcf7-form-control wpcf7-file\" accept=\"audio\/*,video\/*,image\/*\" aria-invalid=\"false\" type=\"file\" name=\"file-972\" \/><\/span> <\/label>\n<\/p>\n<p><input class=\"wpcf7-form-control wpcf7-submit has-spinner\" type=\"submit\" value=\"Envoyer\" \/>\n<\/p><div class=\"wpcf7-response-output\" aria-hidden=\"true\"><\/div>\n<\/form>\n<\/div>\n\n","protected":false},"excerpt":{"rendered":"<p>Le service d\u2019assistance vous donne la possibilit\u00e9 de poser des questions, sur le site, relatives \u00e0 la gestion de la pr\u00e9sentation\u00a0 des rapports sur les NIT. Veuillez envoyer votre question en utilisant le formulaire suivant. Une r\u00e9ponse vous sera envoy\u00e9e aussi vite que possible. Votre question et sa r\u00e9ponse pourront aussi \u00eatre choisies pour figurer [&hellip;]<\/p>\n","protected":false},"author":1,"featured_media":0,"parent":185,"menu_order":0,"comment_status":"closed","ping_status":"closed","template":"","meta":{"footnotes":""},"class_list":["post-982","page","type-page","status-publish","hentry"],"_links":{"self":[{"href":"https:\/\/managing-ils-reporting.itcilo.org\/fr\/wp-json\/wp\/v2\/pages\/982","targetHints":{"allow":["GET"]}}],"collection":[{"href":"https:\/\/managing-ils-reporting.itcilo.org\/fr\/wp-json\/wp\/v2\/pages"}],"about":[{"href":"https:\/\/managing-ils-reporting.itcilo.org\/fr\/wp-json\/wp\/v2\/types\/page"}],"author":[{"embeddable":true,"href":"https:\/\/managing-ils-reporting.itcilo.org\/fr\/wp-json\/wp\/v2\/users\/1"}],"replies":[{"embeddable":true,"href":"https:\/\/managing-ils-reporting.itcilo.org\/fr\/wp-json\/wp\/v2\/comments?post=982"}],"version-history":[{"count":2,"href":"https:\/\/managing-ils-reporting.itcilo.org\/fr\/wp-json\/wp\/v2\/pages\/982\/revisions"}],"predecessor-version":[{"id":990,"href":"https:\/\/managing-ils-reporting.itcilo.org\/fr\/wp-json\/wp\/v2\/pages\/982\/revisions\/990"}],"up":[{"embeddable":true,"href":"https:\/\/managing-ils-reporting.itcilo.org\/fr\/wp-json\/wp\/v2\/pages\/185"}],"wp:attachment":[{"href":"https:\/\/managing-ils-reporting.itcilo.org\/fr\/wp-json\/wp\/v2\/media?parent=982"}],"curies":[{"name":"wp","href":"https:\/\/api.w.org\/{rel}","templated":true}]}}